{"id":22174,"date":"2020-03-03T23:56:44","date_gmt":"2020-03-03T22:56:44","guid":{"rendered":"https:\/\/neocatechumenaleiter.org\/slowa-papiezy\/sw-jan-pawel-ii\/papieskie-pozdrowienie-dla-proboszczow-wedrownych-i-odpowiedzialnych-w-rzymie-4-12-1991\/"},"modified":"2021-08-10T11:02:28","modified_gmt":"2021-08-10T10:02:28","slug":"papieskie-pozdrowienie-dla-proboszczow-wedrownych-i-odpowiedzialnych-w-rzymie-4-12-1991","status":"publish","type":"page","link":"https:\/\/neocatechumenaleiter.org\/pl\/slowa-papiezy\/sw-jan-pawel-ii\/papieskie-pozdrowienie-dla-proboszczow-wedrownych-i-odpowiedzialnych-w-rzymie-4-12-1991\/","title":{"rendered":"Papieskie pozdrowienie dla proboszcz\u00f3w, w\u0119drownych i odpowiedzialnych w Rzymie 4-12-1991"},"content":{"rendered":"\n<h1 class=\"has-text-align-center wp-block-heading\">Papieskie pozdrowienie dla proboszcz\u00f3w, w\u0119drownych i odpowiedzialnych w Rzymie 4-12-1991<\/h1>\n\n<div style=\"height:20px\" aria-hidden=\"true\" class=\"wp-block-spacer\"><\/div>\n\n<h4 class=\"has-text-align-center wp-block-heading\">\u015aw. Jan Pawe\u0142 II<\/h4>\n\n<div style=\"height:20px\" aria-hidden=\"true\" class=\"wp-block-spacer\"><\/div>\n\n<p><strong>Watykan &#8211; Aula Paw\u0142a VI, 4 grudnia 1991 r.<\/strong><\/p>\n\n<p><em>Jak zwykle, seri\u0119 pozdrowie\u0144, kt\u00f3re skierowa\u0142 Papie\u017c, zako\u0144czy\u0142y grupy przyby\u0142e z r\u00f3\u017cnych w\u0142oskich<\/em> diecezji.<\/p>\n\n<p>\u00abCiesz\u0119 si\u0119, \u017ce mog\u0119 powita\u0107 tak\u017ce licznych cz\u0142onk\u00f3w Drogi Neokatechumenalnej. W\u015br\u00f3d nich s\u0105 proboszczowie z r\u00f3\u017cnych diecezji europejskich, odpowiedzialni wsp\u00f3lnot i katechi\u015bci w\u0119drowni w wielu krajach Europy oraz wiele rodzin wys\u0142anych na misje w ostatnich latach.<\/p>\n\n<p>Drodzy bracia i siostry, przez wasz\u0105 obecno\u015b\u0107 w Rzymie podczas specjalnego Synodu dla Europy zamierzacie towarzyszy\u0107 jego pracom poprzez refleksj\u0119 i modlitw\u0119. W czasie waszej konwiwencji, kt\u00f3ra dzi\u015b dobiega ko\u0144ca, mieli\u015bcie okazj\u0119 potwierdzi\u0107 konieczno\u015b\u0107 bezzw\u0142ocznego przyj\u0119cia polecenia Jezusa, aby wsz\u0119dzie g\u0142osi\u0107 Jego Ewangeli\u0119. Jest to mandat szczeg\u00f3lnie nagl\u0105cy ze wzgl\u0119du na obecne okoliczno\u015bci spo\u0142eczne i kulturowe.<\/p>\n\n<p>Niech Dziewica Maryja pomaga wam i\u015b\u0107 dalej drog\u0105, kt\u00f3r\u0105 rozpocz\u0119li\u015bcie, zawsze wierni Chrystusowi i Jego Ko\u015bcio\u0142owi. W ten spos\u00f3b staniecie si\u0119 niestrudzonymi i radosnymi aposto\u0142ami nowej ewangelizacji\u00bb.(*) Por. &#8222;L&#8217;Osservatore Romano&#8221;, 5 grudnia 1991 r.<\/p>\n\n<figure class=\"wp-block-gallery columns-2 is-cropped wp-block-gallery-1 is-layout-flex wp-block-gallery-is-layout-flex\"><ul class=\"blocks-gallery-grid\"><li class=\"blocks-gallery-item\"><figure><img loading=\"lazy\" decoding=\"async\" width=\"676\" height=\"562\" src=\"https:\/\/neocatechumenaleiter.org\/wp-content\/uploads\/2020\/03\/Camino_Neocatecumenal_Juan_Pablo_II_saludo_parrocos_itinerantes_responsables_1991.jpg\" alt=\"\" data-id=\"2352\" data-link=\"https:\/\/neocatechumenaleiter.org\/?attachment_id=2352\" class=\"wp-image-4835\" srcset=\"https:\/\/neocatechumenaleiter.org\/wp-content\/uploads\/2020\/03\/Camino_Neocatecumenal_Juan_Pablo_II_saludo_parrocos_itinerantes_responsables_1991.jpg 676w, https:\/\/neocatechumenaleiter.org\/wp-content\/uploads\/2020\/03\/Camino_Neocatecumenal_Juan_Pablo_II_saludo_parrocos_itinerantes_responsables_1991-300x249.jpg 300w\" sizes=\"auto, (max-width: 676px) 100vw, 676px\" \/><\/figure><\/li><li class=\"blocks-gallery-item\"><figure><img loading=\"lazy\" decoding=\"async\" width=\"495\" height=\"354\" src=\"https:\/\/neocatechumenaleiter.org\/wp-content\/uploads\/2020\/03\/Camino_Neocatecumenal_Juan_Pablo_II_saludo_parrocos_itinerantes_responsables_1991_2.jpg\" alt=\"\" data-id=\"2359\" data-full-url=\"https:\/\/neocatechumenaleiter.org\/wp-content\/uploads\/2020\/03\/Camino_Neocatecumenal_Juan_Pablo_II_saludo_parrocos_itinerantes_responsables_1991_2.jpg\" data-link=\"https:\/\/neocatechumenaleiter.org\/?attachment_id=2359\" class=\"wp-image-4837\" srcset=\"https:\/\/neocatechumenaleiter.org\/wp-content\/uploads\/2020\/03\/Camino_Neocatecumenal_Juan_Pablo_II_saludo_parrocos_itinerantes_responsables_1991_2.jpg 495w, https:\/\/neocatechumenaleiter.org\/wp-content\/uploads\/2020\/03\/Camino_Neocatecumenal_Juan_Pablo_II_saludo_parrocos_itinerantes_responsables_1991_2-300x215.jpg 300w\" sizes=\"auto, (max-width: 495px) 100vw, 495px\" \/><\/figure><\/li><\/ul><\/figure>","protected":false},"excerpt":{"rendered":"<p>Papieskie pozdrowienie dla proboszcz\u00f3w, w\u0119drownych i odpowiedzialnych w Rzymie 4-12-1991 \u015aw. Jan Pawe\u0142 II Watykan &#8211; Aula Paw\u0142a VI, 4 grudnia 1991 r. Jak zwykle, seri\u0119 pozdrowie\u0144, kt\u00f3re skierowa\u0142 Papie\u017c, zako\u0144czy\u0142y grupy przyby\u0142e z r\u00f3\u017cnych w\u0142oskich diecezji. \u00abCiesz\u0119 si\u0119, \u017ce mog\u0119 powita\u0107 tak\u017ce licznych cz\u0142onk\u00f3w Drogi Neokatechumenalnej. W\u015br\u00f3d nich s\u0105 proboszczowie z r\u00f3\u017cnych diecezji europejskich, odpowiedzialni wsp\u00f3lnot i katechi\u015bci w\u0119drowni w wielu krajach Europy oraz wiele rodzin wys\u0142anych na misje<\/p>\n<div class=\"read-more\"><a class=\"btn read-more-btn\" href=\"https:\/\/neocatechumenaleiter.org\/pl\/slowa-papiezy\/sw-jan-pawel-ii\/papieskie-pozdrowienie-dla-proboszczow-wedrownych-i-odpowiedzialnych-w-rzymie-4-12-1991\/\">Czytaj dalej<\/a><\/div>\n","protected":false},"author":2,"featured_media":0,"parent":16496,"menu_order":66,"comment_status":"closed","ping_status":"closed","template":"","meta":{"footnotes":""},"class_list":["post-22174","page","type-page","status-publish","hentry"],"_links":{"self":[{"href":"https:\/\/neocatechumenaleiter.org\/pl\/wp-json\/wp\/v2\/pages\/22174","targetHints":{"allow":["GET"]}}],"collection":[{"href":"https:\/\/neocatechumenaleiter.org\/pl\/wp-json\/wp\/v2\/pages"}],"about":[{"href":"https:\/\/neocatechumenaleiter.org\/pl\/wp-json\/wp\/v2\/types\/page"}],"author":[{"embeddable":true,"href":"https:\/\/neocatechumenaleiter.org\/pl\/wp-json\/wp\/v2\/users\/2"}],"replies":[{"embeddable":true,"href":"https:\/\/neocatechumenaleiter.org\/pl\/wp-json\/wp\/v2\/comments?post=22174"}],"version-history":[{"count":4,"href":"https:\/\/neocatechumenaleiter.org\/pl\/wp-json\/wp\/v2\/pages\/22174\/revisions"}],"predecessor-version":[{"id":24089,"href":"https:\/\/neocatechumenaleiter.org\/pl\/wp-json\/wp\/v2\/pages\/22174\/revisions\/24089"}],"up":[{"embeddable":true,"href":"https:\/\/neocatechumenaleiter.org\/pl\/wp-json\/wp\/v2\/pages\/16496"}],"wp:attachment":[{"href":"https:\/\/neocatechumenaleiter.org\/pl\/wp-json\/wp\/v2\/media?parent=22174"}],"curies":[{"name":"wp","href":"https:\/\/api.w.org\/{rel}","templated":true}]}}