{"id":22188,"date":"2020-03-04T00:23:44","date_gmt":"2020-03-03T23:23:44","guid":{"rendered":"https:\/\/neocatechumenaleiter.org\/slowa-papiezy\/sw-jan-pawel-ii\/wizyta-duszpasterska-papieza-w-republice-dominikanskiej-11-10-1992\/"},"modified":"2021-08-10T11:02:47","modified_gmt":"2021-08-10T10:02:47","slug":"wizyta-duszpasterska-papieza-w-republice-dominikanskiej-11-10-1992","status":"publish","type":"page","link":"https:\/\/neocatechumenaleiter.org\/pl\/slowa-papiezy\/sw-jan-pawel-ii\/wizyta-duszpasterska-papieza-w-republice-dominikanskiej-11-10-1992\/","title":{"rendered":"Wizyta duszpasterska papie\u017ca w Republice Dominika\u0144skiej 11-10-1992"},"content":{"rendered":"\n<h1 class=\"has-text-align-center wp-block-heading\">Wizyta duszpasterska papie\u017ca w Republice Dominika\u0144skiej 11-10-1992<\/h1>\n\n<div style=\"height:20px\" aria-hidden=\"true\" class=\"wp-block-spacer\"><\/div>\n\n<h4 class=\"has-text-align-center wp-block-heading\">\u015aw. Jan Pawe\u0142 II<\/h4>\n\n<div style=\"height:20px\" aria-hidden=\"true\" class=\"wp-block-spacer\"><\/div>\n\n<p><strong>Santo Domingo, 11 pa\u017adziernika 1992 r.<\/strong><\/p>\n\n<p><em>Po po\u0142udniu, po audiencji dla korpusu dyplomatycznego Jan Pawe\u0142 II opu\u015bci\u0142 miasto, aby dokona\u0107 po\u015bwi\u0119cenia siedziby Archidiecezjalnego Seminarium Misyjnego &#8222;Redemptoris Mater&#8221; <\/em><em>Wsp\u00f3lnot Neokatechumenalnych, kt\u00f3re s\u0105 bardzo aktywne w Santo Domingo. Jest ich ponad 300, w sumie oko\u0142o 10 000 os\u00f3b, kt\u00f3re dzia\u0142aj\u0105 g\u0142\u00f3wnie w dw\u00f3ch biednych dzielnicach,<\/em>&#13;\n<em>&#8222;Invivienda&#8221; i &#8222;Hainamoza&#8221;.<\/em><\/p>\n\n<p><em>W seminarium, gdzie studiuje oko\u0142o czterdziestu m\u0142odych ludzi, do tej pory wzniesiono jedynie budynek zwany &#8222;Sanktuarium S\u0142owa&#8221;. Pokoje i kaplica zostan\u0105 wybudowane w p\u00f3\u017aniejszym terminie.<\/em>&#13;\n<em>Dlatego papie\u017c zosta\u0142 powitany w jedynym uko\u0144czonym budynku. Po hymnie wst\u0119pnym i s\u0142owach powitania od inicjatora Drogi Neokatechumenalnej, Kiko Arg\u00fcello, Jan Pawe\u0142 II pob\u0142ogos\u0142awi\u0142 budynek i skierowa\u0142 do obecnych &#8211; kardyna\u0142\u00f3w, biskup\u00f3w, seminarzyst\u00f3w i rodzin wsp\u00f3lnot &#8211; kilka s\u0142\u00f3w zach\u0119ty i dobrych \u017cycze\u0144.<\/em><\/p>\n\n<p><em>Poni\u017cej podajemy s\u0142owa wypowiedziane przez Ojca \u015awi\u0119tego:<\/em><\/p>\n\n<p>\u00abBardzo si\u0119 ciesz\u0119, \u017ce mog\u0119 dzisiaj, w dniu tak donios\u0142ym, dokona\u0107 inauguracji Archidiecezjalnego Seminarium Misyjnego \u201e<em>Redemptoris Mater<\/em>\u201d w Santo Domingo. W czasie, gdy obchodzimy Pi\u0119\u0107setlecie przybycia Dobrej Nowiny do Ameryki, powstaje ono jako wk\u0142ad w wielkie dzie\u0142o nowej ewangelizacji, do kt\u00f3rej wezwa\u0142em Ko\u015bci\u00f3\u0142 powszechny.<\/p>\n\n<p>W tym miejscu, gdzie maj\u0105 si\u0119 kszta\u0142towa\u0107 kandydaci do kap\u0142a\u0144stwa z wielu kraj\u00f3w kontynentu ameryka\u0144skiego, z Europy i innych pa\u0144stw, winien zawsze panowa\u0107 duch misyjny, kt\u00f3ry niech si\u0119 stanie zaczynem odnowy tej diecezji i ca\u0142ej Republiki Dominika\u0144skiej, i rozprzestrzeni si\u0119 na ca\u0142y \u015bwiat, zgodnie z nakazem Pa\u0144skim: \u201eId\u017acie na ca\u0142y \u015bwiat i g\u0142o\u015bcie Ewangeli\u0119 wszelkiemu stworzeniu\u201d (<em>Mk 16,15<\/em>). M\u00f3wi o tym tak\u017ce dekret Soboru Watyka\u0144skiego II o pos\u0142udze i \u017cyciu kap\u0142an\u00f3w: \u201eDar duchowy, otrzymany przez prezbiter\u00f3w w \u015bwi\u0119ceniach, przygotowuje ich nie do jakiej\u015b ograniczonej i zacie\u015bnionej misji, lecz do najszerszej i powszechnej misji zbawienia, a\u017c po kra\u0144ce ziemi (<em>Dz 1,8<\/em>)\u201d (<em>Presbyterorum Ordinis, 10<\/em>).<\/p>\n\n<p>Na t\u0119 wysp\u0119 przybyli kiedy\u015b pierwsi g\u0142osiciele Ewangelii i st\u0105d zbawcze \u015bwiat\u0142o Chrystusa opromieni\u0142o ca\u0142\u0105 Ameryk\u0119. Obecno\u015b\u0107 na niej seminarzyst\u00f3w, kt\u00f3rzy pochodz\u0105 z r\u00f3\u017cnych kraj\u00f3w, jest tak\u017ce znakiem, \u017ce u progu trzeciego tysi\u0105clecia chrze\u015bcija\u0144stwa z Archidiecezjalnego Seminarium \u201e<em>Redemptoris Mater<\/em>\u201d w Santo Domingo powinni wyj\u015b\u0107 \u2013 je\u015bli B\u00f3g pozwoli \u2013 nowi g\u0142osiciele Ewangelii, nios\u0105c ca\u0142emu \u015bwiatu Jezusa Chrystusa, \u201e<em>Drog\u0119, Prawd\u0119 i \u017bycie<\/em>\u201d.<\/p>\n\n<p>Modl\u0105c si\u0119 \u017carliwie o to, aby Maryja, Gwiazda Ewangelizacji, prowadzi\u0142a do swego Boskiego Syna tych, kt\u00f3rzy otrzymaj\u0105 formacj\u0119 kap\u0142a\u0144sk\u0105 w tym seminarium, z ca\u0142ego serca udzielam wszystkim apostolskiego b\u0142ogos\u0142awie\u0144stwa\u00bb.<\/p>\n\n<figure class=\"wp-block-gallery aligncenter columns-3 is-cropped wp-block-gallery-1 is-layout-flex wp-block-gallery-is-layout-flex\"><ul class=\"blocks-gallery-grid\"><li class=\"blocks-gallery-item\"><figure><img loading=\"lazy\" decoding=\"async\" width=\"400\" height=\"330\" src=\"https:\/\/neocatechumenaleiter.org\/wp-content\/uploads\/2020\/03\/Camino_Neocatecumenal_Juan_Pablo_II_visita_pastoral_Republica_Dominicana_1992_3.jpg\" alt=\"\" data-id=\"2400\" data-full-url=\"https:\/\/neocatechumenaleiter.org\/wp-content\/uploads\/2020\/03\/Camino_Neocatecumenal_Juan_Pablo_II_visita_pastoral_Republica_Dominicana_1992_3.jpg\" data-link=\"https:\/\/neocatechumenaleiter.org\/?attachment_id=2400\" class=\"wp-image-4809\" srcset=\"https:\/\/neocatechumenaleiter.org\/wp-content\/uploads\/2020\/03\/Camino_Neocatecumenal_Juan_Pablo_II_visita_pastoral_Republica_Dominicana_1992_3.jpg 400w, https:\/\/neocatechumenaleiter.org\/wp-content\/uploads\/2020\/03\/Camino_Neocatecumenal_Juan_Pablo_II_visita_pastoral_Republica_Dominicana_1992_3-300x248.jpg 300w\" sizes=\"auto, (max-width: 400px) 100vw, 400px\" \/><\/figure><\/li><li class=\"blocks-gallery-item\"><figure><img loading=\"lazy\" decoding=\"async\" width=\"662\" height=\"560\" src=\"https:\/\/neocatechumenaleiter.org\/wp-content\/uploads\/2020\/03\/Camino_Neocatecumenal_Juan_Pablo_II_visita_pastoral_Republica_Dominicana_1992_2.jpg\" alt=\"\" data-id=\"2407\" data-full-url=\"https:\/\/neocatechumenaleiter.org\/wp-content\/uploads\/2020\/03\/Camino_Neocatecumenal_Juan_Pablo_II_visita_pastoral_Republica_Dominicana_1992_2.jpg\" data-link=\"https:\/\/neocatechumenaleiter.org\/?attachment_id=2407\" class=\"wp-image-4811\" srcset=\"https:\/\/neocatechumenaleiter.org\/wp-content\/uploads\/2020\/03\/Camino_Neocatecumenal_Juan_Pablo_II_visita_pastoral_Republica_Dominicana_1992_2.jpg 662w, https:\/\/neocatechumenaleiter.org\/wp-content\/uploads\/2020\/03\/Camino_Neocatecumenal_Juan_Pablo_II_visita_pastoral_Republica_Dominicana_1992_2-300x254.jpg 300w\" sizes=\"auto, (max-width: 662px) 100vw, 662px\" \/><\/figure><\/li><li class=\"blocks-gallery-item\"><figure><img loading=\"lazy\" decoding=\"async\" width=\"679\" height=\"560\" src=\"https:\/\/neocatechumenaleiter.org\/wp-content\/uploads\/2020\/03\/Camino_Neocatecumenal_Juan_Pablo_II_visita_pastoral_Republica_Dominicana_1992.jpg\" alt=\"\" data-id=\"2414\" data-full-url=\"https:\/\/neocatechumenaleiter.org\/wp-content\/uploads\/2020\/03\/Camino_Neocatecumenal_Juan_Pablo_II_visita_pastoral_Republica_Dominicana_1992.jpg\" data-link=\"https:\/\/neocatechumenaleiter.org\/?attachment_id=2414\" class=\"wp-image-4813\" srcset=\"https:\/\/neocatechumenaleiter.org\/wp-content\/uploads\/2020\/03\/Camino_Neocatecumenal_Juan_Pablo_II_visita_pastoral_Republica_Dominicana_1992.jpg 679w, https:\/\/neocatechumenaleiter.org\/wp-content\/uploads\/2020\/03\/Camino_Neocatecumenal_Juan_Pablo_II_visita_pastoral_Republica_Dominicana_1992-300x247.jpg 300w\" sizes=\"auto, (max-width: 679px) 100vw, 679px\" \/><\/figure><\/li><\/ul><\/figure>","protected":false},"excerpt":{"rendered":"<p>Wizyta duszpasterska papie\u017ca w Republice Dominika\u0144skiej 11-10-1992 \u015aw. Jan Pawe\u0142 II Santo Domingo, 11 pa\u017adziernika 1992 r. Po po\u0142udniu, po audiencji dla korpusu dyplomatycznego Jan Pawe\u0142 II opu\u015bci\u0142 miasto, aby dokona\u0107 po\u015bwi\u0119cenia siedziby Archidiecezjalnego Seminarium Misyjnego &#8222;Redemptoris Mater&#8221; Wsp\u00f3lnot Neokatechumenalnych, kt\u00f3re s\u0105 bardzo aktywne w Santo Domingo. Jest ich ponad 300, w sumie oko\u0142o 10 000 os\u00f3b, kt\u00f3re dzia\u0142aj\u0105 g\u0142\u00f3wnie w dw\u00f3ch biednych dzielnicach,&#13; &#8222;Invivienda&#8221; i &#8222;Hainamoza&#8221;. W seminarium, gdzie<\/p>\n<div class=\"read-more\"><a class=\"btn read-more-btn\" href=\"https:\/\/neocatechumenaleiter.org\/pl\/slowa-papiezy\/sw-jan-pawel-ii\/wizyta-duszpasterska-papieza-w-republice-dominikanskiej-11-10-1992\/\">Czytaj dalej<\/a><\/div>\n","protected":false},"author":2,"featured_media":0,"parent":16496,"menu_order":71,"comment_status":"closed","ping_status":"closed","template":"","meta":{"footnotes":""},"class_list":["post-22188","page","type-page","status-publish","hentry"],"_links":{"self":[{"href":"https:\/\/neocatechumenaleiter.org\/pl\/wp-json\/wp\/v2\/pages\/22188","targetHints":{"allow":["GET"]}}],"collection":[{"href":"https:\/\/neocatechumenaleiter.org\/pl\/wp-json\/wp\/v2\/pages"}],"about":[{"href":"https:\/\/neocatechumenaleiter.org\/pl\/wp-json\/wp\/v2\/types\/page"}],"author":[{"embeddable":true,"href":"https:\/\/neocatechumenaleiter.org\/pl\/wp-json\/wp\/v2\/users\/2"}],"replies":[{"embeddable":true,"href":"https:\/\/neocatechumenaleiter.org\/pl\/wp-json\/wp\/v2\/comments?post=22188"}],"version-history":[{"count":10,"href":"https:\/\/neocatechumenaleiter.org\/pl\/wp-json\/wp\/v2\/pages\/22188\/revisions"}],"predecessor-version":[{"id":24127,"href":"https:\/\/neocatechumenaleiter.org\/pl\/wp-json\/wp\/v2\/pages\/22188\/revisions\/24127"}],"up":[{"embeddable":true,"href":"https:\/\/neocatechumenaleiter.org\/pl\/wp-json\/wp\/v2\/pages\/16496"}],"wp:attachment":[{"href":"https:\/\/neocatechumenaleiter.org\/pl\/wp-json\/wp\/v2\/media?parent=22188"}],"curies":[{"name":"wp","href":"https:\/\/api.w.org\/{rel}","templated":true}]}}