{"id":22198,"date":"2020-03-03T23:53:13","date_gmt":"2020-03-03T22:53:13","guid":{"rendered":"https:\/\/neocatechumenaleiter.org\/slowa-papiezy\/sw-jan-pawel-ii\/pozdrowienie-papieza-dla-seminarzystow-seminarium-redemptoris-mater-w-brasilii-15-10-1991\/"},"modified":"2021-04-23T10:58:54","modified_gmt":"2021-04-23T09:58:54","slug":"pozdrowienie-papieza-dla-seminarzystow-seminarium-redemptoris-mater-w-brasilii-15-10-1991","status":"publish","type":"page","link":"https:\/\/neocatechumenaleiter.org\/pl\/slowa-papiezy\/sw-jan-pawel-ii\/pozdrowienie-papieza-dla-seminarzystow-seminarium-redemptoris-mater-w-brasilii-15-10-1991\/","title":{"rendered":"Pozdrowienie Papie\u017ca dla seminarzyst\u00f3w Seminarium Redemptoris Mater w Brasilii 15-10-1991"},"content":{"rendered":"\n<h1 class=\"has-text-align-center wp-block-heading\">Pozdrowienie Papie\u017ca dla seminarzyst\u00f3w Seminarium Redemptoris Mater w Brasilii 15-10-1991<\/h1>\n\n<div style=\"height:20px\" aria-hidden=\"true\" class=\"wp-block-spacer\"><\/div>\n\n<h4 class=\"has-text-align-center wp-block-heading\">\u015aw. Jan Pawe\u0142 II<\/h4>\n\n<div style=\"height:20px\" aria-hidden=\"true\" class=\"wp-block-spacer\"><\/div>\n\n<p><strong>Brasilia, 15 pa\u017adziernika 1991 r.<\/strong><\/p>\n\n<p>\u00abNa zako\u0144czenie przekazuj\u0119 moje szczeg\u00f3lne i serdeczne pozdrowienia dla prze\u0142o\u017conych i seminarzyst\u00f3w z seminarium &#8222;Redemptoris Mater&#8221;, kt\u00f3rego budowa, niedaleko st\u0105d, nied\u0142ugo b\u0119dzie zako\u0144czona. &#013;\nMam nadziej\u0119, \u017ce z Bo\u017cym b\u0142ogos\u0142awie\u0144stwem b\u0119d\u0105 oni zawsze o\u017cywia\u0107  autentyczn\u0105 formacj\u0119 kap\u0142an\u00f3w w prawdziwym duchu Chrystusa. Wszystkim wam serdecznie udzielam Apostolskiego B\u0142ogos\u0142awie\u0144stwa. Amen\u00bb.<\/p>\n","protected":false},"excerpt":{"rendered":"<p>Pozdrowienie Papie\u017ca dla seminarzyst\u00f3w Seminarium Redemptoris Mater w Brasilii 15-10-1991 \u015aw. Jan Pawe\u0142 II Brasilia, 15 pa\u017adziernika 1991 r. \u00abNa zako\u0144czenie przekazuj\u0119 moje szczeg\u00f3lne i serdeczne pozdrowienia dla prze\u0142o\u017conych i seminarzyst\u00f3w z seminarium &#8222;Redemptoris Mater&#8221;, kt\u00f3rego budowa, niedaleko st\u0105d, nied\u0142ugo b\u0119dzie zako\u0144czona. &#013; Mam nadziej\u0119, \u017ce z Bo\u017cym b\u0142ogos\u0142awie\u0144stwem b\u0119d\u0105 oni zawsze o\u017cywia\u0107 autentyczn\u0105 formacj\u0119 kap\u0142an\u00f3w w prawdziwym duchu Chrystusa. Wszystkim wam serdecznie udzielam Apostolskiego B\u0142ogos\u0142awie\u0144stwa. Amen\u00bb.<\/p>\n","protected":false},"author":2,"featured_media":0,"parent":16496,"menu_order":65,"comment_status":"closed","ping_status":"closed","template":"","meta":{"footnotes":""},"class_list":["post-22198","page","type-page","status-publish","hentry"],"_links":{"self":[{"href":"https:\/\/neocatechumenaleiter.org\/pl\/wp-json\/wp\/v2\/pages\/22198","targetHints":{"allow":["GET"]}}],"collection":[{"href":"https:\/\/neocatechumenaleiter.org\/pl\/wp-json\/wp\/v2\/pages"}],"about":[{"href":"https:\/\/neocatechumenaleiter.org\/pl\/wp-json\/wp\/v2\/types\/page"}],"author":[{"embeddable":true,"href":"https:\/\/neocatechumenaleiter.org\/pl\/wp-json\/wp\/v2\/users\/2"}],"replies":[{"embeddable":true,"href":"https:\/\/neocatechumenaleiter.org\/pl\/wp-json\/wp\/v2\/comments?post=22198"}],"version-history":[{"count":5,"href":"https:\/\/neocatechumenaleiter.org\/pl\/wp-json\/wp\/v2\/pages\/22198\/revisions"}],"predecessor-version":[{"id":22203,"href":"https:\/\/neocatechumenaleiter.org\/pl\/wp-json\/wp\/v2\/pages\/22198\/revisions\/22203"}],"up":[{"embeddable":true,"href":"https:\/\/neocatechumenaleiter.org\/pl\/wp-json\/wp\/v2\/pages\/16496"}],"wp:attachment":[{"href":"https:\/\/neocatechumenaleiter.org\/pl\/wp-json\/wp\/v2\/media?parent=22198"}],"curies":[{"name":"wp","href":"https:\/\/api.w.org\/{rel}","templated":true}]}}