{"id":22218,"date":"2020-03-04T00:33:21","date_gmt":"2020-03-03T23:33:21","guid":{"rendered":"https:\/\/neocatechumenaleiter.org\/slowa-papiezy\/sw-jan-pawel-ii\/audiencja-dla-mlodych-z-drogi-neokatechumenalnej-ktorzy-uczestniczyli-w-dniu-przygotowan-do-sdm-w-denver-28-iii-1993\/"},"modified":"2021-08-10T11:02:53","modified_gmt":"2021-08-10T10:02:53","slug":"audiencja-dla-mlodych-z-drogi-neokatechumenalnej-ktorzy-uczestniczyli-w-dniu-przygotowan-do-sdm-w-denver-28-iii-1993","status":"publish","type":"page","link":"https:\/\/neocatechumenaleiter.org\/pl\/slowa-papiezy\/sw-jan-pawel-ii\/audiencja-dla-mlodych-z-drogi-neokatechumenalnej-ktorzy-uczestniczyli-w-dniu-przygotowan-do-sdm-w-denver-28-iii-1993\/","title":{"rendered":"AUDIENCJA DLA M\u0141ODYCH Z DROGI NEOKATECHUMENALNEJ, KT\u00d3RZY UCZESTNICZYLI W DNIU PRZYGOTOWA\u0143 DO \u015aDM W DENVER 28-III-1993"},"content":{"rendered":"\n<h1 class=\"has-text-align-center wp-block-heading\">AUDIENCJA DLA M\u0141ODYCH Z DROGI NEOKATECHUMENALNEJ, KT\u00d3RZY UCZESTNICZYLI W DNIU PRZYGOTOWA\u0143 DO \u015aDM W DENVER 28-III-1993<\/h1>\n\n<div style=\"height:20px\" aria-hidden=\"true\" class=\"wp-block-spacer\"><\/div>\n\n<h4 class=\"has-text-align-center wp-block-heading\">\u015aw. Jan Pawe\u0142 II<\/h4>\n\n<div style=\"height:20px\" aria-hidden=\"true\" class=\"wp-block-spacer\"><\/div>\n\n<p><strong>Watykan &#8211; Aula Paw\u0142a VI, 28 marca 1993<\/strong> r.<\/p>\n\n<p><em>Ojciec \u015awi\u0119ty przyj\u0105\u0142 na audiencji w niedziel\u0119 28 marca po po\u0142udniu oko\u0142o o\u015bmiu tysi\u0119cy m\u0142odych ludzi zaanga\u017cowanych w Drog\u0119 Neokatechumenaln\u0105, kt\u00f3rzy prze\u017cywali w Auli Paw\u0142a VI dzie\u0144 przygotowania do \u015awiatowych Dni M\u0142odzie\u017cy, kt\u00f3re odb\u0119d\u0105 si\u0119 w sierpniu przysz\u0142ego roku w Denver. M\u0142odym ludziom towarzyszyli Kiko Arg\u00fcello i Carmen Hern\u00e1ndez. W spotkaniu<\/em> uczestniczyli<em> kardyna\u0142owie Pio Laghi i Camilo Ruini, arcybiskupi Crescencio Sepe i Maximino Romero de Lema oraz biskupi Paul Cordes i Julio Salimei. Do m\u0142odych ludzi, pochodz\u0105cych g\u0142\u00f3wnie z centralnych region\u00f3w W\u0142och, Papie\u017c skierowa\u0142 nast\u0119puj\u0105ce s\u0142owa:<\/em><\/p>\n\n<div class=\"wp-block-image\"><figure class=\"alignleft size-medium\"><img loading=\"lazy\" decoding=\"async\" width=\"300\" height=\"241\" src=\"https:\/\/neocatechumenaleiter.org\/wp-content\/uploads\/2020\/03\/Camino_Neocatecumenal_Juan_Pablo_II_audiencia_jovenes_preparacion_jmj_denver_1993-300x241.jpg\" alt=\"\" class=\"wp-image-2425\" srcset=\"https:\/\/neocatechumenaleiter.org\/wp-content\/uploads\/2020\/03\/Camino_Neocatecumenal_Juan_Pablo_II_audiencia_jovenes_preparacion_jmj_denver_1993-300x241.jpg 300w, https:\/\/neocatechumenaleiter.org\/wp-content\/uploads\/2020\/03\/Camino_Neocatecumenal_Juan_Pablo_II_audiencia_jovenes_preparacion_jmj_denver_1993.jpg 708w\" sizes=\"auto, (max-width: 300px) 100vw, 300px\" \/><\/figure><\/div>\n\n<p>\u00abKiedy widzia\u0142em ten t\u0142um, tak wielkie zgromadzenie, i kiedy dowiedzia\u0142em si\u0119, \u017ce wszyscy jad\u0105 do Denver, my\u015bla\u0142em: \u201eAle maj\u0105 du\u017co pieni\u0119dzy ci neokatechumeni! Nie brakuje im pieni\u0119dzy \u2013 a mo\u017ce id\u0105 piechot\u0105\u201d, ale my\u015bl\u0119, \u017ce to niemo\u017cliwe\u2026\u201d Ja wiem, \u017ce jeste\u015bcie tutaj, w tej sali przez ca\u0142y dzie\u0144, ale nie wiem, ani nie pyta\u0142em, co robili\u015bcie przedtem przez ca\u0142y dzie\u0144. Ale widzia\u0142em t\u0119 ostatni\u0105 cz\u0119\u015b\u0107. A wi\u0119c mo\u017cna m\u00f3wi\u0107 patrz\u0105c na to, co widzieli\u015bmy: &#8221; Oto jak Kiko robi powo\u0142ania&#8221;.<\/p>\n\n<p>Ale, dzi\u0119ki Bogu, nie Kiko je \u201erobi\u201d. Jest Duch \u015awi\u0119ty, kt\u00f3ry \u201erobi\u201d. Jest to s\u0142owo niepoprawne, ale ja je m\u00f3wi\u0119. Raz u\u017cyte, trzeba u\u017cy\u0107 te\u017c tutaj. Jest Duch \u015awi\u0119ty, kt\u00f3ry \u201erobi\u201d te powo\u0142ania przez r\u00f3\u017cne \u015brodki ludzkie. Ludzkie. Te\u017c przez Kiko, oczywi\u015bcie te\u017c Carmen, trzeba to powiedzie\u0107. Przez ten ca\u0142y ruch&#8230; Och, nie ruch, ale Drog\u0119! Przez t\u0119 ca\u0142\u0105 struktur\u0119 organizacyjn\u0105, kt\u00f3ra jest ludzka, widzialna, ale jest otwarta na wp\u0142yw, natchnienie Ducha \u015awi\u0119tego. <\/p>\n\n<p>Ja pytam, gdzie jest punkt centralny tego procesu. kt\u00f3ry przez Drog\u0119 Neokatechumenaln\u0105, poprzez r\u00f3\u017cnych ludzi, przez r\u00f3\u017cne okoliczno\u015bci ludzkie, produkuje, prowokuje, wzbudza powo\u0142ania kap\u0142a\u0144skie i do \u017cycia konsekrowanego, zakonnego. Wi\u0119c jestem przekonany, \u017ce punctum saliens, punktem wyj\u015bcia tego wszystkiego jest odkrycie bogactwa, g\u0142\u0119boko\u015bci Bo\u017cej, sakramentalnej Chrztu.&#13;\nNasze pierwsze powo\u0142anie jest chrzcielne i w chrzcie \u015bwi\u0119tym, w tym sakramencie \u201eex aqua et Spiritu Sancto\u201d, w tym odrodzeniu \u015bmierci Chrystusa do Jego Zmartwychwstania, znajdujemy wszystkie powo\u0142ania, jak w korzeniu. I to g\u0142\u0119bokie odkrycie, prze\u017cywane w chrzcie, przynosi ze sob\u0105 jako skutki mo\u017cliwe, wi\u0119cej \u2013 konieczne, odkrycie \u017cycia, jako powo\u0142ania. I tutaj dobrze pasuje razem, dobrze idzie Droga Neokatechumenalna, dobrze pasuje. Bo by\u0142 ju\u017c ten katechumenat tradycyjny w pierwszych wiekach Ko\u015bcio\u0142a i jeszcze jest w krajach misyjnych i robi du\u017co dobrego dla Ko\u015bcio\u0142a, przygotowuje do bycia chrze\u015bcijanami, przygotowuje powo\u0142ania.&#13;\nWy byli\u015bcie ochrzczeni jako dzieci, mo\u017ce w pierwszych dniach waszego \u017cycia. Katechumenat musi przyj\u015b\u0107 potem, musi przyj\u015b\u0107 po odkryciu tych bogactw chrztu \u015bwi\u0119tego, tych bogactw Boskich i tak\u017ce ludzkich. Jest ich wiele, jak wam przedstawi\u0142 \u015bw. Pawe\u0142, szczeg\u00f3lnie w Li\u015bcie do Rzymian; ale dzisiaj mo\u017cna by napisa\u0107 komentarz jeszcze bardziej rozleg\u0142y, jeszcze bardziej szczeg\u00f3\u0142owy tych bogactw, kt\u00f3re s\u0105 w\u0142a\u015bnie we chrzcie, kt\u00f3re s\u0105 bogactwami Boskimi i ludzkimi zarazem.&#13;\nJednym w\u015br\u00f3d tych bogactw jest w\u0142a\u015bnie to, \u017ce chrzest nie jest statyczny. Mo\u017cnaby my\u015ble\u0107, \u017ce jest statyczny \u2013 robi si\u0119 w pewnym momencie w \u017cyciu i potem przechodzi. Rejestruje si\u0119 w ksi\u0119gach parafialnych i wystarczy. Ale nie, nie jest statyczny, jest dynamiczny, prowokuje w\u0142a\u015bnie drog\u0119 \u017cyciow\u0105, \u017cycie chrze\u015bcija\u0144skie. Ale ta droga mo\u017ce zosta\u0107 nieodkryta, i wasza Droga Neokatechumenalna pomaga odkry\u0107 t\u0119 drog\u0119 chrzcieln\u0105 tzn. t\u0119 drog\u0119, kt\u00f3ra zaczyna si\u0119 w sakramencie chrztu, i kt\u00f3ra musi prowadzi\u0107 ka\u017cdego z nas do pewnego powo\u0142ania, przede wszystkim do powo\u0142ania chrze\u015bcija\u0144skiego, uniwersalnego. By\u0107 chrze\u015bcijaninem, ju\u017c jest wspania\u0142ym powo\u0142aniem. I potem dobrze wiemy, \u017ce w powo\u0142aniu chrze\u015bcija\u0144skim i uniwersalnym wszystkich wierz\u0105cych, wszystkich ochrzczonych zawieraj\u0105 si\u0119 r\u00f3\u017cne powo\u0142ania. <\/p>\n\n<div class=\"wp-block-image\"><figure class=\"alignright size-large\"><img loading=\"lazy\" decoding=\"async\" width=\"682\" height=\"563\" src=\"https:\/\/neocatechumenaleiter.org\/wp-content\/uploads\/2020\/03\/Camino_Neocatecumenal_Juan_Pablo_II_audiencia_jovenes_preparacion_jmj_denver_1993_2.jpg\" alt=\"\" class=\"wp-image-4803\" srcset=\"https:\/\/neocatechumenaleiter.org\/wp-content\/uploads\/2020\/03\/Camino_Neocatecumenal_Juan_Pablo_II_audiencia_jovenes_preparacion_jmj_denver_1993_2.jpg 682w, https:\/\/neocatechumenaleiter.org\/wp-content\/uploads\/2020\/03\/Camino_Neocatecumenal_Juan_Pablo_II_audiencia_jovenes_preparacion_jmj_denver_1993_2-300x248.jpg 300w\" sizes=\"auto, (max-width: 682px) 100vw, 682px\" \/><\/figure><\/div>\n\n<p>Z pewno\u015bci\u0105 ma\u0142\u017ce\u0144stwo jest sakramentem, jest powo\u0142aniem; je\u015bli rozwa\u017ca si\u0119 ma\u0142\u017ce\u0144stwo w innych kategoriach, nie jest to wystarczaj\u0105cy spos\u00f3b my\u015blenia, nie jest to spos\u00f3b my\u015blenia rzeczywi\u015bcie chrze\u015bcija\u0144ski; ma\u0142\u017ce\u0144stwo jest wielkim powo\u0142aniem, \u201esacramentum magnum\u201d, jak m\u00f3wi\u0142 \u015bw. Pawe\u0142 w Li\u015bcie do Efezjan. &#13;\nJest jednak w Ko\u015bciele ekonomia, nie tylko ta, kt\u00f3ra przygotowuje pieni\u0105dze do Denver. Jest ekonomia nadprzyrodzona; powo\u0142ania s\u0105 przeznaczone na to, by o\u017cywia\u0107 Ko\u015bci\u00f3\u0142, i s\u0105 konieczne, niezb\u0119dne dla o\u017cywiania Ko\u015bcio\u0142a te powo\u0142ania, kt\u00f3re, jak widzieli\u015bmy, dzi\u015b powsta\u0142y lub ujawni\u0142y si\u0119. S\u0105 niezb\u0119dne! Wiemy dobrze, jak niezb\u0119dni s\u0105 w Ko\u015bciele kap\u0142ani, i jak s\u0105 niezb\u0119dne, z innego punktu widzenia, osoby konsekrowane: zakonnicy, zakonnice, cz\u0142onkowie zakon\u00f3w kontemplacyjnych i apostolskich, aktywnych. Wszyscy s\u0105 w r\u00f3\u017cny spos\u00f3b aktywni i wszyscy s\u0105 w r\u00f3\u017cny spos\u00f3b kontemplacyjni. Jak\u017ce s\u0105 niezb\u0119dni, aby o\u017cywia\u0107 ten organizm, kt\u00f3rym jest Ko\u015bci\u00f3\u0142! &#13;\nTak oto chcia\u0142em kr\u00f3tko dzi\u015b powiedzie\u0107 ma\u0142y komentarz waszemu zgromadzeniu, do tego waszego przygotowania do spotkania w Denver \u2013 dobrze, \u017ce je robicie, dobrze, \u017ce robicie to przygotowanie, dlatego, \u017ce spotkanie w Denver musi by\u0107 wielkim do\u015bwiadczeniem wiary, wiary chrzcielnej, tak jak by\u0142o to na poprzednich \u015bwiatowych dniach m\u0142odzie\u017cy; jak to pierwsze w Rzymie, potem w Buenos Aires, potem w Santiago de Compostela, potem ostatnie w Cz\u0119stochowie \u2013 i teraz to, kt\u00f3rego oczekujemy. <\/p>\n\n<p>\u017bycz\u0119 wi\u0119c wam, by\u015bcie kroczyli t\u0105 drog\u0105, kt\u00f3r\u0105 odkryli\u015bcie dzi\u0119ki Drodze Neokatechumenalnej, t\u0105 drog\u0105 \u017cycia chrze\u015bcija\u0144skiego, powo\u0142ania chrze\u015bcija\u0144skiego w\u0142a\u015bciwego ka\u017cdemu z nas. I potem kroczyli t\u0105 drog\u0105 powo\u0142ania do kap\u0142a\u0144stwa, do \u017cycia konsekrowanego, kt\u00f3re te\u017c odkryli\u015bcie dzi\u0119ki Drodze Neokatechumenalnej.&#13;\n\u017bycz\u0119 wam by\u015bcie pojechali do Denver, te\u017c, je\u015bli nie macie bogactw, znajdziecie spos\u00f3b, znajdziecie spos\u00f3b, by pojecha\u0107 do Denver, nie wiem jak, ale znajdziecie.&#13;\nDroga oznacza te\u017c podr\u00f3\u017c \u2013 \u017cycz\u0119 szcz\u0119\u015bliwej podr\u00f3\u017cy\u00bb.<\/p>\n","protected":false},"excerpt":{"rendered":"<p>AUDIENCJA DLA M\u0141ODYCH Z DROGI NEOKATECHUMENALNEJ, KT\u00d3RZY UCZESTNICZYLI W DNIU PRZYGOTOWA\u0143 DO \u015aDM W DENVER 28-III-1993 \u015aw. Jan Pawe\u0142 II Watykan &#8211; Aula Paw\u0142a VI, 28 marca 1993 r. Ojciec \u015awi\u0119ty przyj\u0105\u0142 na audiencji w niedziel\u0119 28 marca po po\u0142udniu oko\u0142o o\u015bmiu tysi\u0119cy m\u0142odych ludzi zaanga\u017cowanych w Drog\u0119 Neokatechumenaln\u0105, kt\u00f3rzy prze\u017cywali w Auli Paw\u0142a VI dzie\u0144 przygotowania do \u015awiatowych Dni M\u0142odzie\u017cy, kt\u00f3re odb\u0119d\u0105 si\u0119 w sierpniu przysz\u0142ego roku w Denver.<\/p>\n<div class=\"read-more\"><a class=\"btn read-more-btn\" href=\"https:\/\/neocatechumenaleiter.org\/pl\/slowa-papiezy\/sw-jan-pawel-ii\/audiencja-dla-mlodych-z-drogi-neokatechumenalnej-ktorzy-uczestniczyli-w-dniu-przygotowan-do-sdm-w-denver-28-iii-1993\/\">Czytaj dalej<\/a><\/div>\n","protected":false},"author":2,"featured_media":0,"parent":16496,"menu_order":71,"comment_status":"closed","ping_status":"closed","template":"","meta":{"footnotes":""},"class_list":["post-22218","page","type-page","status-publish","hentry"],"_links":{"self":[{"href":"https:\/\/neocatechumenaleiter.org\/pl\/wp-json\/wp\/v2\/pages\/22218","targetHints":{"allow":["GET"]}}],"collection":[{"href":"https:\/\/neocatechumenaleiter.org\/pl\/wp-json\/wp\/v2\/pages"}],"about":[{"href":"https:\/\/neocatechumenaleiter.org\/pl\/wp-json\/wp\/v2\/types\/page"}],"author":[{"embeddable":true,"href":"https:\/\/neocatechumenaleiter.org\/pl\/wp-json\/wp\/v2\/users\/2"}],"replies":[{"embeddable":true,"href":"https:\/\/neocatechumenaleiter.org\/pl\/wp-json\/wp\/v2\/comments?post=22218"}],"version-history":[{"count":4,"href":"https:\/\/neocatechumenaleiter.org\/pl\/wp-json\/wp\/v2\/pages\/22218\/revisions"}],"predecessor-version":[{"id":24137,"href":"https:\/\/neocatechumenaleiter.org\/pl\/wp-json\/wp\/v2\/pages\/22218\/revisions\/24137"}],"up":[{"embeddable":true,"href":"https:\/\/neocatechumenaleiter.org\/pl\/wp-json\/wp\/v2\/pages\/16496"}],"wp:attachment":[{"href":"https:\/\/neocatechumenaleiter.org\/pl\/wp-json\/wp\/v2\/media?parent=22218"}],"curies":[{"name":"wp","href":"https:\/\/api.w.org\/{rel}","templated":true}]}}