{"id":22222,"date":"2020-03-04T00:39:08","date_gmt":"2020-03-03T23:39:08","guid":{"rendered":"https:\/\/neocatechumenaleiter.org\/slowa-papiezy\/sw-jan-pawel-ii\/spotkanie-w-wiedniu-z-udzialem-wielu-biskupow-europejskich-13-4-1993\/"},"modified":"2021-08-10T11:03:04","modified_gmt":"2021-08-10T10:03:04","slug":"spotkanie-w-wiedniu-z-udzialem-wielu-biskupow-europejskich-13-4-1993","status":"publish","type":"page","link":"https:\/\/neocatechumenaleiter.org\/pl\/slowa-papiezy\/sw-jan-pawel-ii\/spotkanie-w-wiedniu-z-udzialem-wielu-biskupow-europejskich-13-4-1993\/","title":{"rendered":"Spotkanie w Wiedniu z udzia\u0142em wielu biskup\u00f3w europejskich 13-4-1993"},"content":{"rendered":"\n<h1 class=\"has-text-align-center wp-block-heading\">Spotkanie w Wiedniu z udzia\u0142em wielu biskup\u00f3w europejskich 13-4-1993<\/h1>\n\n<div style=\"height:20px\" aria-hidden=\"true\" class=\"wp-block-spacer\"><\/div>\n\n<h4 class=\"has-text-align-center wp-block-heading\">\u015aw. Jan Pawe\u0142 II<\/h4>\n\n<div style=\"height:20px\" aria-hidden=\"true\" class=\"wp-block-spacer\"><\/div>\n\n<p><strong>Wiede\u0144, 13-17 kwietnia 1993 r.<\/strong><\/p>\n\n<p><em>Czy w roku 2000 Europa b\u0119dzie chrze\u015bcija\u0144ska? Aby odpowiedzie\u0107 na to pytanie Ojca \u015awi\u0119tego, pi\u0119ciu kardyna\u0142\u00f3w i 120 biskup\u00f3w ze wszystkich kraj\u00f3w Europy, od Portugalii po Rosj\u0119, spotka\u0142o si\u0119 na pi\u0119\u0107 dni w Wiedniu od 13 do 17 kwietnia 1993 roku. Spotkanie rozpocz\u0105\u0142 w \u015brod\u0119 rano, 14 kwietnia, kard. Gro\u00ebr, kt\u00f3ry wskaza\u0142 na znaczenie Drogi Neokatechumenalnej dla Ko\u015bcio\u0142a na progu trzeciego tysi\u0105clecia. List Ojca \u015awi\u0119tego odczyta\u0142 wiceprzewodnicz\u0105cy Papieskiej Rady ds. \u015awieckich, bp Paul Cordes.<\/em><\/p>\n\n<div class=\"wp-block-image\"><figure class=\"aligncenter size-large\"><img loading=\"lazy\" decoding=\"async\" width=\"400\" height=\"276\" src=\"https:\/\/neocatechumenaleiter.org\/wp-content\/uploads\/2020\/03\/Camino_Neocatecumenal_Juan_Pablo_II_encuentro_viena_obispos_1993.jpg\" alt=\"\" class=\"wp-image-4991\" srcset=\"https:\/\/neocatechumenaleiter.org\/wp-content\/uploads\/2020\/03\/Camino_Neocatecumenal_Juan_Pablo_II_encuentro_viena_obispos_1993.jpg 400w, https:\/\/neocatechumenaleiter.org\/wp-content\/uploads\/2020\/03\/Camino_Neocatecumenal_Juan_Pablo_II_encuentro_viena_obispos_1993-300x207.jpg 300w\" sizes=\"auto, (max-width: 400px) 100vw, 400px\" \/><\/figure><\/div>\n\n<p>List do biskup\u00f3w w Wiedniu<\/p>\n\n<p>\u00abCZCIGODNI BRACIA W BISKUPSTWIE, NAJDRO\u017bSI BRACIA I SIOSTRY!&#13;\n&#13;\nJest dla mnie powodem wielkiej pociechy wiadomo\u015b\u0107, \u017ce w kilka lat po moim wezwaniu do nowej ewangelizacji Europy, jeste\u015bcie zebrani w Wiedniu, by razem dokona\u0107 refleksji nad owocami dzia\u0142alno\u015bci misyjnej, kt\u00f3r\u0105 kap\u0142ani, katechi\u015bci w\u0119drowni i rodziny z Drogi Neokatechumenalnej prowadz\u0105 z wielkodusznym oddaniem i wielk\u0105 gorliwo\u015bci\u0105 dla Ewangelii.&#13;\n&#13;\nZ okazji otwarcia prac specjalnego zgromadzenia dla Europy, dnia 5 czerwca 1990 r. zwr\u00f3ci\u0142em uwag\u0119 z gorycz\u0105, \u017ce na naszym kontynencie wielu jest przyzwyczajonych do traktowania rzeczywisto\u015bci tak, \u201ejakby B\u00f3g nie istnia\u0142\u201d. W takiej perspektywie \u2013 doda\u0142em \u2013 cz\u0142owiek \u201estaje si\u0119 \u017ar\u00f3d\u0142em prawa moralnego i tylko takie prawo, kt\u00f3re cz\u0142owiek daje samemu sobie, stanowi miar\u0119 jego sumienia i jego post\u0119powania\u201d (Insegnamenti, tom XIII, 1, 1990, str. 1517 i nn.). Z drugiej strony nie mo\u017cna zaprzeczy\u0107, \u017ce Duch \u015awi\u0119ty poprzez Sob\u00f3r Watyka\u0144ski II, wzbudzi\u0142 skuteczne instrumenty \u2013 w\u015br\u00f3d nich tak\u017ce Drog\u0119 Neokatechumenaln\u0105 \u2013 by odpowiedzie\u0107 na pytania wsp\u00f3\u0142czesnego cz\u0142owieka. Po wielu latach, w \u015bwietle osi\u0105gni\u0119tych wynik\u00f3w, uzna\u0142em za s\u0142uszne, by pisemnie doda\u0107 odwagi temu do\u015bwiadczeniu w obliczu nowej ewangelizacji, \u017cycz\u0105c, \u017ceby by\u0142o wspomagane i dowarto\u015bciowane przez Braci w Biskupstwie (por. List z dnia 30.8.1990).&#13;\n&#13;\nWielu z was jest bezpo\u015brednimi \u015bwiadkami owych rezultat\u00f3w i pierwszymi protagonistami pomocy ofiarowanej w rozszerzaniu tej rzeczywisto\u015bci eklezjalnej; dlatego te\u017c wasza dzisiejsza refleksja jest szczeg\u00f3lnie wa\u017cna, tak, jak wa\u017cna by\u0142a refleksja Biskup\u00f3w kontynentu ameryka\u0144skiego, podczas spotkania w zesz\u0142ym roku w Santo Domingo.&#13;\n&#13;\nDroga Neokatechumenalna, w kt\u00f3rej dojrzewaj\u0105 katechi\u015bci w\u0119drowni i rodziny misyjne, mo\u017ce odpowiedzie\u0107 na wyzwania sekularyzacji, szerzenie si\u0119 sekt i brak powo\u0142a\u0144. Refleksja nad S\u0142owem Bo\u017cym i uczestniczenie w Eucharystii czyni\u0105 mo\u017cliw\u0105 stopniow\u0105 inicjacj\u0119 w \u015bwi\u0119te misteria, formuj\u0105 \u017cywe kom\u00f3rki Ko\u015bcio\u0142a, odnawiaj\u0105 \u017cywotno\u015b\u0107 parafii poprzez chrze\u015bcijan dojrza\u0142ych, zdolnych do dawania \u015bwiadectwa prawdzie dzi\u0119ki wierze radykalnie prze\u017cywanej.&#13;\n&#13;\nDroga ta okazuje si\u0119 szczeg\u00f3lnie zdatna do tego, by przyczynia\u0107 si\u0119 na obszarach zdechrystianizowanych do koniecznej \u201ereimplantatio Ecclesiae\u201d, prowadz\u0105c cz\u0142owieka w jego postawie moralnej do pos\u0142usze\u0144stwa prawdzie objawionej i odbudowuj\u0105c r\u00f3wnie\u017c sam\u0105 tkank\u0119 spo\u0142eczn\u0105 zniszczon\u0105 przez brak znajomo\u015bci Boga i Jego mi\u0142o\u015bci. Ju\u017c w niekt\u00f3rych regionach tworz\u0105 si\u0119 o\u015brodki rodzin misyjnych, kt\u00f3re mog\u0105 by\u0107 \u015bwiat\u0142em Chrystusa i przyk\u0142adem \u017cycia.&#13;\n&#13;\nJednak taka misja nie by\u0142aby mo\u017cliwa bez prezbiter\u00f3w przygotowanych do towarzyszenia i podtrzymywania, poprzez ich pos\u0142ug\u0119 \u015bwi\u0119ce\u0144, tego dzie\u0142a nowej ewangelizacji. Jestem wdzi\u0119czny Panu, kt\u00f3ry zechcia\u0142 wzbudzi\u0107 liczne powo\u0142ania, a tak\u017ce za powsta\u0142e Diecezjalne Seminaria Misyjne w r\u00f3\u017cnych krajach Europy, nazywane s\u0142odkiem imieniem Dziewicy Maryi \u201eRedemptoris Mater\u201d.&#13;\n&#13;\nPod Jej macierzy\u0144sk\u0105 opiek\u0119 i Jej przemo\u017cne natchnienie oddaj\u0119 tak\u017ce wasze spotkanie, kt\u00f3re mo\u017ce doda\u0107 wam dalszego rozmachu i odwagi w apostolskim zaanga\u017cowaniu wobec wsp\u00f3\u0142czesnego cz\u0142owieka, kt\u00f3ry potrzebuje przewodnictwa Pasterzy i \u015bwiadk\u00f3w przez nich pos\u0142anych, aby pozna\u0107 Boga, wzywa\u0107 Jego Imienia i otrzyma\u0107 zbawienie.&#13;\n&#13;\n\u015awiat\u0142o Zmartwychwsta\u0142ego Pana, kt\u00f3re uroczy\u015bcie celebrowali\u015bmy w Wigilii Paschalnej, niech nadal w was rozb\u0142yska, podtrzymuj\u0105c was w misji s\u0142u\u017cenia Ko\u015bcio\u0142owi i ca\u0142ej ludzko\u015bci\u00bb.<\/p>\n\n<p>Dan w Watykanie. 12 kwietnia 1993 r.&#13;\n&#13;\nJan Pawe\u0142 II&#13;\n&#13;\n&#13;\n(*) Por. \u201cL\u2019 Osservatore Romano\u201d, 22 kwietnia 1993<\/p>\n","protected":false},"excerpt":{"rendered":"<p>Spotkanie w Wiedniu z udzia\u0142em wielu biskup\u00f3w europejskich 13-4-1993 \u015aw. Jan Pawe\u0142 II Wiede\u0144, 13-17 kwietnia 1993 r. Czy w roku 2000 Europa b\u0119dzie chrze\u015bcija\u0144ska? Aby odpowiedzie\u0107 na to pytanie Ojca \u015awi\u0119tego, pi\u0119ciu kardyna\u0142\u00f3w i 120 biskup\u00f3w ze wszystkich kraj\u00f3w Europy, od Portugalii po Rosj\u0119, spotka\u0142o si\u0119 na pi\u0119\u0107 dni w Wiedniu od 13 do 17 kwietnia 1993 roku. Spotkanie rozpocz\u0105\u0142 w \u015brod\u0119 rano, 14 kwietnia, kard. Gro\u00ebr, kt\u00f3ry wskaza\u0142<\/p>\n<div class=\"read-more\"><a class=\"btn read-more-btn\" href=\"https:\/\/neocatechumenaleiter.org\/pl\/slowa-papiezy\/sw-jan-pawel-ii\/spotkanie-w-wiedniu-z-udzialem-wielu-biskupow-europejskich-13-4-1993\/\">Czytaj dalej<\/a><\/div>\n","protected":false},"author":2,"featured_media":0,"parent":16496,"menu_order":73,"comment_status":"closed","ping_status":"closed","template":"","meta":{"footnotes":""},"class_list":["post-22222","page","type-page","status-publish","hentry"],"_links":{"self":[{"href":"https:\/\/neocatechumenaleiter.org\/pl\/wp-json\/wp\/v2\/pages\/22222","targetHints":{"allow":["GET"]}}],"collection":[{"href":"https:\/\/neocatechumenaleiter.org\/pl\/wp-json\/wp\/v2\/pages"}],"about":[{"href":"https:\/\/neocatechumenaleiter.org\/pl\/wp-json\/wp\/v2\/types\/page"}],"author":[{"embeddable":true,"href":"https:\/\/neocatechumenaleiter.org\/pl\/wp-json\/wp\/v2\/users\/2"}],"replies":[{"embeddable":true,"href":"https:\/\/neocatechumenaleiter.org\/pl\/wp-json\/wp\/v2\/comments?post=22222"}],"version-history":[{"count":4,"href":"https:\/\/neocatechumenaleiter.org\/pl\/wp-json\/wp\/v2\/pages\/22222\/revisions"}],"predecessor-version":[{"id":24161,"href":"https:\/\/neocatechumenaleiter.org\/pl\/wp-json\/wp\/v2\/pages\/22222\/revisions\/24161"}],"up":[{"embeddable":true,"href":"https:\/\/neocatechumenaleiter.org\/pl\/wp-json\/wp\/v2\/pages\/16496"}],"wp:attachment":[{"href":"https:\/\/neocatechumenaleiter.org\/pl\/wp-json\/wp\/v2\/media?parent=22222"}],"curies":[{"name":"wp","href":"https:\/\/api.w.org\/{rel}","templated":true}]}}