{"id":22226,"date":"2020-03-04T01:52:32","date_gmt":"2020-03-04T00:52:32","guid":{"rendered":"https:\/\/neocatechumenaleiter.org\/slowa-papiezy\/sw-jan-pawel-ii\/audiencja-dla-biskupow-afryki-uczestniczacych-w-kongresie-zorganizowanym-przez-droge-neokatechumenalna-31-1-1994\/"},"modified":"2021-08-10T11:03:38","modified_gmt":"2021-08-10T10:03:38","slug":"audiencja-dla-biskupow-afryki-uczestniczacych-w-kongresie-zorganizowanym-przez-droge-neokatechumenalna-31-1-1994","status":"publish","type":"page","link":"https:\/\/neocatechumenaleiter.org\/pl\/slowa-papiezy\/sw-jan-pawel-ii\/audiencja-dla-biskupow-afryki-uczestniczacych-w-kongresie-zorganizowanym-przez-droge-neokatechumenalna-31-1-1994\/","title":{"rendered":"AUDIENCJA DLA BISKUP\u00d3W AFRYKI UCZESTNICZ\u0104CYCH W KONGRESIE ZORGANIZOWANYM PRZEZ DROG\u0118 NEOKATECHUMENALN\u0104 31-1-1994"},"content":{"rendered":"\n<h1 class=\"has-text-align-center wp-block-heading\">AUDIENCJA DLA BISKUP\u00d3W AFRYKI UCZESTNICZ\u0104CYCH W KONGRESIE ZORGANIZOWANYM PRZEZ DROG\u0118 NEOKATECHUMENALN\u0104 31-1-1994<\/h1>\n\n<div style=\"height:20px\" aria-hidden=\"true\" class=\"wp-block-spacer\"><\/div>\n\n<h4 class=\"has-text-align-center wp-block-heading\">\u015aw. Jan Pawe\u0142 II<\/h4>\n\n<div style=\"height:20px\" aria-hidden=\"true\" class=\"wp-block-spacer\"><\/div>\n\n<p><strong>Watykan &#8211; Sala Klementy\u0144ska, 31 stycznia 1994 r.<\/strong><\/p>\n\n<p>\u00abPo stu latach od pierwszej ewangelizacji, u\u017cy\u017anionej krwi\u0105 m\u0119czennik\u00f3w i \u015bwiadectwem wielu misjonarzy, Afryka oczekuje nowych \u015bwi\u0119tych aby nie\u015bli Ewangeli\u0119 w nich wcielon\u0105; nowych ewangelizator\u00f3w, z kt\u00f3rymi Chrystus Zmartwychwsta\u0142y dzia\u0142a\u0142by potwierdzaj\u0105c ich s\u0142owa\u00bb- powiedzia\u0142 Jan Pawe\u0142 II kardyna\u0142om i biskupom z 30 kraj\u00f3w afryka\u0144skich, kt\u00f3rzy uczestnicz\u0105 w Kongresie zorganizowanym przez Drog\u0119 Neokatechumenaln\u0105. <em>Podczas spotkania, kt\u00f3re mia\u0142o miejsce rano w poniedzia\u0142ek 31 stycznia w Sali Klementy\u0144skiej, Ojciec \u015awi\u0119ty wyg\u0142osi\u0142 nast\u0119puj\u0105ce przem\u00f3wienie:<\/em><\/p>\n\n<p>\u00abCzcigodni Bracia w Biskupstwie!&#13;\n&#13;\nNajdro\u017csi Bracia i Siostry!<\/p>\n\n<p>1. Przyjmuj\u0119 was z rado\u015bci\u0105, najdro\u017csi Kardyna\u0142owie i Biskupi z 30 narod\u00f3w afryka\u0144skich, wraz z inicjatorami Drogi Neokatechumenalnej i licznymi katechistami w\u0119drownymi, kt\u00f3rzy na Kontynencie afryka\u0144skim pracuj\u0105 dla Kr\u00f3lestwa Bo\u017cego. Pok\u00f3j niech b\u0119dzie z wami wszystkimi.&#13;\n&#13;\nNa progu trzeciego millenium chrze\u015bcija\u0144stwa zgromadzili\u015bcie si\u0119 w Rzymie, by prosi\u0107 Pana o nowy zapa\u0142 misyjny, maj\u0105c przed sob\u0105 Zgromadzenie Synodu Biskup\u00f3w Afryki, kt\u00f3re odb\u0119dzie si\u0119 w najbli\u017cszym miesi\u0105cu kwietniu. R\u00f3wnie\u017c na waszym kontynencie, m\u0142odym i dynamicznym, Ko\u015bci\u00f3\u0142 oczekuje z upragnieniem, szerszego i g\u0142\u0119bszego przyj\u0119cia bogactw teologiczno-duszpasterskich odkrytych przez Sob\u00f3r Watyka\u0144ski II.&#13;\n&#13;\nDzisiejsza ludzko\u015b\u0107 potrzebuje \u015bwiadectwa, kt\u00f3re by dotyka\u0142o serca. Tylko tak narodzi si\u0119 nowy cz\u0142owiek. Tylko tak ju\u017c nie b\u0119dzie ani \u017byda ani Greka, ani niewolnika ani wolnego, ani m\u0119\u017cczyzny ani kobiety, ani bia\u0142ego ani czarnego (por. Kol 3,10n; Ga 3,28). Nowy cz\u0142owiek przekracza religijno\u015b\u0107 naturaln\u0105, sw\u00f3j strach przed tym co boskie i ci\u0105g\u0142\u0105 pokus\u0119 by czci\u0107 Boga jedynie w tym celu, aby mie\u0107 \u017cycie \u0142atwe i zabezpieczone. Cz\u0142owiek \u201e<em>naturalnie<\/em>\u201d religijny nie zna jeszcze g\u0142\u0119bokiego wymiaru Chrze\u015bcija\u0144stwa.<\/p>\n\n<p>Kontynent afryka\u0144ski prze\u017cywa w\u0142a\u015bnie moment historyczny. I to jest dla was \u201e<em>czas sprzyjaj\u0105cy<\/em>\u201d, d\u0142ugo oczekiwany i przygotowany, w kt\u00f3rym Wsp\u00f3lnoty eklezjalne s\u0105 powo\u0142ane objawia\u0107 w pe\u0142ni ich \u201e<em>kroczenie wsp\u00f3lnie<\/em>\u201d. Zbli\u017caj\u0105ce si\u0119 zgromadzenie na pewno stanowi wydarzenie opatrzno\u015bciowe, kt\u00f3re w\u0142\u0105cza si\u0119 w obiecuj\u0105cy sezon duszpasterski nowej ewangelizacji.&#13;\n&#13;\nR\u00f3wnie\u017c dla Afryki istnieje konieczno\u015b\u0107 itinerarium katechumenalnego, kt\u00f3re przekracza\u0142oby religijno\u015b\u0107 naturaln\u0105 i prowadzi\u0142oby do prawdziwej wiary. W Ko\u015bciele pierwszych wiek\u00f3w sta\u0142o si\u0119 tak z ludami basenu Morza \u015ar\u00f3dziemnego, oni r\u00f3wnie\u017c byli gorliwi w religijno\u015bci naturalnej a jednocze\u015bnie gotowi przyj\u0105\u0107 or\u0119dzie ewangeliczne. Ewangelia zasiewa w sercu cz\u0142owieka\u00a0caritas, mi\u0142o\u015b\u0107 jak\u0105 Chrystus nas umi\u0142owa\u0142, mi\u0142o\u015b\u0107 bosk\u0105, mi\u0142o\u015b\u0107 totaln\u0105, mi\u0142o\u015b\u0107 do nieprzyjaciela jak\u0105 \u017cy\u0142 Chrystus, kt\u00f3ry odda\u0142 \u017cycie za nas kiedy byli\u015bmy wrogami Boga (<em>por. Rz 5,10<\/em>). Mi\u0142o\u015b\u0107, kt\u00f3ra z ludzi r\u00f3\u017cnych czyni jedno\u015b\u0107, aby \u015bwiat uwierzy\u0142, \u017ce Jezus Chrystus jest pos\u0142any przez Ojca (<em>por. J 17<\/em>). Po stu latach od pierwszej ewangelizacji, u\u017cy\u017anionej krwi\u0105 m\u0119czennik\u00f3w i \u015bwiadectwem wielu misjonarzy, Afryka oczekuje nowych \u015bwi\u0119tych, kt\u00f3rzy nie\u015bliby Ewangeli\u0119 wcielon\u0105 w nich, nowych ewangelizator\u00f3w, z kt\u00f3rymi dzia\u0142a\u0142by Chrystus Zmartwychwsta\u0142y potwierdzaj\u0105c ich s\u0142owa (<em>por. Mk<\/em> 16,20).<\/p>\n\n<div class=\"wp-block-image\"><figure class=\"alignleft size-large\"><img loading=\"lazy\" decoding=\"async\" width=\"685\" height=\"557\" src=\"https:\/\/neocatechumenaleiter.org\/wp-content\/uploads\/2020\/03\/Camino_Neocatecumenal_Juan_Pablo_II_audiencia_obispos_africa_1994.jpg\" alt=\"\" class=\"wp-image-4485\" srcset=\"https:\/\/neocatechumenaleiter.org\/wp-content\/uploads\/2020\/03\/Camino_Neocatecumenal_Juan_Pablo_II_audiencia_obispos_africa_1994.jpg 685w, https:\/\/neocatechumenaleiter.org\/wp-content\/uploads\/2020\/03\/Camino_Neocatecumenal_Juan_Pablo_II_audiencia_obispos_africa_1994-300x244.jpg 300w\" sizes=\"auto, (max-width: 685px) 100vw, 685px\" \/><\/figure><\/div>\n\n<p>2.  Czcigodni Bracia w Biskupstwie! Jako Biskupi jeste\u015bcie przede wszystkim \u201eaposto\u0142ami\u201d, zaproszonymi do g\u0142oszenia Dobrej Nowiny! Wy jeste\u015bcie pierwszymi odpowiedzialnymi za g\u0142oszenie Chrystusa w Ko\u015bciele. Taka odpowiedzialno\u015b\u0107 zawiera istotnie dwie podstawowe rzeczy, na kt\u00f3re nale\u017cy zwr\u00f3ci\u0107 uwag\u0119: pierwsz\u0105, \u017ceby Chrystus by\u0142 g\u0142oszony; drug\u0105, aby g\u0142oszenie, powiedzmy \u201euciele\u015bni\u0142o si\u0119\u201d w konkretnym \u017cyciu ludzi.&#13;\nDotykamy tutaj centralnego punktu duszpasterstwa: tak zwanej inkulturacji wiary.<\/p>\n\n<p>Ewangelizacja odnawia si\u0119 w\u0142a\u015bnie tam, gdzie Chrystus jest g\u0142oszony z pot\u0119g\u0105 Ducha i jednocze\u015bnie szczer\u0105 mi\u0142o\u015bci\u0105 do cz\u0142owieka i jego historii. A zatem, w\u015br\u00f3d narz\u0119dzi opatrzno\u015bciowych tej inkulturacji jest te\u017c Droga Neokatechumenalna. Widz\u0119 z rado\u015bci\u0105, \u017ce w wielu waszych diecezjach, w r\u00f3\u017cnych kulturach, jak w Zambii, w Zairze, na Wybrze\u017cu Ko\u015bci S\u0142oniowej i w innych narodach przynosi ona swoje owoce. Ukszta\u0142towa\u0142y si\u0119 ma\u0142e wsp\u00f3lnoty, w kt\u00f3rych rodzina jest podtrzymywana i wspomagana w swojej fundamentalnej misji to jest proklamowaniu Chrystusa nios\u0105c Krzy\u017c zbawienia z Nim.<\/p>\n\n<p>3. Pasterz, pos\u0142any by rozr\u00f3\u017cnia\u0107 i warto\u015bciowa\u0107 dary udzielone dla wzrostu Wsp\u00f3lnoty, b\u0119dzie czuwa\u0142 szczeg\u00f3lnie, aby odpowiednio u\u0142o\u017cy\u0142y si\u0119 relacje mi\u0119dzy kerygmatem i kultur\u0105 lokaln\u0105 oraz mi\u0119dzy Wsp\u00f3lnotami Drogi i Wsp\u00f3lnotami parafialnymi.&#13;\nObowi\u0105zkiem Biskupa przede wszystkim jest orientowanie podstawowych wybor\u00f3w Drogi Neokatechumenalnej, kt\u00f3ra zrodzona i rozwini\u0119ta w \u015brodowiskach europejskich i latyno-ameryka\u0144skich potrzebuje prowadzenia \u015bwiat\u0142ych Pasterzy afryka\u0144skich, lub do\u015bwiadczonych misjonarzy, aby by\u0107 dostosowan\u0105 do potrzeb partykularnych i misyjnych r\u00f3\u017cnych narod\u00f3w.<\/p>\n\n<p>W stosunku do relacji wewn\u0105trzko\u015bcielnych mi\u0119dzy Wsp\u00f3lnotami Neokatechumenalnymi, a Parafi\u0105, Opatrzno\u015b\u0107 wychodzi nam na spotkanie, drodzy Bracia, w\u0142a\u015bnie poprzez do\u015bwiadczenie synodalne. \u201e<em>Synod<\/em>\u201d, oznacza w\u0142a\u015bnie \u201edrog\u0119 przebywan\u0105 wsp\u00f3lnie\u201d. Chrze\u015bcija\u0144stwo wed\u0142ug pierwotnej nazwy samo jest \u201edrog\u0105\u201d. Itinerarium neokatechumenalne, kt\u00f3re wybra\u0142o dla siebie t\u0119 pi\u0119kn\u0105 nazw\u0119 \u201eDroga\u201d oddaje si\u0119 na s\u0142u\u017cb\u0119 odkrycia \u201edrogi\u201d Ewangelii, przede wszystkim dla tych, kt\u00f3rzy s\u0105 od niej dalecy. Mo\u017ce by\u0107 zatem ono pomocne do zbudowania Parafii zdolnej do formowania doros\u0142ych mocno wszczepionych w Chrystusa, w Jego s\u0142owo i Jego Misteria.&#13;\n&#13;\nMy\u015bl\u0119 o zach\u0119cie aposto\u0142a Paw\u0142a do Tesaloniczan: \u201eDucha nie ga\u015bcie\u201d (<em>1Tes 5,19<\/em>) i do Koryntian: \u201e<em>Wszystko niech s\u0142u\u017cy zbudowaniu<\/em>\u201d (<em>1Kor 14,26<\/em>). Konieczne jest \u201e<em>kroczenie razem<\/em>\u201d, harmonizuj\u0105c wsp\u00f3lnoty i grupy eklezjalne w celu wzrostu ca\u0142ej Wsp\u00f3lnoty parafialnej pod kierownictwem proboszcza i jego wsp\u00f3\u0142pracownik\u00f3w.<\/p>\n\n<p>Droga Neokatechumenalna, dobrze w\u0142\u0105czona w plan duszpasterski Wsp\u00f3lnoty, w harmonii z innymi charyzmatami, kt\u00f3re w niej dzia\u0142aj\u0105 przyczyni si\u0119 skutecznie do odci\u015bni\u0119cia na parafiach stylu typowego dla nowej ewangelizacji, stylu, na kt\u00f3ry sk\u0142adaj\u0105 si\u0119: istotowo\u015b\u0107 i radykalno\u015b\u0107, zanurzenie w tajemnic\u0119 Chrystusa umar\u0142ego i zmartwychwsta\u0142ego, i odwa\u017cne otwarcie na potrzeby cz\u0142owieka wsp\u00f3\u0142czesnego.<\/p>\n\n<p>4. Rodzina jest bez w\u0105tpienia pierwszorz\u0119dnym podmiotem tej odnowionej dzia\u0142alno\u015bci misyjnej w podw\u00f3jnym sensie: odbiorcy i jednocze\u015bnie no\u015bnika Dobrej Nowiny. Ta wspania\u0142a rzeczywisto\u015b\u0107, kt\u00f3ra natychmiast objawi\u0142a si\u0119 w pierwotnych Wsp\u00f3lnotach, powr\u00f3ci\u0142a w pe\u0142nej jasno\u015bci po Soborze Watyka\u0144skim II i jest prawdziw\u0105 struktur\u0105 no\u015bn\u0105 Ko\u015bcio\u0142a w ka\u017cdej epoce. Czy\u017c rodzina nie jest naturaln\u0105 kolebk\u0105 \u015awi\u0119tych? A powo\u0142ania czy\u017c nie wyrastaj\u0105 \u0142atwiej w \u015brodowisku wiernym Ewangelii?<\/p>\n\n<p>Na Drodze Neokatechumenalnej wiele rodzin przynaglanych moc\u0105 S\u0142owa Bo\u017cego i uczestnictwem w \u015bwi\u0119tych misteriach, odpowiedzia\u0142o z hojno\u015bci\u0105 na potrzeb\u0119 misji, ofiaruj\u0105c cenn\u0105 pomoc wam Pasterzom, kt\u00f3rzy poszukujecie nie tylko Kap\u0142an\u00f3w czy katechist\u00f3w, ale te\u017c ma\u0142\u017ce\u0144stw i rodzin b\u0119d\u0105cych w stanie u\u017cyczy\u0107 g\u0142osu i serca Or\u0119dziu zbawienia.&#13;\n&#13;\nNajdro\u017csi, niech was wspomaga i towarzyszy w waszym wysi\u0142ku misyjnym Maryja, Dziewica Drogi. Ona, kt\u00f3ra uda\u0142a si\u0119 w podr\u00f3\u017c, by ofiarowa\u0107 starej krewnej El\u017cbiecie pe\u0142ni\u0119 mi\u0142o\u015bci i rado\u015bci, kt\u00f3r\u0105 by\u0142a przepe\u0142niona (<em>por. \u0141k 1,39-45<\/em>), niech sprawi by wasza pos\u0142uga by\u0142a hojna i bogata w owoce dla zbudowania Wsp\u00f3lnoty ko\u015bcielnej w Afryce.<\/p>\n\n<p>Kroczcie w wierno\u015bci ku Chrystusowi i ku braciom! Kroczcie razem! Z serca wszystkim wam b\u0142ogos\u0142awi\u0119\u00bb.<\/p>\n\n<p><em>Po przem\u00f3wieniu do uczestnik\u00f3w Spotkania Biskup\u00f3w Afryki, Papie\u017c jeszcze<\/em> doda\u0142:<\/p>\n\n<p>\u00abChcia\u0142bym ofiarowa\u0107 wszystkim obecnym b\u0142ogos\u0142awie\u0144stwo: Pasterzom, wielu Biskupom i kap\u0142anom, przedstawicielom laikatu, a przede wszystkim rodzinom. Widz\u0119 wielu Europejczyk\u00f3w, ale przede wszystkim widzi si\u0119 kolor czarny! Tym razem na Drodze Neokatechumenalnej kolor czarny staje si\u0119 znakiem nadziei.&#13;\nDzi\u0119kuj\u0119 wam za odwiedziny i chc\u0119 ofiarowa\u0107 b\u0142ogos\u0142awie\u0144stwo wszystkim. Mo\u017cemy najpierw odm\u00f3wi\u0107 Angelus po \u0142acinie. Wy jeszcze studiujecie ten j\u0119zyk.<\/p>\n\n<p>\u2013 Modlitwa \u201eAnio\u0142 Pa\u0144ski\u201d.<\/p>\n\n<p>Teraz nast\u0105pi\u0105 \u015bpiewy! \u015apiewy s\u0105 niezb\u0119dnym elementem waszej Drogi, przede wszystkim kiedy jest obecny Kiko.<\/p>\n\n<p>\u2013 \u015apiew: \u201e<em>Dzi\u0119ki Ci Jahwe<\/em>\u201d.<\/p>\n","protected":false},"excerpt":{"rendered":"<p>AUDIENCJA DLA BISKUP\u00d3W AFRYKI UCZESTNICZ\u0104CYCH W KONGRESIE ZORGANIZOWANYM PRZEZ DROG\u0118 NEOKATECHUMENALN\u0104 31-1-1994 \u015aw. Jan Pawe\u0142 II Watykan &#8211; Sala Klementy\u0144ska, 31 stycznia 1994 r. \u00abPo stu latach od pierwszej ewangelizacji, u\u017cy\u017anionej krwi\u0105 m\u0119czennik\u00f3w i \u015bwiadectwem wielu misjonarzy, Afryka oczekuje nowych \u015bwi\u0119tych aby nie\u015bli Ewangeli\u0119 w nich wcielon\u0105; nowych ewangelizator\u00f3w, z kt\u00f3rymi Chrystus Zmartwychwsta\u0142y dzia\u0142a\u0142by potwierdzaj\u0105c ich s\u0142owa\u00bb- powiedzia\u0142 Jan Pawe\u0142 II kardyna\u0142om i biskupom z 30 kraj\u00f3w afryka\u0144skich, kt\u00f3rzy uczestnicz\u0105<\/p>\n<div class=\"read-more\"><a class=\"btn read-more-btn\" href=\"https:\/\/neocatechumenaleiter.org\/pl\/slowa-papiezy\/sw-jan-pawel-ii\/audiencja-dla-biskupow-afryki-uczestniczacych-w-kongresie-zorganizowanym-przez-droge-neokatechumenalna-31-1-1994\/\">Czytaj dalej<\/a><\/div>\n","protected":false},"author":2,"featured_media":0,"parent":16496,"menu_order":79,"comment_status":"closed","ping_status":"closed","template":"","meta":{"footnotes":""},"class_list":["post-22226","page","type-page","status-publish","hentry"],"_links":{"self":[{"href":"https:\/\/neocatechumenaleiter.org\/pl\/wp-json\/wp\/v2\/pages\/22226","targetHints":{"allow":["GET"]}}],"collection":[{"href":"https:\/\/neocatechumenaleiter.org\/pl\/wp-json\/wp\/v2\/pages"}],"about":[{"href":"https:\/\/neocatechumenaleiter.org\/pl\/wp-json\/wp\/v2\/types\/page"}],"author":[{"embeddable":true,"href":"https:\/\/neocatechumenaleiter.org\/pl\/wp-json\/wp\/v2\/users\/2"}],"replies":[{"embeddable":true,"href":"https:\/\/neocatechumenaleiter.org\/pl\/wp-json\/wp\/v2\/comments?post=22226"}],"version-history":[{"count":4,"href":"https:\/\/neocatechumenaleiter.org\/pl\/wp-json\/wp\/v2\/pages\/22226\/revisions"}],"predecessor-version":[{"id":24228,"href":"https:\/\/neocatechumenaleiter.org\/pl\/wp-json\/wp\/v2\/pages\/22226\/revisions\/24228"}],"up":[{"embeddable":true,"href":"https:\/\/neocatechumenaleiter.org\/pl\/wp-json\/wp\/v2\/pages\/16496"}],"wp:attachment":[{"href":"https:\/\/neocatechumenaleiter.org\/pl\/wp-json\/wp\/v2\/media?parent=22226"}],"curies":[{"name":"wp","href":"https:\/\/api.w.org\/{rel}","templated":true}]}}