{"id":22232,"date":"2020-03-04T02:28:23","date_gmt":"2020-03-04T01:28:23","guid":{"rendered":"https:\/\/neocatechumenaleiter.org\/slowa-papiezy\/sw-jan-pawel-ii\/audiencja-dla-inicjatorow-drogi-neokatechumenalnej-i-katechistow-wedrownych-24-i-1997\/"},"modified":"2021-04-26T16:23:07","modified_gmt":"2021-04-26T15:23:07","slug":"audiencja-dla-inicjatorow-drogi-neokatechumenalnej-i-katechistow-wedrownych-24-i-1997","status":"publish","type":"page","link":"https:\/\/neocatechumenaleiter.org\/pl\/slowa-papiezy\/sw-jan-pawel-ii\/audiencja-dla-inicjatorow-drogi-neokatechumenalnej-i-katechistow-wedrownych-24-i-1997\/","title":{"rendered":"AUDIENCJA DLA INICJATOR\u00d3W DROGI NEOKATECHUMENALNEJ I KATECHIST\u00d3W W\u0118DROWNYCH 24-I-1997"},"content":{"rendered":"\n<h1 class=\"has-text-align-center wp-block-heading\">AUDIENCJA DLA INICJATOR\u00d3W DROGI NEOKATECHUMENALNEJ I KATECHIST\u00d3W W\u0118DROWNYCH 24-I-1997<\/h1>\n\n<div style=\"height:20px\" aria-hidden=\"true\" class=\"wp-block-spacer\"><\/div>\n\n<h4 class=\"has-text-align-center wp-block-heading\">\u015aw. Jan Pawe\u0142 II<\/h4>\n\n<div style=\"height:20px\" aria-hidden=\"true\" class=\"wp-block-spacer\"><\/div>\n\n<p><strong>Watykan &#8211; Sala Klementy\u0144ska, 24 stycznia 1997 r.<\/strong><\/p>\n\n<p><em>Papie\u017c przyj\u0105\u0142 na audiencji<\/em>&#013;\n<em>w\u0119drownych Drogi Neokatechumenalnej. Podczas spotkania w Sali Klementy\u0144skiej Papie\u017c wyg\u0142osi\u0142 nast\u0119puj\u0105ce przem\u00f3wienie:<\/em><\/p>\n\n<p>\u00abNajdro\u017csi Bracia i Siostry!&#013;\n1. Witajcie w domu Papie\u017ca! Z czu\u0142o\u015bci\u0105 pozdrawiam was, drodzy w\u0119drowni \u015bwieccy i kap\u0142ani, wraz z waszymi odpowiedzialnymi, inicjatorami Drogi Neokatechumenalnej. Wasza dzisiejsza wizyta jest dla mnie wielkim pokrzepieniem.&#013;\nWiem, \u017ce przybywacie bezpo\u015brednio ze spotkania, kt\u00f3re mieli\u015bcie na G\u00f3rze Synaj i na wybrze\u017cu Morza Czerwonego. Z r\u00f3\u017cnych powod\u00f3w by\u0142 to dla was moment historyczny. Obrali\u015bcie dla waszego skupienia duchowego miejsce wielce znacz\u0105ce w historii zbawienia, miejsce, jak najbardziej stosowne do s\u0142uchania i medytowania S\u0142owa Boga i do lepszego zrozumienia zamiaru Pana wzgl\u0119dem was.&#013;\n&#013;\nW ten spos\u00f3b zechcieli\u015bcie upami\u0119tni\u0107 trzydzie\u015bci lat \u017cycia Drogi. Jak wiele przebyli\u015bcie z pomoc\u0105 Pana! Droga w ci\u0105gu tych lat naprawd\u0119 zadziwiaj\u0105co si\u0119 rozwin\u0119\u0142a i rozprzestrzeni\u0142a w Ko\u015bciele. Zainicjowana w\u015br\u00f3d mieszka\u0144c\u00f3w barak\u00f3w Madrytu, jak ewangeliczne ziarenko gorczycy, sta\u0142a si\u0119 po trzydziestu latach wielkim drzewem, rozwijaj\u0105c si\u0119 ju\u017c w ponad 100 krajach \u015bwiata, w znacz\u0105cy spos\u00f3b obecna tak\u017ce w\u015br\u00f3d katolik\u00f3w Ko\u015bcio\u0142\u00f3w obrz\u0105dku wschodniego.<\/p>\n\n<div class=\"wp-block-image\"><figure class=\"alignleft size-large\"><img loading=\"lazy\" decoding=\"async\" width=\"679\" height=\"562\" src=\"https:\/\/neocatechumenaleiter.org\/wp-content\/uploads\/2020\/03\/Camino_Neocatecumenal_Juan_Pablo_II_audiencia_hermanos_del_Camino_1997.jpg\" alt=\"\" class=\"wp-image-4425\" srcset=\"https:\/\/neocatechumenaleiter.org\/wp-content\/uploads\/2020\/03\/Camino_Neocatecumenal_Juan_Pablo_II_audiencia_hermanos_del_Camino_1997.jpg 679w, https:\/\/neocatechumenaleiter.org\/wp-content\/uploads\/2020\/03\/Camino_Neocatecumenal_Juan_Pablo_II_audiencia_hermanos_del_Camino_1997-300x248.jpg 300w\" sizes=\"auto, (max-width: 679px) 100vw, 679px\" \/><\/figure><\/div>\n\n<p>2.&#013;\n&#013;\nJak ka\u017cda rocznica, tak\u017ce wasza, widziana w \u015bwietle wiary, przeobra\u017ca si\u0119 w okazj\u0119 uwielbienia i dzi\u0119kczynienia za obfito\u015b\u0107 dar\u00f3w, kt\u00f3rych Pan udzieli\u0142 w tych latach wam, a poprzez was ca\u0142emu Ko\u015bcio\u0142owi. Dla wielu do\u015bwiadczenie neokatechumenalne by\u0142o drog\u0105 nawr\u00f3cenia i dojrzewania w wierze poprzez ponowne odkrycie chrztu, jako prawdziwego \u017ar\u00f3d\u0142a \u017cycia i Eucharystii, jako kulminacyjnego momentu egzystencji chrze\u015bcijanina: poprzez odkrycie S\u0142owa Bo\u017cego, kt\u00f3re prze\u0142amywane w braterskiej jedno\u015bci staje si\u0119 \u015bwiat\u0142em i przewodnikiem \u017cycia; poprzez odkrycie Ko\u015bcio\u0142a jako autentycznej wsp\u00f3lnoty misyjnej.&#013;\n&#013;\nIlu\u017c to m\u0142odzie\u0144c\u00f3w i dziewcz\u0105t dzi\u0119ki Drodze odkry\u0142o swoje powo\u0142anie kap\u0142a\u0144skie i zakonne! Wasza dzisiejsza wizyta daje dobr\u0105 okazj\u0119 tak\u017ce mnie, by do\u0142\u0105czy\u0107 si\u0119 do waszej pie\u015bni uwielbienia i dzi\u0119kczynienia za \u201ewielkie rzeczy\u201d (magnalia), kt\u00f3rych B\u00f3g dokonuje w tym do\u015bwiadczeniu Drogi.<\/p>\n\n<p>3. Jej historia wpisuje si\u0119 w kontekst tego rozkwitu ruch\u00f3w i grup ko\u015bcielnych, kt\u00f3ry stanowi jeden z najpi\u0119kniejszych owoc\u00f3w duchowej odnowy zapocz\u0105tkowanej przez Sob\u00f3r Watyka\u0144ski II. \u00d3w rozkwit by\u0142 i ci\u0105gle jest wielkim darem Ducha \u015awi\u0119tego oraz \u015bwietlistym znakiem nadziei na progu Trzeciego Milenium. Zar\u00f3wno duszpasterze, jak i wierni \u015bwieccy powinni umie\u0107 przyj\u0105\u0107 ten dar z wdzi\u0119czno\u015bci\u0105, a tak\u017ce z poczuciem odpowiedzialno\u015bci, maj\u0105c na uwadze, \u017ce \u201ew Ko\u015bciele tak aspekt instytucjonalny jak i charyzmatyczny, tak Hierarchia jak i Ruchy, i Stowarzyszenia wiernych s\u0105 wsp\u00f3\u0142istotne, i wsp\u00f3lnie d\u0105\u017c\u0105 ku \u017cyciu, ku odnowie, ku u\u015bwi\u0119ceniu, cho\u0107 na r\u00f3\u017cne sposoby\u201d (Do uczestnik\u00f3w Mi\u0119dzynarodowej Konferencji Ruch\u00f3w Ko\u015bcielnych, Insegnamenti, t. X\/1, 1987, 478).&#013;\n&#013;\nW dzisiejszym, g\u0142\u0119boko zsekularyzowanym \u015bwiecie, nowa ewangelizacja staje si\u0119 jednym z fundamentalnych wyzwa\u0144. Ruchy ko\u015bcielne charakteryzuj\u0105ce si\u0119 ich porywem misyjnym s\u0105 wezwane do szczeg\u00f3lnego zaanga\u017cowania w duchu jedno\u015bci i wsp\u00f3\u0142pracy. W Encyklice Redemptoris missio napisa\u0142em na ten temat: \u201eJe\u015bli w\u0142\u0105czaj\u0105 si\u0119 z pokor\u0105 w \u017cycie Ko\u015bcio\u0142\u00f3w lokalnych i zostaj\u0105 przyj\u0119te serdecznie przez biskup\u00f3w i kap\u0142an\u00f3w w strukturach diecezjalnych i parafialnych \u2013 ruchy stanowi\u0105 prawdziwy dar Bo\u017cy dla nowej ewangelizacji i dla dzia\u0142alno\u015bci misyjnej we w\u0142a\u015bciwym tego s\u0142owa znaczeniu. Polecam zatem, by szerzy\u0107 je i korzysta\u0107 z nich dla przywr\u00f3cenia wigoru, zw\u0142aszcza w\u015br\u00f3d m\u0142odzie\u017cy, \u017cyciu chrze\u015bcija\u0144skiemu\u201d (n. 72).&#013;\n&#013;\nZ tego powodu wyrazi\u0142em \u017cyczenie, by w roku 1998, kt\u00f3ry w ramach przygotowa\u0144 do Wielkiego Jubileuszu po\u015bwi\u0119cony jest Duchowi \u015awi\u0119temu, wszystkie ruchy ko\u015bcielne z\u0142o\u017cy\u0142y wsp\u00f3lne \u015bwiadectwo pod przewodnictwem Papieskiej Rady do Spraw \u015awieckich. B\u0119dzie to moment komunii i odnowionego zapa\u0142u w s\u0142u\u017cbie misji Ko\u015bcio\u0142a. Jestem pewien, \u017ce nie zabraknie was na tym jak\u017ce znacz\u0105cym spotkaniu.<\/p>\n\n<div class=\"wp-block-image\"><figure class=\"alignright size-large\"><img loading=\"lazy\" decoding=\"async\" width=\"393\" height=\"353\" src=\"https:\/\/neocatechumenaleiter.org\/wp-content\/uploads\/2020\/03\/Camino_Neocatecumenal_Juan_Pablo_II_audiencia_hermanos_del_Camino_1997_2.jpg\" alt=\"\" class=\"wp-image-4426\" srcset=\"https:\/\/neocatechumenaleiter.org\/wp-content\/uploads\/2020\/03\/Camino_Neocatecumenal_Juan_Pablo_II_audiencia_hermanos_del_Camino_1997_2.jpg 393w, https:\/\/neocatechumenaleiter.org\/wp-content\/uploads\/2020\/03\/Camino_Neocatecumenal_Juan_Pablo_II_audiencia_hermanos_del_Camino_1997_2-300x269.jpg 300w\" sizes=\"auto, (max-width: 393px) 100vw, 393px\" \/><\/figure><\/div>\n\n<p>4.  Droga Neokatechumenalna ko\u0144czy trzydziesty rok \u017cycia: wiek, powiedzia\u0142bym, pewnej dojrza\u0142o\u015bci. Wasze spotkanie na Synaju otworzy\u0142o przed wami w pewnym sensie nowy etap. Dobrze przeto, \u017ce starali\u015bcie si\u0119 skierowa\u0107 wasz wzrok w duchu wiary nie tylko w przesz\u0142o\u015b\u0107, lecz tak\u017ce ku przysz\u0142o\u015bci, zadaj\u0105c sobie pytanie, jaki jest zamys\u0142 Bo\u017cy wobec Drogi w tym historycznym momencie. Pan w\u0142o\u017cy\u0142 w wasze r\u0119ce drogocenny skarb. Jak \u017cy\u0107 nim w pe\u0142ni? Jak go rozwija\u0107? Jak dzieli\u0107 go jeszcze lepiej z innymi? Jak broni\u0107 go od r\u00f3\u017cnych niebezpiecze\u0144stw obecnych i przysz\u0142ych? Oto niekt\u00f3re z pyta\u0144, jakie sobie zadali\u015bcie, jako odpowiedzialni za Drog\u0119, lub w\u0119drowni pierwszej godziny.&#013;\n&#013;\nAby odpowiedzie\u0107 na te pytania w klimacie modlitwy i g\u0142\u0119bokiej refleksji rozpocz\u0119li\u015bcie na Synaju proces redagowania Statutu Drogi. Jest to krok bardzo wa\u017cny otwieraj\u0105cy drog\u0119 do formalnego uznania prawnego ze strony Ko\u015bcio\u0142a, daj\u0105cego wam jeszcze jedn\u0105 gwarancj\u0119 autentyczno\u015bci waszego charyzmatu. Jak wiemy, \u201es\u0105d o autentyczno\u015bci charyzmat\u00f3w i o w\u0142a\u015bciwym wprowadzaniu ich w czyn nale\u017cy do tych, kt\u00f3rzy s\u0105 w Ko\u015bciele prze\u0142o\u017conymi i kt\u00f3rzy szczeg\u00f3lnie s\u0105 powo\u0142ani, by nie gasi\u0107 Ducha lecz bada\u0107 wszystko i zachowywa\u0107 to, co dobre\u201d (Lumen gentium, 12). Zach\u0119cam was by\u015bcie kontynuowali prac\u0119 rozpocz\u0119t\u0105 pod przewodnictwem Papieskiej Rady do Spraw \u015awieckich, zw\u0142aszcza obecnego tu z wami jej Sekretarza, Biskupa Stanis\u0142awa Ry\u0142ki. Na tej drodze towarzysz\u0119 wam moj\u0105 szczeg\u00f3ln\u0105 modlitw\u0105.&#013;\n&#013;\nZanim zako\u0144cz\u0119, chcia\u0142bym wr\u0119czy\u0107 niekt\u00f3rym siostrom krzy\u017c jako znak ich wierno\u015bci Ko\u015bcio\u0142owi i ca\u0142kowitego po\u015bwi\u0119cenia si\u0119 misji ewangelizacji. Niech Pan Jezus b\u0119dzie wasz\u0105 pociech\u0105 i waszym wsparciem w trudnych momentach. Naj\u015bwi\u0119tsza Dziewica, Matka Ko\u015bcio\u0142a, niech b\u0119dzie dla was wzorem i Przewodniczk\u0105 w ka\u017cdej okoliczno\u015bci.&#013;\n&#013;\nZ tym \u017cyczeniem udzielam wam tu obecnym i wszystkim zaanga\u017cowanym w Drog\u0119 Neokatechumenaln\u0105 mojego czu\u0142ego B\u0142ogos\u0142awie\u0144stwa\u00bb.&#013;\n&#013;\n[*]Zob. L\u2019Osservatore Romano, 25 stycznia 1997; wyd. pol., 3\/1997, s. 29-30<\/p>\n\n<figure class=\"wp-block-image size-large\"><img loading=\"lazy\" decoding=\"async\" width=\"675\" height=\"558\" src=\"https:\/\/neocatechumenaleiter.org\/wp-content\/uploads\/2020\/03\/Camino_Neocatecumenal_Juan_Pablo_II_audiencia_hermanos_del_Camino_1997_3.jpg\" alt=\"\" class=\"wp-image-4427\" srcset=\"https:\/\/neocatechumenaleiter.org\/wp-content\/uploads\/2020\/03\/Camino_Neocatecumenal_Juan_Pablo_II_audiencia_hermanos_del_Camino_1997_3.jpg 675w, https:\/\/neocatechumenaleiter.org\/wp-content\/uploads\/2020\/03\/Camino_Neocatecumenal_Juan_Pablo_II_audiencia_hermanos_del_Camino_1997_3-300x248.jpg 300w\" sizes=\"auto, (max-width: 675px) 100vw, 675px\" \/><\/figure>","protected":false},"excerpt":{"rendered":"<p>AUDIENCJA DLA INICJATOR\u00d3W DROGI NEOKATECHUMENALNEJ I KATECHIST\u00d3W W\u0118DROWNYCH 24-I-1997 \u015aw. Jan Pawe\u0142 II Watykan &#8211; Sala Klementy\u0144ska, 24 stycznia 1997 r. Papie\u017c przyj\u0105\u0142 na audiencji&#013; w\u0119drownych Drogi Neokatechumenalnej. Podczas spotkania w Sali Klementy\u0144skiej Papie\u017c wyg\u0142osi\u0142 nast\u0119puj\u0105ce przem\u00f3wienie: \u00abNajdro\u017csi Bracia i Siostry!&#013; 1. Witajcie w domu Papie\u017ca! Z czu\u0142o\u015bci\u0105 pozdrawiam was, drodzy w\u0119drowni \u015bwieccy i kap\u0142ani, wraz z waszymi odpowiedzialnymi, inicjatorami Drogi Neokatechumenalnej. Wasza dzisiejsza wizyta jest dla mnie wielkim pokrzepieniem.&#013;<\/p>\n<div class=\"read-more\"><a class=\"btn read-more-btn\" href=\"https:\/\/neocatechumenaleiter.org\/pl\/slowa-papiezy\/sw-jan-pawel-ii\/audiencja-dla-inicjatorow-drogi-neokatechumenalnej-i-katechistow-wedrownych-24-i-1997\/\">Czytaj dalej<\/a><\/div>\n","protected":false},"author":2,"featured_media":0,"parent":16496,"menu_order":87,"comment_status":"closed","ping_status":"closed","template":"","meta":{"footnotes":""},"class_list":["post-22232","page","type-page","status-publish","hentry"],"_links":{"self":[{"href":"https:\/\/neocatechumenaleiter.org\/pl\/wp-json\/wp\/v2\/pages\/22232","targetHints":{"allow":["GET"]}}],"collection":[{"href":"https:\/\/neocatechumenaleiter.org\/pl\/wp-json\/wp\/v2\/pages"}],"about":[{"href":"https:\/\/neocatechumenaleiter.org\/pl\/wp-json\/wp\/v2\/types\/page"}],"author":[{"embeddable":true,"href":"https:\/\/neocatechumenaleiter.org\/pl\/wp-json\/wp\/v2\/users\/2"}],"replies":[{"embeddable":true,"href":"https:\/\/neocatechumenaleiter.org\/pl\/wp-json\/wp\/v2\/comments?post=22232"}],"version-history":[{"count":3,"href":"https:\/\/neocatechumenaleiter.org\/pl\/wp-json\/wp\/v2\/pages\/22232\/revisions"}],"predecessor-version":[{"id":22235,"href":"https:\/\/neocatechumenaleiter.org\/pl\/wp-json\/wp\/v2\/pages\/22232\/revisions\/22235"}],"up":[{"embeddable":true,"href":"https:\/\/neocatechumenaleiter.org\/pl\/wp-json\/wp\/v2\/pages\/16496"}],"wp:attachment":[{"href":"https:\/\/neocatechumenaleiter.org\/pl\/wp-json\/wp\/v2\/media?parent=22232"}],"curies":[{"name":"wp","href":"https:\/\/api.w.org\/{rel}","templated":true}]}}