{"id":22250,"date":"2020-03-04T03:40:24","date_gmt":"2020-03-04T02:40:24","guid":{"rendered":"https:\/\/neocatechumenaleiter.org\/slowa-papiezy\/sw-jan-pawel-ii\/eucharystia-z-papiezem-dla-mlodych-na-gorze-blogoslawienstw-24-3-2000\/"},"modified":"2021-04-27T12:46:04","modified_gmt":"2021-04-27T11:46:04","slug":"eucharystia-z-papiezem-dla-mlodych-na-gorze-blogoslawienstw-24-3-2000","status":"publish","type":"page","link":"https:\/\/neocatechumenaleiter.org\/pl\/slowa-papiezy\/sw-jan-pawel-ii\/eucharystia-z-papiezem-dla-mlodych-na-gorze-blogoslawienstw-24-3-2000\/","title":{"rendered":"EUCHARYSTIA Z PAPIE\u017bEM DLA M\u0141ODYCH NA G\u00d3RZE B\u0141OGOS\u0141AWIE\u0143STW 24-3-2000"},"content":{"rendered":"\n<h1 class=\"has-text-align-center wp-block-heading\">EUCHARYSTIA Z PAPIE\u017bEM DLA M\u0141ODYCH NA G\u00d3RZE B\u0141OGOS\u0141AWIE\u0143STW 24-3-2000<\/h1>\n\n<div style=\"height:20px\" aria-hidden=\"true\" class=\"wp-block-spacer\"><\/div>\n\n<h4 class=\"has-text-align-center wp-block-heading\">\u015aw. Jan Pawe\u0142 II<\/h4>\n\n<div style=\"height:20px\" aria-hidden=\"true\" class=\"wp-block-spacer\"><\/div>\n\n<div class=\"wp-block-image\"><figure class=\"alignleft size-large\"><img loading=\"lazy\" decoding=\"async\" width=\"605\" height=\"254\" src=\"https:\/\/neocatechumenaleiter.org\/wp-content\/uploads\/2020\/03\/Camino_Neocatecumenal_Juan_Pablo_II_eucaristia_monte_Bienaventuranzas_2000.jpg\" alt=\"\" class=\"wp-image-5946\" srcset=\"https:\/\/neocatechumenaleiter.org\/wp-content\/uploads\/2020\/03\/Camino_Neocatecumenal_Juan_Pablo_II_eucaristia_monte_Bienaventuranzas_2000.jpg 605w, https:\/\/neocatechumenaleiter.org\/wp-content\/uploads\/2020\/03\/Camino_Neocatecumenal_Juan_Pablo_II_eucaristia_monte_Bienaventuranzas_2000-300x126.jpg 300w\" sizes=\"auto, (max-width: 605px) 100vw, 605px\" \/><\/figure><\/div>\n\n<p><strong>Korazim (G\u00f3ra B\u0142ogos\u0142awie\u0144stw) , 24 marca 2000 r.<\/strong><\/p>\n\n<p><em>W pi\u0105tek rano, 24 marca, Jan Pawe\u0142 II odprawi\u0142 Msz\u0119 \u015awi\u0119t\u0105 dla m\u0142odzie\u017cy na G\u00f3rze B\u0142ogos\u0142awie\u0144stw. Na pocz\u0105tku spotkania g\u0142os zabra\u0142 arcybiskup Akki z Ko\u015bcio\u0142a grecko-melkickiego. Boutros Mouallem i pewien m\u0142ody cz\u0142owiek skierowa\u0142 do Papie\u017ca s\u0142owa powitania. To jest homilia Jana Paw\u0142a II w t\u0142umaczeniu na j\u0119zyk polski. <\/em>&#013;\n&#013;\n<strong><em>&#8222;Przypatrzcie si\u0119, bracia, powo\u0142aniu waszemu&#8221; (1 Kor 1, 26).<\/em><\/strong><\/p>\n\n<p>1.&#013;\n&#013;\nDzisiaj te s\u0142owa \u015bw. Paw\u0142a s\u0105 skierowane do nas wszystkich, kt\u00f3rzy przybyli\u015bmy tutaj, na G\u00f3r\u0119 B\u0142ogos\u0142awie\u0144stw. Siedzimy na tym wzg\u00f3rzu jak pierwsi uczniowie i s\u0142uchamy Jezusa. W ciszy s\u0142yszymy jego g\u0142os, \u0142agodny i nagl\u0105cy \u2013 \u0142agodny jak ta kraina i nagl\u0105cy jak wezwanie do wyboru mi\u0119dzy \u017cyciem a \u015bmierci\u0105.&#013;\n&#013;\nIle\u017c pokole\u0144 przed nami s\u0142ucha\u0142o z g\u0142\u0119bokim wzruszeniem Kazania na g\u00f3rze! Ile\u017c pokole\u0144 m\u0142odych ludzi gromadzi\u0142o si\u0119 w minionych stuleciach wok\u00f3\u0142 Jezusa, aby us\u0142ysze\u0107 s\u0142owa \u017cycia wiecznego, tak jak wy gromadzicie si\u0119 dzisiaj! Jak wiele m\u0142odych serc poruszy\u0142a moc Jego osobowo\u015bci i zniewalaj\u0105ca prawda Jego nauki! To wspaniale, \u017ce jeste\u015bcie tutaj!&#013;\n&#013;\nDzi\u0119kuj\u0119 abpowi Boutrosowi Mouallemowi za mi\u0142e powitanie. Prosz\u0119 go, by przekaza\u0142 moje pozdrowienie i zapewnienie o modlitwie ca\u0142ej wsp\u00f3lnocie melchickiej, kt\u00f3rej jest pasterzem. Braterskim pozdrowieniem ogarniam licznych kardyna\u0142\u00f3w, Patriarch\u0119 Sabbaha, wielu obecnych tu biskup\u00f3w i wszystkich kap\u0142an\u00f3w. Witam cz\u0142onk\u00f3w wsp\u00f3lnoty \u0142aci\u0144skiej, w tym tak\u017ce wiernych m\u00f3wi\u0105cych po hebrajsku, wsp\u00f3lnoty maronickiej, syryjskiej, ormia\u0144skiej, chaldejskiej oraz wszystkich naszych braci i siostry z innych chrze\u015bcija\u0144skich Ko\u015bcio\u0142\u00f3w i Wsp\u00f3lnot ko\u015bcielnych. Szczeg\u00f3lne s\u0142owa podzi\u0119kowania kieruj\u0119 do naszych przyjaci\u00f3\u0142 muzu\u0142man\u00f3w, wyznawc\u00f3w judaizmu i do wsp\u00f3lnoty druzyjskiej.&#013;\n&#013;\nTo wielkie zgromadzenie jest jakby pr\u00f3b\u0105 generaln\u0105 przed \u015awiatowym Dniem M\u0142odzie\u017cy, kt\u00f3ry w sierpniu b\u0119dzie obchodzony w Rzymie! M\u0142ody cz\u0142owiek, kt\u00f3ry tu przemawia\u0142, obieca\u0142, \u017ce b\u0119dziecie tam mieli inn\u0105 g\u00f3r\u0119, g\u00f3r\u0119 Synaj!&#013;\n&#013;\nM\u0142odzi z Izraela, z terytori\u00f3w palesty\u0144skich, z Jordanii i Cypru, m\u0142odzi z Bliskiego Wschodu, z Afryki i Azji, z Europy, Ameryki i Oceanii. Pozdrawiam ka\u017cdego z Was z uczuciem i mi\u0142o\u015bci\u0105.<\/p>\n\n<div class=\"wp-block-image\"><figure class=\"alignright size-large\"><img loading=\"lazy\" decoding=\"async\" width=\"768\" height=\"520\" src=\"https:\/\/neocatechumenaleiter.org\/wp-content\/uploads\/2020\/03\/Camino_Neocatecumenal_Juan_Pablo_II_eucaristia_monte_Bienaventuranzas_2000_2.jpg\" alt=\"\" class=\"wp-image-5948\" srcset=\"https:\/\/neocatechumenaleiter.org\/wp-content\/uploads\/2020\/03\/Camino_Neocatecumenal_Juan_Pablo_II_eucaristia_monte_Bienaventuranzas_2000_2.jpg 768w, https:\/\/neocatechumenaleiter.org\/wp-content\/uploads\/2020\/03\/Camino_Neocatecumenal_Juan_Pablo_II_eucaristia_monte_Bienaventuranzas_2000_2-300x203.jpg 300w\" sizes=\"auto, (max-width: 768px) 100vw, 768px\" \/><\/figure><\/div>\n\n<p>2. Ci, kt\u00f3rzy jako pierwsi us\u0142yszeli B\u0142ogos\u0142awie\u0144stwa Jezusa, zachowywali w swoich sercach pami\u0119\u0107 o innej g\u00f3rze, o g\u00f3rze Synaj.&#013;\n&#013;\nZaledwie miesi\u0105c temu dane mi by\u0142o uda\u0107 si\u0119 tam, gdzie B\u00f3g rozmawia\u0142 z Moj\u017ceszem i da\u0142 mu Prawo, \u00abnapisane palcem Bo\u017cym\u00bb (<em>Wj 31,18<\/em>) na kamiennych tablicach. Te dwie g\u00f3ry \u2013 Synaj i G\u00f3ra B\u0142ogos\u0142awie\u0144stw \u2013 tworz\u0105 map\u0119 naszego chrze\u015bcija\u0144skiego \u017cycia i ukazuj\u0105 ca\u0142okszta\u0142t naszych zobowi\u0105za\u0144 wobec Boga i bli\u017aniego. Prawo i B\u0142ogos\u0142awie\u0144stwa razem wytyczaj\u0105 szlak na\u015bladowania Chrystusa oraz kr\u00f3lewsk\u0105 drog\u0119 do duchowej dojrza\u0142o\u015bci i wolno\u015bci.&#013;\n&#013;\nDziesi\u0119\u0107 Przykaza\u0144 z Synaju zdaje si\u0119 mie\u0107 wymow\u0119 negatywn\u0105: \u00abNie b\u0119dziesz mia\u0142 bog\u00f3w cudzych przede Mn\u0105; (\u2026) nie zabijaj, nie cudzo\u0142\u00f3\u017c, nie kradnij, nie m\u00f3w fa\u0142szywego \u015bwiadectwa\u00bb (<em>por. Wj 20,3.13-16<\/em>). W rzeczywisto\u015bci jednak maj\u0105 one sens w najwy\u017cszym stopniu pozytywny. Nie ograniczaj\u0105 si\u0119 bowiem do nazywania z\u0142a po imieniu, ale prowadz\u0105 do prawa mi\u0142o\u015bci, kt\u00f3re jest pierwszym i najwi\u0119kszym przykazaniem: \u00abB\u0119dziesz mi\u0142owa\u0142 Pana Boga swego ca\u0142ym swoim sercem, ca\u0142\u0105 swoj\u0105 dusz\u0105 i ca\u0142ym swoim umys\u0142em. (\u2026) B\u0119dziesz mi\u0142owa\u0142 swego bli\u017aniego jak siebie samego\u00bb (<em>Mt 22,37.39<\/em>). Sam Jezus stwierdza, \u017ce nie przyszed\u0142 znie\u015b\u0107 Prawa, ale je wype\u0142ni\u0107 (<em>por. Mt 5,17<\/em>). Jego or\u0119dzie jest nowe, nie niszczy jednak tego, co ju\u017c istnia\u0142o, lecz pozwala temu dziedzictwu ujawni\u0107 ca\u0142y sw\u00f3j potencja\u0142. Jezus naucza, \u017ce droga mi\u0142o\u015bci prowadzi do ca\u0142kowitego wype\u0142nienia Prawa (<em>por. Ga 5,14<\/em>). I tej niezwykle donios\u0142ej prawdy naucza\u0142 tutaj, na tym galilejskim wzg\u00f3rzu.<\/p>\n\n<p>3.&#013;\n&#013;\n\u00abB\u0142ogos\u0142awieni jeste\u015bcie \u2013 m\u00f3wi Jezus \u2013 wy wszyscy ubodzy w duchu, cisi i mi\u0142osierni, kt\u00f3rzy si\u0119 smucicie, kt\u00f3rzy pragniecie sprawiedliwo\u015bci, kt\u00f3rzy jeste\u015bcie czystego serca, wprowadzacie pok\u00f3j i cierpicie prze\u015bladowania! B\u0142ogos\u0142awieni jeste\u015bcie!\u00bb Te s\u0142owa Jezusa mog\u0105 si\u0119 jednak wydawa\u0107 dziwne. Dziwne jest, \u017ce Jezus wychwala tych, kt\u00f3rych \u015bwiat zwyk\u0142 uwa\u017ca\u0107 za s\u0142abych. Jezus m\u00f3wi do nich: \u00abB\u0142ogos\u0142awieni jeste\u015bcie wy, kt\u00f3rzy zdajecie si\u0119 przegrywa\u0107, bo w rzeczywisto\u015bci zwyci\u0119\u017cacie: Kr\u00f3lestwo niebieskie nale\u017cy do was!\u00bb Te s\u0142owa, wypowiedziane przez Tego, kt\u00f3ry jest \u00abcichy i pokornego serca\u00bb (<em>por. Mt 11,29<\/em>), s\u0105 wyzwaniem, domagaj\u0105 si\u0119 g\u0142\u0119bokiej i trwa\u0142ej metanoi ducha, wielkiej przemiany serca.&#013;\n&#013;\nWy, ludzie m\u0142odzi, na pewno rozumiecie, dlaczego ta przemiana serca jest konieczna! Jeste\u015bcie bowiem \u015bwiadomi, \u017ce w waszym wn\u0119trzu i wsz\u0119dzie wok\u00f3\u0142 was rozbrzmiewa inny g\u0142os, zaprzeczaj\u0105cy tamtemu. Ten g\u0142os m\u00f3wi: \u00abB\u0142ogos\u0142awieni s\u0105 pyszni i gwa\u0142towni, d\u0105\u017c\u0105cy do sukcesu za wszelk\u0105 cen\u0119, pozbawieni skrupu\u0142\u00f3w, bezlito\u015bni, nieuczciwi, kt\u00f3rzy wszczynaj\u0105 wojny miast ustanawia\u0107 pok\u00f3j i prze\u015bladuj\u0105 tych, kt\u00f3rzy staj\u0105 im na drodze\u00bb. Ten g\u0142os wydaje si\u0119 mie\u0107 racj\u0119 w \u015bwiecie, w kt\u00f3rym gwa\u0142towni cz\u0119sto zwyci\u0119\u017caj\u0105, a nieuczciwi zdaj\u0105 si\u0119 odnosi\u0107 sukces. \u00abTak \u2013 m\u00f3wi g\u0142os z\u0142a \u2013 to oni wygrywaj\u0105. To oni s\u0105 szcz\u0119\u015bliwi!\u00bb.<\/p>\n\n<div class=\"wp-block-image\"><figure class=\"alignleft size-medium\"><img loading=\"lazy\" decoding=\"async\" width=\"300\" height=\"204\" src=\"https:\/\/neocatechumenaleiter.org\/wp-content\/uploads\/2020\/03\/Camino_Neocatecumenal_Juan_Pablo_II_eucaristia_monte_Bienaventuranzas_2000_3-300x204.jpg\" alt=\"\" class=\"wp-image-2785\" srcset=\"https:\/\/neocatechumenaleiter.org\/wp-content\/uploads\/2020\/03\/Camino_Neocatecumenal_Juan_Pablo_II_eucaristia_monte_Bienaventuranzas_2000_3-300x204.jpg 300w, https:\/\/neocatechumenaleiter.org\/wp-content\/uploads\/2020\/03\/Camino_Neocatecumenal_Juan_Pablo_II_eucaristia_monte_Bienaventuranzas_2000_3.jpg 768w\" sizes=\"auto, (max-width: 300px) 100vw, 300px\" \/><\/figure><\/div>\n\n<p>4.  Jezus przynosi zupe\u0142nie inne or\u0119dzie. Niedaleko st\u0105d Jezus powo\u0142a\u0142 swoich pierwszych uczni\u00f3w, jak dzisiaj powo\u0142uje was. Jego powo\u0142anie zawsze zmusza\u0142o do dokonania wyboru mi\u0119dzy dwoma g\u0142osami, kt\u00f3re nawet w tej chwili, na tym wzg\u00f3rzu walcz\u0105 o rz\u0105d waszych serc \u2013 wyboru mi\u0119dzy dobrem i z\u0142em, mi\u0119dzy \u017cyciem a \u015bmierci\u0105. Za kt\u00f3rym g\u0142osem postanowi\u0105 p\u00f3j\u015b\u0107 m\u0142odzi dwudziestego pierwszego wieku? Zaufa\u0107 Jezusowi znaczy uwierzy\u0107 wszystkiemu, co On m\u00f3wi, cho\u0107by wydawa\u0142o si\u0119 to bardzo dziwne, i odrzuci\u0107 namowy z\u0142a, cho\u0107by wydawa\u0142y si\u0119 rozs\u0105dne i poci\u0105gaj\u0105ce.&#013;\nJezus zreszt\u0105 nie tylko g\u0142osi B\u0142ogos\u0142awie\u0144stwa. Jezus \u017cyje nimi i sam jest B\u0142ogos\u0142awie\u0144stwami. Patrz\u0105c na Niego, zrozumiecie, co znaczy by\u0107 ubogim duchem, cichym i mi\u0142osiernym, co znaczy p\u0142aka\u0107, pragn\u0105\u0107 sprawiedliwo\u015bci, by\u0107 czystego serca, wprowadza\u0107 pok\u00f3j, cierpie\u0107 prze\u015bladowanie. Dlatego Jezus ma prawo powiedzie\u0107: \u00abP\u00f3jd\u017a za Mn\u0105!\u00bb Nie m\u00f3wi jedynie: \u00abCzy\u0144, co ci ka\u017c\u0119\u00bb, ale: \u00abP\u00f3jd\u017a za Mn\u0105!\u00bb.<\/p>\n\n<p>S\u0142yszycie Jego g\u0142os na tym wzg\u00f3rzu i wierzycie w to, co m\u00f3wi. Ale tak jak pierwsi uczniowie nad Jeziorem Galilejskim musicie porzuci\u0107 swoje \u0142odzie i sieci, a to nigdy nie jest \u0142atwe, zw\u0142aszcza w\u00f3wczas gdy stoicie w obliczu niepewnej przysz\u0142o\u015bci i doznajecie pokusy utraty zaufania do swojego chrze\u015bcija\u0144skiego dziedzictwa. Mo\u017ce si\u0119 wam wydawa\u0107, \u017ce by\u0107 dobrym chrze\u015bcijaninem we wsp\u00f3\u0142czesnym \u015bwiecie to zadanie ponad wasze si\u0142y. Ale Jezus nie stoi z dala i nie pozostawia was samych wobec tego wyzwania. Jest zawsze z wami, aby przemienia\u0107 wasz\u0105 s\u0142abo\u015b\u0107 w moc. Ufajcie Mu, kiedy m\u00f3wi: \u00abWystarczy ci mojej \u0142aski. Moc bowiem w s\u0142abo\u015bci si\u0119 doskonali\u00bb (<em>2Kor 12,9<\/em>).<\/p>\n\n<div class=\"wp-block-image\"><figure class=\"alignright size-large\"><img loading=\"lazy\" decoding=\"async\" width=\"433\" height=\"655\" src=\"https:\/\/neocatechumenaleiter.org\/wp-content\/uploads\/2020\/03\/Camino_Neocatecumenal_Juan_Pablo_II_eucaristia_monte_Bienaventuranzas_2000_4.jpg\" alt=\"\" class=\"wp-image-5952\" srcset=\"https:\/\/neocatechumenaleiter.org\/wp-content\/uploads\/2020\/03\/Camino_Neocatecumenal_Juan_Pablo_II_eucaristia_monte_Bienaventuranzas_2000_4.jpg 433w, https:\/\/neocatechumenaleiter.org\/wp-content\/uploads\/2020\/03\/Camino_Neocatecumenal_Juan_Pablo_II_eucaristia_monte_Bienaventuranzas_2000_4-198x300.jpg 198w\" sizes=\"auto, (max-width: 433px) 100vw, 433px\" \/><\/figure><\/div>\n\n<p>5.&#013;\n&#013;\nUczniowie sp\u0119dzili wiele czasu z Chrystusem. Poznali Go i g\u0142\u0119boko pokochali. Odkryli znaczenie s\u0142\u00f3w, kt\u00f3re kiedy\u015b Piotr skierowa\u0142 do Jezusa: \u00abPanie, do kog\u00f3\u017c p\u00f3jdziemy? Ty masz s\u0142owa \u017cycia wiecznego\u00bb (<em>J 6,68<\/em>). Odkryli, \u017ce s\u0142owa \u017cycia wiecznego to s\u0142owa z Synaju i s\u0142owa B\u0142ogos\u0142awie\u0144stw. I to or\u0119dzie ponie\u015bli na ca\u0142y \u015bwiat.&#013;\n&#013;\nW chwili wniebowst\u0105pienia Jezus pozostawi\u0142 uczniom misj\u0119 i tak\u0105 obietnic\u0119: \u00abDana Mi jest wszelka w\u0142adza w niebie i na ziemi. Id\u017acie wi\u0119c i nauczajcie wszystkie narody (\u2026) A oto Ja jestem z wami przez wszystkie dni, a\u017c do sko\u0144czenia \u015bwiata\u00bb (<em>Mt 28,18-20<\/em>). Od dw\u00f3ch tysi\u0119cy lat uczniowie Chrystusa wype\u0142niaj\u0105 t\u0119 misj\u0119. Teraz, na progu trzeciego tysi\u0105clecia, przychodzi kolej na was. To wy macie teraz i\u015b\u0107 w \u015bwiat, aby g\u0142osi\u0107 or\u0119dzie Dziesi\u0119ciorga Przykaza\u0144 i B\u0142ogos\u0142awie\u0144stw.<\/p>\n\n<p>Kiedy B\u00f3g przemawia, m\u00f3wi o rzeczach najwa\u017cniejszych dla ka\u017cdego cz\u0142owieka, dla ludzi \u017cyj\u0105cych w dwudziestym pierwszym wieku tak samo jak w pierwszym stuleciu. Dziesi\u0119\u0107 przykaza\u0144 i B\u0142ogos\u0142awie\u0144stwa m\u00f3wi\u0105 o prawdzie i dobroci, o \u0142asce i wolno\u015bci: o wszystkim, co jest niezb\u0119dne, aby wej\u015b\u0107 do Chrystusowego Kr\u00f3lestwa! Teraz przychodzi kolej na was, aby by\u0107 odwa\u017cnymi aposto\u0142ami tego Kr\u00f3lestwa!&#013;\n&#013;\nM\u0142odzi mieszka\u0144cy Ziemi \u015awi\u0119tej, m\u0142odzie\u017cy \u015bwiata: odpowiedzcie Panu, odpowiedzcie Panu z otwartym i ochoczym sercem! Ochoczym i otwartym jak serce najwi\u0119kszej C\u00f3ry Galilei, Maryi, Matki Jezusa. W jaki spos\u00f3b Ona odpowiedzia\u0142a? Rzek\u0142a: \u00abOto Ja s\u0142u\u017cebnica Pa\u0144ska, niech Mi si\u0119 stanie wed\u0142ug twego s\u0142owa\u00bb (<em>\u0141k 1,38<\/em>).&#013;\n&#013;\nPanie Jezu Chryste, w tym miejscu, kt\u00f3re tak dobrze zna\u0142e\u015b i ukocha\u0142e\u015b, us\u0142ysz g\u0142os tych ofiarnych serc! Nadal ucz tych m\u0142odych ludzi prawdy Przykaza\u0144 i B\u0142ogos\u0142awie\u0144stw! Uczy\u0144 ich radosnymi \u015bwiadkami Twojej prawdy i niez\u0142omnymi aposto\u0142ami Twojego Kr\u00f3lestwa! B\u0105d\u017a z nimi zawsze, zw\u0142aszcza wtedy, gdy na\u015bladowanie Ciebie i \u017cycie Ewangeli\u0105 staje si\u0119 zadaniem trudnym i wymagaj\u0105cym. Ty b\u0119dziesz ich moc\u0105, Ty b\u0119dziesz ich zwyci\u0119stwem!&#013;\n&#013;\nPanie Jezu, Ty uczyni\u0142e\u015b tych m\u0142odych ludzi swoimi przyjaci\u00f3\u0142mi: zachowaj ich na zawsze przy Tobie!<\/p>\n\n<p><strong>Amen!\u00bb.<\/strong><\/p>\n\n<div class=\"wp-block-image\"><figure class=\"alignleft size-medium\"><img loading=\"lazy\" decoding=\"async\" width=\"204\" height=\"300\" src=\"https:\/\/neocatechumenaleiter.org\/wp-content\/uploads\/2020\/03\/Camino_Neocatecumenal_Juan_Pablo_II_eucaristia_monte_Bienaventuranzas_2000_5-204x300.jpg\" alt=\"\" class=\"wp-image-2799\" srcset=\"https:\/\/neocatechumenaleiter.org\/wp-content\/uploads\/2020\/03\/Camino_Neocatecumenal_Juan_Pablo_II_eucaristia_monte_Bienaventuranzas_2000_5-204x300.jpg 204w, https:\/\/neocatechumenaleiter.org\/wp-content\/uploads\/2020\/03\/Camino_Neocatecumenal_Juan_Pablo_II_eucaristia_monte_Bienaventuranzas_2000_5.jpg 566w\" sizes=\"auto, (max-width: 204px) 100vw, 204px\" \/><\/figure><\/div>\n\n<p>Na zako\u0144czenie Mszy \u015bwi\u0119tej, odprawionej na G\u00f3rze B\u0142ogos\u0142awie\u0144stw, Ojciec \u015awi\u0119ty chcia\u0142 skierowa\u0107 kilka s\u0142\u00f3w pozdrowienia do r\u00f3\u017cnych grup pielgrzym\u00f3w, kt\u00f3rzy przybyli do niego na t\u0119 uroczysto\u015b\u0107. Po pozdrowieniu m\u0142odych W\u0142och\u00f3w, papie\u017c zwr\u00f3ci\u0142 si\u0119 do pielgrzym\u00f3w francuskich, niemieckich, hiszpa\u0144skich, angielskich, polskich, hebrajskich i arabskoj\u0119zycznych. Oto nasze t\u0142umaczenie s\u0142\u00f3w papie\u017ca:&#013;\n&#8222;Na zako\u0144czenie tej radosnej celebracji eucharystycznej pragn\u0119 podzi\u0119kowa\u0107 wam wszystkim, drodzy m\u0142odzi, kt\u00f3rzy licznie przybyli\u015bcie z bliska i daleka, jako uczniowie Jezusa, aby s\u0142ucha\u0107 Jego s\u0142owa. Pocz\u0105wszy od tej G\u00f3ry B\u0142ogos\u0142awie\u0144stw, ka\u017cdy z was powinien by\u0107 pos\u0142a\u0144cem Ewangelii B\u0142ogos\u0142awie\u0144stw. Pozdrawiam szczeg\u00f3lnie m\u0142odych neokatechumena\u0142\u00f3w z Kiko i Carmen, kt\u00f3rzy licznie przybyli tu ze wszystkich stron \u015bwiata. Wszystkim wam m\u00f3wi\u0119: niech Chrystus towarzyszy wam na drogach \u015bwiata.<\/p>\n\n<p>Niech wam towarzyszy tak\u017ce Maryja, kt\u00f3ra &#8211; jak b\u0119d\u0119 wspomina\u0142 jutro w Nazarecie &#8211; swoim fiat wsp\u00f3\u0142dzia\u0142a\u0142a w wielkiej tajemnicy Wcielenia, kt\u00f3rej dwutysi\u0119czn\u0105 rocznic\u0119 obchodzi Rok Jubileuszowy. Niech was B\u00f3g b\u0142ogos\u0142awi! Serdecznie pozdrawiam m\u0142odych francuskoj\u0119zycznych obecnych na tym wspania\u0142ym spotkaniu, podczas kt\u00f3rego, na tej g\u00f3rze, mogli\u015bmy na nowo ws\u0142ucha\u0107 si\u0119 w Dobr\u0105 Nowin\u0119 B\u0142ogos\u0142awie\u0144stw. Czekam na was w Rzymie na \u015awiatowe Dni M\u0142odzie\u017cy.<\/p>\n\n<p>Serdecznie pozdrawiam niemieckoj\u0119zyczn\u0105 m\u0142odzie\u017c. G\u00f3ra B\u0142ogos\u0142awie\u0144stw przypomina nam o wymogach naszego bycia chrze\u015bcijanami: o programie Kazania na G\u00f3rze. Niech wasze osobiste \u015bwiadectwo stanie si\u0119 \u017cywym kazaniem o tym wszystkim, co Jezus g\u0142osi\u0142 w tym miejscu! Z wielk\u0105 rado\u015bci\u0105 pozdrawiam wszystkich obecnych tu m\u0142odych m\u00f3wi\u0105cych po hiszpa\u0144sku. Tutaj, w Galilei, Jezus sam wskaza\u0142 nam drog\u0119 B\u0142ogos\u0142awie\u0144stw. Niech moc i pi\u0119kno tego nauczania kieruje naszym \u017cyciem! Jezus zaprasza nas wszystkich, aby\u015bmy byli &#8222;rybakami ludzi&#8221;. On m\u00f3wi do ka\u017cdego z nas: &#8222;Przyjd\u017a i chod\u017a za Mn\u0105&#8221;. Nie b\u00f3jcie si\u0119 odpowiedzie\u0107 na to wezwanie, bo On jest wasz\u0105 si\u0142\u0105. W sierpniu czekam na Was w Rzymie na \u015awiatowe Dni M\u0142odzie\u017cy.<\/p>\n\n<div class=\"wp-block-image\"><figure class=\"alignright size-large\"><img loading=\"lazy\" decoding=\"async\" width=\"264\" height=\"400\" src=\"https:\/\/neocatechumenaleiter.org\/wp-content\/uploads\/2020\/03\/Camino_Neocatecumenal_Juan_Pablo_II_eucaristia_monte_Bienaventuranzas_2000_6.jpg\" alt=\"\" class=\"wp-image-5956\" srcset=\"https:\/\/neocatechumenaleiter.org\/wp-content\/uploads\/2020\/03\/Camino_Neocatecumenal_Juan_Pablo_II_eucaristia_monte_Bienaventuranzas_2000_6.jpg 264w, https:\/\/neocatechumenaleiter.org\/wp-content\/uploads\/2020\/03\/Camino_Neocatecumenal_Juan_Pablo_II_eucaristia_monte_Bienaventuranzas_2000_6-198x300.jpg 198w\" sizes=\"auto, (max-width: 264px) 100vw, 264px\" \/><\/figure><\/div>\n\n<p>M\u0142odym ludziom przybywaj\u0105cym z angielskoj\u0119zycznych obszar\u00f3w \u015bwiata i wam wszystkim m\u00f3wi\u0119: B\u0105d\u017acie godnymi na\u015bladowcami Chrystusa! W duchu B\u0142ogos\u0142awie\u0144stw b\u0105d\u017acie \u015bwiat\u0142em \u015bwiata! <\/p>\n\n<p>Drodzy m\u0142odzi z Polski: &#013;\nWasza obecno\u015b\u0107 tutaj sprawia mi wielk\u0105 rado\u015b\u0107. Jest to znak nadziei &#013;\ndla naszej ojczyzny. Tak wielu z was siedzia\u0142o dzisiaj u st\u00f3p Jezusa. On, kt\u00f3ry jest nadziej\u0105 rodziny ludzkiej. Z jego ust us\u0142yszeli\u015bcie, co to znaczy by\u0107 prawdziwie b\u0142ogos\u0142awionym, co oznacza zachowywanie przykaza\u0144 i \u017cycie wed\u0142ug ducha B\u0142ogos\u0142awie\u0144stw. Nie b\u00f3jcie si\u0119 powiedzie\u0107 &#8222;tak&#8221; Jezusowi i p\u00f3j\u015b\u0107 za Nim &#013;\njako jego uczniowie. Wtedy wasze serca nape\u0142ni\u0105 si\u0119 rado\u015bci\u0105 i staniecie si\u0119 B\u0142ogos\u0142awie\u0144stwem dla Polski i dla \u015bwiata. \u017bycz\u0119 Wam tego z ca\u0142ego serca.<\/p>\n\n<p>Do m\u0142odzie\u017cy hebrajskoj\u0119zycznej m\u00f3wi\u0119: B\u0105d\u017acie budowniczymi pokoju, B\u00f3g z wami\u00bb.<\/p>\n","protected":false},"excerpt":{"rendered":"<p>EUCHARYSTIA Z PAPIE\u017bEM DLA M\u0141ODYCH NA G\u00d3RZE B\u0141OGOS\u0141AWIE\u0143STW 24-3-2000 \u015aw. Jan Pawe\u0142 II Korazim (G\u00f3ra B\u0142ogos\u0142awie\u0144stw) , 24 marca 2000 r. W pi\u0105tek rano, 24 marca, Jan Pawe\u0142 II odprawi\u0142 Msz\u0119 \u015awi\u0119t\u0105 dla m\u0142odzie\u017cy na G\u00f3rze B\u0142ogos\u0142awie\u0144stw. Na pocz\u0105tku spotkania g\u0142os zabra\u0142 arcybiskup Akki z Ko\u015bcio\u0142a grecko-melkickiego. Boutros Mouallem i pewien m\u0142ody cz\u0142owiek skierowa\u0142 do Papie\u017ca s\u0142owa powitania. To jest homilia Jana Paw\u0142a II w t\u0142umaczeniu na j\u0119zyk polski. &#013;<\/p>\n<div class=\"read-more\"><a class=\"btn read-more-btn\" href=\"https:\/\/neocatechumenaleiter.org\/pl\/slowa-papiezy\/sw-jan-pawel-ii\/eucharystia-z-papiezem-dla-mlodych-na-gorze-blogoslawienstw-24-3-2000\/\">Czytaj dalej<\/a><\/div>\n","protected":false},"author":2,"featured_media":0,"parent":16496,"menu_order":94,"comment_status":"closed","ping_status":"closed","template":"","meta":{"footnotes":""},"class_list":["post-22250","page","type-page","status-publish","hentry"],"_links":{"self":[{"href":"https:\/\/neocatechumenaleiter.org\/pl\/wp-json\/wp\/v2\/pages\/22250","targetHints":{"allow":["GET"]}}],"collection":[{"href":"https:\/\/neocatechumenaleiter.org\/pl\/wp-json\/wp\/v2\/pages"}],"about":[{"href":"https:\/\/neocatechumenaleiter.org\/pl\/wp-json\/wp\/v2\/types\/page"}],"author":[{"embeddable":true,"href":"https:\/\/neocatechumenaleiter.org\/pl\/wp-json\/wp\/v2\/users\/2"}],"replies":[{"embeddable":true,"href":"https:\/\/neocatechumenaleiter.org\/pl\/wp-json\/wp\/v2\/comments?post=22250"}],"version-history":[{"count":3,"href":"https:\/\/neocatechumenaleiter.org\/pl\/wp-json\/wp\/v2\/pages\/22250\/revisions"}],"predecessor-version":[{"id":22253,"href":"https:\/\/neocatechumenaleiter.org\/pl\/wp-json\/wp\/v2\/pages\/22250\/revisions\/22253"}],"up":[{"embeddable":true,"href":"https:\/\/neocatechumenaleiter.org\/pl\/wp-json\/wp\/v2\/pages\/16496"}],"wp:attachment":[{"href":"https:\/\/neocatechumenaleiter.org\/pl\/wp-json\/wp\/v2\/media?parent=22250"}],"curies":[{"name":"wp","href":"https:\/\/api.w.org\/{rel}","templated":true}]}}