{"id":22284,"date":"2020-03-04T03:58:53","date_gmt":"2020-03-04T02:58:53","guid":{"rendered":"https:\/\/neocatechumenaleiter.org\/slowa-papiezy\/sw-jan-pawel-ii\/przemowienie-ojca-swietego-do-katechistow-i-kaplanow-drogi-neokatechumenalnej-21-9-2002\/"},"modified":"2021-04-30T10:25:06","modified_gmt":"2021-04-30T09:25:06","slug":"przemowienie-ojca-swietego-do-katechistow-i-kaplanow-drogi-neokatechumenalnej-21-9-2002","status":"publish","type":"page","link":"https:\/\/neocatechumenaleiter.org\/pl\/slowa-papiezy\/sw-jan-pawel-ii\/przemowienie-ojca-swietego-do-katechistow-i-kaplanow-drogi-neokatechumenalnej-21-9-2002\/","title":{"rendered":"Przem\u00f3wienie Ojca \u015awi\u0119tego do katechist\u00f3w i kap\u0142an\u00f3w Drogi Neokatechumenalnej 21-9-2002"},"content":{"rendered":"\n<h1 class=\"has-text-align-center wp-block-heading\">Przem\u00f3wienie Ojca \u015awi\u0119tego do katechist\u00f3w i kap\u0142an\u00f3w Drogi Neokatechumenalnej 21-9-2002<\/h1>\n\n<div style=\"height:20px\" aria-hidden=\"true\" class=\"wp-block-spacer\"><\/div>\n\n<h4 class=\"has-text-align-center wp-block-heading\">\u015aw. Jan Pawe\u0142 II<\/h4>\n\n<div style=\"height:20px\" aria-hidden=\"true\" class=\"wp-block-spacer\"><\/div>\n\n<p><strong>Castel Gandolfo, 21 wrze\u015bnia 2002 r. *<\/strong><\/p>\n\n<p><strong>STATUTY: JASNA I PEWNA REGU\u0141A \u017bYCIA DLA DROGI NEOKATECHUMENALNEJ<\/strong><\/p>\n\n<p><em>Statuty winny stanowi\u0107 dla Drogi Neokatechumenalnej \u201ejasn\u0105 i pewn\u0105 regu\u0142\u0105 \u017cycia\u201d. Oto, co Papie\u017c poleci\u0142 katechistom i ksi\u0119\u017com ze wsp\u00f3lnot neokatechumenalnych, kt\u00f3rych przyj\u0105\u0142 na audiencji w sobot\u0119 rano, 21 wrze\u015bnia, na dziedzi\u0144cu Pa\u0142acu Papieskiego w Castel Gandolfo.<\/em><\/p>\n\n<p><em>Pozdrowienie Kiko Arg\u00fcello skierowane do Ojca<\/em> \u015awi\u0119tego:&#013;\n\u00abNajdro\u017cszy Ojcze, nie mamy s\u0142\u00f3w, aby wyrazi\u0107 rado\u015b\u0107 i pocieszenie, jakie przynosi nam to od dawna upragnione spotkanie. Jeste\u015bmy tu z ekipami katechist\u00f3w w\u0119drownych z wszystkich narod\u00f3w, z proboszczami, ksi\u0119\u017cmi, odpowiedzialnymi i katechistami wsp\u00f3lnot z Hiszpanii, W\u0142och i Pary\u017ca \u2013 tych najstarszych wsp\u00f3lnot, z kt\u00f3rych gorliwo\u015bci zrodzi\u0142a si\u0119 ca\u0142a ewangelizacja. Cieszymy si\u0119, \u017ce mo\u017cemy osobi\u015bcie podzi\u0119kowa\u0107 za zatwierdzenie Statut\u00f3w przez Papiesk\u0105 Rad\u0119 ds. \u015awieckich, zw\u0142aszcza, \u017ce uznaj\u0105 one to, czym jeste\u015bmy: itinerarium formacji katolickiej, katechumenat pochrzcielny, kt\u00f3ry &#8211; prze\u017cywany w ma\u0142ych wsp\u00f3lnotach &#8211; pomaga odkry\u0107 na nowo otrzymany Chrzest i \u017cy\u0107 jego ogromnym bogactwem. Niekt\u00f3rzy kanoni\u015bci w r\u00f3\u017cnych komentarzach podkre\u015blaj\u0105, jak wa\u017cne jest to zatwierdzenie dla ca\u0142ego Ko\u015bcio\u0142a, poniewa\u017c po raz pierwszy zosta\u0142 uznany i zatwierdzony katechumenat pochrzcielny. Jak wielk\u0105 pociech\u0119 przynosi nam zawsze Twoje s\u0142owo! Ju\u017c w 1952 r. podkre\u015bli\u0142e\u015b, Ojcze \u015awi\u0119ty, konieczno\u015b\u0107 ponownego wprowadzenia katechumenatu, a podczas Soboru przyczyni\u0142e\u015b si\u0119 w spos\u00f3b zasadniczy do ponownego odkrycia i przywr\u00f3cenia inicjacji chrze\u015bcija\u0144skiej i katechumenatu. To w\u0142a\u015bnie tutaj, w Castel Gandolfo, kiedy 23 lata temu przyj\u0105\u0142e\u015b nas po raz pierwszy, wyrazi\u0142e\u015b przekonanie, \u017ce wobec wsp\u00f3\u0142czesnego ateizmu ochrzczeni potrzebuj\u0105 katechumenatu, aby umocni\u0107 swoj\u0105 wiar\u0119.<\/p>\n\n<div class=\"wp-block-image\"><figure class=\"alignleft size-large\"><img loading=\"lazy\" decoding=\"async\" width=\"569\" height=\"842\" src=\"https:\/\/neocatechumenaleiter.org\/wp-content\/uploads\/2020\/03\/Camino_Neocatecumenal_Juan_Pablo_II_audiencia_itinerantes_estatutos_del_camino_2002.jpg\" alt=\"\" class=\"wp-image-5685\" srcset=\"https:\/\/neocatechumenaleiter.org\/wp-content\/uploads\/2020\/03\/Camino_Neocatecumenal_Juan_Pablo_II_audiencia_itinerantes_estatutos_del_camino_2002.jpg 569w, https:\/\/neocatechumenaleiter.org\/wp-content\/uploads\/2020\/03\/Camino_Neocatecumenal_Juan_Pablo_II_audiencia_itinerantes_estatutos_del_camino_2002-203x300.jpg 203w\" sizes=\"auto, (max-width: 569px) 100vw, 569px\" \/><\/figure><\/div>\n\n<p>Najdro\u017cszy Ojcze, w obliczu pilnej potrzeby nowej ewangelizacji i tak z\u0142o\u017conej sytuacji dzisiejszego Ko\u015bcio\u0142a, pokornie prosimy Ci\u0119 o s\u0142owo potwierdzenia i poparcia dla Statutu, o zaproszenie biskup\u00f3w i konferencji episkopat\u00f3w do przyj\u0119cia bez l\u0119ku tego daru, kt\u00f3ry pomo\u017ce w ewangelizacji w ich diecezjach. Prosimy o wsparcie, mog\u0105ce ochroni\u0107 katechetyczno-liturgiczn\u0105 praxis, kt\u00f3r\u0105 Droga rozwija\u0142a przez ponad trzydzie\u015bci lat na ca\u0142ym \u015bwiecie i kt\u00f3ra wyda\u0142a tak wiele owoc\u00f3w, uznanych przez Ciebie, Ojcze \u015awi\u0119ty, i przez wielu biskup\u00f3w, a kt\u00f3rej synteza jest opisana w Statucie. Uwa\u017camy, \u017ce jednym z najwi\u0119kszych dar\u00f3w, jakie Naj\u015bwi\u0119tsza Maryja Panna daje dzisiaj Ko\u015bcio\u0142owi poprzez Drog\u0119 Neokatechumenaln\u0105, jest mo\u017cliwo\u015b\u0107 ofiarowania chrze\u015bcijanom w parafiach i wszystkim, kt\u00f3rzy szukaj\u0105 Boga, mo\u017cliwo\u015bci prze\u017cywania wiary w ma\u0142ych wsp\u00f3lnotach, jak pierwsi chrze\u015bcijanie. Okrzyk: \u201ePatrzcie, jak oni si\u0119 mi\u0142uj\u0105\u201d, musi by\u0107 ponownie s\u0142yszany po\u015br\u00f3d \u015bwiata. Dzi\u0119kujemy Ci za zaufanie, kt\u00f3rym obdarzy\u0142e\u015b Carmen, Ojca Mario i mnie, aby\u015bmy poprowadzili t\u0119 Drog\u0119. Dzi\u0119kujemy Naj\u015bwi\u0119tszej Maryi Pannie, zw\u0142aszcza za Sob\u00f3r, bez kt\u00f3rego nic nie mogliby\u015bmy zrobi\u0107, za Twojego poprzednika papie\u017ca Paw\u0142a VI i za Ciebie, Ojcze \u015awi\u0119ty, kt\u00f3ry nam tak bardzo pomaga\u0142e\u015b i kt\u00f3ry nas wspiera\u0142e\u015b. Dzi\u0119kuj\u0119 Ci, Naj\u015bwi\u0119tszy Ojcze\u00bb.<\/p>\n\n<p><em>Przem\u00f3wienie Ojca \u015awi\u0119tego:<\/em>&#013;\n\u00ab1. Drodzy katechi\u015bci i ksi\u0119\u017ca Drogi Neokatechumenalnej, z wielk\u0105 rado\u015bci\u0105 przyjmuj\u0119 was, przyby\u0142ych tu dzi\u015b na spotkanie z Papie\u017cem. Serdecznie witam i pozdrawiam ka\u017cdego z was, a za waszym po\u015brednictwem ca\u0142\u0105 Drog\u0119 Neokatechumenaln\u0105 \u2014 rzeczywisto\u015b\u0107 eklezjalna rozpowszechniona ju\u017c w wielu krajach i ciesz\u0105ca si\u0119 poparciem wielu biskup\u00f3w. Dzi\u0119kuj\u0119 za serdeczne s\u0142owa, skierowane do mnie przez Kiko Arg\u00fcello, kt\u00f3ry razem z Carmen Hern\u00e1ndez za\u0142o\u017cy\u0142 ten ruch. W swym przem\u00f3wieniu da\u0142 on wyraz nie tylko waszej niez\u0142omnej wierno\u015bci wobec Stolicy Piotrowej, lecz tak\u017ce \u015bwiadectwo mi\u0142o\u015bci was wszystkich do Ko\u015bcio\u0142a.<\/p>\n\n<p>2. Jak\u017ce nie dzi\u0119kowa\u0107 Bogu za owoce, jakie wyda\u0142a Droga Neokatechumenalna w ci\u0105gu ponad trzydziestu lat swego istnienia! W naszym spo\u0142ecze\u0144stwie, tak bardzo zlaicyzowanym, w kt\u00f3rym religijna oboj\u0119tno\u015b\u0107 staje si\u0119 coraz bardziej powszechna, a ludzie \u017cyj\u0105 cz\u0119sto tak, jakby Boga nie by\u0142o, wielu potrzebuje odkry\u0107 na nowo sakramenty inicjacji chrze\u015bcija\u0144skiej, a zw\u0142aszcza sakrament chrztu. Droga jest z pewno\u015bci\u0105 jedn\u0105 z opatrzno\u015bciowych odpowiedzi na t\u0119 piln\u0105 potrzeb\u0119. Sp\u00f3jrzmy na wasze wsp\u00f3lnoty: jak cz\u0119sto odkrywa si\u0119 w nich pi\u0119kno i wielko\u015b\u0107 powo\u0142ania otrzymanego na chrzcie! Z jak\u0105 gorliwo\u015bci\u0105 i oddaniem g\u0142osicie Ewangeli\u0119 Jezusa Chrystusa, zw\u0142aszcza ludziom najbardziej oddalonym! Jak wiele powo\u0142a\u0144 do kap\u0142a\u0144stwa i do \u017cycia zakonnego zrodzi\u0142o si\u0119 dzi\u0119ki tej drodze formacji chrze\u015bcija\u0144skiej!<\/p>\n\n<div class=\"wp-block-image\"><figure class=\"alignright size-large\"><img loading=\"lazy\" decoding=\"async\" width=\"768\" height=\"523\" src=\"https:\/\/neocatechumenaleiter.org\/wp-content\/uploads\/2020\/03\/Camino_Neocatecumenal_Juan_Pablo_II_audiencia_itinerantes_estatutos_del_camino_2002_2.jpg\" alt=\"\" class=\"wp-image-5687\" srcset=\"https:\/\/neocatechumenaleiter.org\/wp-content\/uploads\/2020\/03\/Camino_Neocatecumenal_Juan_Pablo_II_audiencia_itinerantes_estatutos_del_camino_2002_2.jpg 768w, https:\/\/neocatechumenaleiter.org\/wp-content\/uploads\/2020\/03\/Camino_Neocatecumenal_Juan_Pablo_II_audiencia_itinerantes_estatutos_del_camino_2002_2-300x204.jpg 300w\" sizes=\"auto, (max-width: 768px) 100vw, 768px\" \/><\/figure><\/div>\n\n<p>3.&#013;\n&#013;\nUtkwi\u0142o mi w pami\u0119ci nasze ostatnie spotkanie, kt\u00f3re odby\u0142o si\u0119 w styczniu 1997 r., zaraz po waszym spotkaniu u st\u00f3p g\u00f3ry Synaj, dla uczczenia trzydziestu lat istnienia Drogi Neokatechumenalnej. Powiedzia\u0142em wam wtedy, \u017ce opracowanie Statut\u00f3w Drogi \u00abto krok bardzo wa\u017cny, otwieraj\u0105cy mo\u017cliwo\u015b\u0107 formalnoprawnego uznania przez Ko\u015bci\u00f3\u0142, co da wam dodatkow\u0105 gwarancj\u0119 autentyczno\u015bci waszego charyzmatu\u00bb (<em>\u00abL&#8217;Osservatore Romano\u00bb, wyd. polskie, n. 3\/1997, s. 30<\/em>).&#013;\n&#013;\nNasze dzisiejsze spotkanie jest wyrazem rado\u015bci z powodu niedawnego zatwierdzenia Statut\u00f3w Drogi Neokatechumenalnej przez Stolic\u0119 Apostolsk\u0105. Ciesz\u0119 si\u0119, \u017ce prace te, rozpocz\u0119te ponad pi\u0119\u0107 lat temu, zosta\u0142y doprowadzone do ko\u0144ca dzi\u0119ki intensywnym konsultacjom, refleksji i dialogowi. Zwracam si\u0119 w tym momencie do kard. Jamesa Francisa Stafforda, kt\u00f3remu pragn\u0119 wyrazi\u0107 wdzi\u0119czno\u015b\u0107 za oddanie i troskliwo\u015b\u0107, z jakimi Papieska Rada ds. \u015awieckich wspomaga\u0142a w tym procesie mi\u0119dzynarodow\u0105 ekip\u0119 odpowiedzialn\u0105 za Drog\u0119.<\/p>\n\n<p>4.&#013;\n&#013;\nChcia\u0142bym tu podkre\u015bli\u0107 donios\u0142e znaczenie niedawno zatwierdzonych Statut\u00f3w dla tera\u017aniejszego i przysz\u0142ego \u017cycia Drogi Neokatechumenalnej. Przede wszystkim ten dokument prawny raz jeszcze potwierdza eklezjaln\u0105 natur\u0119 Drogi Neokatechumenalnej, kt\u00f3ra \u2014 jak ju\u017c stwierdzi\u0142em kilka lat temu \u2014 stanowi \u00abitinerarium formacji katolickiej wa\u017cne dla wsp\u00f3\u0142czesnego spo\u0142ecze\u0144stwa i dla naszych czas\u00f3w\u00bb (<em>List do biskupa Paula Josefa Cordesa, delegata &#8222;ad personam&#8221; ds. apostolatu Wsp\u00f3lnot Neokatechumenalnych, wiceprzewodnicz\u0105cego Papieskiej Rady ds. \u015awieckich: AAS 82 [1990], 1515<\/em>).&#013;\n&#013;\nPonadto, w Statutach Drogi Neokatechumenalnej opisane s\u0105 podstawowe aspekty tego programu, przeznaczonego zar\u00f3wno dla wiernych, kt\u00f3rzy b\u0119d\u0105c cz\u0142onkami wsp\u00f3lnot parafialnych, pragn\u0105 o\u017cywi\u0107 sw\u0105 wiar\u0119, jak i dla doros\u0142ych, przygotowuj\u0105cych si\u0119 do przyj\u0119cia sakramentu chrztu. Przede wszystkim jednak Statuty okre\u015blaj\u0105 podstawowe zadania poszczeg\u00f3lnych os\u00f3b, kt\u00f3re pe\u0142ni\u0105 okre\u015blone funkcje w procesie realizacji tego programu formacyjnego we wsp\u00f3lnotach neokatechumenalnych: mam tu na my\u015bli prezbiter\u00f3w, katechist\u00f3w, rodziny na misji, ekipy odpowiedzialnych na wszystkich szczeblach. Tak wi\u0119c Statuty winny by\u0107 dla Drogi Neokatechumenalnej \u00abjasn\u0105 i pewn\u0105 regu\u0142\u0105 \u017cycia\u00bb (<em>list do kard. Jamesa F. Stafforda, 5 kwietnia 2001 r.<\/em>), fundamentalnym punktem odniesienia, tak by ten proces formacji, kt\u00f3ry ma prowadzi\u0107 wiernych ku dojrza\u0142ej wierze, m\u00f3g\u0142 przebiega\u0107 zgodnie z doktryn\u0105 i dyscyplin\u0105 Ko\u015bcio\u0142a.<\/p>\n\n<div class=\"wp-block-image\"><figure class=\"alignleft size-medium\"><img loading=\"lazy\" decoding=\"async\" width=\"201\" height=\"300\" src=\"https:\/\/neocatechumenaleiter.org\/wp-content\/uploads\/2020\/03\/Camino_Neocatecumenal_Juan_Pablo_II_audiencia_itinerantes_estatutos_del_camino_2002_3-201x300.jpg\" alt=\"\" class=\"wp-image-2854\" srcset=\"https:\/\/neocatechumenaleiter.org\/wp-content\/uploads\/2020\/03\/Camino_Neocatecumenal_Juan_Pablo_II_audiencia_itinerantes_estatutos_del_camino_2002_3-201x300.jpg 201w, https:\/\/neocatechumenaleiter.org\/wp-content\/uploads\/2020\/03\/Camino_Neocatecumenal_Juan_Pablo_II_audiencia_itinerantes_estatutos_del_camino_2002_3.jpg 563w\" sizes=\"auto, (max-width: 201px) 100vw, 201px\" \/><\/figure><\/div>\n\n<p>5.&#013;\n&#013;\nZatwierdzenie Statut\u00f3w otwiera nowy etap w dziejach Drogi. Ko\u015bci\u00f3\u0142 oczekuje teraz od was jeszcze wi\u0119kszej gorliwo\u015bci i oddania w dziele nowej ewangelizacji i w s\u0142u\u017cbie Ko\u015bcio\u0142om lokalnym oraz parafiom. Dlatego na was, prezbiterzy i katechi\u015bci Drogi, spoczywa odpowiedzialno\u015b\u0107 za wierne przestrzeganie Statut\u00f3w we wszystkich ich aspektach, tak by sta\u0142y si\u0119 one autentycznym zaczynem nowej, pe\u0142nej rozmachu dzia\u0142alno\u015bci misyjnej.&#013;\n&#013;\nStatuty stanowi\u0105 te\u017c wa\u017cn\u0105 pomoc dla wszystkich pasterzy Ko\u015bcio\u0142a, zw\u0142aszcza dla biskup\u00f3w diecezjalnych, kt\u00f3rym Pan powierzy\u0142 pastersk\u0105 trosk\u0119 o wiernych w diecezji, szczeg\u00f3lnie za\u015b ich inicjacj\u0119 chrze\u015bcija\u0144sk\u0105. Ordynariusze diecezjalni \u00abotaczaj\u0105cy czujn\u0105 ojcowsk\u0105 opiek\u0105 wsp\u00f3lnoty neokatechumenalne\u00bb (<em>por. Dekret Papieskiej Rady ds. \u015awieckich, 29 czerwca 2002 r.<\/em>), b\u0119d\u0105 mogli znale\u017a\u0107 w Statutach podstawowe zasady realizacji Drogi Neokatechumenalnej, zgodne z jej pierwotnym zamys\u0142em.&#013;\n&#013;\nZwracam si\u0119 zw\u0142aszcza do was, kap\u0142ani, z oddaniem s\u0142u\u017c\u0105cy wsp\u00f3lnotom neokatechumenalnym. Nigdy nie zapominajcie, \u017ce jako s\u0142udzy Chrystusa pe\u0142nicie niezast\u0105pion\u0105 misj\u0119 u\u015bwi\u0119cania, nauczania i pasterskiego przewodniczenia tym, kt\u00f3rzy realizuj\u0105 program Drogi. Z mi\u0142o\u015bci\u0105 i oddaniem s\u0142u\u017ccie powierzonym wam wsp\u00f3lnotom!<\/p>\n\n<p>6. Drodzy bracia i siostry, zatwierdzenie Statut\u00f3w Drogi Neokatechumenalnej oznacza pomy\u015blne zako\u0144czenie prac nad okre\u015bleniem zasadniczych element\u00f3w jej to\u017csamo\u015bci w Ko\u015bciele. Wsp\u00f3lnie dzi\u0119kujmy za to Bogu.&#013;\nTeraz zadaniem kompetentnych dykasterii Stolicy Apostolskiej b\u0119dzie przeanalizowanie Dyrektorium Katechetycznego oraz ca\u0142ej praktyki katechetycznej i liturgicznej Drogi. Jestem pewien, \u017ce jej cz\u0142onkowie szczerze otworz\u0105 si\u0119 na wskazania, jakie otrzymaj\u0105 od tych miarodajnych instytucji.&#013;\nB\u0119d\u0119 nadal z \u017cywym zainteresowaniem \u015bledzi\u0142 wasz\u0105 dzia\u0142alno\u015b\u0107 w Ko\u015bciele, w modlitwie za\u015b zawierzam was wszystkich Naj\u015bwi\u0119tszej Maryi Pannie, Gwie\u017adzie Nowej Ewangelizacji, i z ca\u0142ego serca udzielam wam Apostolskiego B\u0142ogos\u0142awie\u0144stwa\u00bb.<\/p>\n\n<p>(*) Por. \u00abL\u2019Osservatore Romano\u00bb, 22 wrze\u015bnia 2002 r. &#8211; polska wersja (1\/2003)<\/p>\n","protected":false},"excerpt":{"rendered":"<p>Przem\u00f3wienie Ojca \u015awi\u0119tego do katechist\u00f3w i kap\u0142an\u00f3w Drogi Neokatechumenalnej 21-9-2002 \u015aw. Jan Pawe\u0142 II Castel Gandolfo, 21 wrze\u015bnia 2002 r. * STATUTY: JASNA I PEWNA REGU\u0141A \u017bYCIA DLA DROGI NEOKATECHUMENALNEJ Statuty winny stanowi\u0107 dla Drogi Neokatechumenalnej \u201ejasn\u0105 i pewn\u0105 regu\u0142\u0105 \u017cycia\u201d. Oto, co Papie\u017c poleci\u0142 katechistom i ksi\u0119\u017com ze wsp\u00f3lnot neokatechumenalnych, kt\u00f3rych przyj\u0105\u0142 na audiencji w sobot\u0119 rano, 21 wrze\u015bnia, na dziedzi\u0144cu Pa\u0142acu Papieskiego w Castel Gandolfo. Pozdrowienie Kiko Arg\u00fcello<\/p>\n<div class=\"read-more\"><a class=\"btn read-more-btn\" href=\"https:\/\/neocatechumenaleiter.org\/pl\/slowa-papiezy\/sw-jan-pawel-ii\/przemowienie-ojca-swietego-do-katechistow-i-kaplanow-drogi-neokatechumenalnej-21-9-2002\/\">Czytaj dalej<\/a><\/div>\n","protected":false},"author":2,"featured_media":0,"parent":16496,"menu_order":99,"comment_status":"closed","ping_status":"closed","template":"","meta":{"footnotes":""},"class_list":["post-22284","page","type-page","status-publish","hentry"],"_links":{"self":[{"href":"https:\/\/neocatechumenaleiter.org\/pl\/wp-json\/wp\/v2\/pages\/22284","targetHints":{"allow":["GET"]}}],"collection":[{"href":"https:\/\/neocatechumenaleiter.org\/pl\/wp-json\/wp\/v2\/pages"}],"about":[{"href":"https:\/\/neocatechumenaleiter.org\/pl\/wp-json\/wp\/v2\/types\/page"}],"author":[{"embeddable":true,"href":"https:\/\/neocatechumenaleiter.org\/pl\/wp-json\/wp\/v2\/users\/2"}],"replies":[{"embeddable":true,"href":"https:\/\/neocatechumenaleiter.org\/pl\/wp-json\/wp\/v2\/comments?post=22284"}],"version-history":[{"count":11,"href":"https:\/\/neocatechumenaleiter.org\/pl\/wp-json\/wp\/v2\/pages\/22284\/revisions"}],"predecessor-version":[{"id":22321,"href":"https:\/\/neocatechumenaleiter.org\/pl\/wp-json\/wp\/v2\/pages\/22284\/revisions\/22321"}],"up":[{"embeddable":true,"href":"https:\/\/neocatechumenaleiter.org\/pl\/wp-json\/wp\/v2\/pages\/16496"}],"wp:attachment":[{"href":"https:\/\/neocatechumenaleiter.org\/pl\/wp-json\/wp\/v2\/media?parent=22284"}],"curies":[{"name":"wp","href":"https:\/\/api.w.org\/{rel}","templated":true}]}}