{"id":22288,"date":"2020-02-29T21:09:35","date_gmt":"2020-02-29T20:09:35","guid":{"rendered":"https:\/\/neocatechumenaleiter.org\/slowa-papiezy\/benedykt-xvi\/audiencja-dla-inicjatorow-drogi-neokatechumenalnej-13-xi-2010\/"},"modified":"2021-04-28T17:51:23","modified_gmt":"2021-04-28T16:51:23","slug":"audiencja-dla-inicjatorow-drogi-neokatechumenalnej-13-xi-2010","status":"publish","type":"page","link":"https:\/\/neocatechumenaleiter.org\/pl\/slowa-papiezy\/benedykt-xvi\/audiencja-dla-inicjatorow-drogi-neokatechumenalnej-13-xi-2010\/","title":{"rendered":"Audiencja dla inicjator\u00f3w Drogi Neokatechumenalnej 13-XI-2010"},"content":{"rendered":"\n<h1 class=\"has-text-align-center wp-block-heading\">Audiencja dla inicjator\u00f3w Drogi Neokatechumenalnej 13-XI-2010<\/h1>\n\n<div style=\"height:20px\" aria-hidden=\"true\" class=\"wp-block-spacer\"><\/div>\n\n<h4 class=\"has-text-align-center wp-block-heading\">BENEDYKT XVI<\/h4>\n\n<div style=\"height:20px\" aria-hidden=\"true\" class=\"wp-block-spacer\"><\/div>\n\n<p><strong>Watykan, 13 listopada 2010 r.<\/strong><\/p>\n\n<p><em>Kiko tak opisa\u0142 t\u0119 audiencj\u0119: \u00ab13 listopada, Carmen, ojciec Mario i ja mieli\u015bmy prywatn\u0105 audiencj\u0119 z Ojcem \u015awi\u0119tym, kt\u00f3ry by\u0142 dla nas naprawd\u0119 bardzo dobry\u00bb.<\/em><\/p>\n\n<figure class=\"wp-block-gallery aligncenter columns-2 is-cropped wp-block-gallery-1 is-layout-flex wp-block-gallery-is-layout-flex\"><ul class=\"blocks-gallery-grid\"><li class=\"blocks-gallery-item\"><figure><img loading=\"lazy\" decoding=\"async\" width=\"400\" height=\"268\" src=\"https:\/\/neocatechumenaleiter.org\/wp-content\/uploads\/2020\/02\/Camino_Neocatecumenal_Benedicto_XVI_Kiko_Carmen_Mario_audiencia_20102.jpg\" alt=\"\" data-id=\"1217\" data-full-url=\"https:\/\/neocatechumenaleiter.org\/wp-content\/uploads\/2020\/02\/Camino_Neocatecumenal_Benedicto_XVI_Kiko_Carmen_Mario_audiencia_20102.jpg\" data-link=\"https:\/\/neocatechumenaleiter.org\/?attachment_id=1217\" class=\"wp-image-4685\" srcset=\"https:\/\/neocatechumenaleiter.org\/wp-content\/uploads\/2020\/02\/Camino_Neocatecumenal_Benedicto_XVI_Kiko_Carmen_Mario_audiencia_20102.jpg 400w, https:\/\/neocatechumenaleiter.org\/wp-content\/uploads\/2020\/02\/Camino_Neocatecumenal_Benedicto_XVI_Kiko_Carmen_Mario_audiencia_20102-300x201.jpg 300w\" sizes=\"auto, (max-width: 400px) 100vw, 400px\" \/><\/figure><\/li><li class=\"blocks-gallery-item\"><figure><img loading=\"lazy\" decoding=\"async\" width=\"400\" height=\"269\" src=\"https:\/\/neocatechumenaleiter.org\/wp-content\/uploads\/2020\/02\/Camino_Neocatecumenal_Benedicto_XVI_Kiko_Carmen_Mario_audiencia_2010.jpg\" alt=\"\" data-id=\"1224\" data-full-url=\"https:\/\/neocatechumenaleiter.org\/wp-content\/uploads\/2020\/02\/Camino_Neocatecumenal_Benedicto_XVI_Kiko_Carmen_Mario_audiencia_2010.jpg\" data-link=\"https:\/\/neocatechumenaleiter.org\/?attachment_id=1224\" class=\"wp-image-4687\" srcset=\"https:\/\/neocatechumenaleiter.org\/wp-content\/uploads\/2020\/02\/Camino_Neocatecumenal_Benedicto_XVI_Kiko_Carmen_Mario_audiencia_2010.jpg 400w, https:\/\/neocatechumenaleiter.org\/wp-content\/uploads\/2020\/02\/Camino_Neocatecumenal_Benedicto_XVI_Kiko_Carmen_Mario_audiencia_2010-300x202.jpg 300w\" sizes=\"auto, (max-width: 400px) 100vw, 400px\" \/><\/figure><\/li><\/ul><\/figure>","protected":false},"excerpt":{"rendered":"<p>Audiencja dla inicjator\u00f3w Drogi Neokatechumenalnej 13-XI-2010 BENEDYKT XVI Watykan, 13 listopada 2010 r. Kiko tak opisa\u0142 t\u0119 audiencj\u0119: \u00ab13 listopada, Carmen, ojciec Mario i ja mieli\u015bmy prywatn\u0105 audiencj\u0119 z Ojcem \u015awi\u0119tym, kt\u00f3ry by\u0142 dla nas naprawd\u0119 bardzo dobry\u00bb.<\/p>\n","protected":false},"author":2,"featured_media":0,"parent":16508,"menu_order":8,"comment_status":"closed","ping_status":"closed","template":"","meta":{"footnotes":""},"class_list":["post-22288","page","type-page","status-publish","hentry"],"_links":{"self":[{"href":"https:\/\/neocatechumenaleiter.org\/pl\/wp-json\/wp\/v2\/pages\/22288","targetHints":{"allow":["GET"]}}],"collection":[{"href":"https:\/\/neocatechumenaleiter.org\/pl\/wp-json\/wp\/v2\/pages"}],"about":[{"href":"https:\/\/neocatechumenaleiter.org\/pl\/wp-json\/wp\/v2\/types\/page"}],"author":[{"embeddable":true,"href":"https:\/\/neocatechumenaleiter.org\/pl\/wp-json\/wp\/v2\/users\/2"}],"replies":[{"embeddable":true,"href":"https:\/\/neocatechumenaleiter.org\/pl\/wp-json\/wp\/v2\/comments?post=22288"}],"version-history":[{"count":3,"href":"https:\/\/neocatechumenaleiter.org\/pl\/wp-json\/wp\/v2\/pages\/22288\/revisions"}],"predecessor-version":[{"id":22291,"href":"https:\/\/neocatechumenaleiter.org\/pl\/wp-json\/wp\/v2\/pages\/22288\/revisions\/22291"}],"up":[{"embeddable":true,"href":"https:\/\/neocatechumenaleiter.org\/pl\/wp-json\/wp\/v2\/pages\/16508"}],"wp:attachment":[{"href":"https:\/\/neocatechumenaleiter.org\/pl\/wp-json\/wp\/v2\/media?parent=22288"}],"curies":[{"name":"wp","href":"https:\/\/api.w.org\/{rel}","templated":true}]}}