{"id":22300,"date":"2020-03-04T04:06:40","date_gmt":"2020-03-04T03:06:40","guid":{"rendered":"https:\/\/neocatechumenaleiter.org\/slowa-papiezy\/sw-jan-pawel-ii\/audiencja-papieza-dla-archidiecezjalnego-seminarium-redemptoris-mater-w-rzymie-18-3-2004\/"},"modified":"2021-04-30T10:21:12","modified_gmt":"2021-04-30T09:21:12","slug":"audiencja-papieza-dla-archidiecezjalnego-seminarium-redemptoris-mater-w-rzymie-18-3-2004","status":"publish","type":"page","link":"https:\/\/neocatechumenaleiter.org\/pl\/slowa-papiezy\/sw-jan-pawel-ii\/audiencja-papieza-dla-archidiecezjalnego-seminarium-redemptoris-mater-w-rzymie-18-3-2004\/","title":{"rendered":"AUDIENCJA PAPIE\u017bA DLA ARCHIDIECEZJALNEGO SEMINARIUM \u201eREDEMPTORIS MATER\u201d W RZYMIE 18-3-2004"},"content":{"rendered":"\n<h1 class=\"has-text-align-center wp-block-heading\">AUDIENCJA PAPIE\u017bA DLA ARCHIDIECEZJALNEGO SEMINARIUM \u201eREDEMPTORIS MATER\u201d W RZYMIE 18-3-2004<\/h1>\n\n<div style=\"height:20px\" aria-hidden=\"true\" class=\"wp-block-spacer\"><\/div>\n\n<h4 class=\"has-text-align-center wp-block-heading\">\u015aw. Jan Pawe\u0142 II<\/h4>\n\n<div style=\"height:20px\" aria-hidden=\"true\" class=\"wp-block-spacer\"><\/div>\n\n<p><strong>Watykan, 18 marca 2004 r.<\/strong><\/p>\n\n<p><em>Ojciec \u015awi\u0119ty Jan Pawe\u0142 II przyj\u0105\u0142 na prywatnej audiencji, w Sali Klementy\u0144skiej watyka\u0144skiego Pa\u0142acu Apostolskiego, cz\u0142onk\u00f3w wsp\u00f3lnoty diecezjalnego seminarium &#8222;Redemptoris Mater&#8221; w Rzymie. Na pocz\u0105tku audiencji kardyna\u0142 Camillo Ruini, wikariusz generalny Jego \u015awi\u0105tobliwo\u015bci dla diecezji rzymskiej, skierowa\u0142 do Jana Paw\u0142a II nast\u0119puj\u0105ce s\u0142owa pozdrowienia:<\/em><\/p>\n\n<p>\u00abOjcze \u015awi\u0119ty,&#013;\n&#013;\nPrze\u0142o\u017ceni i alumni Seminarium \u201eRedemptoris Mater\u201d w Rzymie wyra\u017caj\u0105 Tobie, za moim po\u015brednictwem, ca\u0142\u0105 rado\u015b\u0107 i wdzi\u0119czno\u015b\u0107 ich serca za t\u0119 Audiencj\u0119, kt\u00f3ra naznacza etap wielkiej wagi w ci\u0105gu szesnastu lat \u017cycia tego Seminarium, po Eucharystii celebrowanej z nimi przez Wasz\u0105 \u015awi\u0105tobliwo\u015b\u0107 31 pa\u017adziernika 1993r.&#013;\n&#013;\nOjcze \u015awi\u0119ty, to Seminarium diecezjalne i misyjne, w kt\u00f3rym wszyscy Prze\u0142o\u017ceni i alumni uczestnicz\u0105 w do\u015bwiadczeniu Drogi Neokatechumenalnej, da\u0142o do dzi\u015b 196 wy\u015bwi\u0119conych kap\u0142an\u00f3w, z kt\u00f3rych 170 jest inkardynowanych w Diecezji Rzymskiej. 74 z nich wype\u0142nia obecnie pos\u0142ug\u0119 pastoraln\u0105 w parafiach naszej Diecezji lub w Wikariacie. Natomiast inni pracuj\u0105 jako \u201efidei donum\u201d w r\u00f3\u017cnych cz\u0119\u015bciach \u015bwiata. Ponadto jedenastu diakon\u00f3w czeka na \u015bwi\u0119cenia kap\u0142a\u0144skie, kt\u00f3re b\u0119d\u0105 im udzielone przez Wasz\u0105 \u015awi\u0105tobliwo\u015b\u0107 w niedziel\u0119 2 maja, razem z innymi diakonami Diecezji Rzymskiej.<\/p>\n\n<p>Do\u015bwiadczenie, kt\u00f3re mog\u0142em uczyni\u0107 w ci\u0105gu tych lat, czy to odwiedzaj\u0105c osobi\u015bcie Seminarium, jak te\u017c w kontakcie z kap\u0142anami, kt\u00f3rzy zostali uformowani w nim, potwierdza mi, Ojcze \u015awi\u0119ty, \u017ce \u201eRedemptoris Mater\u201d stanowi wielki dar dla Diecezji Rzymskiej i dla Ko\u015bcio\u0142a rozsianego po ca\u0142ym \u015bwiecie.&#013;\nCi seminarzy\u015bci i ci kap\u0142ani, rzeczywi\u015bcie, kochaj\u0105 modlitw\u0119 i S\u0142owo Bo\u017ce, praktykuj\u0105 z wierno\u015bci\u0105 dyscyplin\u0119 i \u017cycie wsp\u00f3lne, ca\u0142kowicie przylgn\u0119li do doktryny Ko\u015bcio\u0142a i o\u017cywieni s\u0105 wielkim zapa\u0142em misyjnym. Mog\u0119 ponadto za\u015bwiadczy\u0107 z rado\u015bci\u0105, Ojcze \u015awi\u0119ty, \u017ce maj\u0105 oni wielk\u0105 mi\u0142o\u015b\u0107 do Osoby Waszej \u015awi\u0105tobliwo\u015bci i do Waszej Pos\u0142ugi Nast\u0119pcy Piotra.&#013;\nOjcze \u015awi\u0119ty, ci seminarzy\u015bci i ich Prze\u0142o\u017ceni oczekuj\u0105, aby przez Twoje S\u0142owo i Tw\u0105 ojcowsk\u0105 dobro\u0107, zostali o\u015bwieceni w ich itinerarium formacyjnym i umocnieni w powo\u0142aniu do s\u0142u\u017cenia Ko\u015bcio\u0142owi, \u015bladami Dobrego Pasterza, Jezusa Chrystusa.&#013;\nJeszcze raz dzi\u0119kuj\u0119, Ojcze \u015awi\u0119ty, zechciej nam pob\u0142ogos\u0142awi\u0107\u00bb.<\/p>\n\n<div class=\"wp-block-image\"><figure class=\"alignleft size-large\"><img loading=\"lazy\" decoding=\"async\" width=\"768\" height=\"524\" src=\"https:\/\/neocatechumenaleiter.org\/wp-content\/uploads\/2020\/03\/Camino_Neocatecumenal_Juan_Pablo_II_exhortacion_seminaristas_redemptoris_mater_roma_2004.jpg\" alt=\"\" class=\"wp-image-5679\" srcset=\"https:\/\/neocatechumenaleiter.org\/wp-content\/uploads\/2020\/03\/Camino_Neocatecumenal_Juan_Pablo_II_exhortacion_seminaristas_redemptoris_mater_roma_2004.jpg 768w, https:\/\/neocatechumenaleiter.org\/wp-content\/uploads\/2020\/03\/Camino_Neocatecumenal_Juan_Pablo_II_exhortacion_seminaristas_redemptoris_mater_roma_2004-300x205.jpg 300w\" sizes=\"auto, (max-width: 768px) 100vw, 768px\" \/><\/figure><\/div>\n\n<p><em>Po pozdrowieniu przez kardyna\u0142a wikariusza Camillo Ruiniego, Papie\u017c skierowa\u0142 do obecnych nast\u0119puj\u0105ce przem\u00f3wienie, kt\u00f3re zamieszczamy poni\u017cej:<\/em>&#013;\n&#013;\n\u201e<strong>Id\u017acie na ca\u0142y \u015bwiat i g\u0142o\u015bcie Ewangeli\u0119 wszelkiemu stworzeniu<\/strong>\u201d (<em>Mk 16,15<\/em>).<\/p>\n\n<p>\u00ab1.&#013;\n&#013;\nNajdro\u017csi Prze\u0142o\u017ceni i alumni diecezjalnego Seminarium \u201eRedemptoris Mater\u201d, ciesz\u0119 si\u0119, \u017ce mog\u0119 przyj\u0105\u0107 was tymi s\u0142owami Jezusa Zmartwychwsta\u0142ego, kt\u00f3rych s\u0142uchacie i rozwa\u017cacie podczas Uroczysto\u015bci \u015bwi\u0119tych Cyryla i Metodego, w rocznic\u0119 kanonicznego erygowania waszego Seminarium.&#013;\n&#013;\nPozdrawiam przede wszystkim Kardyna\u0142a Wikariusza i dzi\u0119kuj\u0119 mu za s\u0142owa, jakie do mnie skierowa\u0142. Pozdrawiam serdecznie waszego Rektora, Mons. Claudiano Strazzari, innych Prze\u0142o\u017conych i formator\u00f3w oraz ka\u017cdego z was, najdro\u017csi alumni.<\/p>\n\n<p>2.&#013;\n&#013;\nMin\u0119\u0142o ju\u017c ponad szesna\u015bcie lat od powstania waszego Seminarium, kt\u00f3re zaprezentowa\u0142o do\u015bwiadczenie nowe i bardzo znacz\u0105ce, z punktu widzenia formacji prezbiter\u00f3w dla nowej ewangelizacji. Od tamtego czasu powsta\u0142y na \u015bwiecie r\u00f3\u017cne inne Seminaria \u201eRedemptoris Mater\u201d, kt\u00f3re inspiruj\u0105 si\u0119 waszym modelem i uczestnicz\u0105 w waszych celach.&#013;\n&#013;\n<strong>Szczeg\u00f3lnie obfite s\u0105 owoce dobra, kt\u00f3re w ci\u0105gu tych lat wasze Seminarium wyda\u0142o<\/strong>. Dzi\u0119kuj\u0119 Panu za nie razem z wami. Za te same owoce pragn\u0119 tak\u017ce podzi\u0119kowa\u0107 Drodze Neokatechumenalnej, w kt\u00f3rej zrodzi\u0142y si\u0119 i wzrasta\u0142y wasze powo\u0142ania. Dzi\u0119kuj\u0119 r\u00f3wnie\u017c ksi\u0119dzu Rektorowi i innym waszym Prze\u0142o\u017conym za to, \u017ce pod troskliwym przewodem Kardyna\u0142a Wikariusza, prowadz\u0105 z mi\u0142o\u015bci\u0105 i m\u0105dro\u015bci\u0105 wasze przygotowanie do kap\u0142a\u0144stwa.&#013;\n&#013;\nWdzi\u0119czn\u0105 m\u0105 my\u015bl kieruj\u0119 tak\u017ce do Inicjator\u00f3w Drogi, kt\u00f3rym zawdzi\u0119cza si\u0119 trafn\u0105 intuicj\u0119, by zaproponowa\u0107 erygowanie waszego Seminarium i kt\u00f3rzy wiele si\u0119 po\u015bwi\u0119caj\u0105, aby sprzyja\u0107 rodzeniu si\u0119 na Drodze powo\u0142a\u0144 do kap\u0142a\u0144stwa i do \u017cycia konsekrowanego. Pragn\u0119 r\u00f3wnie\u017c wspomnie\u0107 z wami dw\u00f3ch Biskup\u00f3w, Mons. Giulio Salimei i Mons. Maximino Romero, kt\u00f3rzy \u2013 jeden jako rektor, drugi jako ojciec duchowny \u2013 swoim rozumnym oddaniem i przyk\u0142adem \u017cycia wnie\u015bli ogromny wk\u0142ad w pocz\u0105tkowy rozw\u00f3j i dobre ukszta\u0142towanie si\u0119 \u201eRedemptoris Mater\u201d.&#013;\n&#013;\nMi\u0142o mi tak\u017ce podkre\u015bli\u0107 \u2013 jak to ju\u017c przypomnia\u0142 Kardyna\u0142 Wikariusz \u2013 \u017ce w tych szesnastu latach wysz\u0142a z waszego Seminarium wielka liczba gorliwych kap\u0142an\u00f3w, odpowiednio oddaj\u0105cych si\u0119 cz\u0119\u015bciowo pos\u0142udze duszpasterskiej Diecezji Rzymskiej, a cz\u0119\u015bciowo misjom na ca\u0142ym \u015bwiecie, jako kap\u0142ani \u201e<em>fidei donum<\/em>\u201d.<\/p>\n\n<p>3.&#013;\n&#013;\nDla osi\u0105gni\u0119cia tych pozytywnych rezultat\u00f3w fundamentaln\u0105 spraw\u0105 jest mie\u0107 zawsze jasno, w waszym itinerarium formacyjnym, natur\u0119 i cechy kap\u0142a\u0144stwa s\u0142u\u017cebnego, jak podaje Sob\u00f3r Watyka\u0144ski\u00a0II a nast\u0119pnie Posynodalna Adhortacja Apostolska <em>Pastores dabo vobis<\/em>.&#013;\n&#013;\n<strong>Kap\u0142a\u0144stwo powszechne wiernych i kap\u0142a\u0144stwo s\u0142u\u017cebne s\u0105 przyporz\u0105dkowane jedno drugiemu i g\u0142\u0119boko z\u0142\u0105czone<\/strong>, ka\u017cde bowiem we w\u0142a\u015bciwy sobie spos\u00f3b uczestniczy w jedynym kap\u0142a\u0144stwie Chrystusa. R\u00f3\u017cni\u0105 si\u0119 natomiast istot\u0105, a nie tylko stopniem (<em>por. Lumen gentium, 10<\/em>). Moc\u0105 sakramentu Kap\u0142a\u0144stwa prezbiterzy s\u0105 upodobnieni w szczeg\u00f3lny spos\u00f3b do Jezusa Chrystusa jako G\u0142owy i Pasterza swojego ludu i w s\u0142u\u017cbie temu ludowi maj\u0105 \u2013 na podobie\u0144stwo Chrystusa \u2013 odda\u0107 i ofiarowa\u0107 swoje \u017cycie. W\u0142a\u015bnie dlatego reprezentuj\u0105 sakramentalnie Jezusa Chrystusa g\u0142ow\u0119 i Pasterza, s\u0105 oni zatem powo\u0142ani do przewodniczenia, w \u015bcis\u0142ej komunii z Biskupem, wsp\u00f3lnocie im powierzonej, wed\u0142ug ka\u017cdego z trzech wymiar\u00f3w \u2013 prorockiego, kap\u0142a\u0144skiego i kr\u00f3lewskiego \u2013 w kt\u00f3rych wyra\u017ca si\u0119 jedyna misja Chrystusa i Ko\u015bcio\u0142a (<em>por. Pastores dabo vobis,<\/em> 12-16).<\/p>\n\n<div class=\"wp-block-image\"><figure class=\"alignright size-large\"><img loading=\"lazy\" decoding=\"async\" width=\"768\" height=\"522\" src=\"https:\/\/neocatechumenaleiter.org\/wp-content\/uploads\/2020\/03\/Camino_Neocatecumenal_Juan_Pablo_II_exhortacion_seminaristas_redemptoris_mater_roma_2004_2.jpg\" alt=\"\" class=\"wp-image-5681\" srcset=\"https:\/\/neocatechumenaleiter.org\/wp-content\/uploads\/2020\/03\/Camino_Neocatecumenal_Juan_Pablo_II_exhortacion_seminaristas_redemptoris_mater_roma_2004_2.jpg 768w, https:\/\/neocatechumenaleiter.org\/wp-content\/uploads\/2020\/03\/Camino_Neocatecumenal_Juan_Pablo_II_exhortacion_seminaristas_redemptoris_mater_roma_2004_2-300x204.jpg 300w\" sizes=\"auto, (max-width: 768px) 100vw, 768px\" \/><\/figure><\/div>\n\n<p>Najdro\u017csi seminarzy\u015bci, trzymaj\u0105c si\u0119 tej solidnej doktryny w waszej formacji, a potem w codziennym wykonywaniu pos\u0142ugi prezbitera, b\u0119dziecie mogli prze\u017cywa\u0107 rado\u015bnie \u0142ask\u0119 kap\u0142a\u0144stwa i zapewnia\u0107 autentyczn\u0105 i p\u0142odn\u0105 pos\u0142ug\u0119 Diecezji Rzymskiej oraz Ko\u015bcio\u0142om siostrzanym, do kt\u00f3rych zostaniecie pos\u0142ani.&#013;\nModlitwa, studium, \u017cycie wsp\u00f3lnotowe, dobrze zharmonizowane w planie formacyjnym i wprowadzone w praktyk\u0119 z wierno\u015bci\u0105 i hojno\u015bci\u0105 w konkretnym istnieniu waszego Seminarium, s\u0105 drogami poprzez kt\u00f3re Pan rze\u017abi w was, dzie\u0144 po dniu, obraz Chrystusa Dobrego Pasterza.<\/p>\n\n<p>4. Na tych fundamentach mo\u017cecie tak\u017ce przygotowywa\u0107 si\u0119 do tego, aby kiedy b\u0119dziecie kap\u0142anami, prze\u017cywa\u0107 w spos\u00f3b spokojny i korzystny, wasz\u0105 przynale\u017cno\u015b\u0107 podstawow\u0105 i bez rezerw do prezbiterium diecezjalnego, kt\u00f3ra w Biskupie ma sw\u00f3j g\u0142\u00f3wny punkt odniesienia, a jednocze\u015bnie g\u0142\u0119bok\u0105 wi\u0119\u017a, kt\u00f3ra was \u0142\u0105czy z do\u015bwiadczeniem Drogi Neokatechumenalnej. Istotnie, jak jest napisane w art. 18 Statutu \u201eDrogi\u201d, w seminariach diecezjalnych i misyjnych \u201eRedemptoris Mater\u201d, \u201ekandydaci do kap\u0142a\u0144stwa znajduj\u0105 poprzez udzia\u0142 w Drodze Neokatechumenalnej specyficzny i podstawowy element procesu formacyjnego, a r\u00f3wnocze\u015bnie s\u0105 przygotowywani do autentycznego wyboru kap\u0142a\u0144stwa w s\u0142u\u017cbie ca\u0142emu Ludowi Bo\u017cemu w braterskiej komunii z prezbiterium\u201d.<\/p>\n\n<p>Nale\u017cy tak\u017ce unika\u0107 fa\u0142szywej alternatywy pomi\u0119dzy pos\u0142ug\u0105 duszpastersk\u0105 w Diecezji, do kt\u00f3rej nale\u017cycie, a misj\u0105 powszechn\u0105, a\u017c do najdalszych kra\u0144c\u00f3w ziemi, kt\u00f3ra jest zakorzeniona w samym udziale sakramentalnym w kap\u0142a\u0144stwie Chrystusa (por. Pastores dabo vobis 17, 18) i do kt\u00f3rej jeste\u015bcie w spos\u00f3b szczeg\u00f3lny przygotowani poprzez do\u015bwiadczenie Drogi Neokatechumenalnej.&#013;\nWasze konkretne pos\u0142anie nale\u017cy w rzeczywisto\u015bci do Biskupa, kt\u00f3ry ma w sercu zar\u00f3wno potrzeby w\u0142asnej Diecezji jak i wymogi misji powszechnej. Powierzaj\u0105c si\u0119 w postawie ufnego i serdecznego pos\u0142usze\u0144stwa Jego decyzjom, znajdziecie pok\u00f3j i pogod\u0119 wewn\u0119trzn\u0105 i b\u0119dziecie mogli w ka\u017cdym przypadku wyrazi\u0107 wasz charyzmat misyjny, gdy\u017c tak\u017ce tutaj w Rzymie duszpasterstwo jest i b\u0119dzie musia\u0142o by\u0107 coraz bardziej charakteryzowane priorytetem ewangelizacji.<\/p>\n\n<p>5. Najdro\u017csi Prze\u0142o\u017ceni i alumni Seminarium \u201eRedemptoris Mater\u201d w Rzymie, patrzcie zawsze oczyma wiary na wasze \u017cycie, na wasze powo\u0142anie i na wasz\u0105 misj\u0119. Na zako\u0144czenie tego spotkania pragn\u0119 ponownie wyrazi\u0107 wam swoj\u0105 mi\u0142o\u015b\u0107 i zaufanie, kt\u00f3re \u017cywi\u0119 do was oraz zapewni\u0107 o mojej nieustannej modlitwie za ka\u017cdego z was, za ca\u0142e Seminarium, za wsp\u00f3lnoty Drogi Neokatechumenalnej, a zw\u0142aszcza za powo\u0142ania do kap\u0142a\u0144stwa, kt\u00f3re w nich dojrzewaj\u0105.<\/p>\n\n<p>Z tymi uczuciami udzielam wam wszystkim oraz tym, kt\u00f3rzy s\u0105 wam drodzy, Apostolskiego B\u0142ogos\u0142awie\u0144stwa\u00bb.  &#013;\n&#013;\n(*) Zob. L\u2019Osservatore Romano, 19 marca 2004 r., s. 5<\/p>\n","protected":false},"excerpt":{"rendered":"<p>AUDIENCJA PAPIE\u017bA DLA ARCHIDIECEZJALNEGO SEMINARIUM \u201eREDEMPTORIS MATER\u201d W RZYMIE 18-3-2004 \u015aw. Jan Pawe\u0142 II Watykan, 18 marca 2004 r. Ojciec \u015awi\u0119ty Jan Pawe\u0142 II przyj\u0105\u0142 na prywatnej audiencji, w Sali Klementy\u0144skiej watyka\u0144skiego Pa\u0142acu Apostolskiego, cz\u0142onk\u00f3w wsp\u00f3lnoty diecezjalnego seminarium &#8222;Redemptoris Mater&#8221; w Rzymie. Na pocz\u0105tku audiencji kardyna\u0142 Camillo Ruini, wikariusz generalny Jego \u015awi\u0105tobliwo\u015bci dla diecezji rzymskiej, skierowa\u0142 do Jana Paw\u0142a II nast\u0119puj\u0105ce s\u0142owa pozdrowienia: \u00abOjcze \u015awi\u0119ty,&#013; &#013; Prze\u0142o\u017ceni i alumni Seminarium<\/p>\n<div class=\"read-more\"><a class=\"btn read-more-btn\" href=\"https:\/\/neocatechumenaleiter.org\/pl\/slowa-papiezy\/sw-jan-pawel-ii\/audiencja-papieza-dla-archidiecezjalnego-seminarium-redemptoris-mater-w-rzymie-18-3-2004\/\">Czytaj dalej<\/a><\/div>\n","protected":false},"author":2,"featured_media":0,"parent":16496,"menu_order":100,"comment_status":"closed","ping_status":"closed","template":"","meta":{"footnotes":""},"class_list":["post-22300","page","type-page","status-publish","hentry"],"_links":{"self":[{"href":"https:\/\/neocatechumenaleiter.org\/pl\/wp-json\/wp\/v2\/pages\/22300","targetHints":{"allow":["GET"]}}],"collection":[{"href":"https:\/\/neocatechumenaleiter.org\/pl\/wp-json\/wp\/v2\/pages"}],"about":[{"href":"https:\/\/neocatechumenaleiter.org\/pl\/wp-json\/wp\/v2\/types\/page"}],"author":[{"embeddable":true,"href":"https:\/\/neocatechumenaleiter.org\/pl\/wp-json\/wp\/v2\/users\/2"}],"replies":[{"embeddable":true,"href":"https:\/\/neocatechumenaleiter.org\/pl\/wp-json\/wp\/v2\/comments?post=22300"}],"version-history":[{"count":13,"href":"https:\/\/neocatechumenaleiter.org\/pl\/wp-json\/wp\/v2\/pages\/22300\/revisions"}],"predecessor-version":[{"id":22313,"href":"https:\/\/neocatechumenaleiter.org\/pl\/wp-json\/wp\/v2\/pages\/22300\/revisions\/22313"}],"up":[{"embeddable":true,"href":"https:\/\/neocatechumenaleiter.org\/pl\/wp-json\/wp\/v2\/pages\/16496"}],"wp:attachment":[{"href":"https:\/\/neocatechumenaleiter.org\/pl\/wp-json\/wp\/v2\/media?parent=22300"}],"curies":[{"name":"wp","href":"https:\/\/api.w.org\/{rel}","templated":true}]}}