{"id":22322,"date":"2020-03-04T03:44:03","date_gmt":"2020-03-04T02:44:03","guid":{"rendered":"https:\/\/neocatechumenaleiter.org\/slowa-papiezy\/sw-jan-pawel-ii\/spotkanie-powolaniowe-na-gorze-blogoslawienstw-24-3-2000\/"},"modified":"2021-04-30T10:36:24","modified_gmt":"2021-04-30T09:36:24","slug":"spotkanie-powolaniowe-na-gorze-blogoslawienstw-24-3-2000","status":"publish","type":"page","link":"https:\/\/neocatechumenaleiter.org\/pl\/slowa-papiezy\/sw-jan-pawel-ii\/spotkanie-powolaniowe-na-gorze-blogoslawienstw-24-3-2000\/","title":{"rendered":"Spotkanie Powo\u0142aniowe na G\u00f3rze B\u0142ogos\u0142awie\u0144stw 24-3-2000"},"content":{"rendered":"\n<h1 class=\"has-text-align-center wp-block-heading\">Spotkanie Powo\u0142aniowe na G\u00f3rze B\u0142ogos\u0142awie\u0144stw 24-3-2000<\/h1>\n\n<div style=\"height:20px\" aria-hidden=\"true\" class=\"wp-block-spacer\"><\/div>\n\n<h4 class=\"has-text-align-center wp-block-heading\">\u015aw. Jan Pawe\u0142 II<\/h4>\n\n<div style=\"height:20px\" aria-hidden=\"true\" class=\"wp-block-spacer\"><\/div>\n\n<p><strong>Korazim (G\u00f3ra B\u0142ogos\u0142awie\u0144stw) , 24 marca 2000 r.<\/strong><\/p>\n\n<p><em>Po zako\u0144czeniu celebracji eucharystycznej inicjatorzy Drogi mieli spotkanie z 50 tys. m\u0142odych ludzi ze Wsp\u00f3lnot Neokatechumenalnych z 72 narod\u00f3w. Podczas spotkania, kt\u00f3remu przewodniczy\u0142 kardyna\u0142 Antonio Maria Rouco Varela, arcybiskup Madrytu, mia\u0142o miejsce wezwanie powo\u0142aniowe: oko\u0142o trzech tysi\u0119cy m\u0142odych m\u0119\u017cczyzn wsta\u0142o do kap\u0142a\u0144stwa, a oko\u0142o dw\u00f3ch tysi\u0119cy dziewcz\u0105t do \u017cycia zakonnego. Ponad dwa tysi\u0105ce dziewcz\u0105t odpowiedzia\u0142o na powo\u0142anie do \u017cycia zakonnego, tutaj na kolanach przyjmuj\u0105 na\u0142o\u017cenie r\u0105k przez biskup\u00f3w.<\/em><\/p>\n\n<figure class=\"wp-block-gallery aligncenter columns-2 is-cropped wp-block-gallery-1 is-layout-flex wp-block-gallery-is-layout-flex\"><ul class=\"blocks-gallery-grid\"><li class=\"blocks-gallery-item\"><figure><img loading=\"lazy\" decoding=\"async\" width=\"347\" height=\"207\" src=\"https:\/\/neocatechumenaleiter.org\/wp-content\/uploads\/2020\/03\/Camino_Neocatecumenal_Juan_Pablo_II_llamada_vocacional_monte_Bienaventuranzas_2000.jpg\" alt=\"\" data-id=\"2823\" data-full-url=\"https:\/\/neocatechumenaleiter.org\/wp-content\/uploads\/2020\/03\/Camino_Neocatecumenal_Juan_Pablo_II_llamada_vocacional_monte_Bienaventuranzas_2000.jpg\" data-link=\"https:\/\/neocatechumenaleiter.org\/?attachment_id=2823\" class=\"wp-image-4870\" srcset=\"https:\/\/neocatechumenaleiter.org\/wp-content\/uploads\/2020\/03\/Camino_Neocatecumenal_Juan_Pablo_II_llamada_vocacional_monte_Bienaventuranzas_2000.jpg 347w, https:\/\/neocatechumenaleiter.org\/wp-content\/uploads\/2020\/03\/Camino_Neocatecumenal_Juan_Pablo_II_llamada_vocacional_monte_Bienaventuranzas_2000-300x179.jpg 300w\" sizes=\"auto, (max-width: 347px) 100vw, 347px\" \/><\/figure><\/li><li class=\"blocks-gallery-item\"><figure><img loading=\"lazy\" decoding=\"async\" width=\"400\" height=\"271\" src=\"https:\/\/neocatechumenaleiter.org\/wp-content\/uploads\/2020\/03\/Camino_Neocatecumenal_Juan_Pablo_II_llamada_vocacional_monte_Bienaventuranzas_2000_2.jpg\" alt=\"\" data-id=\"2816\" data-full-url=\"https:\/\/neocatechumenaleiter.org\/wp-content\/uploads\/2020\/03\/Camino_Neocatecumenal_Juan_Pablo_II_llamada_vocacional_monte_Bienaventuranzas_2000_2.jpg\" data-link=\"https:\/\/neocatechumenaleiter.org\/?attachment_id=2816\" class=\"wp-image-4868\" srcset=\"https:\/\/neocatechumenaleiter.org\/wp-content\/uploads\/2020\/03\/Camino_Neocatecumenal_Juan_Pablo_II_llamada_vocacional_monte_Bienaventuranzas_2000_2.jpg 400w, https:\/\/neocatechumenaleiter.org\/wp-content\/uploads\/2020\/03\/Camino_Neocatecumenal_Juan_Pablo_II_llamada_vocacional_monte_Bienaventuranzas_2000_2-300x203.jpg 300w\" sizes=\"auto, (max-width: 400px) 100vw, 400px\" \/><\/figure><\/li><\/ul><\/figure>","protected":false},"excerpt":{"rendered":"<p>Spotkanie Powo\u0142aniowe na G\u00f3rze B\u0142ogos\u0142awie\u0144stw 24-3-2000 \u015aw. Jan Pawe\u0142 II Korazim (G\u00f3ra B\u0142ogos\u0142awie\u0144stw) , 24 marca 2000 r. Po zako\u0144czeniu celebracji eucharystycznej inicjatorzy Drogi mieli spotkanie z 50 tys. m\u0142odych ludzi ze Wsp\u00f3lnot Neokatechumenalnych z 72 narod\u00f3w. Podczas spotkania, kt\u00f3remu przewodniczy\u0142 kardyna\u0142 Antonio Maria Rouco Varela, arcybiskup Madrytu, mia\u0142o miejsce wezwanie powo\u0142aniowe: oko\u0142o trzech tysi\u0119cy m\u0142odych m\u0119\u017cczyzn wsta\u0142o do kap\u0142a\u0144stwa, a oko\u0142o dw\u00f3ch tysi\u0119cy dziewcz\u0105t do \u017cycia zakonnego. Ponad dwa<\/p>\n<div class=\"read-more\"><a class=\"btn read-more-btn\" href=\"https:\/\/neocatechumenaleiter.org\/pl\/slowa-papiezy\/sw-jan-pawel-ii\/spotkanie-powolaniowe-na-gorze-blogoslawienstw-24-3-2000\/\">Czytaj dalej<\/a><\/div>\n","protected":false},"author":2,"featured_media":0,"parent":16496,"menu_order":95,"comment_status":"closed","ping_status":"closed","template":"","meta":{"footnotes":""},"class_list":["post-22322","page","type-page","status-publish","hentry"],"_links":{"self":[{"href":"https:\/\/neocatechumenaleiter.org\/pl\/wp-json\/wp\/v2\/pages\/22322","targetHints":{"allow":["GET"]}}],"collection":[{"href":"https:\/\/neocatechumenaleiter.org\/pl\/wp-json\/wp\/v2\/pages"}],"about":[{"href":"https:\/\/neocatechumenaleiter.org\/pl\/wp-json\/wp\/v2\/types\/page"}],"author":[{"embeddable":true,"href":"https:\/\/neocatechumenaleiter.org\/pl\/wp-json\/wp\/v2\/users\/2"}],"replies":[{"embeddable":true,"href":"https:\/\/neocatechumenaleiter.org\/pl\/wp-json\/wp\/v2\/comments?post=22322"}],"version-history":[{"count":3,"href":"https:\/\/neocatechumenaleiter.org\/pl\/wp-json\/wp\/v2\/pages\/22322\/revisions"}],"predecessor-version":[{"id":22325,"href":"https:\/\/neocatechumenaleiter.org\/pl\/wp-json\/wp\/v2\/pages\/22322\/revisions\/22325"}],"up":[{"embeddable":true,"href":"https:\/\/neocatechumenaleiter.org\/pl\/wp-json\/wp\/v2\/pages\/16496"}],"wp:attachment":[{"href":"https:\/\/neocatechumenaleiter.org\/pl\/wp-json\/wp\/v2\/media?parent=22322"}],"curies":[{"name":"wp","href":"https:\/\/api.w.org\/{rel}","templated":true}]}}