{"id":22326,"date":"2020-03-04T04:10:16","date_gmt":"2020-03-04T03:10:16","guid":{"rendered":"https:\/\/neocatechumenaleiter.org\/slowa-papiezy\/sw-jan-pawel-ii\/inauguracja-biblioteki-w-domus-galilaeae-31-3-2005\/"},"modified":"2021-04-30T10:59:35","modified_gmt":"2021-04-30T09:59:35","slug":"inauguracja-biblioteki-w-domus-galilaeae-31-3-2005","status":"publish","type":"page","link":"https:\/\/neocatechumenaleiter.org\/pl\/slowa-papiezy\/sw-jan-pawel-ii\/inauguracja-biblioteki-w-domus-galilaeae-31-3-2005\/","title":{"rendered":"Inauguracja Biblioteki w Domus Galilaeae 31-3-2005"},"content":{"rendered":"\n<h1 class=\"has-text-align-center wp-block-heading\">Inauguracja Biblioteki w Domus Galilaeae 31-3-2005<\/h1>\n\n<div style=\"height:20px\" aria-hidden=\"true\" class=\"wp-block-spacer\"><\/div>\n\n<h4 class=\"has-text-align-center wp-block-heading\">\u015aw. Jan Pawe\u0142 II<\/h4>\n\n<div style=\"height:20px\" aria-hidden=\"true\" class=\"wp-block-spacer\"><\/div>\n\n<p><strong>Korazin, 31 marca 2005 r.<\/strong><\/p>\n\n<p><em>Biblioteka zosta\u0142a zainaugurowana 31 marca 2005 r. w obecno\u015bci ponad 50 biskup\u00f3w z r\u00f3\u017cnych cz\u0119\u015bci \u015bwiata. W\u015br\u00f3d nich: 11 kardyna\u0142\u00f3w, patriarcha Jego Eminencja Michel Sabbah, 3 patriarch\u00f3w Ko\u015bcio\u0142a Wschodniego, nuncjusz apostolski abp Pietro Sambi, kustosz Ziemi \u015awi\u0119tej, liczni rabini, przedstawiciele kongregacji i uniwersytet\u00f3w, rektorzy 56 seminari\u00f3w &#8222;Redemptoris Mater&#8221; i w\u0119drowni Drogi Neokatechumenalnej. Wszyscy byli obecni, aby podkre\u015bli\u0107 wa\u017cn\u0105 rol\u0119 Domus Galilaeae jako &#8222;pomostu&#8221; mi\u0119dzy judaizmem a chrze\u015bcija\u0144stwem, kt\u00f3r\u0105 Ojciec \u015awi\u0119ty przypisa\u0142 temu &#8222;domus&#8221; w li\u015bcie wys\u0142anym na t\u0119 okazj\u0119. Przy wej\u015bciu do biblioteki znajduje si\u0119 du\u017ca szklana p\u00f3\u0142kula, a nad jej sklepieniem gwie\u017adziste niebo. W \u015brodku znajduje si\u0119 zw\u00f3j z kompletn\u0105 Tor\u0105, napisan\u0105 trzysta lat temu.<\/em><\/p>\n\n<p><em>Tora znajduje si\u0119 w centrum biblioteki, kt\u00f3ra jest cz\u0119\u015bci\u0105 kompleksu Domus Galilaeae. Kiko Arg\u00fcello, kt\u00f3ry jest autorem projektu Domus Galilaeae i Biblioteki, powiedzia\u0142 kilka s\u0142\u00f3w, aby wyja\u015bni\u0107 struktur\u0119 architektoniczn\u0105. &#8222;Kula jest symbolem wszech\u015bwiata i wyra\u017ca centraln\u0105 ide\u0119 tradycji hebrajskiej i chrze\u015bcija\u0144skiej zawart\u0105 w Ksi\u0119dze Przys\u0142\u00f3w 8, 29-30: &#8222;Kiedy (B\u00f3g) zak\u0142ada\u0142 fundamenty ziemi, ja (M\u0105dro\u015b\u0107) by\u0142am tam jako architekt&#8221;. Biblioteka b\u0119dzie specjalizowa\u0107 si\u0119 w Kazaniu na G\u00f3rze, aby da\u0107 biskupom, kap\u0142anom i seminarzystom mo\u017cliwo\u015b\u0107 pog\u0142\u0119bienia studium i medytacji tego tekstu&#8221;. Poni\u017cej zamieszczamy list, kt\u00f3ry Jan Pawe\u0142 II zechcia\u0142 wys\u0142a\u0107 na t\u0119 okazj\u0119. By\u0142 to jeden z ostatnich oficjalnych akt\u00f3w jego pontyfikatu.<\/em><\/p>\n\n<p>\u00abNajdro\u017csi Bracia i Siostry!:&#013;\n1. Z rado\u015bci\u0105 przyj\u0105\u0142em wiadomo\u015b\u0107, \u017ce 31 marca br. zostanie inaugurowana biblioteka \u201e<em>Domus Galileae<\/em>\u201d, kt\u00f3ry wznosi si\u0119 nieopodal G\u00f3ry B\u0142ogos\u0142awie\u0144stw. Na koniec konwiwencji, w kt\u00f3rej bior\u0105 udzia\u0142 liczni Kardyna\u0142owie, Biskupi i kap\u0142ani pochodz\u0105cy z r\u00f3\u017cnych stron \u015bwiata wraz z rektorami seminari\u00f3w nale\u017c\u0105cych do Drogi neokatechumenalnej, odb\u0119dzie si\u0119 to tak znacz\u0105ce wydarzenie. Bardzo ch\u0119tnie my\u015bl\u0105 \u0142\u0105cz\u0119 si\u0119 z nim r\u00f3wnie\u017c i ja, zwracaj\u0105c si\u0119 z moim najserdeczniejszym pozdrowieniem do organizator\u00f3w i wszystkich obecnych. Pozdrawiam szczeg\u00f3lnie Ordynariuszy katolickich w Ziemi \u015awi\u0119tej poczynaj\u0105c od Patriarchy \u0142aci\u0144skiego, przedstawicieli w\u0142adz religijnych i politycznych \u015bwiata hebrajskiego, kt\u00f3rzy uczestnicz\u0105 w tej uroczysto\u015bci oraz przedstawicieli zgromadze\u0144 zakonnych i wsp\u00f3lnot parafialnych tego regionu.<\/p>\n\n<p>\u201e<em>Domus Galileae<\/em>\u201d wzbogaca si\u0119 o now\u0105 wa\u017cn\u0105 struktur\u0119, dok\u0142adnie o Bibliotek\u0119, kt\u00f3ra w swoim centrum go\u015bci Ksi\u0119g\u0119 Tory, po to aby symbolizowa\u0107 tak\u017ce architektonicznie centralno\u015b\u0107 S\u0142owa Bo\u017cego. Niech ten dom, zrealizowany przez odpowiedzialnych Drogi neokatechumenalnej, sprzyja poprzez odpowiednie inicjatywy pog\u0142\u0119bionej formacji religijnej i korzystnemu dialogowi pomi\u0119dzy Judaizmem a Ko\u015bcio\u0142em katolickim.<\/p>\n\n<div class=\"wp-block-image\"><figure class=\"alignright size-medium\"><img loading=\"lazy\" decoding=\"async\" width=\"184\" height=\"300\" src=\"https:\/\/neocatechumenaleiter.org\/wp-content\/uploads\/2020\/03\/Camino_Neocatecumenal_Juan_Pablo_II_inauguracion_biblioteca_domus_galilaeae_2005_2-184x300.jpg\" alt=\"\" class=\"wp-image-2881\" srcset=\"https:\/\/neocatechumenaleiter.org\/wp-content\/uploads\/2020\/03\/Camino_Neocatecumenal_Juan_Pablo_II_inauguracion_biblioteca_domus_galilaeae_2005_2-184x300.jpg 184w, https:\/\/neocatechumenaleiter.org\/wp-content\/uploads\/2020\/03\/Camino_Neocatecumenal_Juan_Pablo_II_inauguracion_biblioteca_domus_galilaeae_2005_2.jpg 396w\" sizes=\"auto, (max-width: 184px) 100vw, 184px\" \/><\/figure><\/div>\n\n<p>2.<em>\u00abLamp\u0105 dla mych krok\u00f3w jest Twoje s\u0142owo\u00bb<\/em> <em>(Ps 18, 29)<\/em>.&#013;\nW ten spos\u00f3b \u015bpiewa Psalmista i w ten spos\u00f3b b\u0119d\u0105 zaproszeni aby si\u0119 modli\u0107 wszyscy ci, kt\u00f3rzy skorzystaj\u0105 z wielorakich funkcji, jakie zaoferuje Biblioteka teraz inaugurowana. Wszech\u015bwiat zosta\u0142 skonstruowany wed\u0142ug wspania\u0142ego planu zainspirowanego M\u0105dro\u015bci\u0105 Boga. Ewangelia Jana rozpoczyna potwierdzaj\u0105c, \u017ce \u201ena pocz\u0105tku by\u0142o S\u0142owo a S\u0142owo by\u0142o u Boga i Bogiem by\u0142o S\u0142owo\u201d (J 1, 1). S\u0142owo, M\u0105dro\u015b\u0107 wieczna Boga, sta\u0142o si\u0119 cia\u0142em, rozbi\u0142o sw\u00f3j namiot mi\u0119dzy nami i ze swoj\u0105 \u015bmierci\u0105 i zmartwychwstaniem nas odkupi\u0142o. Kontemplujemy z rado\u015bci\u0105, w tych \u015bwi\u0119tych dniach Paschy, to podstawowe misterium naszej wiary. Chrystus, Pierworodny z ca\u0142ego stworzenia, szczyt Tory, zmartwychwsta\u0142 i teraz \u017cyje i idzie z nami, nieustannie o\u015bwiecaj\u0105c nas Swoim s\u0142owem zbawienia.<\/p>\n\n<p>Jak\u017ce g\u0142\u0119bokie s\u0105 jego nauki! Jak aktualne jest zawsze Kazanie na G\u00f3rze wypisane we Wszech\u015bwiecie! Pi\u0119kno Tory, kt\u00f3re znajduje swoje uwie\u0144czenie w B\u0142ogos\u0142awie\u0144stwach, pi\u0119kno Chrystusa kt\u00f3re ja\u015bnieje w Ko\u015bciele, Jego Ciele mistycznym, objawiaj\u0105 si\u0119 w znakomity spos\u00f3b w mi\u0142o\u015bci, kt\u00f3ra jednoczy mi\u0119dzy sob\u0105 wierz\u0105cych: oto jest przes\u0142anie, kt\u00f3re forma architektoniczna budynku \u201eDomus Galileae\u201d chce przekaza\u0107 swoim go\u015bciom i pielgrzymom. \u017bycz\u0119 z serca, aby wszyscy ci, kt\u00f3rzy b\u0119d\u0105 mieli mo\u017cliwo\u015b\u0107, by u was przebywa\u0107 lub was odwiedzi\u0107, mogli wzrasta\u0107 w poznaniu i  umi\u0142owaniu Chrystusa, M\u0105dro\u015bci w kt\u00f3rej znajduje si\u0119 Pocz\u0105tek wszystkiego.<\/p>\n\n<p>3. Najdro\u017csi Bracia i Siostry! Podczas gdy my\u015bl\u0105 jednocz\u0119 si\u0119 z wami, ponownie prze\u017cywam w duchu niezapomniane momenty wizyty, kt\u00f3r\u0105 Pan da\u0142 mi zrealizowa\u0107 w Ziemi \u015awi\u0119tej podczas Wielkiego Jubileuszu Roku 2000: ich rocznica przypada w\u0142a\u015bnie w tych dniach. W Korazim, na G\u00f3rze B\u0142ogos\u0142awie\u0144stw, niedaleko \u201eDomus Galileae\u201d , mia\u0142em mo\u017cliwo\u015b\u0107 spotkania m\u0142odzie\u017cy i celebrowania dla nich Mszy \u015awi\u0119tej. Chcia\u0142em im wskaza\u0107 jako regu\u0142\u0119 \u017cycia Dziesi\u0119\u0107 Przykaza\u0144 i B\u0142ogos\u0142awie\u0144stwa i zaprosi\u0142em ich do ca\u0142kowitej wierno\u015bci Chrystusowi. To samo zaproszenie kieruj\u0119 do was wszystkich w tym miejscu, gdzie nieprzerwanie brzmi\u0105 nie\u015bmiertelne s\u0142owa Odkupiciela. W waszym codziennym \u017cyciu przek\u0142adajcie je na konkretne dzie\u0142a i b\u0105d\u017acie w ka\u017cdej okoliczno\u015bci pokornymi i odwa\u017cnymi \u015bwiadkami Ewangelii.<\/p>\n\n<p>Dziewica Maryja, Gwiazda ewangelizacji, niech b\u0119dzie wam wzorem i przewodniczk\u0105. Ja was zapewniam o szczeg\u00f3lnej pami\u0119ci w modlitwie, gdy tymczasem z uczuciem b\u0142ogos\u0142awi\u0119 was i wszystkie osoby, kt\u00f3re s\u0105 wam drogie\u00bb.<\/p>\n\n<p><em>Z Watykanu, 24 Marca 2005, Wielki Czwartek.<\/em><\/p>\n\n<p><strong><em>Joannes Paulus PP II<\/em><\/strong><\/p>\n\n<figure class=\"wp-block-gallery columns-2 is-cropped wp-block-gallery-1 is-layout-flex wp-block-gallery-is-layout-flex\"><ul class=\"blocks-gallery-grid\"><li class=\"blocks-gallery-item\"><figure><img loading=\"lazy\" decoding=\"async\" width=\"768\" height=\"512\" src=\"https:\/\/neocatechumenaleiter.org\/wp-content\/uploads\/2020\/03\/Camino_Neocatecumenal_Juan_Pablo_II_inauguracion_biblioteca_domus_galilaeae_2005.jpg\" alt=\"\" data-id=\"2895\" data-full-url=\"https:\/\/neocatechumenaleiter.org\/wp-content\/uploads\/2020\/03\/Camino_Neocatecumenal_Juan_Pablo_II_inauguracion_biblioteca_domus_galilaeae_2005.jpg\" data-link=\"https:\/\/neocatechumenaleiter.org\/?attachment_id=2895\" class=\"wp-image-5655\" srcset=\"https:\/\/neocatechumenaleiter.org\/wp-content\/uploads\/2020\/03\/Camino_Neocatecumenal_Juan_Pablo_II_inauguracion_biblioteca_domus_galilaeae_2005.jpg 768w, https:\/\/neocatechumenaleiter.org\/wp-content\/uploads\/2020\/03\/Camino_Neocatecumenal_Juan_Pablo_II_inauguracion_biblioteca_domus_galilaeae_2005-300x200.jpg 300w\" sizes=\"auto, (max-width: 768px) 100vw, 768px\" \/><\/figure><\/li><li class=\"blocks-gallery-item\"><figure><img loading=\"lazy\" decoding=\"async\" width=\"768\" height=\"512\" src=\"https:\/\/neocatechumenaleiter.org\/wp-content\/uploads\/2020\/03\/Camino_Neocatecumenal_Juan_Pablo_II_inauguracion_biblioteca_domus_galilaeae_2005_3.jpg\" alt=\"\" data-id=\"2888\" data-full-url=\"https:\/\/neocatechumenaleiter.org\/wp-content\/uploads\/2020\/03\/Camino_Neocatecumenal_Juan_Pablo_II_inauguracion_biblioteca_domus_galilaeae_2005_3.jpg\" data-link=\"https:\/\/neocatechumenaleiter.org\/?attachment_id=2888\" class=\"wp-image-5653\" srcset=\"https:\/\/neocatechumenaleiter.org\/wp-content\/uploads\/2020\/03\/Camino_Neocatecumenal_Juan_Pablo_II_inauguracion_biblioteca_domus_galilaeae_2005_3.jpg 768w, https:\/\/neocatechumenaleiter.org\/wp-content\/uploads\/2020\/03\/Camino_Neocatecumenal_Juan_Pablo_II_inauguracion_biblioteca_domus_galilaeae_2005_3-300x200.jpg 300w\" sizes=\"auto, (max-width: 768px) 100vw, 768px\" \/><\/figure><\/li><\/ul><\/figure>","protected":false},"excerpt":{"rendered":"<p>Inauguracja Biblioteki w Domus Galilaeae 31-3-2005 \u015aw. Jan Pawe\u0142 II Korazin, 31 marca 2005 r. Biblioteka zosta\u0142a zainaugurowana 31 marca 2005 r. w obecno\u015bci ponad 50 biskup\u00f3w z r\u00f3\u017cnych cz\u0119\u015bci \u015bwiata. W\u015br\u00f3d nich: 11 kardyna\u0142\u00f3w, patriarcha Jego Eminencja Michel Sabbah, 3 patriarch\u00f3w Ko\u015bcio\u0142a Wschodniego, nuncjusz apostolski abp Pietro Sambi, kustosz Ziemi \u015awi\u0119tej, liczni rabini, przedstawiciele kongregacji i uniwersytet\u00f3w, rektorzy 56 seminari\u00f3w &#8222;Redemptoris Mater&#8221; i w\u0119drowni Drogi Neokatechumenalnej. Wszyscy byli obecni,<\/p>\n<div class=\"read-more\"><a class=\"btn read-more-btn\" href=\"https:\/\/neocatechumenaleiter.org\/pl\/slowa-papiezy\/sw-jan-pawel-ii\/inauguracja-biblioteki-w-domus-galilaeae-31-3-2005\/\">Czytaj dalej<\/a><\/div>\n","protected":false},"author":2,"featured_media":0,"parent":16496,"menu_order":101,"comment_status":"closed","ping_status":"closed","template":"","meta":{"footnotes":""},"class_list":["post-22326","page","type-page","status-publish","hentry"],"_links":{"self":[{"href":"https:\/\/neocatechumenaleiter.org\/pl\/wp-json\/wp\/v2\/pages\/22326","targetHints":{"allow":["GET"]}}],"collection":[{"href":"https:\/\/neocatechumenaleiter.org\/pl\/wp-json\/wp\/v2\/pages"}],"about":[{"href":"https:\/\/neocatechumenaleiter.org\/pl\/wp-json\/wp\/v2\/types\/page"}],"author":[{"embeddable":true,"href":"https:\/\/neocatechumenaleiter.org\/pl\/wp-json\/wp\/v2\/users\/2"}],"replies":[{"embeddable":true,"href":"https:\/\/neocatechumenaleiter.org\/pl\/wp-json\/wp\/v2\/comments?post=22326"}],"version-history":[{"count":3,"href":"https:\/\/neocatechumenaleiter.org\/pl\/wp-json\/wp\/v2\/pages\/22326\/revisions"}],"predecessor-version":[{"id":22329,"href":"https:\/\/neocatechumenaleiter.org\/pl\/wp-json\/wp\/v2\/pages\/22326\/revisions\/22329"}],"up":[{"embeddable":true,"href":"https:\/\/neocatechumenaleiter.org\/pl\/wp-json\/wp\/v2\/pages\/16496"}],"wp:attachment":[{"href":"https:\/\/neocatechumenaleiter.org\/pl\/wp-json\/wp\/v2\/media?parent=22326"}],"curies":[{"name":"wp","href":"https:\/\/api.w.org\/{rel}","templated":true}]}}