{"id":22330,"date":"2020-03-04T03:54:43","date_gmt":"2020-03-04T02:54:43","guid":{"rendered":"https:\/\/neocatechumenaleiter.org\/slowa-papiezy\/sw-jan-pawel-ii\/pozdrowienia-skierowane-do-mlodziezy-ze-wspolnot-neokatechumenalnych-z-wloch-24-ii-2002\/"},"modified":"2021-04-30T11:38:02","modified_gmt":"2021-04-30T10:38:02","slug":"pozdrowienia-skierowane-do-mlodziezy-ze-wspolnot-neokatechumenalnych-z-wloch-24-ii-2002","status":"publish","type":"page","link":"https:\/\/neocatechumenaleiter.org\/pl\/slowa-papiezy\/sw-jan-pawel-ii\/pozdrowienia-skierowane-do-mlodziezy-ze-wspolnot-neokatechumenalnych-z-wloch-24-ii-2002\/","title":{"rendered":"POZDROWIENIA SKIEROWANE DO M\u0141ODZIE\u017bY ZE WSP\u00d3LNOT NEOKATECHUMENALNYCH Z W\u0141OCH 24-II-2002"},"content":{"rendered":"\n<h1 class=\"has-text-align-center wp-block-heading\">POZDROWIENIA SKIEROWANE DO M\u0141ODZIE\u017bY ZE WSP\u00d3LNOT NEOKATECHUMENALNYCH Z W\u0141OCH 24-II-2002<\/h1>\n\n<div style=\"height:20px\" aria-hidden=\"true\" class=\"wp-block-spacer\"><\/div>\n\n<h4 class=\"has-text-align-center wp-block-heading\">\u015aw. Jan Pawe\u0142 II<\/h4>\n\n<div style=\"height:20px\" aria-hidden=\"true\" class=\"wp-block-spacer\"><\/div>\n\n<p><strong>Plac \u015aw. Piotra, 24 lutego 2002 r.<\/strong><\/p>\n\n<p><em>\u00abDo zobaczenia w Toronto\u00bb. Tymi s\u0142owami, wypowiedzianymi na zako\u0144czenie modlitwy maryjnej, Jan Pawe\u0142 II ponowi\u0142 swoje zaproszenie do nowych pokole\u0144 do udzia\u0142u w XVII \u015awiatowych Dniach M\u0142odzie\u017cy, kt\u00f3re odb\u0119d\u0105 si\u0119 w Kanadzie. Zaproszenie zosta\u0142o skierowane do tysi\u0119cy m\u0142odych ludzi nale\u017c\u0105cych do Wsp\u00f3lnot Neokatechumenalnych z parafii i diecezji ca\u0142ych W\u0142och, obecnych na Placu \u015bw. Piotra na modlitwie Anio\u0142 Pa\u0144ski w niedziel\u0119 24 czerwca.\u00a0Oto s\u0142owa papie\u017ca:<\/em><\/p>\n\n<p>\u00abPozdrawiam ze szczeg\u00f3lnym uczuciem &#013;\nbardzo liczn\u0105 grup\u0119 m\u0142odych ludzi nale\u017c\u0105cych do wsp\u00f3lnot neokatechumenalnych w parafiach i diecezjach na terenie W\u0142och. Drodzy przyjaciele, &#013;\njeste\u015bcie &#8222;w drodze&#8221; na \u015awiatowe Dni M\u0142odzie\u017cy, kt\u00f3re odb\u0119d\u0105 si\u0119 w Toronto w lipcu przysz\u0142ego roku w Toronto. B\u0105d\u017acie m\u0142odymi lud\u017ami w drodze z Chrystusem. Dzi\u0119kuj\u0119 wam, poniewa\u017c poprzez swoj\u0105 obecno\u015b\u0107 dajecie mi mo\u017cliwo\u015b\u0107 ponowienia zaproszenia do waszych r\u00f3wie\u015bnik\u00f3w we W\u0142oszech i w innych krajach \u015bwiata, aby starannie przygotowali si\u0119 do tego wa\u017cnego wydarzenia. Umiejcie zda\u0107 spraw\u0119 w ka\u017cdych okoliczno\u015bciach, z pokor\u0105 i szacunkiem, z nadziei, kt\u00f3ra w was jest . Dzi\u0119kuj\u0119 za odwiedziny i do zobaczenia w Toronto!\u00bb.<\/p>\n","protected":false},"excerpt":{"rendered":"<p>POZDROWIENIA SKIEROWANE DO M\u0141ODZIE\u017bY ZE WSP\u00d3LNOT NEOKATECHUMENALNYCH Z W\u0141OCH 24-II-2002 \u015aw. Jan Pawe\u0142 II Plac \u015aw. Piotra, 24 lutego 2002 r. \u00abDo zobaczenia w Toronto\u00bb. Tymi s\u0142owami, wypowiedzianymi na zako\u0144czenie modlitwy maryjnej, Jan Pawe\u0142 II ponowi\u0142 swoje zaproszenie do nowych pokole\u0144 do udzia\u0142u w XVII \u015awiatowych Dniach M\u0142odzie\u017cy, kt\u00f3re odb\u0119d\u0105 si\u0119 w Kanadzie. Zaproszenie zosta\u0142o skierowane do tysi\u0119cy m\u0142odych ludzi nale\u017c\u0105cych do Wsp\u00f3lnot Neokatechumenalnych z parafii i diecezji ca\u0142ych W\u0142och,<\/p>\n<div class=\"read-more\"><a class=\"btn read-more-btn\" href=\"https:\/\/neocatechumenaleiter.org\/pl\/slowa-papiezy\/sw-jan-pawel-ii\/pozdrowienia-skierowane-do-mlodziezy-ze-wspolnot-neokatechumenalnych-z-wloch-24-ii-2002\/\">Czytaj dalej<\/a><\/div>\n","protected":false},"author":2,"featured_media":0,"parent":16496,"menu_order":98,"comment_status":"closed","ping_status":"closed","template":"","meta":{"footnotes":""},"class_list":["post-22330","page","type-page","status-publish","hentry"],"_links":{"self":[{"href":"https:\/\/neocatechumenaleiter.org\/pl\/wp-json\/wp\/v2\/pages\/22330","targetHints":{"allow":["GET"]}}],"collection":[{"href":"https:\/\/neocatechumenaleiter.org\/pl\/wp-json\/wp\/v2\/pages"}],"about":[{"href":"https:\/\/neocatechumenaleiter.org\/pl\/wp-json\/wp\/v2\/types\/page"}],"author":[{"embeddable":true,"href":"https:\/\/neocatechumenaleiter.org\/pl\/wp-json\/wp\/v2\/users\/2"}],"replies":[{"embeddable":true,"href":"https:\/\/neocatechumenaleiter.org\/pl\/wp-json\/wp\/v2\/comments?post=22330"}],"version-history":[{"count":5,"href":"https:\/\/neocatechumenaleiter.org\/pl\/wp-json\/wp\/v2\/pages\/22330\/revisions"}],"predecessor-version":[{"id":22335,"href":"https:\/\/neocatechumenaleiter.org\/pl\/wp-json\/wp\/v2\/pages\/22330\/revisions\/22335"}],"up":[{"embeddable":true,"href":"https:\/\/neocatechumenaleiter.org\/pl\/wp-json\/wp\/v2\/pages\/16496"}],"wp:attachment":[{"href":"https:\/\/neocatechumenaleiter.org\/pl\/wp-json\/wp\/v2\/media?parent=22330"}],"curies":[{"name":"wp","href":"https:\/\/api.w.org\/{rel}","templated":true}]}}