{"id":22345,"date":"2020-03-04T00:43:23","date_gmt":"2020-03-03T23:43:23","guid":{"rendered":"https:\/\/neocatechumenaleiter.org\/slowa-papiezy\/sw-jan-pawel-ii\/swiecenia-kaplanskie-w-bazylice-sw-piotra-2-v-1993\/"},"modified":"2021-08-10T11:03:10","modified_gmt":"2021-08-10T10:03:10","slug":"swiecenia-kaplanskie-w-bazylice-sw-piotra-2-v-1993","status":"publish","type":"page","link":"https:\/\/neocatechumenaleiter.org\/pl\/slowa-papiezy\/sw-jan-pawel-ii\/swiecenia-kaplanskie-w-bazylice-sw-piotra-2-v-1993\/","title":{"rendered":"\u015aWI\u0118CENIA KAP\u0141A\u0143SKIE W BAZYLICE \u015aW. PIOTRA 2-V-1993"},"content":{"rendered":"\n<h1 class=\"has-text-align-center wp-block-heading\">\u015aWI\u0118CENIA KAP\u0141A\u0143SKIE W BAZYLICE \u015aW. PIOTRA 2-V-1993<\/h1>\n\n<div style=\"height:20px\" aria-hidden=\"true\" class=\"wp-block-spacer\"><\/div>\n\n<h4 class=\"has-text-align-center wp-block-heading\">\u015aw. Jan Pawe\u0142 II<\/h4>\n\n<div style=\"height:20px\" aria-hidden=\"true\" class=\"wp-block-spacer\"><\/div>\n\n<div class=\"wp-block-image\"><figure class=\"alignleft size-medium\"><img loading=\"lazy\" decoding=\"async\" width=\"300\" height=\"245\" src=\"https:\/\/neocatechumenaleiter.org\/wp-content\/uploads\/2020\/03\/Camino_Neocatecumenal_Juan_Pablo_II_ordenacion_sacerdotal_1993-300x245.jpg\" alt=\"\" class=\"wp-image-2470\" srcset=\"https:\/\/neocatechumenaleiter.org\/wp-content\/uploads\/2020\/03\/Camino_Neocatecumenal_Juan_Pablo_II_ordenacion_sacerdotal_1993-300x245.jpg 300w, https:\/\/neocatechumenaleiter.org\/wp-content\/uploads\/2020\/03\/Camino_Neocatecumenal_Juan_Pablo_II_ordenacion_sacerdotal_1993.jpg 696w\" sizes=\"auto, (max-width: 300px) 100vw, 300px\" \/><\/figure><\/div>\n\n<p><strong>Bazylika \u015bw. Piotra, 2 maja 1993 r.<\/strong><\/p>\n\n<p>W niedziel\u0119 2 maja, w 30. \u015awiatowym Dniu Modlitw o Powo\u0142ania, Jan Pawe\u0142 II udzieli\u0142 \u015bwi\u0119ce\u0144 kap\u0142a\u0144skich dwudziestu dziewi\u0119ciu diakonom diecezji rzymskiej (szesnastu z nich odby\u0142o formacj\u0119 w Seminarium Redemptoris Mater w Rzymie). Uroczysty obrz\u0119d odby\u0142 si\u0119 w Bazylice \u015bw. Piotra w obecno\u015bci licznie zgromadzonych krewnych i przyjaci\u00f3\u0142 nowych kap\u0142an\u00f3w. Rektor &#8222;Redemptoris Mater&#8221;, bp Giulio Salimei, pod\u0105\u017ca\u0142 na w\u00f3zku inwalidzkim wraz z innymi biskupami, w\u015br\u00f3d kt\u00f3rych by\u0142 bp Paul Josef Cordes, wiceprzewodnicz\u0105cy Papieskiej Rady ds. \u015awieckich oraz odpowiedzialny za apostolat wsp\u00f3lnot neokatechumenalnych. Obecni byli r\u00f3wnie\u017c Kiko Arg\u00fcello, inicjator Drogi Neokatechumenalnej i promotor Centr\u00f3w Formacji Kap\u0142a\u0144skiej &#8222;Redemptoris Mater&#8221;, kt\u00f3re s\u0105 stworzone jako mi\u0119dzynarodowe diecezjalne seminaria misyjne (obecnie dzia\u0142a 20 w Ameryce, Europie, Azji i Oceanii, a kolejne s\u0105 w trakcie tworzenia) oraz Carmen Hern\u00e1ndez, jego towarzyszka w duchowej przygodzie. Przed udzieleniem kandydatom sakramentu \u015bwi\u0119ce\u0144 papie\u017c skierowa\u0142 do nich nast\u0119puj\u0105c\u0105 homili\u0119:<\/p>\n\n<p>1. \u00abJa jestem bram\u0105 owiec\u00bb (<em>J 10,7<\/em>). Wielkanocna liturgia Dobrego Pasterza wyra\u017ca si\u0119 w dw\u00f3ch obrazach, kt\u00f3re wzajemnie si\u0119 uzupe\u0142niaj\u0105. Przede wszystkim Pasterza. Chrystus m\u00f3wi o sobie: &#8222;Ja jestem Dobrym Pasterzem&#8221; (<em>J 10, 11<\/em>). Zar\u00f3wno psalm responsoryjny, jak i fragment z pierwszego listu \u015bw. Piotra rozwijaj\u0105 ten liturgiczny obraz: Dobry Pasterz prowadzi swoj\u0105 trzod\u0119 na pastwiska ze \u015bwie\u017c\u0105 traw\u0105, dba o to, by owce mia\u0142y pokarm i picie we w\u0142a\u015bciwym czasie, chroni je w niebezpiecznych miejscach, broni przed wrogiem. Zw\u0142aszcza Dobry Pasterz jest got\u00f3w nawet ofiarowa\u0107 swoje \u017cycie za owce. W\u0142a\u015bnie tej my\u015bli po\u015bwi\u0119cony jest pierwszy list \u015bw. Piotra. M\u00f3wi o cierpieniach Chrystusa, kt\u00f3ry &#8222;poni\u00f3s\u0142 nasze grzechy w swoim ciele na drzewie krzy\u017ca, aby\u015bmy umarli dla naszych grzech\u00f3w, \u017cyli dla sprawiedliwo\u015bci; przez Jego rany zostali\u015bcie uzdrowieni&#8221; (<em>1 P 2, 24-25<\/em>).<\/p>\n\n<div class=\"wp-block-image\"><figure class=\"alignright size-large\"><img loading=\"lazy\" decoding=\"async\" width=\"498\" height=\"321\" src=\"https:\/\/neocatechumenaleiter.org\/wp-content\/uploads\/2020\/03\/Camino_Neocatecumenal_Juan_Pablo_II_ordenacion_sacerdotal_1993_2.jpg\" alt=\"\" class=\"wp-image-4789\" srcset=\"https:\/\/neocatechumenaleiter.org\/wp-content\/uploads\/2020\/03\/Camino_Neocatecumenal_Juan_Pablo_II_ordenacion_sacerdotal_1993_2.jpg 498w, https:\/\/neocatechumenaleiter.org\/wp-content\/uploads\/2020\/03\/Camino_Neocatecumenal_Juan_Pablo_II_ordenacion_sacerdotal_1993_2-300x193.jpg 300w\" sizes=\"auto, (max-width: 498px) 100vw, 498px\" \/><\/figure><\/div>\n\n<p>2. I w\u0142a\u015bnie tutaj w ca\u0142\u0105 my\u015bl liturgii wkracza drugi obraz: Chrystusa jako &#8222;Bram\u0119 owiec&#8221;. Dobry Pasterz nie tylko prowadzi swoj\u0105 trzod\u0119, zapraszaj\u0105c j\u0105 do p\u00f3j\u015bcia w Jego \u015blady (<em>por. J 10, 4<\/em>), ale tak\u017ce przeprowadza j\u0105 przez bram\u0119. Jest wi\u0119c miejsce schronienia dla trzody. Jest to miejsce schronienia, gdzie owce mieszkaj\u0105 i odpoczywaj\u0105 po trudach podr\u00f3\u017cy. Dobry Pasterz nie tylko wprowadza ich do tego schronienia. On sam jest bram\u0105. Chrystus m\u00f3wi: &#8222;Ja jestem bram\u0105 owiec&#8230; je\u015bli kto\u015b wejdzie przeze mnie, b\u0119dzie zbawiony&#8221; (<em>J 10, 7. 9<\/em>). &#8222;Zbawiony&#8221;, to znaczy b\u0119dzie mia\u0142 \u017cycie i b\u0119dzie je mia\u0142 w obfito\u015bci (por. J 10, 10). Chrystus, Dobry Pasterz, sta\u0142 si\u0119 bram\u0105 zbawienia dla ludzko\u015bci, poniewa\u017c &#8222;On wzi\u0105\u0142 na siebie nasze grzechy (&#8230;) na drzewo krzy\u017ca&#8221; (<em>1 P 2, 24<\/em>).<\/p>\n\n<p>3. Ci, kt\u00f3rzy s\u0142uchali Aposto\u0142a Piotra w dniu Pi\u0119\u0107dziesi\u0105tnicy, pytali przede wszystkim o bram\u0119, przez kt\u00f3re musz\u0105 przej\u015b\u0107, aby osi\u0105gn\u0105\u0107 zbawienie. Pad\u0142o pytanie: &#8222;Co mamy czyni\u0107, bracia?&#8221;. (<em>Dz 2,37<\/em>). I odpowied\u017a Piotra brzmia\u0142a: &#8222;Nawr\u00f3\u0107cie si\u0119 i niech ka\u017cdy z was przyjmie chrzest w imi\u0119 Jezusa Chrystusa na odpuszczenie grzech\u00f3w waszych&#8221; (<em>Dz 2,38<\/em>). Jest wi\u0119c jasne: wej\u015b\u0107 przez bram\u0119, kt\u00f3r\u0105 jest Chrystus, oznacza: nawr\u00f3ci\u0107 si\u0119. Z kolei nawr\u00f3ci\u0107 si\u0119 oznacza: przyj\u0105\u0107 chrzest. Chrzest jest bram\u0105 Ko\u015bcio\u0142a. Przez t\u0119 bram\u0119 cz\u0142owiek zostaje wprowadzony do zbawienia uzyskanego przez krew Chrystusa. Chrystus ustanowi\u0142 chrzest. On sam &#8211; ukrzy\u017cowany i zmartwychwsta\u0142y &#8211; jest bram\u0105 zbawienia dla ludzi przez chrzest. W sakramencie chrztu otrzymujemy dar Ducha \u015awi\u0119tego. Kiedy ludzie, kt\u00f3rzy nie z w\u0142asnej winy ignoruj\u0105 t\u0119 drog\u0119 zbawienia i t\u0119 bram\u0119, otrzymuj\u0105 r\u00f3wnie\u017c Ducha \u015awi\u0119tego, wtedy Chrystus staje si\u0119 dla nich r\u00f3wnie\u017c bram\u0105. Pod niebem nie ma nikogo innego, przez kogo mogliby\u015bmy by\u0107 zbawieni (<em>por. Dz 4,12<\/em>). Chrystus jest jedynym po\u015brednikiem mi\u0119dzy Bogiem a lud\u017ami.<\/p>\n\n<div class=\"wp-block-image\"><figure class=\"alignright size-large\"><img loading=\"lazy\" decoding=\"async\" width=\"400\" height=\"328\" src=\"https:\/\/neocatechumenaleiter.org\/wp-content\/uploads\/2020\/03\/Camino_Neocatecumenal_Juan_Pablo_II_ordenacion_sacerdotal_1993_3.jpg\" alt=\"\" class=\"wp-image-4791\" srcset=\"https:\/\/neocatechumenaleiter.org\/wp-content\/uploads\/2020\/03\/Camino_Neocatecumenal_Juan_Pablo_II_ordenacion_sacerdotal_1993_3.jpg 400w, https:\/\/neocatechumenaleiter.org\/wp-content\/uploads\/2020\/03\/Camino_Neocatecumenal_Juan_Pablo_II_ordenacion_sacerdotal_1993_3-300x246.jpg 300w\" sizes=\"auto, (max-width: 400px) 100vw, 400px\" \/><\/figure><\/div>\n\n<p>4. Dzi\u015b w Bazylice \u015awi\u0119tego Piotra przyjmuj\u0105 \u015bwi\u0119cenia kap\u0142a\u0144skie diakoni Ko\u015bcio\u0142a, kt\u00f3ry jest w Rzymie, w kt\u00f3rym na pocz\u0105tku d\u0142ugiej linii pasterzy i biskup\u00f3w, znajdujemy Piotra, aposto\u0142a Chrystusa, Jego \u015bwiadka a\u017c do przelania krwi. By\u0142 pierwszym, kt\u00f3ry nawr\u00f3ci\u0142 &#8222;zagubione owce&#8221; staro\u017cytnego \u015bwiata do Chrystusa &#8222;Pasterza i Str\u00f3\u017ca dusz naszych&#8221; (<em>por. 1 P 2, 25<\/em>).&#13;\n&#13;\nPrzyjmiecie \u015bwi\u0119cenia, drogie dzieci, w roku, w kt\u00f3rym ko\u0144czy si\u0119 Synod Diecezjalny w Rzymie: jeste\u015bcie powo\u0142ani do bycia wiernymi interpretatorami i s\u0142ugami nauczania oraz ducha komunii i misji tego Synodu. W tym wymownym kontek\u015bcie synodalnym niech dar Ducha \u015awi\u0119tego, kt\u00f3ry was upodabnia do Chrystusa Dobrego Pasterza, da wam si\u0142\u0119, aby\u015bcie po\u015br\u00f3d waszych braci i si\u00f3str byli zwiastunami i wiarygodnymi \u015bwiadkami Ewangelii, s\u0142owa prawdy i \u017cycia: czeka na was to miasto Rzym, kt\u00f3re pragnie przyj\u0105\u0107 Chrystusa poprzez wasz\u0105 pos\u0142ug\u0119; czeka na was rozleg\u0142y \u015bwiat, kt\u00f3ry w tajemniczy spos\u00f3b jest zwi\u0105zany z tym miastem. Papieskie Seminarium Rzymskie, Seminarium &#8222;Redemptoris Mater&#8221; i Centrum Formacji Kap\u0142a\u0144skiej przy Sanktuarium Madonna del Divino Amore, gdzie otrzymali\u015bcie formacj\u0119, raduj\u0105 si\u0119 dzisiaj z wami i razem z wami dzi\u0119kuj\u0105 Bogu, zgromadzeni w tej Bazylice razem z tymi, kt\u00f3rzy poprzez wi\u0119zy krwi, przyja\u017ani i przynale\u017cno\u015bci ko\u015bcielnej pod\u0105\u017cali blisko was drog\u0105, kt\u00f3ra doprowadzi\u0142a was do prezbiteratu. Niech \u0142aska tego dnia sp\u0142ynie tak\u017ce na wasze seminaria, na wasze rodziny, na waszych przyjaci\u00f3\u0142 i na ca\u0142y Ko\u015bci\u00f3\u0142 Bo\u017cy w Rzymie.<\/p>\n\n<p>5. Drodzy nowi kap\u0142ani! Na\u0142o\u017cenie r\u0105k i modlitw\u0119 tego, kt\u00f3ry w Rzymie jest niegodnym nast\u0119pc\u0105 Piotra, przekazuj\u0105 wam \u0142ask\u0119 i sakramentalny charakter kap\u0142a\u0144stwa s\u0142u\u017cebnego. Ka\u017cdy biskup wype\u0142nia swoj\u0105 pos\u0142ug\u0119 jako &#8222;Wikariusz Chrystusa&#8221;. Biskup Rzymu, w historii, by\u0142 r\u00f3wnie\u017c nazywany &#8222;Wikariuszem Piotrowym&#8221;. Przyjmuj\u0105c \u015bwi\u0119cenia kap\u0142a\u0144skie, rozwa\u017cajcie g\u0142\u0119boko tajemnic\u0119 pasterza, kt\u00f3ry jest bram\u0105 owiec, aby\u015bcie byli coraz bardziej godni powierzonego wam skarbu. Niech Ten, kt\u00f3ry rozpocz\u0105\u0142 w was to dobre dzie\u0142o, doprowadzi je tak\u017ce do ko\u0144ca. Amen\u00bb.&#13;\n&#13;\n(*) Por. \u00abL\u2019Osservatore Romano\u00bb, 2-3 maja 1993.<\/p>\n","protected":false},"excerpt":{"rendered":"<p>\u015aWI\u0118CENIA KAP\u0141A\u0143SKIE W BAZYLICE \u015aW. PIOTRA 2-V-1993 \u015aw. Jan Pawe\u0142 II Bazylika \u015bw. Piotra, 2 maja 1993 r. W niedziel\u0119 2 maja, w 30. \u015awiatowym Dniu Modlitw o Powo\u0142ania, Jan Pawe\u0142 II udzieli\u0142 \u015bwi\u0119ce\u0144 kap\u0142a\u0144skich dwudziestu dziewi\u0119ciu diakonom diecezji rzymskiej (szesnastu z nich odby\u0142o formacj\u0119 w Seminarium Redemptoris Mater w Rzymie). Uroczysty obrz\u0119d odby\u0142 si\u0119 w Bazylice \u015bw. Piotra w obecno\u015bci licznie zgromadzonych krewnych i przyjaci\u00f3\u0142 nowych kap\u0142an\u00f3w. Rektor &#8222;Redemptoris<\/p>\n<div class=\"read-more\"><a class=\"btn read-more-btn\" href=\"https:\/\/neocatechumenaleiter.org\/pl\/slowa-papiezy\/sw-jan-pawel-ii\/swiecenia-kaplanskie-w-bazylice-sw-piotra-2-v-1993\/\">Czytaj dalej<\/a><\/div>\n","protected":false},"author":2,"featured_media":0,"parent":16496,"menu_order":74,"comment_status":"closed","ping_status":"closed","template":"","meta":{"footnotes":""},"class_list":["post-22345","page","type-page","status-publish","hentry"],"_links":{"self":[{"href":"https:\/\/neocatechumenaleiter.org\/pl\/wp-json\/wp\/v2\/pages\/22345","targetHints":{"allow":["GET"]}}],"collection":[{"href":"https:\/\/neocatechumenaleiter.org\/pl\/wp-json\/wp\/v2\/pages"}],"about":[{"href":"https:\/\/neocatechumenaleiter.org\/pl\/wp-json\/wp\/v2\/types\/page"}],"author":[{"embeddable":true,"href":"https:\/\/neocatechumenaleiter.org\/pl\/wp-json\/wp\/v2\/users\/2"}],"replies":[{"embeddable":true,"href":"https:\/\/neocatechumenaleiter.org\/pl\/wp-json\/wp\/v2\/comments?post=22345"}],"version-history":[{"count":4,"href":"https:\/\/neocatechumenaleiter.org\/pl\/wp-json\/wp\/v2\/pages\/22345\/revisions"}],"predecessor-version":[{"id":24171,"href":"https:\/\/neocatechumenaleiter.org\/pl\/wp-json\/wp\/v2\/pages\/22345\/revisions\/24171"}],"up":[{"embeddable":true,"href":"https:\/\/neocatechumenaleiter.org\/pl\/wp-json\/wp\/v2\/pages\/16496"}],"wp:attachment":[{"href":"https:\/\/neocatechumenaleiter.org\/pl\/wp-json\/wp\/v2\/media?parent=22345"}],"curies":[{"name":"wp","href":"https:\/\/api.w.org\/{rel}","templated":true}]}}