{"id":22349,"date":"2020-03-04T00:46:49","date_gmt":"2020-03-03T23:46:49","guid":{"rendered":"https:\/\/neocatechumenaleiter.org\/slowa-papiezy\/sw-jan-pawel-ii\/wizyta-duszpasterska-w-maceracie-foligno-i-gran-sasso-19-vi-1993\/"},"modified":"2021-08-10T11:03:15","modified_gmt":"2021-08-10T10:03:15","slug":"wizyta-duszpasterska-w-maceracie-foligno-i-gran-sasso-19-vi-1993","status":"publish","type":"page","link":"https:\/\/neocatechumenaleiter.org\/pl\/slowa-papiezy\/sw-jan-pawel-ii\/wizyta-duszpasterska-w-maceracie-foligno-i-gran-sasso-19-vi-1993\/","title":{"rendered":"WIZYTA DUSZPASTERSKA W MACERACIE, FOLIGNO I GRAN SASSO 19-VI-1993"},"content":{"rendered":"\n<h1 class=\"has-text-align-center wp-block-heading\">WIZYTA DUSZPASTERSKA W MACERACIE, FOLIGNO I GRAN SASSO 19-VI-1993<\/h1>\n\n<div style=\"height:20px\" aria-hidden=\"true\" class=\"wp-block-spacer\"><\/div>\n\n<h4 class=\"has-text-align-center wp-block-heading\">\u015aw. Jan Pawe\u0142 II<\/h4>\n\n<div style=\"height:20px\" aria-hidden=\"true\" class=\"wp-block-spacer\"><\/div>\n\n<p><strong>Sobota 19 i niedziela 20 czerwca 1993 r.<\/strong><\/p>\n\n<p><em>Tak pisze Francesco Tarcisio Carboni, biskup Maceraty:<\/em><\/p>\n\n<p>Jan Pawe\u0142 II, 13 wrze\u015bnia 1992 roku, napisa\u0142 do mnie: &#8222;Poniewa\u017c tak bardzo kocham Chiny i moja troska o ten Ko\u015bci\u00f3\u0142 &#8222;by\u0142 szczeg\u00f3lnym i sta\u0142ym bod\u017acem mojego pontyfikatu&#8221; (List do biskup\u00f3w \u015bwiata, 6 stycznia 1982 r. &#8211; L&#8217;Osservatore Romano, 24.1.1982), wnosz\u0119 o to, aby posta\u0107 tego m\u0119\u017ca Bo\u017cego by\u0142a lepiej znana i doceniana ze wzgl\u0119du na zas\u0142ugi nabyte w ci\u0105gu 57 lat \u017cycia, z kt\u00f3rych 28 sp\u0119dzi\u0142 w tym rozleg\u0142ym regionie&#8221; (<em>L&#8217;Osservatore Romano, 27 pa\u017adziernika 1992 r., s.<\/em> 2).<\/p>\n\n<p>Teraz nadszed\u0142 czas, aby zatrzyma\u0107 si\u0119 z Ojcem \u015awi\u0119tym przed domem, w kt\u00f3rym urodzi\u0142 si\u0119 Matteo Ricci i przej\u015b\u0107 ulicami Maceraty, gdzie aposto\u0142 Chin mia\u0142 pierwsze zal\u0105\u017cki swojego powo\u0142ania. Matteo Ricci urodzi\u0142 si\u0119 6 pa\u017adziernika 1552 r. w Maceracie; 15 sierpnia 1571 r. wst\u0105pi\u0142 do nowicjatu Towarzystwa Jezusowego; 18 maja 1577 r. opu\u015bci\u0142 Rzym i uda\u0142 si\u0119 na misje wschodnie; 26 lipca 1580 r. przyj\u0105\u0142 \u015bwi\u0119cenia kap\u0142a\u0144skie w Cochin (Indie); 10 wrze\u015bnia 1583 r. przyby\u0142 do Chin i zmar\u0142 11 wrze\u015bnia 1610 r. w Pekinie.<\/p>\n\n<p>\u00abDzi\u015b &#8211; pisa\u0142 Papie\u017c w 1982 roku &#8211; posta\u0107 ojca Ricci jest \u017cywa przed narodem chi\u0144skim pod imieniem 'Li Ma-tou&#8217;.&#13;\nStanowi on wsp\u00f3lne dziedzictwo Ko\u015bcio\u0142a i Chin oraz jest solidnym i emblematycznym punktem odniesienia dla konstruktywnego dialogu skierowanego na przysz\u0142o\u015b\u0107\u00bb (<em>L\u2019Osservatore Romano, 27 pa\u017adziernika 1982 r.<\/em>).<\/p>\n\n<p>Min\u0119\u0142o zaledwie 11 lat i przybycie Ojca \u015awi\u0119tego do Maceraty potwierdza i nadaje nowy impuls braterskiej relacji &#8222;Ko\u015bci\u00f3\u0142-Chiny&#8221;, kt\u00f3ra, jest wi\u0119cej ni\u017c jeden pow\u00f3d, aby wierzy\u0107, \u017ce to niezaprzeczalnie, przechodzi przez Macerat\u0119:&#13;\nOd dw\u00f3ch lat w Maceracie dzia\u0142a diecezjalne seminarium misyjne &#8222;Redemptoris Mater&#8221; a jego celem jest przede wszystkim formacja kap\u0142an\u00f3w gotowych odda\u0107 \u017cycie, jak o. Matteo Ricci dla ewangelizacji Chin: jest ju\u017c 18 seminarzyst\u00f3w, kt\u00f3rzy studiuj\u0105 Filozofi\u0119 i Teologi\u0119.<\/p>\n\n<p>Ju\u017c w roku szkolnym 1993-94 liczba student\u00f3w mo\u017ce osi\u0105gn\u0105\u0107 30 os\u00f3b, kt\u00f3re b\u0119d\u0105 si\u0119 kszta\u0142ci\u0107 w pomieszczeniach seminarium, w oczekiwaniu na budow\u0119 obiektu, kt\u00f3ry za kilka lat b\u0119dzie m\u00f3g\u0142 pomie\u015bci\u0107 setk\u0119 os\u00f3b. Ojciec \u015awi\u0119ty pob\u0142ogos\u0142awi w katedrze kamie\u0144 w\u0119gielny pod budow\u0119 nowego &#8222;seminarium dla Chin&#8221;, kt\u00f3re powstanie tutaj, w mie\u015bcie Matteo Ricci, s\u0142usznie uwa\u017canym za &#8222;most mi\u0119dzy Zachodem a Wschodem&#8221;. Na miejscowym uniwersytecie rozpocz\u0105\u0142 si\u0119 kurs j\u0119zyka chi\u0144skiego, na kt\u00f3ry ucz\u0119szczaj\u0105 nasi seminarzy\u015bci i inni studenci zainteresowani j\u0119zykiem mandary\u0144skim.<\/p>\n\n<p>S\u0105 to \u015bwiat\u0142a o istotnej jasno\u015bci, zgodnie ze sformu\u0142owaniem Ojca \u015awi\u0119tego: &#8222;Trzeba patrze\u0107 w przysz\u0142o\u015b\u0107&#8221; (Nauczanie Jana Paw\u0142a II, IV, 1, 1981, s. 384).&#13;\n&#8222;\u017bywi\u0119 nadziej\u0119 na obfite korzy\u015bci, nie tylko dla dzia\u0142alno\u015bci misyjnej Ko\u015bcio\u0142a &#8211; pisze Papie\u017c &#8211; ale tak\u017ce dla ca\u0142ego drogiego ludu chi\u0144skiego, na kt\u00f3ry Stolica Apostolska patrzy ze szczeg\u00f3ln\u0105 sympati\u0105 i uczuciem ze wzgl\u0119du na ca\u0142\u0105 godnej podziwu rzeczywisto\u015b\u0107 tradycji i kultury, wznios\u0142ego cz\u0142owiecze\u0144stwa i bogatej duchowo\u015bci, kt\u00f3re tworz\u0105 historyczne i wsp\u00f3\u0142czesne dziedzictwo wielkiego narodu chi\u0144skiego&#8221; (por. L&#8217;Osservatore Romano, 24 stycznia 1982 r.).<\/p>\n\n<p>Obecno\u015b\u0107 Papie\u017ca po\u015br\u00f3d 18 seminarzyst\u00f3w kieruj\u0105cych swoje kroki w stron\u0119 Chin b\u0119dzie umacnia\u0107 te nadzieje.<\/p>\n\n<div class=\"wp-block-image\"><figure class=\"aligncenter size-large\"><img loading=\"lazy\" decoding=\"async\" width=\"569\" height=\"693\" src=\"https:\/\/neocatechumenaleiter.org\/wp-content\/uploads\/2020\/03\/Camino_Neocatecumenal_Juan_Pablo_II_visita_pastoral_Macerata_1993.jpg\" alt=\"\" class=\"wp-image-4775\" srcset=\"https:\/\/neocatechumenaleiter.org\/wp-content\/uploads\/2020\/03\/Camino_Neocatecumenal_Juan_Pablo_II_visita_pastoral_Macerata_1993.jpg 569w, https:\/\/neocatechumenaleiter.org\/wp-content\/uploads\/2020\/03\/Camino_Neocatecumenal_Juan_Pablo_II_visita_pastoral_Macerata_1993-246x300.jpg 246w\" sizes=\"auto, (max-width: 569px) 100vw, 569px\" \/><\/figure><\/div>\n","protected":false},"excerpt":{"rendered":"<p>WIZYTA DUSZPASTERSKA W MACERACIE, FOLIGNO I GRAN SASSO 19-VI-1993 \u015aw. Jan Pawe\u0142 II Sobota 19 i niedziela 20 czerwca 1993 r. Tak pisze Francesco Tarcisio Carboni, biskup Maceraty: Jan Pawe\u0142 II, 13 wrze\u015bnia 1992 roku, napisa\u0142 do mnie: &#8222;Poniewa\u017c tak bardzo kocham Chiny i moja troska o ten Ko\u015bci\u00f3\u0142 &#8222;by\u0142 szczeg\u00f3lnym i sta\u0142ym bod\u017acem mojego pontyfikatu&#8221; (List do biskup\u00f3w \u015bwiata, 6 stycznia 1982 r. &#8211; L&#8217;Osservatore Romano, 24.1.1982), wnosz\u0119 o<\/p>\n<div class=\"read-more\"><a class=\"btn read-more-btn\" href=\"https:\/\/neocatechumenaleiter.org\/pl\/slowa-papiezy\/sw-jan-pawel-ii\/wizyta-duszpasterska-w-maceracie-foligno-i-gran-sasso-19-vi-1993\/\">Czytaj dalej<\/a><\/div>\n","protected":false},"author":2,"featured_media":0,"parent":16496,"menu_order":75,"comment_status":"closed","ping_status":"closed","template":"","meta":{"footnotes":""},"class_list":["post-22349","page","type-page","status-publish","hentry"],"_links":{"self":[{"href":"https:\/\/neocatechumenaleiter.org\/pl\/wp-json\/wp\/v2\/pages\/22349","targetHints":{"allow":["GET"]}}],"collection":[{"href":"https:\/\/neocatechumenaleiter.org\/pl\/wp-json\/wp\/v2\/pages"}],"about":[{"href":"https:\/\/neocatechumenaleiter.org\/pl\/wp-json\/wp\/v2\/types\/page"}],"author":[{"embeddable":true,"href":"https:\/\/neocatechumenaleiter.org\/pl\/wp-json\/wp\/v2\/users\/2"}],"replies":[{"embeddable":true,"href":"https:\/\/neocatechumenaleiter.org\/pl\/wp-json\/wp\/v2\/comments?post=22349"}],"version-history":[{"count":4,"href":"https:\/\/neocatechumenaleiter.org\/pl\/wp-json\/wp\/v2\/pages\/22349\/revisions"}],"predecessor-version":[{"id":24182,"href":"https:\/\/neocatechumenaleiter.org\/pl\/wp-json\/wp\/v2\/pages\/22349\/revisions\/24182"}],"up":[{"embeddable":true,"href":"https:\/\/neocatechumenaleiter.org\/pl\/wp-json\/wp\/v2\/pages\/16496"}],"wp:attachment":[{"href":"https:\/\/neocatechumenaleiter.org\/pl\/wp-json\/wp\/v2\/media?parent=22349"}],"curies":[{"name":"wp","href":"https:\/\/api.w.org\/{rel}","templated":true}]}}