{"id":22353,"date":"2020-03-04T00:49:05","date_gmt":"2020-03-03T23:49:05","guid":{"rendered":"https:\/\/neocatechumenaleiter.org\/slowa-papiezy\/sw-jan-pawel-ii\/ozdrowienie-skierowane-do-mlodziezy-z-drogi-neokatechumenalnej-w-maceracie-20-vi-1993\/"},"modified":"2021-08-10T11:03:21","modified_gmt":"2021-08-10T10:03:21","slug":"ozdrowienie-skierowane-do-mlodziezy-z-drogi-neokatechumenalnej-w-maceracie-20-vi-1993","status":"publish","type":"page","link":"https:\/\/neocatechumenaleiter.org\/pl\/slowa-papiezy\/sw-jan-pawel-ii\/ozdrowienie-skierowane-do-mlodziezy-z-drogi-neokatechumenalnej-w-maceracie-20-vi-1993\/","title":{"rendered":"POZDROWIENIE SKIEROWANE DO M\u0141ODZIE\u017bY Z DROGI NEOKATECHUMENALNEJ W MACERACIE 20-VI-1993"},"content":{"rendered":"\n<h1 class=\"has-text-align-center wp-block-heading\">POZDROWIENIE SKIEROWANE DO M\u0141ODZIE\u017bY Z DROGI NEOKATECHUMENALNEJ W MACERACIE 20-VI-1993<\/h1>\n\n<div style=\"height:20px\" aria-hidden=\"true\" class=\"wp-block-spacer\"><\/div>\n\n<h4 class=\"has-text-align-center wp-block-heading\">\u015aw. Jan Pawe\u0142 II<\/h4>\n\n<div style=\"height:20px\" aria-hidden=\"true\" class=\"wp-block-spacer\"><\/div>\n\n<p><strong>Macerata, 20 czerwca 1993 r.<\/strong><\/p>\n\n<p><em>Wczesnym rankiem w niedziel\u0119 20 czerwca, przed wyjazdem do Foligno, Jan Pawe\u0142 II chcia\u0142 z balkonu biskupstwa w Maceracie skierowa\u0107 serdeczne pozdrowienie do m\u0142odzie\u017cy neokatechumenalnej, kt\u00f3ra zgromadzona na placu, wsp\u00f3lnym \u015bpiewem dzi\u0119kowa\u0142a Papie\u017cowi za jego wizyt\u0119. Za ich po\u015brednictwem Ojciec \u015awi\u0119ty skierowa\u0142 tak\u017ce pozdrowienie do wszystkich<\/em> mieszka\u0144c\u00f3w<em> Maceraty, kt\u00f3rzy przyj\u0119li go z wielk\u0105 rado\u015bci\u0105.<\/em><\/p>\n\n<div class=\"wp-block-image\"><figure class=\"alignleft size-large\"><img loading=\"lazy\" decoding=\"async\" width=\"495\" height=\"304\" src=\"https:\/\/neocatechumenaleiter.org\/wp-content\/uploads\/2020\/03\/Camino_Neocatecumenal_Juan_Pablo_II_saludo_jovenes_1993.jpg\" alt=\"\" class=\"wp-image-4771\" srcset=\"https:\/\/neocatechumenaleiter.org\/wp-content\/uploads\/2020\/03\/Camino_Neocatecumenal_Juan_Pablo_II_saludo_jovenes_1993.jpg 495w, https:\/\/neocatechumenaleiter.org\/wp-content\/uploads\/2020\/03\/Camino_Neocatecumenal_Juan_Pablo_II_saludo_jovenes_1993-300x184.jpg 300w\" sizes=\"auto, (max-width: 495px) 100vw, 495px\" \/><\/figure><\/div>\n\n<p>\u00abPomy\u015blcie przez chwil\u0119 o tych pielgrzymach, kt\u00f3rzy szli ca\u0142\u0105 noc, pieszo, i kt\u00f3rzy s\u0105 teraz w Loreto&#8221; &#8211; powiedzia\u0142 Ojciec \u015awi\u0119ty do m\u0142odzie\u017cy. &#13;\nWasza podr\u00f3\u017c jest z gitarami, z pie\u015bniami, i robicie to dobrze, bardzo dobrze.&#13;\n Mia\u0142em okazj\u0119 pos\u0142ucha\u0107 Was ju\u017c kilka razy: \u015bpiewacie dobrze, je\u015bli chodzi o \u015bpiew, &#13;\nale r\u00f3wnie dobrze \u015bpiewacie pod wzgl\u0119dem tekstu, pod wzgl\u0119dem tre\u015bci, i dlatego dobrze \u015bpiewacie.<\/p>\n\n<p>Trzeba wys\u0142a\u0107 teleks, telegram do Loreto, \u017ce tutaj id\u0105 z nimi inni pielgrzymi, \u015bpiewaj\u0105cy przez ca\u0142\u0105 noc &#8211; kontynuowa\u0142 Papie\u017c &#8211; Przy tej okazji mog\u0119 te\u017c pozdrowi\u0107 wszystkich mieszka\u0144c\u00f3w Maceraty, bo musz\u0119 si\u0119 przenie\u015b\u0107 do Foligno. Polecam si\u0119 waszym modlitwom i waszym pie\u015bniom. Polecam si\u0119 wszystkim mieszka\u0144com Maceraty, zw\u0142aszcza tym, kt\u00f3rzy maj\u0105 r\u00f3wnie\u017c gitary, bo dobrze wiemy, \u017ce ci, kt\u00f3rzy \u015bpiewaj\u0105, modl\u0105 si\u0119 podw\u00f3jnie: &#8222;<em>qui cantat bis orat&#8221;<\/em>\u00bb. (*) Por. &#8222;L&#8217;Osservatore Romano&#8221;, 21-22 czerwca 1993 r.<\/p>\n","protected":false},"excerpt":{"rendered":"<p>POZDROWIENIE SKIEROWANE DO M\u0141ODZIE\u017bY Z DROGI NEOKATECHUMENALNEJ W MACERACIE 20-VI-1993 \u015aw. Jan Pawe\u0142 II Macerata, 20 czerwca 1993 r. Wczesnym rankiem w niedziel\u0119 20 czerwca, przed wyjazdem do Foligno, Jan Pawe\u0142 II chcia\u0142 z balkonu biskupstwa w Maceracie skierowa\u0107 serdeczne pozdrowienie do m\u0142odzie\u017cy neokatechumenalnej, kt\u00f3ra zgromadzona na placu, wsp\u00f3lnym \u015bpiewem dzi\u0119kowa\u0142a Papie\u017cowi za jego wizyt\u0119. Za ich po\u015brednictwem Ojciec \u015awi\u0119ty skierowa\u0142 tak\u017ce pozdrowienie do wszystkich mieszka\u0144c\u00f3w Maceraty, kt\u00f3rzy przyj\u0119li go<\/p>\n<div class=\"read-more\"><a class=\"btn read-more-btn\" href=\"https:\/\/neocatechumenaleiter.org\/pl\/slowa-papiezy\/sw-jan-pawel-ii\/ozdrowienie-skierowane-do-mlodziezy-z-drogi-neokatechumenalnej-w-maceracie-20-vi-1993\/\">Czytaj dalej<\/a><\/div>\n","protected":false},"author":2,"featured_media":0,"parent":16496,"menu_order":76,"comment_status":"closed","ping_status":"closed","template":"","meta":{"footnotes":""},"class_list":["post-22353","page","type-page","status-publish","hentry"],"_links":{"self":[{"href":"https:\/\/neocatechumenaleiter.org\/pl\/wp-json\/wp\/v2\/pages\/22353","targetHints":{"allow":["GET"]}}],"collection":[{"href":"https:\/\/neocatechumenaleiter.org\/pl\/wp-json\/wp\/v2\/pages"}],"about":[{"href":"https:\/\/neocatechumenaleiter.org\/pl\/wp-json\/wp\/v2\/types\/page"}],"author":[{"embeddable":true,"href":"https:\/\/neocatechumenaleiter.org\/pl\/wp-json\/wp\/v2\/users\/2"}],"replies":[{"embeddable":true,"href":"https:\/\/neocatechumenaleiter.org\/pl\/wp-json\/wp\/v2\/comments?post=22353"}],"version-history":[{"count":12,"href":"https:\/\/neocatechumenaleiter.org\/pl\/wp-json\/wp\/v2\/pages\/22353\/revisions"}],"predecessor-version":[{"id":24196,"href":"https:\/\/neocatechumenaleiter.org\/pl\/wp-json\/wp\/v2\/pages\/22353\/revisions\/24196"}],"up":[{"embeddable":true,"href":"https:\/\/neocatechumenaleiter.org\/pl\/wp-json\/wp\/v2\/pages\/16496"}],"wp:attachment":[{"href":"https:\/\/neocatechumenaleiter.org\/pl\/wp-json\/wp\/v2\/media?parent=22353"}],"curies":[{"name":"wp","href":"https:\/\/api.w.org\/{rel}","templated":true}]}}