{"id":22365,"date":"2020-03-04T00:36:23","date_gmt":"2020-03-03T23:36:23","guid":{"rendered":"https:\/\/neocatechumenaleiter.org\/slowa-papiezy\/sw-jan-pawel-ii\/wizytacja-w-parafii-sw-kryspina-z-viterbo-28-3-1993\/"},"modified":"2021-08-10T11:02:58","modified_gmt":"2021-08-10T10:02:58","slug":"wizytacja-w-parafii-sw-kryspina-z-viterbo-28-3-1993","status":"publish","type":"page","link":"https:\/\/neocatechumenaleiter.org\/pl\/slowa-papiezy\/sw-jan-pawel-ii\/wizytacja-w-parafii-sw-kryspina-z-viterbo-28-3-1993\/","title":{"rendered":"Wizytacja w parafii \u015bw. Kryspina z Viterbo 28-3-1993"},"content":{"rendered":"\n<h1 class=\"has-text-align-center wp-block-heading\">Wizytacja w parafii \u015bw. Kryspina z Viterbo 28-3-1993<\/h1>\n\n<div style=\"height:20px\" aria-hidden=\"true\" class=\"wp-block-spacer\"><\/div>\n\n<h4 class=\"has-text-align-center wp-block-heading\">\u015aw. Jan Pawe\u0142 II<\/h4>\n\n<div style=\"height:20px\" aria-hidden=\"true\" class=\"wp-block-spacer\"><\/div>\n\n<p><strong>Rzym, 28 marca 1993 r.<\/strong><\/p>\n\n<p><em>Jan Pawe\u0142 II spotka\u0142 si\u0119 z dwiema wsp\u00f3lnotami neokatechumenalnymi, owocem o\u015bmioletniej ewangelizacji w parafii \u015bw. Kryspina. Przem\u00f3wienie powitalne do Ojca \u015awi\u0119tego wyg\u0142osi\u0142 m\u0142ody cz\u0142owiek, Roberto Santoponte:<\/em><\/p>\n\n<div class=\"wp-block-image\"><figure class=\"alignright size-large\"><img loading=\"lazy\" decoding=\"async\" width=\"768\" height=\"517\" src=\"https:\/\/neocatechumenaleiter.org\/wp-content\/uploads\/2020\/03\/Camino_Neocatecumenal_Juan_Pablo_II_visita_parroquia_San_Crispin_1993.jpg\" alt=\"\" class=\"wp-image-4795\" srcset=\"https:\/\/neocatechumenaleiter.org\/wp-content\/uploads\/2020\/03\/Camino_Neocatecumenal_Juan_Pablo_II_visita_parroquia_San_Crispin_1993.jpg 768w, https:\/\/neocatechumenaleiter.org\/wp-content\/uploads\/2020\/03\/Camino_Neocatecumenal_Juan_Pablo_II_visita_parroquia_San_Crispin_1993-300x202.jpg 300w\" sizes=\"auto, (max-width: 768px) 100vw, 768px\" \/><\/figure><\/div>\n\n<p>\u00abOjcze \u015awi\u0119ty, oto dwie Wsp\u00f3lnoty Neokatechumenalne owoc o\u015bmiu lat trudnej ewangelizacji w tej parafii przez nasz\u0105 ekip\u0119 pochodz\u0105c\u0105 z pi\u0105tej wsp\u00f3lnoty parafii \u015bw. Franciszki Cabrini w Rzymie, gdzie 14 lat temu rozpocz\u0119li\u015bmy Drog\u0119. Jest to ekipa katechist\u00f3w z naszej wsp\u00f3lnoty, kt\u00f3ra prowadzi duszpasterstwo chrzt\u00f3w i ma\u0142\u017ce\u0144stw w tej parafii. W naszej parafii, z kt\u00f3rej pochodzimy, ta droga ponownego odkrycia chrztu rozpocz\u0119\u0142a si\u0119 24 lata temu, w tym czasie powsta\u0142o 25 wsp\u00f3lnot; dwie pierwsze odnowi\u0142y ju\u017c swoje przyrzeczenia chrzcielne przed Jego \u015awi\u0105tobliwo\u015bci\u0105 w Bazylice \u015bw. Piotra i z nich wyruszyli w\u0119drowni, prezbiterzy i rodziny, aby katechizowa\u0107 praktycznie na ca\u0142ym \u015bwiecie. W naszej wsp\u00f3lnocie wiele os\u00f3b przez wiele lat by\u0142o oddalonych od Ko\u015bcio\u0142a i cudem by\u0142o w\u0142a\u015bnie ponowne odkrycie troskliwo\u015bci i macierzy\u0144stwa tego Ko\u015bcio\u0142a, kt\u00f3ry przyszed\u0142, aby nas szuka\u0107, aby Dobra Nowina o mi\u0142o\u015bci Boga objawionej w Jego Synu Jezusie Chrystusie rozbrzmiewa\u0142a w naszym \u017cyciu, kt\u00f3re dla wielu z nas by\u0142o ju\u017c bez znaczenia. W ci\u0105gu tych lat, dzi\u0119ki s\u0142uchaniu S\u0142owa Bo\u017cego i uczestnictwu w liturgii, byli\u015bmy \u015bwiadkami cud\u00f3w, kt\u00f3re B\u00f3g uczyni\u0142 w naszym \u017cyciu i w \u017cyciu naszych braci i si\u00f3str: powo\u0142a\u0144 do kap\u0142a\u0144stwa i \u017cycia konsekrowanego, odbudowanych ma\u0142\u017ce\u0144stw, rodzin otwartych na hojne przyj\u0119cie \u017cycia, odkrytego na nowo jako autentyczny i darmowy dar Boga.<\/p>\n\n<p>Mimo \u017ce od dziecka by\u0142em w Ko\u015bciele, nigdy nie do\u015bwiadczy\u0142em bezinteresowno\u015bci Bo\u017cej mi\u0142o\u015bci, zw\u0142aszcza wobec grzesznik\u00f3w, jak\u0105 odkry\u0142em w sobie. Spotkanie z Bogiem w\u0142a\u015bnie w cierpieniu i w wydarzeniach \u015bmierci, kt\u00f3re naznaczy\u0142y moje \u017cycie, by\u0142o wydarzeniem, kt\u00f3re odmieni\u0142o moj\u0105 egzystencj\u0119 i egzystencj\u0119 tych braci katechist\u00f3w razem ze mn\u0105, a to doprowadzi\u0142o nas do oddania odrobiny naszego \u017cycia dla Ewangelii, poruszeni uczuciem wdzi\u0119czno\u015bci wobec Boga Ojca i \u015bwiadomi, \u017ce &#8211; jak m\u00f3wi \u015bw. Pawe\u0142 &#8211; &#8222;mi\u0142o\u015b\u0107 Chrystusa przynagla nas&#8221;, aby ta Dobra Nowina, kt\u00f3ra zmieni\u0142a nasze \u017cycie, mog\u0142a dotrze\u0107 do wszystkich, kt\u00f3rzy na ni\u0105 czekaj\u0105. W tej dzielnicy jest tak wiele problem\u00f3w: narkotyki, marginalizacja, bezrobocie, ub\u00f3stwo, przemoc i tak wielu m\u0142odych ludzi straci\u0142o ju\u017c najg\u0142\u0119bszy sens swojego istnienia, ale my wiemy, \u017ce jedynym rozwi\u0105zaniem tych ogromnych dramat\u00f3w, jedyn\u0105 odpowiedzi\u0105 na najg\u0142\u0119bsze potrzeby ka\u017cdego cz\u0142owieka jest Jezus Chrystus, kt\u00f3ry umar\u0142 za nasze grzechy i zmartwychwsta\u0142 dla naszego usprawiedliwienia. Ci bracia s\u0105 dzisiaj znakiem, \u017ce to S\u0142owo jest prawdziwe, \u017ce mo\u017cna si\u0119 wzajemnie mi\u0142owa\u0107, tak jak nas umi\u0142owa\u0142 sam Chrystus, poprzez drog\u0119 dojrzewania do wiary, do\u015bwiadczaj\u0105c w\u0142asnej s\u0142abo\u015bci, ale jednocze\u015bnie smakuj\u0105c mi\u0142o\u015bci Boga i mi\u0142osierdzia Ko\u015bcio\u0142a, i mamy nadziej\u0119, \u017ce b\u0119d\u0105 oni &#8222;pierworodnymi wielu braci&#8221;, kt\u00f3rzy przyjd\u0105 po nich. I to w\u0142a\u015bnie dzi\u0119ki ich wytrwa\u0142o\u015bci i wsparciu proboszcza Don Vincenzo, kt\u00f3ry nigdy nas nie opu\u015bci\u0142 nawet w najtrudniejszych chwilach, dzi\u015b w tej parafii otwarta jest droga, droga powrotu do Ojca dla wielu naszych dalekich braci.<\/p>\n\n<p>Dziewicy Maryi, inspiratorce tej Drogi, powierzamy nasze d\u0105\u017cenia i pragnienia, a od Ciebie, Ojcze \u015awi\u0119ty, oczekujemy wsparcia Twoich modlitw i zach\u0119ty do kontynuowania podj\u0119tego dzie\u0142a, przekonani, \u017ce bez Ducha Jezusa Chrystusa i komunii z &#8222;Piotrem&#8221; nic nie mo\u017cemy uczyni\u0107. Prosz\u0119, przyjmij na zako\u0144czenie tego spotkania ten drobny upominek jako znak naszego pragnienia zjednoczenia z Tob\u0105, kt\u00f3ry jak Chrystus zach\u0119casz nas do &#8222;zarzucania sieci&#8221; ufaj\u0105c jedynie Twojemu S\u0142owu, pewni, \u017ce owoce, kt\u00f3re z tego wynikn\u0105, b\u0119d\u0105 budowa\u0107 ca\u0142y Ko\u015bci\u00f3\u0142. Znacz\u0105cy by\u0142 dar ofiarowany Ojcu \u015awi\u0119temu przez m\u0142od\u0105 kobiet\u0119, rze\u017aba przedstawiaj\u0105ca Piotra wyci\u0105gaj\u0105cego sieci i patrz\u0105cego na Jezusa Chrystusa: &#8222;Mamy nadziej\u0119 zarzuci\u0107 sieci na Wschodzie, to jest pragnienie nas wszystkich, nawet je\u015bli jeste\u015bmy s\u0142abi, biedni i niedojrzali, ale pragniemy ewangelizowa\u0107&#8221;\u00bb.<\/p>\n\n<p><em>&#8222;Ewangelizujcie na wschodzie i na zachodzie, wsz\u0119dzie&#8221; &#8211; odpowiedzia\u0142 Ojciec \u015awi\u0119ty, kt\u00f3ry nast\u0119pnie wyg\u0142osi\u0142<\/em> nast\u0119puj\u0105ce<em> przem\u00f3wienie, kt\u00f3re przytaczamy poni\u017cej:<\/em><\/p>\n\n<div class=\"wp-block-image\"><figure class=\"alignleft size-large\"><img loading=\"lazy\" decoding=\"async\" width=\"702\" height=\"566\" src=\"https:\/\/neocatechumenaleiter.org\/wp-content\/uploads\/2020\/03\/Camino_Neocatecumenal_Juan_Pablo_II_visita_parroquia_San_Crispin_1993_2.jpg\" alt=\"\" class=\"wp-image-4797\" srcset=\"https:\/\/neocatechumenaleiter.org\/wp-content\/uploads\/2020\/03\/Camino_Neocatecumenal_Juan_Pablo_II_visita_parroquia_San_Crispin_1993_2.jpg 702w, https:\/\/neocatechumenaleiter.org\/wp-content\/uploads\/2020\/03\/Camino_Neocatecumenal_Juan_Pablo_II_visita_parroquia_San_Crispin_1993_2-300x242.jpg 300w\" sizes=\"auto, (max-width: 702px) 100vw, 702px\" \/><\/figure><\/div>\n\n<p>\u00abJak powiedzia\u0142 wasz przedstawiciel, ks. Vincenzo nigdy was nie opu\u015bci\u0142. Dzi\u0119kujemy Panu, poniewa\u017c ks. Vincenzo jest tak dobry, ale r\u00f3wnie\u017c dzi\u0119kujemy za to, \u017ce nie porzucili\u015bcie ks. Vincenzo i to jest wa\u017cne. Wa\u017cna jest ta komunia z duszpasterzem, z kap\u0142anem, a przez kap\u0142ana z Chrystusem. Rozmawia\u0142em teraz z rad\u0105 duszpastersk\u0105 na temat animacji, poniewa\u017c prawd\u0105 jest, \u017ce ta parafia, jako wsp\u00f3lnota ludzka i chrze\u015bcija\u0144ska, potrzebuje wielkiej animacji. Animacja jest procesem, kt\u00f3ry sprawia, \u017ce poszczeg\u00f3lne elementy organizmu &#8222;zlepiaj\u0105 si\u0119&#8221; w \u017cyw\u0105 jedno\u015b\u0107.<\/p>\n\n<p>I wy, na r\u00f3\u017cne sposoby, robicie t\u0119 animacj\u0119. Kiedy wchodzisz do ko\u015bcio\u0142a, kiedy odprawiasz Msz\u0119 \u015bwi\u0119t\u0105, mo\u017cesz powiedzie\u0107: <em>tutaj o\u017cywiaj\u0105 \u015bpiewem<\/em>. Z pewno\u015bci\u0105 mia\u0142em wiele do\u015bwiadcze\u0144 z celebracji w r\u00f3\u017cnych parafiach i ko\u015bcio\u0142ach \u015bwiata: \u015bpiew jest animacj\u0105, daje dusz\u0119 modl\u0105cej si\u0119, wierz\u0105cej wsp\u00f3lnocie. Daje dusz\u0119, a nie by\u0142a pozbawiona fundament\u00f3w, wr\u0119cz mia\u0142a ich wiele, jak m\u00f3wi\u0142 \u015bw. Augustyn: &#8222;qui cantat bis orat&#8221;. &#8222;Bis orat&#8221;, bo dzi\u0119ki niemu inni te\u017c si\u0119 &#8222;modl\u0105&#8221;. Ale ta animacja w\u0142a\u015bciwa neokatechumenom jest g\u0142\u0119biej zakorzeniona. Nie s\u0105 tylko \u015bpiewakami, nawet je\u015bli s\u0105 dobrymi \u015bpiewakami. Ta animacja pochodzi z samego korzenia naszego do\u015bwiadczenia w Chrystusie, a tym korzeniem jest chrzest. Wybrali t\u0119 nazw\u0119 &#8222;Neokatechumenat&#8221;, maj\u0105c na my\u015bli katechumenat, kt\u00f3ry uformowa\u0142 pierwsze pokolenia Ko\u015bcio\u0142a, tu w Rzymie i wsz\u0119dzie indziej. Ten katechumenat sprawi\u0142, \u017ce niechrze\u015bcijanie, kandydaci do chrztu, odkryli tajemnic\u0119 Chrystusa, niezg\u0142\u0119bione bogactwo, kt\u00f3re jest w Chrystusie i kt\u00f3re jest dla nas, w kt\u00f3rym uczestniczymy. I to uczestnictwo jest pe\u0142ne, zal\u0105\u017cek zaczyna si\u0119 ju\u017c od Chrztu.<\/p>\n\n<p>Trzeba powr\u00f3ci\u0107 do chrztu, ka\u017cdy chrze\u015bcijanin musi powr\u00f3ci\u0107 do swojego chrztu, aby wiedzie\u0107, kim jest, tak, aby wiedzie\u0107, kim jest w Chrystusie. Kim jest dzi\u0119ki Chrystusowi. I w ten spos\u00f3b zmienia si\u0119 jego \u017cycie: nowe \u017cycie. Wiemy, \u017ce to nowe \u017cycie jest tak g\u0142\u0119boko wpisane w or\u0119dzie chrze\u015bcija\u0144skie, w Listy Aposto\u0142\u00f3w, a przede wszystkim w Ewangeli\u0119. Jedn\u0105 rzecz\u0105 jest to nowe \u017cycie odczytywane jako s\u0142owo, inn\u0105 rzecz\u0105 jest to nowe \u017cycie prze\u017cywane. To wspania\u0142e \u017cycie, wspania\u0142e do\u015bwiadczenie. To jest wasza najbardziej fundamentalna animacja, animacja dokonuj\u0105ca si\u0119 poprzez ponowne odkrycie bogactwa, kt\u00f3re jest w Chrystusie i kt\u00f3re jest w nas dzi\u0119ki Chrystusowi i kt\u00f3re Duch \u015awi\u0119ty daje ka\u017cdemu przez chrzest.<\/p>\n\n<p>A potem jest jeszcze bogactwo, bardzo wa\u017cna animacja, kt\u00f3r\u0105 przynosisz \u015bwiatu. Ten \u015bwiat jest tak zrezygnowany, \u017ce przy ca\u0142ym swoim post\u0119pie nie widzi \u017cadnych perspektyw i cz\u0119sto nie ma nadziei: nie kocha \u017cycia; to jest g\u0142\u0119boka choroba naszej wsp\u00f3\u0142czesnej cywilizacji, zachodniej, ameryka\u0144skiej, europejskiej. Nie kocha \u017cycia, boi si\u0119 go, robi wszystko, aby nie da\u0107 \u017cycia.<\/p>\n\n<p>Tak wi\u0119c, twoja animacja jest r\u00f3wnie\u017c animacj\u0105 mi\u0142o\u015bci do \u017cycia. I to jest animacja, kt\u00f3ra wchodzi w was, wchodzi w wasze rodziny i tam si\u0119 realizuje, jest odwa\u017cna, pe\u0142na nadziei i pe\u0142na rado\u015bci, poniewa\u017c daje nowe \u017cycie, dzieci przynosz\u0105 rado\u015b\u0107. A potem jest to animacja ludzkiej i chrze\u015bcija\u0144skiej odwagi. To w\u0142a\u015bnie chcia\u0142em wam powiedzie\u0107, poniewa\u017c \u015bledz\u0119 was, nie zawsze z bliska, kilka razy z daleka, ale \u015bledz\u0119 was wystarczaj\u0105co i my\u015bl\u0119, \u017ce ten ruch, jak i wiele innych ruch\u00f3w, jest wielkim darem Ducha \u015awi\u0119tego dla Ko\u015bcio\u0142a i dla dzisiejszej ludzko\u015bci. Weso\u0142ych \u015awi\u0105t Wielkanocnych, a Wielkanoc jest centralnym punktem naszego wyznania wiary i naszego \u017cycia\u00bb. &#13;\n(*) Por. &#8222;L&#8217;Osservatore Romano&#8221;, 29-30 marca 1993 r.<\/p>\n","protected":false},"excerpt":{"rendered":"<p>Wizytacja w parafii \u015bw. Kryspina z Viterbo 28-3-1993 \u015aw. Jan Pawe\u0142 II Rzym, 28 marca 1993 r. Jan Pawe\u0142 II spotka\u0142 si\u0119 z dwiema wsp\u00f3lnotami neokatechumenalnymi, owocem o\u015bmioletniej ewangelizacji w parafii \u015bw. Kryspina. Przem\u00f3wienie powitalne do Ojca \u015awi\u0119tego wyg\u0142osi\u0142 m\u0142ody cz\u0142owiek, Roberto Santoponte: \u00abOjcze \u015awi\u0119ty, oto dwie Wsp\u00f3lnoty Neokatechumenalne owoc o\u015bmiu lat trudnej ewangelizacji w tej parafii przez nasz\u0105 ekip\u0119 pochodz\u0105c\u0105 z pi\u0105tej wsp\u00f3lnoty parafii \u015bw. Franciszki Cabrini w Rzymie,<\/p>\n<div class=\"read-more\"><a class=\"btn read-more-btn\" href=\"https:\/\/neocatechumenaleiter.org\/pl\/slowa-papiezy\/sw-jan-pawel-ii\/wizytacja-w-parafii-sw-kryspina-z-viterbo-28-3-1993\/\">Czytaj dalej<\/a><\/div>\n","protected":false},"author":2,"featured_media":0,"parent":16496,"menu_order":72,"comment_status":"closed","ping_status":"closed","template":"","meta":{"footnotes":""},"class_list":["post-22365","page","type-page","status-publish","hentry"],"_links":{"self":[{"href":"https:\/\/neocatechumenaleiter.org\/pl\/wp-json\/wp\/v2\/pages\/22365","targetHints":{"allow":["GET"]}}],"collection":[{"href":"https:\/\/neocatechumenaleiter.org\/pl\/wp-json\/wp\/v2\/pages"}],"about":[{"href":"https:\/\/neocatechumenaleiter.org\/pl\/wp-json\/wp\/v2\/types\/page"}],"author":[{"embeddable":true,"href":"https:\/\/neocatechumenaleiter.org\/pl\/wp-json\/wp\/v2\/users\/2"}],"replies":[{"embeddable":true,"href":"https:\/\/neocatechumenaleiter.org\/pl\/wp-json\/wp\/v2\/comments?post=22365"}],"version-history":[{"count":4,"href":"https:\/\/neocatechumenaleiter.org\/pl\/wp-json\/wp\/v2\/pages\/22365\/revisions"}],"predecessor-version":[{"id":24148,"href":"https:\/\/neocatechumenaleiter.org\/pl\/wp-json\/wp\/v2\/pages\/22365\/revisions\/24148"}],"up":[{"embeddable":true,"href":"https:\/\/neocatechumenaleiter.org\/pl\/wp-json\/wp\/v2\/pages\/16496"}],"wp:attachment":[{"href":"https:\/\/neocatechumenaleiter.org\/pl\/wp-json\/wp\/v2\/media?parent=22365"}],"curies":[{"name":"wp","href":"https:\/\/api.w.org\/{rel}","templated":true}]}}