{"id":22369,"date":"2020-03-04T00:14:54","date_gmt":"2020-03-03T23:14:54","guid":{"rendered":"https:\/\/neocatechumenaleiter.org\/slowa-papiezy\/sw-jan-pawel-ii\/wizytacja-w-parafii-sw-leonarda-murialdo-22-3-1992\/"},"modified":"2021-08-10T11:02:33","modified_gmt":"2021-08-10T10:02:33","slug":"wizytacja-w-parafii-sw-leonarda-murialdo-22-3-1992","status":"publish","type":"page","link":"https:\/\/neocatechumenaleiter.org\/pl\/slowa-papiezy\/sw-jan-pawel-ii\/wizytacja-w-parafii-sw-leonarda-murialdo-22-3-1992\/","title":{"rendered":"Wizytacja w parafii \u015bw. Leonarda Murialdo 22-3-1992"},"content":{"rendered":"\n<h1 class=\"has-text-align-center wp-block-heading\">Wizytacja w parafii \u015bw. Leonarda Murialdo 22-3-1992<\/h1>\n\n<div style=\"height:20px\" aria-hidden=\"true\" class=\"wp-block-spacer\"><\/div>\n\n<h4 class=\"has-text-align-center wp-block-heading\">\u015aw. Jan Pawe\u0142 II<\/h4>\n\n<div style=\"height:20px\" aria-hidden=\"true\" class=\"wp-block-spacer\"><\/div>\n\n<p><strong>Rzym, dnia 22 marca 1992 r.<\/strong><\/p>\n\n<p><em>Na pocz\u0105tku Mszy \u015awi\u0119tej, po pozdrowieniu przewodnicz\u0105cego, proboszcz parafii, ks. Domenico Paiusco, przywita\u0142 Ojca \u015awi\u0119tego w imieniu wsp\u00f3lnoty:<\/em><\/p>\n\n<p>\u00abNaj\u015bwi\u0119tszy Ojcze, witaj w\u015br\u00f3d nas! Dzi\u0119kujemy, \u017ce jeste\u015b z nami. Wsp\u00f3lnota parafialna z parafii \u015bw. Leonarda Murialdo, powierzona Zgromadzeniu Ksi\u0119\u017cy J\u00f3zefit\u00f3w, przygotowa\u0142a si\u0119 do tego pierwszego spotkania ze swoim Biskupem z rado\u015bci\u0105 i entuzjazmem poprzez modlitw\u0119 osobist\u0105 i wsp\u00f3lnotow\u0105 oraz refleksj\u0119 nad tym wydarzeniem wiary w wielu o\u015brodkach s\u0142uchania w rodzinach. Trzydzie\u015bci lat min\u0119\u0142o od powstania parafii &#8211; marzec 1958 roku &#8211; do po\u015bwi\u0119cenia tego budynku w 1988 roku. Obecne zaanga\u017cowanie duszpasterskie polega na budowaniu duchowej \u015bwi\u0105tyni z \u017cywych kamieni, wsp\u00f3lnoty, kt\u00f3ra jest \u015bwiadectwem i znakiem Chrystusa zasadzonego po\u015br\u00f3d nas, z podw\u00f3jn\u0105 funkcj\u0105 wzrastania wewn\u0119trznego, duchowego \u0142adunku, kt\u00f3ry z kolei staje si\u0119 zdolno\u015bci\u0105 do komunii, wsparcia dla wszystkich, kt\u00f3rzy tu mieszkaj\u0105. Ludno\u015b\u0107, pocz\u0105tkowo sk\u0142adaj\u0105ca si\u0119 z m\u0142odych ma\u0142\u017ce\u0144stw z dzie\u0107mi, utrzyma\u0142a si\u0119 na sta\u0142ym poziomie i po 30 latach jest na drodze do staro\u015bci, a wi\u0119kszo\u015b\u0107 dzieci, po za\u0142o\u017ceniu nowych rodzin, przenios\u0142a si\u0119 gdzie indziej.<\/p>\n\n<p>Rodziny sk\u0142adaj\u0105ce si\u0119 z pracownik\u00f3w umys\u0142owych i fizycznych, z kt\u00f3rych wielu jest na emeryturze, nie cierpi\u0105 z powodu ub\u00f3stwa, ale raczej z powodu problem\u00f3w zwi\u0105zanych ze staro\u015bci\u0105 i samotno\u015bci\u0105, a m\u0142odzi ludzie, kt\u00f3rzy jeszcze pozostali, cierpi\u0105 z powodu problem\u00f3w mieszkaniowych i zawodowych.<\/p>\n\n<p>W wielu rodzinach widoczny jest brak formacji religijnej, a co za tym idzie brak jedno\u015bci mi\u0119dzy wiar\u0105 a \u017cyciem, mi\u0119dzy Ewangeli\u0105 a post\u0119powaniem.<\/p>\n\n<div class=\"wp-block-image\"><figure class=\"alignleft size-medium\"><img loading=\"lazy\" decoding=\"async\" width=\"300\" height=\"246\" src=\"https:\/\/neocatechumenaleiter.org\/wp-content\/uploads\/2020\/03\/Camino_Neocatecumenal_Juan_Pablo_II_visita_parroquia_San_Leonardo_1992-300x246.jpg\" alt=\"\" class=\"wp-image-2370\" srcset=\"https:\/\/neocatechumenaleiter.org\/wp-content\/uploads\/2020\/03\/Camino_Neocatecumenal_Juan_Pablo_II_visita_parroquia_San_Leonardo_1992-300x246.jpg 300w, https:\/\/neocatechumenaleiter.org\/wp-content\/uploads\/2020\/03\/Camino_Neocatecumenal_Juan_Pablo_II_visita_parroquia_San_Leonardo_1992.jpg 698w\" sizes=\"auto, (max-width: 300px) 100vw, 300px\" \/><\/figure><\/div>\n\n<p>Podstawowym zobowi\u0105zaniem w parafii zawsze by\u0142a ewangelizacja z katechez\u0105 dla wszystkich grup wiekowych. Sta\u0142a katecheza w wieku szkolnym od 6 do 13 lat; w tym roku r\u00f3wnie\u017c dzieci od 3 do 6 lat, aby rozpocz\u0105\u0107 ich drog\u0119 wiary, na kt\u00f3rej sakramenty pojednania, Eucharystii i bierzmowania s\u0105 uprzywilejowanymi etapami. Oferujemy katechez\u0119 dla doros\u0142ych w celu odnowy rodziny. W tym bardzo pomaga mi do\u015bwiadczenie Neokatechumenatu, kt\u00f3re nie jest wyj\u0105tkowe, ale jest aktualne. Od 1971 roku powsta\u0142o 10 wsp\u00f3lnot z oko\u0142o 400 bra\u0107mi, kt\u00f3rzy opr\u00f3cz ponownego odkrycia osobistej i wsp\u00f3lnotowej wiary, s\u0105 prawdziw\u0105 sol\u0105 i zaczynem dla ca\u0142ej parafii. W tym poczuciu bycia Ko\u015bcio\u0142em, s\u0105 oni dost\u0119pni dla zaanga\u017cowanej katechezy rodzic\u00f3w w przygotowaniu do chrztu ich dzieci, doros\u0142ych do bierzmowania, zar\u0119czonych w ma\u0142\u017ce\u0144stwie i dla spotka\u0144 rodzinnych. Ka\u017cdego roku widz\u0119, jak do Ko\u015bcio\u0142a przychodz\u0105 ludzie zdystansowani, oboj\u0119tni, rodziny prze\u017cywaj\u0105ce trudno\u015bci w swoich ma\u0142\u017ce\u0144stwach.<\/p>\n\n<p>W parafii jest formacja i animacja liturgiczna, pos\u0142uga mi\u0142osierdzia wobec chorych, bezbronnych, samotnych; w rzeczywisto\u015bci specyficznym charyzmatem naszego Zgromadzenia jest pomoc dzieciom i m\u0142odzie\u017cy z dom\u00f3w dziecka w trudno\u015bciach. Oratorium jest wreszcie miejscem spotka\u0144 dla dzieci, m\u0142odzie\u017cy i rodzin. Z wielkim zaanga\u017cowaniem pracuje tam zesp\u00f3\u0142 \u015bwieckich wsp\u00f3\u0142pracownik\u00f3w, kt\u00f3rzy opr\u00f3cz szkolenia, promuj\u0105 r\u00f3\u017cne dzia\u0142ania z dzie\u0107mi i m\u0142odzie\u017c\u0105. W tym okresie parafia jest zaanga\u017cowana w &#8222;konfrontacj\u0119 z miastem&#8221; na drodze synodalnej, kt\u00f3r\u0105 prowadzi wasza diecezja i w kt\u00f3rej priorytetem jest aktualna kondycja rodziny.<\/p>\n\n<p>Naj\u015bwi\u0119tszy Ojcze, sprawowanie z Tob\u0105 Eucharystii, mocny moment komunii, wyznacza wa\u017cny etap w naszym odczuwaniu, \u017ce stajemy si\u0119 bardziej Ko\u015bcio\u0142em. Twoja obecno\u015b\u0107 cieszy nas, poniewa\u017c przyszed\u0142e\u015b do nas z wielkim sercem Ojca, zdolny do kochania bliskich i dalekich. W imieniu bliskich i dalekich ponawiamy Ci nasze dzi\u0119kczynienie i prosimy o o\u015bwiecaj\u0105ce s\u0142owo nadziei, kt\u00f3re sprawi, \u017ce nasze spotkanie z Tob\u0105, naszym Biskupem, nast\u0119pc\u0105 Piotra i wikariuszem Chrystusa, b\u0119dzie bardziej owocowa\u0142o w wytrwa\u0142o\u015b\u0107. Czekamy na s\u0142owo, kt\u00f3re da m\u0142odym, zdezorientowanym przez tak wiele wyzwa\u0144, w\u0142a\u015bciw\u0105 motywacj\u0119 do \u017cycia, a tym, kt\u00f3rzy nie s\u0105 ju\u017c m\u0142odzi, potrzeb\u0119 bycia \u015bwiadkami w swoich rodzinach i w \u015brodowiskach pracy. Dzi\u0119kuj\u0119 Ci, Naj\u015bwi\u0119tszy Ojcze\u00bb.&#13;\n&#13;\nOd pierwszego momentu wizyty parafia \u015bw. Leonarda Murialdo ukaza\u0142a Papie\u017cowi obraz &#8222;wsp\u00f3lnoty mi\u0119dzynarodowej&#8221;, dzi\u0119ki obecno\u015bci na du\u017cym dziedzi\u0144cu za ko\u015bcio\u0142em przedstawicieli wsp\u00f3lnot neokatechumenalnych i licznej ludno\u015bci koczowniczej goszcz\u0105cej w pobliskim obozie. Wraz z licznie zgromadzonymi dzie\u0107mi i m\u0142odzie\u017c\u0105 &#8211; w\u015br\u00f3d \u015bpiewu i powiewaj\u0105cych transparent\u00f3w i flag &#8211; zgotowali Papie\u017cowi gor\u0105ce powitanie. W uroczyste zgromadzenie wprowadzi\u0142 wikariusz:<\/p>\n\n<p>\u00abDrogi Janie Pawle II, Nast\u0119pco Piotra, witaj w\u015br\u00f3d dzieci i m\u0142odzie\u017cy naszej parafii oraz w naszym centrum m\u0142odzie\u017cowym i spo\u0142ecznym &#8222;San Leonardo Murialdo&#8221;. Z ut\u0119sknieniem czekali\u015bmy na to spotkanie, aby wsp\u00f3lnie \u015bwi\u0119towa\u0107 i ws\u0142uchiwa\u0107 si\u0119 w Twoje wa\u017cne s\u0142owa, kt\u00f3re towarzyszy nam w pod\u0105\u017caniu w \u017cyciu \u015bladami Jezusa, naszego przyjaciela i zbawiciela. Dzi\u015b, bardziej ni\u017c kiedykolwiek, jeste\u015bmy tu wszyscy: dzieci, m\u0142odzie\u017c, m\u0142odzie\u017c wraz ze \u015bwieckimi wsp\u00f3\u0142pracownikami j\u00f3zefi\u0144skimi, zaanga\u017cowani w dzie\u0142o ludzkiej i chrze\u015bcija\u0144skiej formacji m\u0142odych pokole\u0144. Dobrze zjednoczona rodzina, jak \u017cyczy\u0142 sobie \u015bwi\u0119ty Leonard Murialdo\u00bb.<\/p>\n\n<p><em>W ko\u0144cu g\u0142os zabra\u0142 papie\u017c:<\/em><\/p>\n\n<p>\u00abNiech b\u0119dzie pochwalony Jezus Chrystus. Zaczynam od tego s\u0142owa skierowanego do Jezusa Chrystusa w imieniu nas wszystkich, poniewa\u017c prze\u015bledzi\u0142em wcze\u015bniejsz\u0105 prezentacj\u0119 i widzimy, \u017ce tutaj jeste\u015bcie w pewnym sensie inni: nie tylko w\u015br\u00f3d ch\u0142opc\u00f3w ze szko\u0142y, z katechezy sakramentalnej, z harcerstwa, ale tak\u017ce z r\u00f3\u017cnych narodowo\u015bci. S\u0105 te\u017c nomadowie. Czujemy ca\u0142\u0105 t\u0119 r\u00f3\u017cnorodno\u015b\u0107, ale jednocze\u015bnie czujemy jedno\u015b\u0107, komuni\u0119, wsp\u00f3lnot\u0119. Ta wsp\u00f3lnota ch\u0142opc\u00f3w, m\u0142odzie\u017cy, dzieci jest tworzona przez Jezusa Chrystusa.<\/p>\n\n<p>On jest centrum, wok\u00f3\u0142 kt\u00f3rego wszyscy jeste\u015bmy jednym. To jest jego tajemnica. Tajemnica Jezusa, tajemnica Syna Bo\u017cego, kt\u00f3ry sta\u0142 si\u0119 cz\u0142owiekiem, polega w\u0142a\u015bnie na tym: \u017ce staj\u0105c si\u0119 cz\u0142owiekiem, stworzy\u0142 centrum komunii, wsp\u00f3lnoty dla r\u00f3\u017cnych os\u00f3b, dla r\u00f3\u017cnych \u015brodowisk, dla r\u00f3\u017cnych narod\u00f3w. Wida\u0107 to od pocz\u0105tku Ko\u015bcio\u0142a, od pierwszej wsp\u00f3lnoty chrze\u015bcija\u0144skiej w Jerozolimie, potem przez wieki, gdy aposto\u0142owie opuszczali Jerozolim\u0119, by uda\u0107 si\u0119 do r\u00f3\u017cnych kraj\u00f3w \u015bwiata i g\u0142osi\u0107 Ewangeli\u0119 r\u00f3\u017cnym narodom, a te r\u00f3\u017cne narody stawa\u0142y si\u0119 tym samym Ko\u015bcio\u0142em.<\/p>\n\n<div class=\"wp-block-image\"><figure class=\"alignright size-large\"><img loading=\"lazy\" decoding=\"async\" width=\"704\" height=\"569\" src=\"https:\/\/neocatechumenaleiter.org\/wp-content\/uploads\/2020\/03\/Camino_Neocatecumenal_Juan_Pablo_II_visita_parroquia_San_Leonardo_1992_2.jpg\" alt=\"\" class=\"wp-image-4831\" srcset=\"https:\/\/neocatechumenaleiter.org\/wp-content\/uploads\/2020\/03\/Camino_Neocatecumenal_Juan_Pablo_II_visita_parroquia_San_Leonardo_1992_2.jpg 704w, https:\/\/neocatechumenaleiter.org\/wp-content\/uploads\/2020\/03\/Camino_Neocatecumenal_Juan_Pablo_II_visita_parroquia_San_Leonardo_1992_2-300x242.jpg 300w\" sizes=\"auto, (max-width: 704px) 100vw, 704px\" \/><\/figure><\/div>\n\n<p>Czym jest Ko\u015bci\u00f3\u0142? Jest to Chrystus \u017cyj\u0105cy po\u015br\u00f3d nas, z nami i dla nas. Ko\u015bci\u00f3\u0142 jest Chrystusem \u017cyj\u0105cym z nami i dla nas, zawsze i wsz\u0119dzie. Jednocze\u015bnie Ko\u015bci\u00f3\u0142 to my zgromadzeni wok\u00f3\u0142 Jezusa Chrystusa, Jego Ewangelii, Jego Krzy\u017ca i Jego Zmartwychwstania, my wszyscy zjednoczeni w Jezusie Chrystusie, a nie tylko wok\u00f3\u0142 Niego. Nie jeste\u015bmy tylko zgromadzeniem, jeste\u015bmy Ko\u015bcio\u0142em, cia\u0142em, a wi\u0119c &#8211; zgromadzeni wok\u00f3\u0142 Niego i w Nim &#8211; wszyscy jeste\u015bmy w jakim\u015b stopniu uczestnikami Jego boskiego \u017cycia, uczestnikami Jego misji, a to czyni nas jedno\u015bci\u0105, jedn\u0105 wsp\u00f3lnot\u0105, jednym Ko\u015bcio\u0142em. Tak wi\u0119c przemawiam, s\u0142uchaj\u0105c dzieci i m\u0142odzie\u017cy, ale s\u0105 te\u017c rodzice, doro\u015bli, kt\u00f3rzy maj\u0105 inne obowi\u0105zki: nauczyciele i profesorowie. Jest jeszcze Wsp\u00f3lnota Neokatechumenalna, kt\u00f3ra jest widoczna poprzez swoje pie\u015bni i sw\u00f3j entuzjazm. Mam nadziej\u0119, \u017ce to pierwsze spotkanie b\u0119dzie dobrym wst\u0119pem w Waszej parafii. Poprzez wasz\u0105 wsp\u00f3lnot\u0119 mo\u017cecie ju\u017c w pewnym stopniu odczu\u0107 ducha wsp\u00f3lnoty parafialnej, jest ona zal\u0105\u017ckiem, z kt\u00f3rym wsp\u00f3lnota parafialna musi \u017cy\u0107 i wzrasta\u0107, i zawsze musi wzrasta\u0107 wyrastaj\u0105c z \u017cycia Jezusa i wnosz\u0105c w siebie t\u0119 sam\u0105 mi\u0142o\u015b\u0107, kt\u00f3r\u0105 Jezus wni\u00f3s\u0142 do nas.<\/p>\n\n<p>Jezus jest tak obecny w\u015br\u00f3d nas, \u017ce uto\u017csamia si\u0119 przede wszystkim z najmniejszymi, najbiedniejszymi, najbardziej cierpi\u0105cymi. On m\u00f3wi: &#8222;Co uczynili\u015bcie jednemu z nich, Mnie\u015bcie uczynili&#8221;.<\/p>\n\n<p>\u017bycz\u0119 wam, aby\u015bcie \u017cyli \u017cyciem Chrystusa i aby\u015bcie coraz bardziej szukali i karmili \u017cyciem Chrystusa wasze \u017cycie chrze\u015bcija\u0144skie, wasze \u017cycie ludzkie, wasze \u017cycie przeb\u00f3stwione przez Jego obecno\u015b\u0107 i przez Jego sakramenty. Pragn\u0119 udzieli\u0107 wszystkim obecnym b\u0142ogos\u0142awie\u0144stwa, \u017cycz\u0105c &#8211; jak widz\u0119 na tych sztandarach &#8211; aby coraz bardziej ewangelizowa\u0107 \u017cycie ludzkie w tej dzielnicy i aby by\u0142o ono coraz bardziej przenikni\u0119te Duchem Chrystusa.\u00bb. &#13;\n&#13;\nNa zako\u0144czenie uroczysto\u015bci papie\u017c pozdrowi\u0142 ksi\u0119\u017cy prefektury i cz\u0142onk\u00f3w murialdia\u0144skiej wsp\u00f3lnoty zakonnej, a w szczeg\u00f3lno\u015bci seminarzyst\u00f3w z jezuickiej wsp\u00f3lnoty powo\u0142aniowej Prowincji Rzymskiej Niepokalanej. <\/p>\n\n<p><em>Nast\u0119pnie odby\u0142 kr\u00f3tkie spotkanie z doros\u0142ymi z parafii, kt\u00f3rych przedstawi\u0142 mu rzecznik Rady Duszpasterskiej, diakon Giovanni<\/em> Pennacchio:<\/p>\n\n<p>\u00abOjcze \u015awi\u0119ty, s\u0105 tu obecni wszyscy cz\u0142onkowie parafialnej rady duszpasterskiej i liderzy rzeczywisto\u015bci ko\u015bcielnych tej parafii oraz r\u00f3\u017cnych ga\u0142\u0119zi dzia\u0142alno\u015bci duszpasterskiej: katechezy, liturgii, dzia\u0142alno\u015bci charytatywnej, duszpasterstwa m\u0142odzie\u017cy. Obecni s\u0105 r\u00f3wnie\u017c &#8211; po raz pierwszy dopuszczeni do Rady Duszpasterskiej &#8211; liderzy stref, gdy\u017c od tego roku, aby dotrze\u0107 jak najszerzej do ludzi nawet z dala od parafii, parafia zosta\u0142a podzielona na dziesi\u0119\u0107 stref, a ka\u017cda strefa ma swojego lidera. Obecni s\u0105 tak\u017ce prze\u0142o\u017ceni dziesi\u0119ciu Wsp\u00f3lnot Neokatechumenalnych wraz ze swoimi prezbiterami i katechistami oraz w\u0119drownymi rodzinami na misji w r\u00f3\u017cnych cz\u0119\u015bciach \u015bwiata: Afryki, Australii, Europy. Jeste\u015bmy tutaj, aby odnowi\u0107 nasz\u0105 przynale\u017cno\u015b\u0107 i jedno\u015b\u0107 z Piotrem, z jego nauczaniem, z tym religijnym szacunkiem, o kt\u00f3rym m\u00f3wi Lumen Gentium. Dzi\u0119kuj\u0119, \u017ce jeste\u015bcie w\u015br\u00f3d nas\u00bb.&#13;\n&#13;\nPapie\u017c, po wys\u0142uchaniu r\u00f3\u017cnych \u015bwiadectw, odpowiedzia\u0142 w nast\u0119puj\u0105cy spos\u00f3b:&#13;\n&#13;\n \u00abDzi\u0119kuj\u0119 za t\u0119 s\u0142own\u0105, ale przede wszystkim osobist\u0105 prezentacj\u0119. Mo\u017cna zauwa\u017cy\u0107, \u017ce wasza parafia jest tutaj, w Rzymie, w tej okolicy, ale jednocze\u015bnie jest w wielu miejscach, w wielu obszarach, w wielu \u015brodowiskach, na wielu kontynentach: poza Rzymem. Jest to parafia misyjna, w\u0119drowna, neokatechumenalna.<\/p>\n\n<p>Pozdrawiam was wszystkich: Australijczyk\u00f3w, Afryka\u0144czyk\u00f3w, Francuz\u00f3w, Niemc\u00f3w, Polak\u00f3w, Bia\u0142orusin\u00f3w&#8230; Ko\u015bci\u00f3\u0142 rzymski, musicie wiedzie\u0107, prze\u017cywa obecnie okres konfrontacji. Por\u00f3wnanie oznacza &#8211; mo\u017cemy to powiedzie\u0107 &#8211; zastosowanie przede wszystkim Vaticanum II, przede wszystkim Lumen Gentium i Gaudium et Spes. Por\u00f3wnanie z r\u00f3\u017cnymi rzeczywisto\u015bciami, kt\u00f3re wyr\u00f3\u017cniaj\u0105 to miasto i to spo\u0142ecze\u0144stwo rzymskie, wa\u017cne dla przysz\u0142o\u015bci miasta, W\u0142och, a tak\u017ce Ko\u015bcio\u0142a. Jest to jednak por\u00f3wnanie, w kt\u00f3rym Ko\u015bci\u00f3\u0142 jest por\u00f3wnywany i por\u00f3wnuje si\u0119 w wierze; poprzez swoj\u0105 licz\u0105c\u0105 dwa tysi\u0105ce lat wiar\u0119. <\/p>\n\n<p>Rzym przygl\u0105da si\u0119 problemom naszego tysi\u0105clecia, a nawet tego zako\u0144czenia drugiego tysi\u0105clecia.&#13;\n&#13;\nPatrzy z wiar\u0105 i stara si\u0119 zrozumie\u0107 te problemy, nawet je\u015bli s\u0105 one trudne, nawet je\u015bli czasami s\u0105 sprzeczne z tym, co m\u00f3wi nam wiara. Sp\u00f3jrzcie na te problemy z odwag\u0105, poniewa\u017c Ko\u015bci\u00f3\u0142 musi mie\u0107 odwag\u0119. Chrystus powiedzia\u0142 nam: &#8222;Nie l\u0119kajcie si\u0119&#8221;, i to jest kluczowe s\u0142owo Jego mesja\u0144skiej misji i naszej misji apostolskiej. Nie b\u00f3jcie si\u0119. M\u00f3wi\u0119 to r\u00f3wnie\u017c do was, w\u0119drowni, poniewa\u017c jeste\u015bcie odwa\u017cni. Czasami mam wra\u017cenie, \u017ce boisz si\u0119 jakiej\u015b rzeczywisto\u015bci, z kt\u00f3r\u0105 si\u0119 spotykasz i kt\u00f3rej stawiasz czo\u0142a. Nie b\u00f3jcie si\u0119, bo zawsze chodzi o to samo: &#8222;Ja jestem z wami&#8221;. To nie jest tylko s\u0142owo, to jest rzeczywisto\u015b\u0107.<\/p>\n\n<p>Z b\u0142ogos\u0142awie\u0144stwem dla wszystkich obecnych &#8211; dla tych nielicznych, kt\u00f3rzy pozostali w Rzymie w tej parafii &#8211; i dla tych wielu, kt\u00f3rzy s\u0105 na r\u00f3\u017cnych kontynentach\u00bb. (*) Por. &#8222;L&#8217;Osservatore Romano&#8221;, 23-24 marca 1992 r.<\/p>\n","protected":false},"excerpt":{"rendered":"<p>Wizytacja w parafii \u015bw. Leonarda Murialdo 22-3-1992 \u015aw. Jan Pawe\u0142 II Rzym, dnia 22 marca 1992 r. Na pocz\u0105tku Mszy \u015awi\u0119tej, po pozdrowieniu przewodnicz\u0105cego, proboszcz parafii, ks. Domenico Paiusco, przywita\u0142 Ojca \u015awi\u0119tego w imieniu wsp\u00f3lnoty: \u00abNaj\u015bwi\u0119tszy Ojcze, witaj w\u015br\u00f3d nas! Dzi\u0119kujemy, \u017ce jeste\u015b z nami. Wsp\u00f3lnota parafialna z parafii \u015bw. Leonarda Murialdo, powierzona Zgromadzeniu Ksi\u0119\u017cy J\u00f3zefit\u00f3w, przygotowa\u0142a si\u0119 do tego pierwszego spotkania ze swoim Biskupem z rado\u015bci\u0105 i entuzjazmem poprzez<\/p>\n<div class=\"read-more\"><a class=\"btn read-more-btn\" href=\"https:\/\/neocatechumenaleiter.org\/pl\/slowa-papiezy\/sw-jan-pawel-ii\/wizytacja-w-parafii-sw-leonarda-murialdo-22-3-1992\/\">Czytaj dalej<\/a><\/div>\n","protected":false},"author":2,"featured_media":0,"parent":16496,"menu_order":67,"comment_status":"closed","ping_status":"closed","template":"","meta":{"footnotes":""},"class_list":["post-22369","page","type-page","status-publish","hentry"],"_links":{"self":[{"href":"https:\/\/neocatechumenaleiter.org\/pl\/wp-json\/wp\/v2\/pages\/22369","targetHints":{"allow":["GET"]}}],"collection":[{"href":"https:\/\/neocatechumenaleiter.org\/pl\/wp-json\/wp\/v2\/pages"}],"about":[{"href":"https:\/\/neocatechumenaleiter.org\/pl\/wp-json\/wp\/v2\/types\/page"}],"author":[{"embeddable":true,"href":"https:\/\/neocatechumenaleiter.org\/pl\/wp-json\/wp\/v2\/users\/2"}],"replies":[{"embeddable":true,"href":"https:\/\/neocatechumenaleiter.org\/pl\/wp-json\/wp\/v2\/comments?post=22369"}],"version-history":[{"count":4,"href":"https:\/\/neocatechumenaleiter.org\/pl\/wp-json\/wp\/v2\/pages\/22369\/revisions"}],"predecessor-version":[{"id":24099,"href":"https:\/\/neocatechumenaleiter.org\/pl\/wp-json\/wp\/v2\/pages\/22369\/revisions\/24099"}],"up":[{"embeddable":true,"href":"https:\/\/neocatechumenaleiter.org\/pl\/wp-json\/wp\/v2\/pages\/16496"}],"wp:attachment":[{"href":"https:\/\/neocatechumenaleiter.org\/pl\/wp-json\/wp\/v2\/media?parent=22369"}],"curies":[{"name":"wp","href":"https:\/\/api.w.org\/{rel}","templated":true}]}}