{"id":22373,"date":"2020-03-04T01:55:08","date_gmt":"2020-03-04T00:55:08","guid":{"rendered":"https:\/\/neocatechumenaleiter.org\/slowa-papiezy\/sw-jan-pawel-ii\/wizytacja-w-parafii-sw-franciszka-salezego-13-3-1994\/"},"modified":"2021-08-10T11:03:43","modified_gmt":"2021-08-10T10:03:43","slug":"wizytacja-w-parafii-sw-franciszka-salezego-13-3-1994","status":"publish","type":"page","link":"https:\/\/neocatechumenaleiter.org\/pl\/slowa-papiezy\/sw-jan-pawel-ii\/wizytacja-w-parafii-sw-franciszka-salezego-13-3-1994\/","title":{"rendered":"Wizytacja w parafii \u015bw. Franciszka Salezego 13-3-1994"},"content":{"rendered":"\n<h1 class=\"has-text-align-center wp-block-heading\">Wizytacja w parafii \u015bw. Franciszka Salezego 13-3-1994<\/h1>\n\n<div style=\"height:20px\" aria-hidden=\"true\" class=\"wp-block-spacer\"><\/div>\n\n<h4 class=\"has-text-align-center wp-block-heading\">\u015aw. Jan Pawe\u0142 II<\/h4>\n\n<div style=\"height:20px\" aria-hidden=\"true\" class=\"wp-block-spacer\"><\/div>\n\n<p><strong>Rzym, 13 marca 1994 r.<\/strong><\/p>\n\n<p><em>Ojciec \u015awi\u0119ty, zwracaj\u0105c si\u0119 do dzieci, powiedzia\u0142:<\/em><\/p>\n\n<div class=\"wp-block-image\"><figure class=\"alignright size-large\"><img loading=\"lazy\" decoding=\"async\" width=\"684\" height=\"563\" src=\"https:\/\/neocatechumenaleiter.org\/wp-content\/uploads\/2020\/03\/Camino_Neocatecumenal_Juan_Pablo_II_visita_parroquia_San_Francisco_Sales_1994.jpg\" alt=\"\" class=\"wp-image-4481\" srcset=\"https:\/\/neocatechumenaleiter.org\/wp-content\/uploads\/2020\/03\/Camino_Neocatecumenal_Juan_Pablo_II_visita_parroquia_San_Francisco_Sales_1994.jpg 684w, https:\/\/neocatechumenaleiter.org\/wp-content\/uploads\/2020\/03\/Camino_Neocatecumenal_Juan_Pablo_II_visita_parroquia_San_Francisco_Sales_1994-300x247.jpg 300w\" sizes=\"auto, (max-width: 684px) 100vw, 684px\" \/><\/figure><\/div>\n\n<p>\u00abDzi\u015b s\u0142ysz\u0119, \u017ce \u015bpiewacie z rado\u015bci\u0105. Jest Wielki Post, ale \u015bpiewacie z rado\u015bci\u0105. Dobrze, \u017ce \u015bpiewacie z rado\u015bci\u0105, bo ta czwarta niedziela Wielkiego Postu jest tradycyjnie nazywana \u201eLaetare\u201d. \u201eLaetare\u201d oznacza \u201eradowa\u0107 si\u0119\u201d. Dlaczego chrze\u015bcijanie radowali si\u0119 w t\u0119 niedziel\u0119? Radowali si\u0119 z powodu swojego Chrztu. Radowali si\u0119 zw\u0142aszcza katechumeni, kt\u00f3rzy przygotowywali si\u0119 do Chrztu i w tym dniu otrzymywali ju\u017c Symbol wiary. Wtedy dopuszczano ich do wiary. To by\u0142a zasadnicza katecheza.<\/p>\n\n<p>Czy wiecie, kto to jest katechumen? To jest ten, kto przygotowuje si\u0119 do Chrztu. A opr\u00f3cz tego s\u0105 te\u017c w tej parafii neokatechumeni. By\u0142o czym\u015b bardzo wa\u017cnym w Ko\u015bciele pierwotnym, i nadal jest wa\u017cne w Ko\u015bciele, przygotowanie do Chrztu. Chrzest jest wielk\u0105 tajemnic\u0105, wielk\u0105 chrze\u015bcija\u0144sk\u0105 rzeczywisto\u015bci\u0105. Jest to pocz\u0105tek \u017cycia w Chrystusie. A katechumeni przygotowywali i przygotowuj\u0105 si\u0119 do dobrego rozpocz\u0119cia \u017cycia w Chrystusie. Dzisiaj ma\u0142ym noworodkom brakuje prawdziwego katechumenatu i z tego powodu konieczny jest neokatechumenat, katechumenat po Chrzcie, kt\u00f3ry uzupe\u0142nia to, czego brakuje ma\u0142emu ochrzczonemu noworodkowi. To wyja\u015bnia wielkie znaczenie neokatechumenatu.<\/p>\n\n<p>Musz\u0119 powiedzie\u0107, \u017ce okres Wielkiego Postu, kt\u00f3ry teraz prze\u017cywamy, przypomina nam co roku o drodze katechumenatu: jak przygotowywano si\u0119 do przyj\u0119cia Symbolu, a nast\u0119pnie, kilka tygodni p\u00f3\u017aniej, do przyj\u0119cia Jezusa Zmartwychwsta\u0142ego. Chrzest oznacza nowe \u017cycie w Chrystusie, to nowe \u017cycie ukazane, objawione przez Jego Zmartwychwstanie po \u015bmierci\u00bb.<\/p>\n","protected":false},"excerpt":{"rendered":"<p>Wizytacja w parafii \u015bw. Franciszka Salezego 13-3-1994 \u015aw. Jan Pawe\u0142 II Rzym, 13 marca 1994 r. Ojciec \u015awi\u0119ty, zwracaj\u0105c si\u0119 do dzieci, powiedzia\u0142: \u00abDzi\u015b s\u0142ysz\u0119, \u017ce \u015bpiewacie z rado\u015bci\u0105. Jest Wielki Post, ale \u015bpiewacie z rado\u015bci\u0105. Dobrze, \u017ce \u015bpiewacie z rado\u015bci\u0105, bo ta czwarta niedziela Wielkiego Postu jest tradycyjnie nazywana \u201eLaetare\u201d. \u201eLaetare\u201d oznacza \u201eradowa\u0107 si\u0119\u201d. Dlaczego chrze\u015bcijanie radowali si\u0119 w t\u0119 niedziel\u0119? Radowali si\u0119 z powodu swojego Chrztu. Radowali si\u0119<\/p>\n<div class=\"read-more\"><a class=\"btn read-more-btn\" href=\"https:\/\/neocatechumenaleiter.org\/pl\/slowa-papiezy\/sw-jan-pawel-ii\/wizytacja-w-parafii-sw-franciszka-salezego-13-3-1994\/\">Czytaj dalej<\/a><\/div>\n","protected":false},"author":2,"featured_media":0,"parent":16496,"menu_order":80,"comment_status":"closed","ping_status":"closed","template":"","meta":{"footnotes":""},"class_list":["post-22373","page","type-page","status-publish","hentry"],"_links":{"self":[{"href":"https:\/\/neocatechumenaleiter.org\/pl\/wp-json\/wp\/v2\/pages\/22373","targetHints":{"allow":["GET"]}}],"collection":[{"href":"https:\/\/neocatechumenaleiter.org\/pl\/wp-json\/wp\/v2\/pages"}],"about":[{"href":"https:\/\/neocatechumenaleiter.org\/pl\/wp-json\/wp\/v2\/types\/page"}],"author":[{"embeddable":true,"href":"https:\/\/neocatechumenaleiter.org\/pl\/wp-json\/wp\/v2\/users\/2"}],"replies":[{"embeddable":true,"href":"https:\/\/neocatechumenaleiter.org\/pl\/wp-json\/wp\/v2\/comments?post=22373"}],"version-history":[{"count":8,"href":"https:\/\/neocatechumenaleiter.org\/pl\/wp-json\/wp\/v2\/pages\/22373\/revisions"}],"predecessor-version":[{"id":24240,"href":"https:\/\/neocatechumenaleiter.org\/pl\/wp-json\/wp\/v2\/pages\/22373\/revisions\/24240"}],"up":[{"embeddable":true,"href":"https:\/\/neocatechumenaleiter.org\/pl\/wp-json\/wp\/v2\/pages\/16496"}],"wp:attachment":[{"href":"https:\/\/neocatechumenaleiter.org\/pl\/wp-json\/wp\/v2\/media?parent=22373"}],"curies":[{"name":"wp","href":"https:\/\/api.w.org\/{rel}","templated":true}]}}