{"id":22377,"date":"2020-03-04T01:57:30","date_gmt":"2020-03-04T00:57:30","guid":{"rendered":"https:\/\/neocatechumenaleiter.org\/slowa-papiezy\/sw-jan-pawel-ii\/swiecenia-kaplanskie-w-bazylice-sw-piotra-22-5-1994\/"},"modified":"2021-08-10T11:03:49","modified_gmt":"2021-08-10T10:03:49","slug":"swiecenia-kaplanskie-w-bazylice-sw-piotra-22-5-1994","status":"publish","type":"page","link":"https:\/\/neocatechumenaleiter.org\/pl\/slowa-papiezy\/sw-jan-pawel-ii\/swiecenia-kaplanskie-w-bazylice-sw-piotra-22-5-1994\/","title":{"rendered":"\u015aWI\u0118CENIA KAP\u0141A\u0143SKIE W BAZYLICE \u015aW. PIOTRA 22-5-1994"},"content":{"rendered":"\n<h1 class=\"has-text-align-center wp-block-heading\">\u015aWI\u0118CENIA KAP\u0141A\u0143SKIE W BAZYLICE \u015aW. PIOTRA 22-5-1994<\/h1>\n\n<div style=\"height:20px\" aria-hidden=\"true\" class=\"wp-block-spacer\"><\/div>\n\n<h4 class=\"has-text-align-center wp-block-heading\">\u015aw. Jan Pawe\u0142 II<\/h4>\n\n<div style=\"height:20px\" aria-hidden=\"true\" class=\"wp-block-spacer\"><\/div>\n\n<p><strong>Bazylika \u015bw. Piotra, 22 maja 1994 r.<\/strong><\/p>\n\n<p><em>Niedziela Zes\u0142ania Ducha \u015awi\u0119tego w Bazylice \u015bw. Piotra, niedziela \u015bwi\u0119ce\u0144 kap\u0142a\u0144skich. Trzydziestu dziewi\u0119ciu diakon\u00f3w, z kt\u00f3rych 13 formowanych w seminarium &#8222;Redemptoris Mater&#8221;, ubranych w bia\u0142e alby i czerwone stu\u0142y, stoj\u0105cych u st\u00f3p o\u0142tarza i ustawionych w rz\u0119dzie w du\u017cym prezbiterium przyj\u0119\u0142o \u015bwi\u0119cenia kap\u0142a\u0144skie z r\u0105k kardyna\u0142a wikariusza Camillo Ruini. Jak co roku, to Jan Pawe\u0142 II udziela\u0142 m\u0142odym diakonom sakramentu \u015bwi\u0119ce\u0144 kap\u0142a\u0144skich. Jednak w tym roku rekonwalescencja Ojca \u015awi\u0119tego w szpitalu Gemelli uniemo\u017cliwi\u0142a mu przewodniczenie obrz\u0119dowi.<\/em><\/p>\n\n<p><em>Na pocz\u0105tku swojej homilii kardyna\u0142 Ruini skierowa\u0142 t\u0119 my\u015bl do Jana Paw\u0142a<\/em> II:<\/p>\n\n<div class=\"wp-block-image\"><figure class=\"alignleft size-large\"><img loading=\"lazy\" decoding=\"async\" width=\"688\" height=\"498\" src=\"https:\/\/neocatechumenaleiter.org\/wp-content\/uploads\/2020\/03\/Camino_Neocatecumenal_Juan_Pablo_II_ordenacion_sacerdotal_1994.jpg\" alt=\"\" class=\"wp-image-4135\" srcset=\"https:\/\/neocatechumenaleiter.org\/wp-content\/uploads\/2020\/03\/Camino_Neocatecumenal_Juan_Pablo_II_ordenacion_sacerdotal_1994.jpg 688w, https:\/\/neocatechumenaleiter.org\/wp-content\/uploads\/2020\/03\/Camino_Neocatecumenal_Juan_Pablo_II_ordenacion_sacerdotal_1994-300x217.jpg 300w\" sizes=\"auto, (max-width: 688px) 100vw, 688px\" \/><\/figure><\/div>\n\n<p>\u00abDzi\u015b powinni\u015bcie by\u0107 wy\u015bwi\u0119ceni przez jego r\u0119ce &#8211; powiedzia\u0142. Pan u\u0142o\u017cy\u0142 sprawy inaczej, ale wiecie, \u017ce ofiarowuj\u0105c ten czas cierpienia, Papie\u017c jest jeszcze bli\u017cej was, jest jeszcze bardziej intensywnie Ojcem waszego kap\u0142a\u0144stwa. Dzi\u0119kujemy mu z ca\u0142ego serca i ws\u0142uchujemy si\u0119 w jego s\u0142owa.<\/p>\n\n<p>Trzydziestu dziewi\u0119ciu nowych prezbiter\u00f3w w uroczysto\u015b\u0107 Zes\u0142ania Ducha \u015awi\u0119tego: wielki dar Ducha dla Ko\u015bcio\u0142a rzymskiego. Trzydziestu o\u015bmiu z tych m\u0142odych &#8222;<em>wielkodusznych serc<\/em>&#8221; zosta\u0142o inkardynowanych do Ko\u015bcio\u0142a rzymskiego. Dwudziestu jeden z Rzymskiego Wy\u017cszego Seminarium Duchownego; trzynastu z diecezjalnego seminarium &#8222;<em>Redemptoris Mater<\/em>&#8222;; trzech z Almo Collegio Capranica\u00bb. (*) Por. &#8222;L&#8217;Osservatore Romano&#8221;, 23-24 maja 1994 r.<\/p>\n","protected":false},"excerpt":{"rendered":"<p>\u015aWI\u0118CENIA KAP\u0141A\u0143SKIE W BAZYLICE \u015aW. PIOTRA 22-5-1994 \u015aw. Jan Pawe\u0142 II Bazylika \u015bw. Piotra, 22 maja 1994 r. Niedziela Zes\u0142ania Ducha \u015awi\u0119tego w Bazylice \u015bw. Piotra, niedziela \u015bwi\u0119ce\u0144 kap\u0142a\u0144skich. Trzydziestu dziewi\u0119ciu diakon\u00f3w, z kt\u00f3rych 13 formowanych w seminarium &#8222;Redemptoris Mater&#8221;, ubranych w bia\u0142e alby i czerwone stu\u0142y, stoj\u0105cych u st\u00f3p o\u0142tarza i ustawionych w rz\u0119dzie w du\u017cym prezbiterium przyj\u0119\u0142o \u015bwi\u0119cenia kap\u0142a\u0144skie z r\u0105k kardyna\u0142a wikariusza Camillo Ruini. Jak co roku,<\/p>\n<div class=\"read-more\"><a class=\"btn read-more-btn\" href=\"https:\/\/neocatechumenaleiter.org\/pl\/slowa-papiezy\/sw-jan-pawel-ii\/swiecenia-kaplanskie-w-bazylice-sw-piotra-22-5-1994\/\">Czytaj dalej<\/a><\/div>\n","protected":false},"author":2,"featured_media":0,"parent":16496,"menu_order":81,"comment_status":"closed","ping_status":"closed","template":"","meta":{"footnotes":""},"class_list":["post-22377","page","type-page","status-publish","hentry"],"_links":{"self":[{"href":"https:\/\/neocatechumenaleiter.org\/pl\/wp-json\/wp\/v2\/pages\/22377","targetHints":{"allow":["GET"]}}],"collection":[{"href":"https:\/\/neocatechumenaleiter.org\/pl\/wp-json\/wp\/v2\/pages"}],"about":[{"href":"https:\/\/neocatechumenaleiter.org\/pl\/wp-json\/wp\/v2\/types\/page"}],"author":[{"embeddable":true,"href":"https:\/\/neocatechumenaleiter.org\/pl\/wp-json\/wp\/v2\/users\/2"}],"replies":[{"embeddable":true,"href":"https:\/\/neocatechumenaleiter.org\/pl\/wp-json\/wp\/v2\/comments?post=22377"}],"version-history":[{"count":4,"href":"https:\/\/neocatechumenaleiter.org\/pl\/wp-json\/wp\/v2\/pages\/22377\/revisions"}],"predecessor-version":[{"id":24253,"href":"https:\/\/neocatechumenaleiter.org\/pl\/wp-json\/wp\/v2\/pages\/22377\/revisions\/24253"}],"up":[{"embeddable":true,"href":"https:\/\/neocatechumenaleiter.org\/pl\/wp-json\/wp\/v2\/pages\/16496"}],"wp:attachment":[{"href":"https:\/\/neocatechumenaleiter.org\/pl\/wp-json\/wp\/v2\/media?parent=22377"}],"curies":[{"name":"wp","href":"https:\/\/api.w.org\/{rel}","templated":true}]}}