{"id":22381,"date":"2020-03-04T02:13:42","date_gmt":"2020-03-04T01:13:42","guid":{"rendered":"https:\/\/neocatechumenaleiter.org\/slowa-papiezy\/sw-jan-pawel-ii\/audiencja-dla-grupy-neokatechumenow-z-niemiec-26-4-1996\/"},"modified":"2021-08-10T11:04:05","modified_gmt":"2021-08-10T10:04:05","slug":"audiencja-dla-grupy-neokatechumenow-z-niemiec-26-4-1996","status":"publish","type":"page","link":"https:\/\/neocatechumenaleiter.org\/pl\/slowa-papiezy\/sw-jan-pawel-ii\/audiencja-dla-grupy-neokatechumenow-z-niemiec-26-4-1996\/","title":{"rendered":"AUDIENCJA DLA GRUPY NEOKATECHUMEN\u00d3W Z NIEMIEC 26-4-1996"},"content":{"rendered":"\n<h1 class=\"has-text-align-center wp-block-heading\">AUDIENCJA DLA GRUPY NEOKATECHUMEN\u00d3W Z NIEMIEC 26-4-1996<\/h1>\n\n<div style=\"height:20px\" aria-hidden=\"true\" class=\"wp-block-spacer\"><\/div>\n\n<h4 class=\"has-text-align-center wp-block-heading\">\u015aw. Jan Pawe\u0142 II<\/h4>\n\n<div style=\"height:20px\" aria-hidden=\"true\" class=\"wp-block-spacer\"><\/div>\n\n<div class=\"wp-block-image\"><figure class=\"alignright size-medium\"><img loading=\"lazy\" decoding=\"async\" width=\"300\" height=\"250\" src=\"https:\/\/neocatechumenaleiter.org\/wp-content\/uploads\/2020\/03\/Camino_Neocatecumenal_Juan_Pablo_II_audiencia_hermanos_camino_alemania_1996-300x250.jpg\" alt=\"\" class=\"wp-image-2627\" srcset=\"https:\/\/neocatechumenaleiter.org\/wp-content\/uploads\/2020\/03\/Camino_Neocatecumenal_Juan_Pablo_II_audiencia_hermanos_camino_alemania_1996-300x250.jpg 300w, https:\/\/neocatechumenaleiter.org\/wp-content\/uploads\/2020\/03\/Camino_Neocatecumenal_Juan_Pablo_II_audiencia_hermanos_camino_alemania_1996.jpg 680w\" sizes=\"auto, (max-width: 300px) 100vw, 300px\" \/><\/figure><\/div>\n\n<p><strong>Watykan &#8211; Sala Klementy\u0144ska, 26 kwietnia 1996 r.<\/strong><\/p>\n\n<p><em>W pi\u0105tek rano, 26 kwietnia, Jan Pawe\u0142 II przyj\u0105\u0142 na audiencji grup\u0119 neokatechumen\u00f3w z Niemiec. Podczas spotkania, kt\u00f3re odby\u0142o si\u0119 w Sali Klementy\u0144skiej,<\/em> Ojciec<em> \u015awi\u0119ty wypowiedzia\u0142 nast\u0119puj\u0105ce s\u0142owa:<\/em><\/p>\n\n<p>\u00abDrodzy bracia i siostry:<\/p>\n\n<p>Witam Was serdecznie z okazji waszego nawiedzenia grob\u00f3w Aposto\u0142\u00f3w w tym czasie wielkanocnym. Jednym z najbardziej niesamowitych wydarze\u0144, opisanych w Ewangelii, jest opowie\u015b\u0107 o spotkaniu Zmartwychwsta\u0142ego Pana z uczniami w drodze do Emaus. To wydarzenie z Emaus m\u00f3wi nam: w drodze s\u0105 ludzie, kt\u00f3rzy poszukuj\u0105 i kt\u00f3rzy s\u0105 wdzi\u0119czni za ka\u017cd\u0105 wsp\u00f3lnot\u0119, kt\u00f3ra jest w drodze; s\u0105 ludzie, kt\u00f3rzy poszukuj\u0105 i s\u0105 gotowi s\u0142ucha\u0107 i uczy\u0107 si\u0119.<\/p>\n\n<p>Jeste\u015bmy wiecznymi pielgrzymami, zawsze w drodze; nie mo\u017cemy zej\u015b\u0107 z drogi. W drodze z Jerozolimy do Emaus urzeczywistnia si\u0119 s\u0142owo Chrystusa, kt\u00f3re ustanawia wsp\u00f3lnot\u0119 Ko\u015bcio\u0142a: \u201eGdzie s\u0105 dwaj albo trzej zebrani w imi\u0119 moje, tam jestem po\u015br\u00f3d nich\u201d (<em>Mt 18, 20<\/em>).<\/p>\n\n<p>Nasz B\u00f3g jest Bogiem, kt\u00f3ry jest blisko, kt\u00f3ry nie jest oddalony. Dlatego my, o ile jeste\u015bmy prawdziwymi chrze\u015bcijanami, jeste\u015bmy lud\u017ami, kt\u00f3rzy id\u0105 z Bogiem, blisko Niego, a celem naszej ziemskiej pielgrzymki jest B\u00f3g.<\/p>\n\n<p>Kiedy Jezus widzia\u0142, \u017ce zbli\u017ca si\u0119 Jego \u015bmier\u0107 na krzy\u017cu, powiedzia\u0142 swoim przyjacio\u0142om, \u017ce idzie do Ojca (J 14, 28). Dopiero je\u015bli we\u017amie si\u0119 pod uwag\u0119 ten cel, nasza droga nabierze swego prawdziwego wewn\u0119trznego kierunku i g\u0142\u0119bokiego znaczenia. \u201ePe\u0142ni\u0107 wol\u0119 Bo\u017c\u0105\u201d by\u0142o dla Jezusa jedyn\u0105 zasad\u0105 dzia\u0142ania i to nadawa\u0142o Mu stanowczo\u015b\u0107 i niewzruszon\u0105 sta\u0142o\u015b\u0107.<\/p>\n\n<div class=\"wp-block-image\"><figure class=\"alignleft size-medium\"><img loading=\"lazy\" decoding=\"async\" width=\"250\" height=\"300\" src=\"https:\/\/neocatechumenaleiter.org\/wp-content\/uploads\/2020\/03\/Camino_Neocatecumenal_Juan_Pablo_II_audiencia_hermanos_camino_alemania_1996_2-250x300.jpg\" alt=\"\" class=\"wp-image-2634\" srcset=\"https:\/\/neocatechumenaleiter.org\/wp-content\/uploads\/2020\/03\/Camino_Neocatecumenal_Juan_Pablo_II_audiencia_hermanos_camino_alemania_1996_2-250x300.jpg 250w, https:\/\/neocatechumenaleiter.org\/wp-content\/uploads\/2020\/03\/Camino_Neocatecumenal_Juan_Pablo_II_audiencia_hermanos_camino_alemania_1996_2.jpg 568w\" sizes=\"auto, (max-width: 250px) 100vw, 250px\" \/><\/figure><\/div>\n\n<p>Post\u0119powa\u0107 zgodnie z wol\u0105 Bo\u017c\u0105 oznacza dla \u015bwieckich w Ko\u015bciele wielorakie zaanga\u017cowanie w zmieniaj\u0105cym si\u0119 spo\u0142ecze\u0144stwie, kt\u00f3re jest oboj\u0119tne wobec Ko\u015bcio\u0142a. Troszczcie si\u0119 o to, by na\u015bladowa\u0107 Jezusa i widzie\u0107, \u017ce jest On obecny w braciach i siostrach, kt\u00f3rych b\u0119dziecie spotykali na swojej drodze \u017cycia. Id\u017acie te\u017c i szukajcie ich w miejscach cierpienia, porzucenia i na marginesie spo\u0142ecze\u0144stwa. Przynie\u015bcie im ciep\u0142o waszej ludzkiej solidarno\u015bci i sprawcie, by poczuli nadprzyrodzon\u0105 pociech\u0119, p\u0142yn\u0105c\u0105 z wiary w Chrystusa.<\/p>\n\n<p>Za wstawiennictwem Matki Bo\u017cej niech wasza modlitwa do naszego Boga i Pana da wam zdolno\u015b\u0107 do wniesienia konkretnego wk\u0142adu w duchow\u0105 odnow\u0119 tego naszego \u015bwiata, czasami tak przyt\u0119pionego przez brak idea\u0142\u00f3w.<\/p>\n\n<p>Dla tej waszej misji prosz\u0119 Boga o ochron\u0119 i pomoc oraz ch\u0119tnie udzielam wam Apostolskiego B\u0142ogos\u0142awie\u0144stwa\u00bb.<\/p>\n","protected":false},"excerpt":{"rendered":"<p>AUDIENCJA DLA GRUPY NEOKATECHUMEN\u00d3W Z NIEMIEC 26-4-1996 \u015aw. Jan Pawe\u0142 II Watykan &#8211; Sala Klementy\u0144ska, 26 kwietnia 1996 r. W pi\u0105tek rano, 26 kwietnia, Jan Pawe\u0142 II przyj\u0105\u0142 na audiencji grup\u0119 neokatechumen\u00f3w z Niemiec. Podczas spotkania, kt\u00f3re odby\u0142o si\u0119 w Sali Klementy\u0144skiej, Ojciec \u015awi\u0119ty wypowiedzia\u0142 nast\u0119puj\u0105ce s\u0142owa: \u00abDrodzy bracia i siostry: Witam Was serdecznie z okazji waszego nawiedzenia grob\u00f3w Aposto\u0142\u00f3w w tym czasie wielkanocnym. Jednym z najbardziej niesamowitych wydarze\u0144, opisanych<\/p>\n<div class=\"read-more\"><a class=\"btn read-more-btn\" href=\"https:\/\/neocatechumenaleiter.org\/pl\/slowa-papiezy\/sw-jan-pawel-ii\/audiencja-dla-grupy-neokatechumenow-z-niemiec-26-4-1996\/\">Czytaj dalej<\/a><\/div>\n","protected":false},"author":2,"featured_media":0,"parent":16496,"menu_order":84,"comment_status":"closed","ping_status":"closed","template":"","meta":{"footnotes":""},"class_list":["post-22381","page","type-page","status-publish","hentry"],"_links":{"self":[{"href":"https:\/\/neocatechumenaleiter.org\/pl\/wp-json\/wp\/v2\/pages\/22381","targetHints":{"allow":["GET"]}}],"collection":[{"href":"https:\/\/neocatechumenaleiter.org\/pl\/wp-json\/wp\/v2\/pages"}],"about":[{"href":"https:\/\/neocatechumenaleiter.org\/pl\/wp-json\/wp\/v2\/types\/page"}],"author":[{"embeddable":true,"href":"https:\/\/neocatechumenaleiter.org\/pl\/wp-json\/wp\/v2\/users\/2"}],"replies":[{"embeddable":true,"href":"https:\/\/neocatechumenaleiter.org\/pl\/wp-json\/wp\/v2\/comments?post=22381"}],"version-history":[{"count":20,"href":"https:\/\/neocatechumenaleiter.org\/pl\/wp-json\/wp\/v2\/pages\/22381\/revisions"}],"predecessor-version":[{"id":24279,"href":"https:\/\/neocatechumenaleiter.org\/pl\/wp-json\/wp\/v2\/pages\/22381\/revisions\/24279"}],"up":[{"embeddable":true,"href":"https:\/\/neocatechumenaleiter.org\/pl\/wp-json\/wp\/v2\/pages\/16496"}],"wp:attachment":[{"href":"https:\/\/neocatechumenaleiter.org\/pl\/wp-json\/wp\/v2\/media?parent=22381"}],"curies":[{"name":"wp","href":"https:\/\/api.w.org\/{rel}","templated":true}]}}