{"id":22409,"date":"2020-03-04T03:30:18","date_gmt":"2020-03-04T02:30:18","guid":{"rendered":"https:\/\/neocatechumenaleiter.org\/slowa-papiezy\/sw-jan-pawel-ii\/wizytacja-w-parafii-sw-benedykta-jozefa-labre-31-10-1999\/"},"modified":"2021-05-06T09:00:04","modified_gmt":"2021-05-06T08:00:04","slug":"wizytacja-w-parafii-sw-benedykta-jozefa-labre-31-10-1999","status":"publish","type":"page","link":"https:\/\/neocatechumenaleiter.org\/pl\/slowa-papiezy\/sw-jan-pawel-ii\/wizytacja-w-parafii-sw-benedykta-jozefa-labre-31-10-1999\/","title":{"rendered":"WIZYTACJA W PARAFII \u015aW. BENEDYKTA J\u00d3ZEFA LABRE 31-10-1999"},"content":{"rendered":"\n<h1 class=\"has-text-align-center wp-block-heading\">WIZYTACJA W PARAFII \u015aW. BENEDYKTA J\u00d3ZEFA LABRE 31-10-1999<\/h1>\n\n<div style=\"height:20px\" aria-hidden=\"true\" class=\"wp-block-spacer\"><\/div>\n\n<h4 class=\"has-text-align-center wp-block-heading\">\u015aw. Jan Pawe\u0142 II<\/h4>\n\n<div style=\"height:20px\" aria-hidden=\"true\" class=\"wp-block-spacer\"><\/div>\n\n<p><strong>Niedziela, 31 pa\u017adziernika 1999 r.<\/strong><\/p>\n\n<p>Po zako\u0144czeniu Mszy \u015awi\u0119tej, w jednej z sal kompleksu parafialnego, odby\u0142o si\u0119 spotkanie z m\u0142odzie\u017c\u0105, cz\u0142onkami rady duszpasterskiej i przedstawicielami r\u00f3\u017cnych rzeczywisto\u015bci parafii. W imieniu obecnych, 29-letni Vittorio skierowa\u0142 do Papie\u017ca te s\u0142owa pozdrowienia: <\/p>\n\n<p> \u00abOjcze \u015awi\u0119ty, przywitali\u015bmy Ci\u0119 s\u0142owami, kt\u00f3re El\u017cbieta wypowiedzia\u0142a do Dziewicy Maryi: &#8222;Sk\u0105d\u017ce mi to, \u017ce mojego Pana Matka przychodzi do mnie?&#8221; Ta pie\u015b\u0144 wyra\u017ca wdzi\u0119czno\u015b\u0107 Tobie za to nawiedzenie naszej wsp\u00f3lnoty parafialnej.  Na tym spotkaniu s\u0105 obecni: wsp\u00f3lnota neokatechumenalna, animatorzy oratorium, katechi\u015bci, cz\u0142onkowie rady ekonomicznej parafii oraz m\u0142odzie\u017c przygotowuj\u0105ca si\u0119 do \u015awiatowych Dni M\u0142odzie\u017cy. Ojcze \u015awi\u0119ty, w ci\u0105gu tych kilku lat \u017cycia naszej parafii przekonali\u015bmy si\u0119, \u017ce nie jeste\u015bmy &#8222;dobrzy&#8221;, jeste\u015bmy s\u0142abi i grzeszni i tak cz\u0119sto trudno nam by\u0107 \u015bwiat\u0142em po\u015br\u00f3d naszego s\u0105siedztwa, ale do\u015bwiadczyli\u015bmy, \u017ce tylko w Chrystusie umar\u0142ym i zmartwychwsta\u0142ym dla naszego zbawienia jest \u017cycie; dlatego prosimy Wasz\u0105 \u015awi\u0105tobliwo\u015b\u0107, jako nast\u0119pc\u0119 Piotra, aby utwierdzi\u0142 nas w wierze. Dzi\u0119kujemy Ci, jeste\u015bmy wdzi\u0119czni i pe\u0142ni rado\u015bci za Twoj\u0105 obecno\u015b\u0107 w\u015br\u00f3d nas\u00bb. <\/p>\n\n<p><em>Ojciec \u015awi\u0119ty, zwracaj\u0105c si\u0119 do obecnych, powiedzia\u0142 nast\u0119puj\u0105ce<\/em> s\u0142owa:<\/p>\n\n<p>\u00abOd razu wida\u0107, \u017ce jeste\u015bcie neokatechumenami. Wystarczy pos\u0142ucha\u0107 pie\u015bni. To s\u0105 wasze konkretne piosenki. A to, \u017ce jeste\u015bcie m\u0142odymi lud\u017ami, to rzecz oczywista. Przygotowujecie si\u0119 do Roku 2000, do \u015awiatowych Dni M\u0142odzie\u017cy w Rzymie: i to jest dobre. Ja te\u017c si\u0119 przygotowuj\u0119, nawet je\u015bli jestem coraz mniej m\u0142ody. A m\u0142odzi ludzie zawsze rado\u015bnie pod\u0105\u017caj\u0105 za mn\u0105. Dlatego dzi\u0119kuj\u0119 wam z okazji tej wizyty i \u017cycz\u0119 wam wszystkim dobrej kontynuacji: wsp\u00f3lnotom parafialnym, radzie duszpasterskiej, m\u0142odzie\u017cy i neokatechumenom. Jubileusz b\u0119dzie udany. Rok 2000 jest ju\u017c bliski. Drzwi \u015awi\u0119te zostan\u0105 otwarte za nieca\u0142e dwa miesi\u0105ce, 24 grudnia. Pami\u0119tamy wci\u0105\u017c o naszych zmar\u0142ych, w tych szczeg\u00f3lnych dniach, kiedy wspomina ich ca\u0142y Ko\u015bci\u00f3\u0142. Jeszcze raz dzi\u0119kuj\u0119, b\u0105d\u017acie zawsze dobrej my\u015bli! R\u00f3wnie\u017c wasz proboszcz jest neokatechumenalny, to \u0142atwo zauwa\u017cy\u0107. Ten, kto nosi brod\u0119, jest zawsze podejrzany. R\u00f3wnie\u017c wikariusz nosi brod\u0119. Staramy si\u0119 podziwia\u0107 neokatechumen\u00f3w, nawet je\u015bli nie nosimy brody.<\/p>\n\n<p>Niech b\u0119dzie pochwalony Jezus Chrystus!\u00bb.<\/p>\n","protected":false},"excerpt":{"rendered":"<p>WIZYTACJA W PARAFII \u015aW. BENEDYKTA J\u00d3ZEFA LABRE 31-10-1999 \u015aw. Jan Pawe\u0142 II Niedziela, 31 pa\u017adziernika 1999 r. Po zako\u0144czeniu Mszy \u015awi\u0119tej, w jednej z sal kompleksu parafialnego, odby\u0142o si\u0119 spotkanie z m\u0142odzie\u017c\u0105, cz\u0142onkami rady duszpasterskiej i przedstawicielami r\u00f3\u017cnych rzeczywisto\u015bci parafii. W imieniu obecnych, 29-letni Vittorio skierowa\u0142 do Papie\u017ca te s\u0142owa pozdrowienia: \u00abOjcze \u015awi\u0119ty, przywitali\u015bmy Ci\u0119 s\u0142owami, kt\u00f3re El\u017cbieta wypowiedzia\u0142a do Dziewicy Maryi: &#8222;Sk\u0105d\u017ce mi to, \u017ce mojego Pana Matka przychodzi<\/p>\n<div class=\"read-more\"><a class=\"btn read-more-btn\" href=\"https:\/\/neocatechumenaleiter.org\/pl\/slowa-papiezy\/sw-jan-pawel-ii\/wizytacja-w-parafii-sw-benedykta-jozefa-labre-31-10-1999\/\">Czytaj dalej<\/a><\/div>\n","protected":false},"author":2,"featured_media":0,"parent":16496,"menu_order":93,"comment_status":"closed","ping_status":"closed","template":"","meta":{"footnotes":""},"class_list":["post-22409","page","type-page","status-publish","hentry"],"_links":{"self":[{"href":"https:\/\/neocatechumenaleiter.org\/pl\/wp-json\/wp\/v2\/pages\/22409","targetHints":{"allow":["GET"]}}],"collection":[{"href":"https:\/\/neocatechumenaleiter.org\/pl\/wp-json\/wp\/v2\/pages"}],"about":[{"href":"https:\/\/neocatechumenaleiter.org\/pl\/wp-json\/wp\/v2\/types\/page"}],"author":[{"embeddable":true,"href":"https:\/\/neocatechumenaleiter.org\/pl\/wp-json\/wp\/v2\/users\/2"}],"replies":[{"embeddable":true,"href":"https:\/\/neocatechumenaleiter.org\/pl\/wp-json\/wp\/v2\/comments?post=22409"}],"version-history":[{"count":3,"href":"https:\/\/neocatechumenaleiter.org\/pl\/wp-json\/wp\/v2\/pages\/22409\/revisions"}],"predecessor-version":[{"id":22412,"href":"https:\/\/neocatechumenaleiter.org\/pl\/wp-json\/wp\/v2\/pages\/22409\/revisions\/22412"}],"up":[{"embeddable":true,"href":"https:\/\/neocatechumenaleiter.org\/pl\/wp-json\/wp\/v2\/pages\/16496"}],"wp:attachment":[{"href":"https:\/\/neocatechumenaleiter.org\/pl\/wp-json\/wp\/v2\/media?parent=22409"}],"curies":[{"name":"wp","href":"https:\/\/api.w.org\/{rel}","templated":true}]}}