{"id":22415,"date":"2020-03-04T02:16:49","date_gmt":"2020-03-04T01:16:49","guid":{"rendered":"https:\/\/neocatechumenaleiter.org\/slowa-papiezy\/sw-jan-pawel-ii\/swiecenia-kaplanskie-w-bazylice-sw-piotra-28-4-1996\/"},"modified":"2021-08-10T11:04:11","modified_gmt":"2021-08-10T10:04:11","slug":"swiecenia-kaplanskie-w-bazylice-sw-piotra-28-4-1996","status":"publish","type":"page","link":"https:\/\/neocatechumenaleiter.org\/pl\/slowa-papiezy\/sw-jan-pawel-ii\/swiecenia-kaplanskie-w-bazylice-sw-piotra-28-4-1996\/","title":{"rendered":"\u015aWI\u0118CENIA KAP\u0141A\u0143SKIE W BAZYLICE \u015aW. PIOTRA 28-4-1996"},"content":{"rendered":"\n<h1 class=\"has-text-align-center wp-block-heading\">\u015aWI\u0118CENIA KAP\u0141A\u0143SKIE W BAZYLICE \u015aW. PIOTRA 28-4-1996<\/h1>\n\n<div style=\"height:20px\" aria-hidden=\"true\" class=\"wp-block-spacer\"><\/div>\n\n<h4 class=\"has-text-align-center wp-block-heading\">\u015aw. Jan Pawe\u0142 II<\/h4>\n\n<div style=\"height:20px\" aria-hidden=\"true\" class=\"wp-block-spacer\"><\/div>\n\n<div class=\"wp-block-image\"><figure class=\"alignleft size-medium\"><img loading=\"lazy\" decoding=\"async\" width=\"300\" height=\"212\" src=\"https:\/\/neocatechumenaleiter.org\/wp-content\/uploads\/2020\/03\/Camino_Neocatecumenal_Juan_Pablo_II_ordenacion_sacerdotal_1996_2-300x212.jpg\" alt=\"\" class=\"wp-image-2644\" srcset=\"https:\/\/neocatechumenaleiter.org\/wp-content\/uploads\/2020\/03\/Camino_Neocatecumenal_Juan_Pablo_II_ordenacion_sacerdotal_1996_2-300x212.jpg 300w, https:\/\/neocatechumenaleiter.org\/wp-content\/uploads\/2020\/03\/Camino_Neocatecumenal_Juan_Pablo_II_ordenacion_sacerdotal_1996_2.jpg 681w\" sizes=\"auto, (max-width: 300px) 100vw, 300px\" \/><\/figure><\/div>\n\n<p><strong>Bazylika \u015bw. Piotra, 28 kwietnia 1996 r.<\/strong><\/p>\n\n<p><em>Ojciec \u015awi\u0119ty wy\u015bwi\u0119ci\u0142 trzydziestu o\u015bmiu nowych prezbiter\u00f3w, z kt\u00f3rych osiemnastu pochodzi z seminarium &#8222;Redemptoris Mater&#8221;. Oto streszczenie homilii:<\/em><\/p>\n\n<p>\u00ab1. &#8222;Ja jestem dobrym pasterzem&#8221; (<em>J 10, 11<\/em>). Drodzy diakoni, wkr\u00f3tce przyjmiecie \u015bwi\u0119cenia prezbiteratu i upodobnicie si\u0119 do Chrystusa Dobrego Pasterza, kt\u00f3rego posta\u0107 dominuje w dzisiejszej IV Niedzieli Wielkanocnej, \u015awiatowym Dniu Modlitw o Powo\u0142ania. Witam was z wielk\u0105 serdeczno\u015bci\u0105 wraz ze wsp\u00f3lnotami czterech rzymskich seminari\u00f3w: Rzymskiego Wy\u017cszego Seminarium Duchownego, Kolegium Capranica, Seminarium &#8222;Redemptoris Mater&#8221; i Seminarium Oblat\u00f3w Bo\u017cej Mi\u0142o\u015bci. Witam was z waszymi rodzinami, w kt\u00f3rych pog\u0142\u0119biaj\u0105 si\u0119 korzenie waszego powo\u0142ania do kap\u0142a\u0144stwa. Zanim zosta\u0142e\u015b ukszta\u0142towany w \u0142onie matki, by\u0142e\u015b przedmiotem specjalnego planu Boga (<em>por. Jr 1,5<\/em>).&#13;\n&#13;\nWitam was wraz z przyjaci\u00f3\u0142mi z parafii, stowarzysze\u0144, ruch\u00f3w, z kt\u00f3rymi prze\u017cyli\u015bcie do\u015bwiadczenie duszpasterskie. W tym roku, w kt\u00f3rym wspominam pi\u0119\u0107dziesi\u0105t\u0105 rocznic\u0119 moich \u015bwi\u0119ce\u0144 kap\u0142a\u0144skich, z rado\u015bci\u0105 nak\u0142adam r\u0119ce na trzydziestu o\u015bmiu m\u0142odych m\u0119\u017cczyzn, kt\u00f3rych diecezja rzymska ofiaruje Bogu, aby po\u015bwi\u0119cili si\u0119 s\u0142u\u017cbie Jego ludowi.<\/p>\n\n<p>2. &#8222;Ja jestem Dobrym Pasterzem&#8221;. Zatrzymajmy si\u0119 na chwil\u0119, aby wsp\u00f3lnie zastanowi\u0107 si\u0119 nad s\u0142owami Ewangelii Jana. Rozbrzmiewaj\u0105 one dzisiaj w spos\u00f3b szczeg\u00f3lny dla was, kt\u00f3rzy przez ten sakrament jeste\u015bcie dopuszczeni do szczeg\u00f3lnego uczestnictwa w tajemnicy Chrystusa Kap\u0142ana i Dobrego Pasterza.&#13;\n&#13;\n&#8222;Dobry pasterz \u017cycie swoje oddaje za owce&#8221; (<em>J 10, 11<\/em>). W ten spos\u00f3b, w j\u0119zyku janowym, Jezus podsumowuje swoj\u0105 w\u0142asn\u0105 misj\u0119. T\u0119 sam\u0105 logik\u0119 znajdujemy w s\u0142owach pierwszego listu aposto\u0142a Piotra:&#13;\n&#13;\n&#8222;On grzechy nasze na ciele swoim poni\u00f3s\u0142 na drzewo krzy\u017ca, aby\u015bmy umarli dla grzech\u00f3w naszych, a \u017cyli dla sprawiedliwo\u015bci; przez rany jego zostali\u015bmy uzdrowieni&#8230; Chrystus cierpia\u0142 za was, zostawiaj\u0105c wam przyk\u0142ad, aby\u015bcie wst\u0119powali w jego \u015blady&#8221; (<em>1 P 2,24.21<\/em>). Drodzy diakoni, w dniu waszych \u015bwi\u0119ce\u0144 kap\u0142a\u0144skich jeste\u015bcie wezwani, aby przyj\u0105\u0107 i ogarn\u0105\u0107 ten &#8222;przyk\u0142ad&#8221; w spos\u00f3b najbardziej osobisty i bezwarunkowy. Jeste\u015bcie powo\u0142ani, aby go kocha\u0107. Ka\u017cdemu z was m\u00f3wi\u0119 wi\u0119c: przylgnijcie ca\u0142\u0105 swoj\u0105 istot\u0105 do Tego, kt\u00f3ry na drewnie krzy\u017ca poni\u00f3s\u0142 wasze grzechy i grzechy ca\u0142ej ludzko\u015bci; kochajcie Jego przyk\u0142ad i id\u017acie Jego \u015bladami!<\/p>\n\n<div class=\"wp-block-image\"><figure class=\"alignright size-medium\"><img loading=\"lazy\" decoding=\"async\" width=\"300\" height=\"250\" src=\"https:\/\/neocatechumenaleiter.org\/wp-content\/uploads\/2020\/03\/Camino_Neocatecumenal_Juan_Pablo_II_ordenacion_sacerdotal_1996-300x250.jpg\" alt=\"\" class=\"wp-image-2651\" srcset=\"https:\/\/neocatechumenaleiter.org\/wp-content\/uploads\/2020\/03\/Camino_Neocatecumenal_Juan_Pablo_II_ordenacion_sacerdotal_1996-300x250.jpg 300w, https:\/\/neocatechumenaleiter.org\/wp-content\/uploads\/2020\/03\/Camino_Neocatecumenal_Juan_Pablo_II_ordenacion_sacerdotal_1996.jpg 672w\" sizes=\"auto, (max-width: 300px) 100vw, 300px\" \/><\/figure><\/div>\n\n<p>3. \u201eJa jestem dobrym pasterzem, znam moje owce i one mnie znaj\u0105&#8221; (<em>J 10, 34<\/em>). Znasz dobrze t\u0119 &#8222;wiedz\u0119&#8221;, poniewa\u017c j\u0105 studiowa\u0142e\u015b, a zw\u0142aszcza dlatego, \u017ce do\u015bwiadczy\u0142e\u015b jej z pierwszej r\u0119ki; jest to wiedza szczeg\u00f3lna. Rodzi si\u0119 ona z troski o zbawienie. Jest to poznanie nie tylko umys\u0142u, ale i serca; poznanie Tego, kt\u00f3ry kocha i odwzajemniaj\u0105c si\u0119, tego, kt\u00f3ry jest kochany; Tego, kt\u00f3ry jest wierny i tego, kt\u00f3ry ufa. We wspania\u0142ym Psalmie 22, psalmie responsoryjnym dzisiejszej celebracji liturgicznej, to poznanie mi\u0142o\u015bci znajduje sw\u00f3j wznios\u0142y wyraz w wyznaniu chwa\u0142y duszy, kt\u00f3ra cieszy si\u0119 bezgranicznym pokojem i bezpiecze\u0144stwem dzi\u0119ki troskliwej obecno\u015bci Boga:<\/p>\n\n<p>&#8222;Pan jest moim pasterzem, nie braknie mi niczego. On sprawia, \u017ce k\u0142ad\u0119 si\u0119 na zielonych pastwiskach i prowadzi mnie nad spokojne wody. On pociesza moj\u0105 dusz\u0119 i prowadzi mnie w\u0142a\u015bciw\u0105 drog\u0105 przez wzgl\u0105d na swoje imi\u0119&#8230; Ty przygotowujesz przede mn\u0105 st\u00f3\u0142&#8230; namaszczasz moj\u0105 g\u0142ow\u0119 olejkiem&#8221; (<em>por. Ps 22, 1-3.5<\/em>).<\/p>\n\n<p>Ufno\u015b\u0107 i poczucie bezpiecze\u0144stwa, gwarantowane przez Boga, Dobrego Pasterza, nie s\u0142abn\u0105 nawet w godzinie pr\u00f3by i najtrudniejszych do\u015bwiadcze\u0144: &#8222;Cho\u0107bym chodzi\u0142 ciemn\u0105 dolin\u0105 \u015bmierci, z\u0142a si\u0119 nie ul\u0119kn\u0119, bo Ty jeste\u015b ze mn\u0105&#8221; (<em>Ps 22, 4<\/em>). W dniu waszych \u015bwi\u0119ce\u0144 kap\u0142a\u0144skich, drodzy diakoni, niech ka\u017cdy z was na nowo rozbudzi w g\u0142\u0119bi serca ufno\u015b\u0107: ufno\u015b\u0107 najtrwalsz\u0105 i niezachwian\u0105, kt\u00f3ra rozkwita w duszy przez samo przywo\u0142anie tego Imienia: &#8222;Dobry Pasterz&#8221;. Rozpalajcie j\u0105 odt\u0105d w obliczu pr\u00f3b i trudno\u015bci, jakie niesie ze sob\u0105 \u017cycie i pos\u0142uga kap\u0142a\u0144ska. Chrystus zawsze b\u0119dzie troskliwym Pasterzem w szczeg\u00f3lny spos\u00f3b w tych, kt\u00f3rych powo\u0142uje, aby przez kap\u0142a\u0144stwo s\u0142u\u017cebne uczestniczyli w Jego pasterskiej trosce.<\/p>\n\n<p>4. &#8222;On jest bram\u0105 owiec&#8221; (<em>por. J 10,7<\/em>).&#13;\n&#13;\nW ka\u017cdym czasie, w dobrym i z\u0142ym, kap\u0142an wie, \u017ce jego dusza i osoby powierzone jego opiece s\u0105 przedmiotem szczeg\u00f3lnej troski Dobrego Pasterza. Dlatego te\u017c z ufno\u015bci\u0105 podchodzi do swojej misji. On wie, \u017ce droga do \u017cycia wiecznego jest otwarta dla wszystkich przez drzwi \u017cycia, niepowtarzalne i powszechne, kt\u00f3rymi jest Chrystus, nasza Pascha. Dzi\u015b, drodzy diakoni, wchodzicie w intymn\u0105 relacj\u0119 z Chrystusem, Pasterzem dusz. Ka\u017cdy z was, skonfigurowany z nim, stanie si\u0119 wsp\u00f3\u0142odpowiedzialny za przej\u015bcie dusz ze \u015bmierci do \u017cycia, z \u017cycia wed\u0142ug cia\u0142a do \u017cycia wed\u0142ug Ducha. A zadanie to mo\u017cna realizowa\u0107 przede wszystkim poprzez modlitw\u0119 i ofiarowanie swojego \u017cycia dla Chrystusa, z Chrystusem i w Chrystusie.<\/p>\n\n<p>Dlatego zach\u0119cam was, aby\u015bcie odt\u0105d powierzali Jemu, Pasterzowi i Bramie owiec, tych wszystkich, kt\u00f3rych Opatrzno\u015b\u0107 Bo\u017ca zechce powo\u0142a\u0107 i wprowadzi\u0107 przez Niego, poprzez wasz\u0105 pos\u0142ug\u0119 duszpastersk\u0105. C\u00f3\u017c to za odpowiedzialno\u015b\u0107! Co pozwoli kap\u0142anowi sprosta\u0107 takiemu zadaniu? Tylko pewno\u015b\u0107, \u017ce Chrystus jest Pasterzem wszystkich dusz i jest blisko ka\u017cdego kap\u0142ana, aby go podtrzymywa\u0107 w jego pos\u0142udze.&#13;\n&#13;\nBliska kap\u0142anowi jest tak\u017ce Maryja Naj\u015bwi\u0119tsza, Matka Dobrego Pasterza i naszego kap\u0142a\u0144stwa. Jej, drodzy diakoni, powierzam ka\u017cdego z was i wasz\u0105 pos\u0142ug\u0119.<\/p>\n\n<p>&#8222;Niech Pan, kt\u00f3ry przygotowuje przed wami st\u00f3\u0142, nama\u015bci wasze g\u0142owy olejkiem rado\u015bci i sprawi, \u017ce wasz kielich przeleje si\u0119 Jego mi\u0142o\u015bci\u0105&#8221; (<em>por. Ps 22, 5)<\/em>. Amen!\u00bb.<\/p>\n","protected":false},"excerpt":{"rendered":"<p>\u015aWI\u0118CENIA KAP\u0141A\u0143SKIE W BAZYLICE \u015aW. PIOTRA 28-4-1996 \u015aw. Jan Pawe\u0142 II Bazylika \u015bw. Piotra, 28 kwietnia 1996 r. Ojciec \u015awi\u0119ty wy\u015bwi\u0119ci\u0142 trzydziestu o\u015bmiu nowych prezbiter\u00f3w, z kt\u00f3rych osiemnastu pochodzi z seminarium &#8222;Redemptoris Mater&#8221;. Oto streszczenie homilii: \u00ab1. &#8222;Ja jestem dobrym pasterzem&#8221; (J 10, 11). Drodzy diakoni, wkr\u00f3tce przyjmiecie \u015bwi\u0119cenia prezbiteratu i upodobnicie si\u0119 do Chrystusa Dobrego Pasterza, kt\u00f3rego posta\u0107 dominuje w dzisiejszej IV Niedzieli Wielkanocnej, \u015awiatowym Dniu Modlitw o Powo\u0142ania.<\/p>\n<div class=\"read-more\"><a class=\"btn read-more-btn\" href=\"https:\/\/neocatechumenaleiter.org\/pl\/slowa-papiezy\/sw-jan-pawel-ii\/swiecenia-kaplanskie-w-bazylice-sw-piotra-28-4-1996\/\">Czytaj dalej<\/a><\/div>\n","protected":false},"author":2,"featured_media":0,"parent":16496,"menu_order":85,"comment_status":"closed","ping_status":"closed","template":"","meta":{"footnotes":""},"class_list":["post-22415","page","type-page","status-publish","hentry"],"_links":{"self":[{"href":"https:\/\/neocatechumenaleiter.org\/pl\/wp-json\/wp\/v2\/pages\/22415","targetHints":{"allow":["GET"]}}],"collection":[{"href":"https:\/\/neocatechumenaleiter.org\/pl\/wp-json\/wp\/v2\/pages"}],"about":[{"href":"https:\/\/neocatechumenaleiter.org\/pl\/wp-json\/wp\/v2\/types\/page"}],"author":[{"embeddable":true,"href":"https:\/\/neocatechumenaleiter.org\/pl\/wp-json\/wp\/v2\/users\/2"}],"replies":[{"embeddable":true,"href":"https:\/\/neocatechumenaleiter.org\/pl\/wp-json\/wp\/v2\/comments?post=22415"}],"version-history":[{"count":4,"href":"https:\/\/neocatechumenaleiter.org\/pl\/wp-json\/wp\/v2\/pages\/22415\/revisions"}],"predecessor-version":[{"id":24289,"href":"https:\/\/neocatechumenaleiter.org\/pl\/wp-json\/wp\/v2\/pages\/22415\/revisions\/24289"}],"up":[{"embeddable":true,"href":"https:\/\/neocatechumenaleiter.org\/pl\/wp-json\/wp\/v2\/pages\/16496"}],"wp:attachment":[{"href":"https:\/\/neocatechumenaleiter.org\/pl\/wp-json\/wp\/v2\/media?parent=22415"}],"curies":[{"name":"wp","href":"https:\/\/api.w.org\/{rel}","templated":true}]}}