{"id":22419,"date":"2020-03-04T02:10:43","date_gmt":"2020-03-04T01:10:43","guid":{"rendered":"https:\/\/neocatechumenaleiter.org\/slowa-papiezy\/sw-jan-pawel-ii\/audiencja-dla-biskupow-bliskiego-wschodu-podczas-konwiwencji-prowadzonej-przez-droge-neokatechumenalna-20-4-1996\/"},"modified":"2021-08-10T11:03:59","modified_gmt":"2021-08-10T10:03:59","slug":"audiencja-dla-biskupow-bliskiego-wschodu-podczas-konwiwencji-prowadzonej-przez-droge-neokatechumenalna-20-4-1996","status":"publish","type":"page","link":"https:\/\/neocatechumenaleiter.org\/pl\/slowa-papiezy\/sw-jan-pawel-ii\/audiencja-dla-biskupow-bliskiego-wschodu-podczas-konwiwencji-prowadzonej-przez-droge-neokatechumenalna-20-4-1996\/","title":{"rendered":"Audiencja dla biskup\u00f3w Bliskiego Wschodu podczas konwiwencji prowadzonej przez Drog\u0119 Neokatechumenaln\u0105 20-4-1996"},"content":{"rendered":"\n<h1 class=\"has-text-align-center wp-block-heading\">Audiencja dla biskup\u00f3w Bliskiego Wschodu podczas konwiwencji prowadzonej przez Drog\u0119 Neokatechumenaln\u0105 20-4-1996<\/h1>\n\n<div style=\"height:20px\" aria-hidden=\"true\" class=\"wp-block-spacer\"><\/div>\n\n<h4 class=\"has-text-align-center wp-block-heading\">\u015aw. Jan Pawe\u0142 II<\/h4>\n\n<div style=\"height:20px\" aria-hidden=\"true\" class=\"wp-block-spacer\"><\/div>\n\n<p><strong>Watykan &#8211; Sala Klementy\u0144ska, 20 kwietnia 1996 r.<\/strong><\/p>\n\n<p><em>Jan Pawe\u0142 II przyj\u0105\u0142 dzi\u015b rano w Watykanie oko\u0142o czterdziestu biskup\u00f3w z Bliskiego Wschodu, pochodz\u0105cych z sze\u015bciu Ko\u015bcio\u0142\u00f3w r\u00f3\u017cnych obrz\u0105dk\u00f3w. Biskupi przybyli do Sabaudii, w prowincji Latina, aby wzi\u0105\u0107 udzia\u0142 w rekolekcjach prowadzonych przez inicjator\u00f3w Drogi Neokatechumenalnej, Kiko Arg\u00fcello, Carmen Hern\u00e1ndez i o. Mario Pezzi. Papie\u017c podkre\u015bli\u0142 jedno\u015b\u0107 ludu chrze\u015bcija\u0144skiego &#8222;wok\u00f3\u0142 pasterzy diecezji i w braterskim dialogu mi\u0119dzy wszystkimi wierz\u0105cymi&#8221;, z &#8222;coraz wi\u0119ksz\u0105 solidarno\u015bci\u0105 tak\u017ce materialn\u0105&#8221;. W dzisiejszym \u015bwiecie, gdzie &#8222;wiele os\u00f3b i narod\u00f3w jest dotkni\u0119tych trudno\u015bciami ekonomicznymi, cierpi z powodu ub\u00f3stwa i g\u0142odu, Ko\u015bci\u00f3\u0142 mo\u017ce w ten spos\u00f3b przyczyni\u0107 si\u0119 do lepszego podzia\u0142u bogactw naturalnych i d\u00f3br konsumpcyjnych&#8221;.<\/em><\/p>\n\n<p><em>Na audiencji u Papie\u017ca i na spotkaniu w Sabaudii obecni byli: Jego Ekscelencja Stefanos II, patriarcha Kopt\u00f3w z Aleksandrii, 36 biskup\u00f3w z regionu, liczni kap\u0142ani reprezentuj\u0105cy jedena\u015bcie narod\u00f3w Bliskiego Wschodu oraz inicjatorzy Drogi Neokatechumenalnej. Na zako\u0144czenie audiencji, przy mikrofonie Roberto Piermariniego, Patriarcha Stefanos II wyja\u015bni\u0142 wk\u0142ad, jaki to do\u015bwiadczenie eklezjalne mo\u017ce wnie\u015b\u0107 w Ko\u015bcio\u0142y Wschodnie: &#8222;Trzeba powiedzie\u0107, \u017ce to do\u015bwiadczenie umacnia nas w wierze naszego Chrztu i dzi\u0119ki tej Drodze Neokatechumenalnej, dzi\u0119ki temu \u017cyciu wsp\u00f3lnotowemu, staramy si\u0119 \u017cy\u0107 naprawd\u0119 nie tylko jako jednostki, ale tak\u017ce jako wsp\u00f3lnota. Dlatego tak\u017ce w aspekcie liturgicznym &#8222;\u0142aci\u0144skim&#8221;, zachodnim, mo\u017cemy zachowa\u0107 nasze liturgie, nasze obrz\u0119dy wschodnie i zachowa\u0107 tego ducha poszukiwania, nawr\u00f3cenia i sta\u0142o\u015bci naszej wiary katolickiej&#8221;. Ale w jaki spos\u00f3b to do\u015bwiadczenie eklezjalne, zrodzone w Hiszpanii na pocz\u0105tku lat sze\u015b\u0107dziesi\u0105tych, a dzi\u015b licz\u0105ce 13 tysi\u0119cy wsp\u00f3lnot obecnych w prawie 100 narodach pi\u0119ciu kontynent\u00f3w, mo\u017ce da\u0107 nowy impuls nowej ewangelizacji na Bliskim Wschodzie u progu trzeciego tysi\u0105clecia?<\/em>&#13;\n&#13;\n\u00a0&#13;\n&#13;\n<em>Kiko Arg\u00fcello, inicjator Drogi Neokatechumenalnej, odpowiedzia\u0142 w nast\u0119puj\u0105cy spos\u00f3b:<\/em><\/p>\n\n<p>\u00abMo\u017ce to prowadzi\u0107 do drogi odrodzenia, ponownego odkrycia chrztu, umocnienia chrze\u015bcijan na tych obszarach, kt\u00f3re prze\u017cywaj\u0105 wielkie trudno\u015bci, zar\u00f3wno pod wzgl\u0119dem sekularyzacji, jak i imigracji&#8230; Widzieli\u015bmy ju\u017c, \u017ce w wielu parafiach wa\u017cne by\u0142o &#8222;nawadnianie&#8221; chrztu, aby wiara zacz\u0119\u0142a wzrasta\u0107, a relacje wsp\u00f3lnotowe i \u015bwiadectwo pracy zosta\u0142y wzmocnione. Wiele parafii zacz\u0119\u0142o na nowo rozkwita\u0107, a proboszczowie s\u0105 bardzo szcz\u0119\u015bliwi. S\u0105dz\u0119, \u017ce \u017cywotno\u015b\u0107 Soboru chcia\u0142a przygotowa\u0107 Ko\u015bci\u00f3\u0142 na wyzwania trzeciego tysi\u0105clecia, daj\u0105c mu charyzmaty, mocne tchnienie Ducha, aby m\u00f3g\u0142 g\u0142osi\u0107 wszystkim Chrystusa, zwyci\u0119zc\u0119 nad \u015bmierci\u0105, i aby m\u00f3g\u0142 rzeczywi\u015bcie odpowiedzie\u0107 na wyzwania trzeciego tysi\u0105clecia, kt\u00f3rymi s\u0105 zasadniczo nowa antropologia zsekularyzowanego i ateistycznego \u015bwiata, neguj\u0105cego Objawienie. \u015awiat, kt\u00f3ry nie uznaje boskiego ojcostwa. Chrystus przyszed\u0142, aby ukaza\u0107 nam Ojca, a my jeste\u015bmy Synami Bo\u017cymi: wskazuje nam w ten spos\u00f3b imponuj\u0105c\u0105 antropologi\u0119, kt\u00f3ra zbawia rodzin\u0119. W obliczu kultury, kt\u00f3ra niszczy zasady rodziny, Droga poprzez ma\u0142e wsp\u00f3lnoty ratuje rodzin\u0119. I z tych rodzin, kt\u00f3re otwieraj\u0105 si\u0119 na \u017cycie, kt\u00f3re s\u0105 odnowione, rodz\u0105 si\u0119 tysi\u0105ce powo\u0142a\u0144, aby pomaga\u0107 Ko\u015bcio\u0142owi\u00bb.<\/p>\n\n<div class=\"wp-block-image\"><figure class=\"alignleft size-medium\"><img loading=\"lazy\" decoding=\"async\" width=\"300\" height=\"244\" src=\"https:\/\/neocatechumenaleiter.org\/wp-content\/uploads\/2020\/03\/Camino_Neocatecumenal_Juan_Pablo_II_audiencia_obispos_medio_oriente_1996-300x244.jpg\" alt=\"\" class=\"wp-image-2610\" srcset=\"https:\/\/neocatechumenaleiter.org\/wp-content\/uploads\/2020\/03\/Camino_Neocatecumenal_Juan_Pablo_II_audiencia_obispos_medio_oriente_1996-300x244.jpg 300w, https:\/\/neocatechumenaleiter.org\/wp-content\/uploads\/2020\/03\/Camino_Neocatecumenal_Juan_Pablo_II_audiencia_obispos_medio_oriente_1996.jpg 690w\" sizes=\"auto, (max-width: 300px) 100vw, 300px\" \/><\/figure><\/div>\n\n<p><em>Podczas spotkania, kt\u00f3re odby\u0142o si\u0119 w Sali Klementy\u0144skiej, Ojciec \u015awi\u0119ty wyg\u0142osi\u0142 nast\u0119puj\u0105ce przem\u00f3wienie:<\/em>&#13;\n&#13;\n\u00ab1. Czcigodni Bracia w Episkopacie i w Kap\u0142a\u0144stwie, Drodzy Bracia i Siostry! Z rado\u015bci\u0105 witam was w domu Nast\u0119pcy Piotra, z okazji tego szczeg\u00f3lnego spotkania, na kt\u00f3re serdecznie zapraszam ka\u017cdego z was, pasterzy i wiernych z Ko\u015bcio\u0142\u00f3w katolickich Bliskiego Wschodu: niech pok\u00f3j Zmartwychwsta\u0142ego Pana b\u0119dzie z wami i z waszymi wsp\u00f3lnotami ko\u015bcielnymi! W tym czasie \u015bwi\u0119ta liturgia, po celebracji M\u0119ki i Zmartwychwstania Pa\u0144skiego, ka\u017ce nam na nowo odczyta\u0107 Dzieje Apostolskie, kt\u00f3re przedstawiaj\u0105 narodziny i pocz\u0105tki rozwoju Ko\u015bcio\u0142a, poczynaj\u0105c od pierwszej wsp\u00f3lnoty, zgromadzonej na modlitwie z Maryj\u0105 (<em>por. Dz 1, 13-14<\/em>). Dzi\u0119ki dzia\u0142aniu Ducha \u015awi\u0119tego &#8222;Pan codziennie dodawa\u0142 do wsp\u00f3lnoty tych, kt\u00f3rzy byli zbawieni&#8221; (<em>Dz 2, 47<\/em>). Ksi\u0119ga Dziej\u00f3w Apostolskich, opisuj\u0105c drog\u0119 uczni\u00f3w, podkre\u015bla ich wytrwa\u0142o\u015b\u0107 &#8222;w s\u0142uchaniu nauki Aposto\u0142\u00f3w i we wsp\u00f3lnocie, w \u0142amaniu chleba i w modlitwie&#8221; (<em>Dz 2, 42<\/em>) i dodaje, \u017ce cieszyli si\u0119 oni szacunkiem ca\u0142ego ludu (<em>por. Dz 2, 47; 4, 33<\/em>). R\u00f3wnie\u017c dzisiaj Ko\u015bci\u00f3\u0142 jest wezwany do prze\u017cywania tego idea\u0142u pierwszych chrze\u015bcijan, aby tworzy\u0107 razem autentyczn\u0105 wsp\u00f3lnot\u0119 braci i si\u00f3str na\u015bladuj\u0105cych Chrystusa. Wa\u017cne jest, aby zaja\u015bnia\u0142a jedno\u015b\u0107 ludu chrze\u015bcija\u0144skiego; jedno\u015b\u0107, kt\u00f3ra urzeczywistnia si\u0119 wok\u00f3\u0142 pasterzy diecezji i w braterskim dialogu mi\u0119dzy wszystkimi wierz\u0105cymi. Jedno\u015b\u0107 wiary w dzieleniu si\u0119 wzajemnymi darami wzbogaca Ko\u015bci\u00f3\u0142 duchowo i pobudza go do coraz wi\u0119kszej solidarno\u015bci, tak\u017ce materialnej. W dzisiejszym \u015bwiecie, w kt\u00f3rym wiele os\u00f3b i narod\u00f3w jest dotkni\u0119tych trudno\u015bciami ekonomicznymi, cierpi z powodu ub\u00f3stwa i g\u0142odu, Ko\u015bci\u00f3\u0142 mo\u017ce w ten spos\u00f3b przyczyni\u0107 si\u0119 do lepszego podzia\u0142u bogactw naturalnych i d\u00f3br konsumpcyjnych. \u015awiadectwo wiary przechodzi przez codzienne wyrazy mi\u0142o\u015bci, kt\u00f3rymi s\u0105 dzielenie si\u0119 i solidarno\u015b\u0107 mi\u0119dzy lud\u017ami, zw\u0142aszcza &#8222;z ubogimi, kt\u00f3rzy s\u0105 ulubie\u0144cami Boga, (&#8230;) naszego wsp\u00f3lnego Ojca&#8221;. A my wszyscy jeste\u015bmy bra\u0107mi w jednej rodzinie&#8221; (Grzegorz z Nyssy, Mi\u0142o\u015b\u0107 ubogich).<\/p>\n\n<p>2. \u015awiadectwo jedno\u015bci i mi\u0142o\u015bci jest dla Ko\u015bcio\u0142a niezb\u0119dne dla nowej ewangelizacji. W obliczu wyzwa\u0144 sekularyzacji i zamkni\u0119cia si\u0119 na \u017cycie ze strony nielicznych grup opinii publicznej, bardziej ni\u017c kiedykolwiek pilne jest, by chrze\u015bcijanie dawali wiarygodne \u015bwiadectwo swojej wiary, wcielaj\u0105c Ewangeli\u0119 w swoje \u017cycie. Dojrzali i uformowani wierz\u0105cy mog\u0105 wi\u0119c zaoferowa\u0107 poszukuj\u0105cym prawdy adekwatne odpowiedzi na ich pytania. Wymaga to, aby ka\u017cda wsp\u00f3lnota ko\u015bcielna by\u0142a otwarta na przyj\u0119cie i dialog, szanuj\u0105c r\u00f3\u017cnorodno\u015b\u0107 kulturow\u0105 i g\u0142osz\u0105c wszystkim jedyn\u0105 Ewangeli\u0119 zbawienia. Niech, drodzy bracia i siostry, coraz g\u0142\u0119bsze przylgni\u0119cie do Chrystusa zmartwychwsta\u0142ego pomo\u017ce wam rozeznawa\u0107 znaki czasu i i\u015b\u0107 razem wed\u0142ug tego ducha synodalnego, kt\u00f3ry charakteryzuje struktur\u0119 waszych wsp\u00f3lnot ko\u015bcielnych. Misja chrze\u015bcijan na Bliskim Wschodzie jest wielka, ale jednocze\u015bnie z\u0142o\u017cona i delikatna. Z tego powodu konieczne jest kultywowanie wzajemnego szacunku i po\u015bwi\u0119canie mu sta\u0142ej uwagi, zw\u0142aszcza w dziedzinie ekumenizmu i dialogu z wielkimi religiami monoteistycznymi.<\/p>\n\n<div class=\"wp-block-image\"><figure class=\"alignright size-large\"><img loading=\"lazy\" decoding=\"async\" width=\"768\" height=\"519\" src=\"https:\/\/neocatechumenaleiter.org\/wp-content\/uploads\/2020\/03\/Camino_Neocatecumenal_Juan_Pablo_II_audiencia_obispos_medio_oriente_1996_2.jpg\" alt=\"\" class=\"wp-image-4467\" srcset=\"https:\/\/neocatechumenaleiter.org\/wp-content\/uploads\/2020\/03\/Camino_Neocatecumenal_Juan_Pablo_II_audiencia_obispos_medio_oriente_1996_2.jpg 768w, https:\/\/neocatechumenaleiter.org\/wp-content\/uploads\/2020\/03\/Camino_Neocatecumenal_Juan_Pablo_II_audiencia_obispos_medio_oriente_1996_2-300x203.jpg 300w\" sizes=\"auto, (max-width: 768px) 100vw, 768px\" \/><\/figure><\/div>\n\n<p>3.&#13;\nW tym kontek\u015bcie z rado\u015bci\u0105 wspominam moj\u0105 niedawn\u0105 podr\u00f3\u017c do Tunezji, gdzie odwiedzi\u0142em wsp\u00f3lnot\u0119 katolick\u0105 \u017cyj\u0105c\u0105 w tym kraju i utwierdzi\u0142em dzieci Ko\u015bcio\u0142a w ich wierno\u015bci Ewangelii. Zach\u0119ca\u0142em ich tak\u017ce do obrony i rozwijania warto\u015bci duchowych, moralnych i spo\u0142eczno-kulturalnych poprzez dialog i wsp\u00f3\u0142prac\u0119 z wyznawcami innych religii, aby rozwija\u0107 \u017cycie braterskie i solidarno\u015b\u0107 mi\u0119dzy mieszka\u0144cami tego samego narodu i mi\u0119dzy wszystkimi ludami (por. Nostra aetate, 2). To mo\u017ce tylko zintensyfikowa\u0107 istniej\u0105ce ju\u017c relacje przyja\u017ani i wzajemnego szacunku. W tym duchu zach\u0119cam was do kontynuowania waszej misji, dbaj\u0105c o wspieranie budowy spo\u0142ecze\u0144stwa otwartego na zrozumienie i solidarno\u015b\u0107 mi\u0119dzy wszystkimi jego elementami. Przyzywaj\u0105c dla waszych wsp\u00f3lnot matczynej opieki Naj\u015bwi\u0119tszej Maryi Panny i waszych \u015bwi\u0119tych patron\u00f3w, z wielk\u0105 czu\u0142o\u015bci\u0105 udzielam wam i wszystkim, kt\u00f3rzy pomagaj\u0105 wam w waszej pos\u0142udze ko\u015bcielnej, Apostolskiego B\u0142ogos\u0142awie\u0144stwa\u00bb.&#13;\n&#13;\n(*) Por. &#8222;Radiogiornale Vaticano&#8221;, 20 kwietnia 1996 r. i &#8222;L&#8217;Osservatore Romano&#8221;, 22 kwietnia 1996 r.<\/p>\n","protected":false},"excerpt":{"rendered":"<p>Audiencja dla biskup\u00f3w Bliskiego Wschodu podczas konwiwencji prowadzonej przez Drog\u0119 Neokatechumenaln\u0105 20-4-1996 \u015aw. Jan Pawe\u0142 II Watykan &#8211; Sala Klementy\u0144ska, 20 kwietnia 1996 r. Jan Pawe\u0142 II przyj\u0105\u0142 dzi\u015b rano w Watykanie oko\u0142o czterdziestu biskup\u00f3w z Bliskiego Wschodu, pochodz\u0105cych z sze\u015bciu Ko\u015bcio\u0142\u00f3w r\u00f3\u017cnych obrz\u0105dk\u00f3w. Biskupi przybyli do Sabaudii, w prowincji Latina, aby wzi\u0105\u0107 udzia\u0142 w rekolekcjach prowadzonych przez inicjator\u00f3w Drogi Neokatechumenalnej, Kiko Arg\u00fcello, Carmen Hern\u00e1ndez i o. Mario Pezzi. Papie\u017c<\/p>\n<div class=\"read-more\"><a class=\"btn read-more-btn\" href=\"https:\/\/neocatechumenaleiter.org\/pl\/slowa-papiezy\/sw-jan-pawel-ii\/audiencja-dla-biskupow-bliskiego-wschodu-podczas-konwiwencji-prowadzonej-przez-droge-neokatechumenalna-20-4-1996\/\">Czytaj dalej<\/a><\/div>\n","protected":false},"author":2,"featured_media":0,"parent":16496,"menu_order":83,"comment_status":"closed","ping_status":"closed","template":"","meta":{"footnotes":""},"class_list":["post-22419","page","type-page","status-publish","hentry"],"_links":{"self":[{"href":"https:\/\/neocatechumenaleiter.org\/pl\/wp-json\/wp\/v2\/pages\/22419","targetHints":{"allow":["GET"]}}],"collection":[{"href":"https:\/\/neocatechumenaleiter.org\/pl\/wp-json\/wp\/v2\/pages"}],"about":[{"href":"https:\/\/neocatechumenaleiter.org\/pl\/wp-json\/wp\/v2\/types\/page"}],"author":[{"embeddable":true,"href":"https:\/\/neocatechumenaleiter.org\/pl\/wp-json\/wp\/v2\/users\/2"}],"replies":[{"embeddable":true,"href":"https:\/\/neocatechumenaleiter.org\/pl\/wp-json\/wp\/v2\/comments?post=22419"}],"version-history":[{"count":4,"href":"https:\/\/neocatechumenaleiter.org\/pl\/wp-json\/wp\/v2\/pages\/22419\/revisions"}],"predecessor-version":[{"id":24271,"href":"https:\/\/neocatechumenaleiter.org\/pl\/wp-json\/wp\/v2\/pages\/22419\/revisions\/24271"}],"up":[{"embeddable":true,"href":"https:\/\/neocatechumenaleiter.org\/pl\/wp-json\/wp\/v2\/pages\/16496"}],"wp:attachment":[{"href":"https:\/\/neocatechumenaleiter.org\/pl\/wp-json\/wp\/v2\/media?parent=22419"}],"curies":[{"name":"wp","href":"https:\/\/api.w.org\/{rel}","templated":true}]}}