{"id":22433,"date":"2020-03-24T00:43:00","date_gmt":"2020-03-23T23:43:00","guid":{"rendered":"https:\/\/neocatechumenaleiter.org\/slowa-papiezy\/sw-jan-pawel-ii\/list-jana-pawla-ii-do-biskupa-paula-josefa-cordesa-30-viii-1990\/"},"modified":"2021-05-06T16:15:26","modified_gmt":"2021-05-06T15:15:26","slug":"list-jana-pawla-ii-do-biskupa-paula-josefa-cordesa-30-viii-1990","status":"publish","type":"page","link":"https:\/\/neocatechumenaleiter.org\/pl\/slowa-papiezy\/sw-jan-pawel-ii\/list-jana-pawla-ii-do-biskupa-paula-josefa-cordesa-30-viii-1990\/","title":{"rendered":"LIST JANA PAW\u0141A II DO BISKUPA PAULA JOSEFA CORDESA 30-VIII-1990"},"content":{"rendered":"\n<h1 class=\"has-text-align-center wp-block-heading\">LIST JANA PAW\u0141A II DO BISKUPA PAULA JOSEFA CORDESA 30-VIII-1990<\/h1>\n\n<div style=\"height:20px\" aria-hidden=\"true\" class=\"wp-block-spacer\"><\/div>\n\n<h4 class=\"has-text-align-center wp-block-heading\">\u015aw. Jan Pawe\u0142 II<\/h4>\n\n<div style=\"height:20px\" aria-hidden=\"true\" class=\"wp-block-spacer\"><\/div>\n\n<p><strong>LIST<\/strong>&#013;\n<strong><em>&#8222;OGNI QUALVOLTA&#8221;&#013;\n<\/em> <\/strong><strong>JEGO \u015aWI\u0104TOBLIWO\u015aCI JANA PAW\u0141A II<\/strong><\/p>\n\n<p>Do czcigodnego brata&#013;\n&#013;\nbiskupa PAULA JOSEFA CORDESA&#013;\n&#013;\nWiceprzewodnicz\u0105cego Papieskiej Rady d\/s \u015awieckich,&#013;\n&#013;\nkt\u00f3remu powierzony jest \u201ead personam&#8221; apostolat&#013;\n&#013;\nWsp\u00f3lnot Neokatechumenalnych<\/p>\n\n<p>Ilekro\u0107 Duch \u015awi\u0119ty wzbudza w Ko\u015bciele impulsy do wi\u0119kszej wierno\u015bci Ewangelii, kwitn\u0105 nowe charyzmaty, kt\u00f3re ukazuj\u0105 te rzeczywisto\u015bci oraz nowe instytucje, kt\u00f3re wprowadzaj\u0105 je w \u017cycie. Tak by\u0142o po Soborze Trydenckim i po Soborze Watyka\u0144skim II.<\/p>\n\n<p>W\u015br\u00f3d rzeczywisto\u015bci zrodzonych przez Ducha \u015awi\u0119tego w naszych czasach znajduj\u0105 si\u0119 Wsp\u00f3lnoty Neokatechumenalne, zapocz\u0105tkowane przez Pana K. Arg\u00fcello i&#013;\n&#013;\nprzez Pani\u0105 C. Hernandez (Madryt, Hiszpania), kt\u00f3rych skuteczno\u015b\u0107 dla odnowy \u017cycia chrze\u015bcija\u0144skiego bywa\u0142a honorowana przez mojego poprzednika Paw\u0142a VI jako owoc Soboru: \u201eIle\u017c rado\u015bci i nadziei dajecie nam wasz\u0105 obecno\u015bci\u0105 i wasz\u0105 dzia\u0142alno\u015bci\u0105. (&#8230;) \u017by\u0107 tym przebudzeniem i rozwija\u0107 je, jest tym, co nazywacie pewn\u0105 form\u0105 \u00abpo chrzcieln\u0105\u00bb, kt\u00f3ra b\u0119dzie mog\u0142a odnowi\u0107 w dzisiejszych wsp\u00f3lnotach chrze\u015bcija\u0144skich te oznaki dojrza\u0142o\u015bci i pog\u0142\u0119bienia, kt\u00f3re w Ko\u015bciele&#013;\n&#013;\npierwotnym by\u0142y realizowane w okresie przygotowania do Chrztu&#8221; (Paolo VI alle Communita Neocatecumenali, Udienza Generale, 8 Maja 1974, w \u201eNotitiae&#8221;, 95-96 [1974], 230).&#013;\n&#013;\nTak\u017ce i ja, w wielu spotkaniach, kt\u00f3re mia\u0142em jako Biskup Rzymu w parafiach rzymskich ze Wsp\u00f3lnotami Neokatechumenalnymi i ich Pasterzami oraz w moich podr\u00f3\u017cach apostolskich do wielu kraj\u00f3w, mog\u0142em stwierdzi\u0107 obfite owoce osobistego nawr\u00f3cenia i p\u0142odny zapa\u0142 misyjny.<\/p>\n\n<p>Wsp\u00f3lnoty te ukazuj\u0105 w parafiach znak Ko\u015bcio\u0142a misyjnego i \u201estaraj\u0105 si\u0119 otworzy\u0107 drog\u0119 do ewangelizacji tych, co prawie porzucili \u017cycie chrze\u015bcija\u0144skie, ofiaruj\u0105c im itinerarium typu katechumenalnego, kt\u00f3re przebiega te wszystkie etapy, jakie w Ko\u015bciele pierwotnym przechodzili katechumeni, zanim otrzymali sakrament Chrztu; przybli\u017ca ich ponownie do Ko\u015bcio\u0142a i do Chrystusa&#8221; (<em>por. Catecumenato<\/em> postbattesimale,<em> \u201eNotitiae&#8221;, 95-96 [1974], 229<\/em>). To w\u0142a\u015bnie g\u0142oszenie Ewangelii, dawanie \u015bwiadectwa w ma\u0142ych wsp\u00f3lnotach i sprawowanie Eucharystii w grupach (<em>por.<\/em>&#013;\n&#013;\n<em>Notificazione sulle celebrazioni nei gruppi del \u201e Cammino Neocatecumenale&#8221;, \u201eL 'Osservatore Romano&#8221;, 25 grudnia 1988<\/em>) s\u0105 \u015brodkami, kt\u00f3re pozwalaj\u0105 cz\u0142onkom (wsp\u00f3lnot) odda\u0107 si\u0119 pos\u0142udze odnowy Ko\u015bcio\u0142a.<\/p>\n\n<p>Wielu Braci w Biskupstwie uzna\u0142o owoce tej Drogi. Pragn\u0119 jedynie wspomnie\u0107 \u00f3wczesnego Biskupa Madrytu, Casimiro Morcillo, w kt\u00f3rego diecezji i pod kt\u00f3rego zarz\u0105dem zrodzi\u0142y si\u0119 w roku 1964 Wsp\u00f3lnoty Neokatechumenalne, przyj\u0119te przez niego z wielk\u0105 mi\u0142o\u015bci\u0105. &#013;\nPo wi\u0119cej ni\u017c dwudziestu latach istnienia Wsp\u00f3lnot rozsianych na pi\u0119ciu kontynentach, &#013;\n<\/p>\n\n<p>\u2014 bior\u0105c pod uwag\u0119 now\u0105 \u017cywotno\u015b\u0107 parafii, zapa\u0142 misyjny i owoce nawr\u00f3cenia, kt\u00f3re rodz\u0105 si\u0119 z gorliwo\u015bci katechist\u00f3w w\u0119drownych, a ostatnio s\u0105 dzie\u0142em rodzin ewangelizuj\u0105cych zdechrystianizowane obszary Europy i ca\u0142ego \u015bwiata; <\/p>\n\n<p>\u2014 bior\u0105c pod uwag\u0119 powo\u0142ania, wzbudzone przez t\u0119 Drog\u0119, do \u017cycia zakonnego i do prezbiteratu oraz narodziny kolegi\u00f3w diecezjalnych formacji do prezbiteratu dla nowej ewangelizacji, jak \u201eRedemptoris Mater&#8221; w Rzymie; <\/p>\n\n<p>\u2014 po zapoznaniu si\u0119 z dokumentacj\u0105 przedstawion\u0105 mi przez Wasz\u0105 Ekscelencj\u0119: <\/p>\n\n<p>przyjmuj\u0105c pro\u015bb\u0119 do mnie skierowan\u0105, uznaj\u0119 Drog\u0119 Neokatechumenaln\u0105 jako itinerarium formacji katolickiej wa\u017cne dla wsp\u00f3\u0142czesnego spo\u0142ecze\u0144stwa i dla naszych czas\u00f3w.<\/p>\n\n<p>\u017bycz\u0119 zatem, by Bracia w Biskupstwie docenili i wspomagali &#8211; razem ze swymi prezbiterami &#8211; to dzie\u0142o nowej ewangelizacji, aby ono realizowa\u0142o si\u0119 zgodnie z liniami zaproponowanymi przez inicjator\u00f3w, w duchu pos\u0142ugi Ordynariuszowi miejsca i jedno\u015bci z nim oraz w kontek\u015bcie jedno\u015bci Ko\u015bcio\u0142a lokalnego z Ko\u015bcio\u0142em Powszechnym.<\/p>\n\n<p>Na dow\u00f3d tego \u017cyczenia udzielam Waszej Ekscelencji i wszystkim nale\u017c\u0105cym do Wsp\u00f3lnot Neokatechumenalnych mojego Apostolskiego B\u0142ogos\u0142awie\u0144stwa.<\/p>\n\n<p><em>Dan w Watykanie, 30 sierpnia 1990 roku,<\/em>&#013;\n&#013;\n<em>w dwunastym roku Pontyfikatu<\/em><\/p>\n\n<p><strong>JAN PAWE\u0141 II<\/strong><\/p>\n","protected":false},"excerpt":{"rendered":"<p>LIST JANA PAW\u0141A II DO BISKUPA PAULA JOSEFA CORDESA 30-VIII-1990 \u015aw. Jan Pawe\u0142 II LIST&#013; &#8222;OGNI QUALVOLTA&#8221;&#013; JEGO \u015aWI\u0104TOBLIWO\u015aCI JANA PAW\u0141A II Do czcigodnego brata&#013; &#013; biskupa PAULA JOSEFA CORDESA&#013; &#013; Wiceprzewodnicz\u0105cego Papieskiej Rady d\/s \u015awieckich,&#013; &#013; kt\u00f3remu powierzony jest \u201ead personam&#8221; apostolat&#013; &#013; Wsp\u00f3lnot Neokatechumenalnych Ilekro\u0107 Duch \u015awi\u0119ty wzbudza w Ko\u015bciele impulsy do wi\u0119kszej wierno\u015bci Ewangelii, kwitn\u0105 nowe charyzmaty, kt\u00f3re ukazuj\u0105 te rzeczywisto\u015bci oraz nowe instytucje, kt\u00f3re wprowadzaj\u0105 je<\/p>\n<div class=\"read-more\"><a class=\"btn read-more-btn\" href=\"https:\/\/neocatechumenaleiter.org\/pl\/slowa-papiezy\/sw-jan-pawel-ii\/list-jana-pawla-ii-do-biskupa-paula-josefa-cordesa-30-viii-1990\/\">Czytaj dalej<\/a><\/div>\n","protected":false},"author":2,"featured_media":0,"parent":16496,"menu_order":0,"comment_status":"closed","ping_status":"closed","template":"","meta":{"footnotes":""},"class_list":["post-22433","page","type-page","status-publish","hentry"],"_links":{"self":[{"href":"https:\/\/neocatechumenaleiter.org\/pl\/wp-json\/wp\/v2\/pages\/22433","targetHints":{"allow":["GET"]}}],"collection":[{"href":"https:\/\/neocatechumenaleiter.org\/pl\/wp-json\/wp\/v2\/pages"}],"about":[{"href":"https:\/\/neocatechumenaleiter.org\/pl\/wp-json\/wp\/v2\/types\/page"}],"author":[{"embeddable":true,"href":"https:\/\/neocatechumenaleiter.org\/pl\/wp-json\/wp\/v2\/users\/2"}],"replies":[{"embeddable":true,"href":"https:\/\/neocatechumenaleiter.org\/pl\/wp-json\/wp\/v2\/comments?post=22433"}],"version-history":[{"count":15,"href":"https:\/\/neocatechumenaleiter.org\/pl\/wp-json\/wp\/v2\/pages\/22433\/revisions"}],"predecessor-version":[{"id":22448,"href":"https:\/\/neocatechumenaleiter.org\/pl\/wp-json\/wp\/v2\/pages\/22433\/revisions\/22448"}],"up":[{"embeddable":true,"href":"https:\/\/neocatechumenaleiter.org\/pl\/wp-json\/wp\/v2\/pages\/16496"}],"wp:attachment":[{"href":"https:\/\/neocatechumenaleiter.org\/pl\/wp-json\/wp\/v2\/media?parent=22433"}],"curies":[{"name":"wp","href":"https:\/\/api.w.org\/{rel}","templated":true}]}}