{"id":22449,"date":"2020-02-29T20:52:58","date_gmt":"2020-02-29T19:52:58","guid":{"rendered":"https:\/\/neocatechumenaleiter.org\/slowa-papiezy\/benedykt-xvi\/audiencja-prywatna-dla-inicjatorow-drogi-neokatechumenalnej-26-v-2007\/"},"modified":"2021-05-07T08:34:33","modified_gmt":"2021-05-07T07:34:33","slug":"audiencja-prywatna-dla-inicjatorow-drogi-neokatechumenalnej-26-v-2007","status":"publish","type":"page","link":"https:\/\/neocatechumenaleiter.org\/pl\/slowa-papiezy\/benedykt-xvi\/audiencja-prywatna-dla-inicjatorow-drogi-neokatechumenalnej-26-v-2007\/","title":{"rendered":"AUDIENCJA PRYWATNA DLA INICJATOR\u00d3W DROGI NEOKATECHUMENALNEJ 26-V-2007"},"content":{"rendered":"\n<h1 class=\"has-text-align-center wp-block-heading\">AUDIENCJA PRYWATNA DLA INICJATOR\u00d3W DROGI NEOKATECHUMENALNEJ 26-V-2007<\/h1>\n\n<div style=\"height:20px\" aria-hidden=\"true\" class=\"wp-block-spacer\"><\/div>\n\n<h4 class=\"has-text-align-center wp-block-heading\">BENEDYKT XVI<\/h4>\n\n<div style=\"height:20px\" aria-hidden=\"true\" class=\"wp-block-spacer\"><\/div>\n\n<p><strong>Watykan, 26 maja 2007 r.<\/strong><\/p>\n\n<p>Na zako\u0144czenie audiencji Kiko podarowa\u0142 Papie\u017cowi rysunek \u015bwi\u0119tego Piotra.<\/p>\n\n<figure class=\"wp-block-gallery aligncenter columns-2 is-cropped wp-block-gallery-1 is-layout-flex wp-block-gallery-is-layout-flex\"><ul class=\"blocks-gallery-grid\"><li class=\"blocks-gallery-item\"><figure><img loading=\"lazy\" decoding=\"async\" width=\"400\" height=\"266\" src=\"https:\/\/neocatechumenaleiter.org\/wp-content\/uploads\/2020\/02\/Camino_Neocatecumenal_Benedicto_XVI_audiencia_Kiko_Carmen_Mario_2007.jpg\" alt=\"\" data-id=\"1157\" data-full-url=\"https:\/\/neocatechumenaleiter.org\/wp-content\/uploads\/2020\/02\/Camino_Neocatecumenal_Benedicto_XVI_audiencia_Kiko_Carmen_Mario_2007.jpg\" data-link=\"https:\/\/neocatechumenaleiter.org\/?attachment_id=1157\" class=\"wp-image-4648\" srcset=\"https:\/\/neocatechumenaleiter.org\/wp-content\/uploads\/2020\/02\/Camino_Neocatecumenal_Benedicto_XVI_audiencia_Kiko_Carmen_Mario_2007.jpg 400w, https:\/\/neocatechumenaleiter.org\/wp-content\/uploads\/2020\/02\/Camino_Neocatecumenal_Benedicto_XVI_audiencia_Kiko_Carmen_Mario_2007-300x200.jpg 300w\" sizes=\"auto, (max-width: 400px) 100vw, 400px\" \/><\/figure><\/li><li class=\"blocks-gallery-item\"><figure><img loading=\"lazy\" decoding=\"async\" width=\"400\" height=\"271\" src=\"https:\/\/neocatechumenaleiter.org\/wp-content\/uploads\/2020\/02\/Camino_Neocatecumenal_Benedicto_XVI_audiencia_Kiko_Carmen_Mario_20072.jpg\" alt=\"\" data-id=\"1150\" data-full-url=\"https:\/\/neocatechumenaleiter.org\/wp-content\/uploads\/2020\/02\/Camino_Neocatecumenal_Benedicto_XVI_audiencia_Kiko_Carmen_Mario_20072.jpg\" data-link=\"https:\/\/neocatechumenaleiter.org\/?attachment_id=1150\" class=\"wp-image-4650\" srcset=\"https:\/\/neocatechumenaleiter.org\/wp-content\/uploads\/2020\/02\/Camino_Neocatecumenal_Benedicto_XVI_audiencia_Kiko_Carmen_Mario_20072.jpg 400w, https:\/\/neocatechumenaleiter.org\/wp-content\/uploads\/2020\/02\/Camino_Neocatecumenal_Benedicto_XVI_audiencia_Kiko_Carmen_Mario_20072-300x203.jpg 300w\" sizes=\"auto, (max-width: 400px) 100vw, 400px\" \/><\/figure><\/li><\/ul><\/figure>","protected":false},"excerpt":{"rendered":"<p>AUDIENCJA PRYWATNA DLA INICJATOR\u00d3W DROGI NEOKATECHUMENALNEJ 26-V-2007 BENEDYKT XVI Watykan, 26 maja 2007 r. Na zako\u0144czenie audiencji Kiko podarowa\u0142 Papie\u017cowi rysunek \u015bwi\u0119tego Piotra.<\/p>\n","protected":false},"author":2,"featured_media":0,"parent":16508,"menu_order":5,"comment_status":"closed","ping_status":"closed","template":"","meta":{"footnotes":""},"class_list":["post-22449","page","type-page","status-publish","hentry"],"_links":{"self":[{"href":"https:\/\/neocatechumenaleiter.org\/pl\/wp-json\/wp\/v2\/pages\/22449","targetHints":{"allow":["GET"]}}],"collection":[{"href":"https:\/\/neocatechumenaleiter.org\/pl\/wp-json\/wp\/v2\/pages"}],"about":[{"href":"https:\/\/neocatechumenaleiter.org\/pl\/wp-json\/wp\/v2\/types\/page"}],"author":[{"embeddable":true,"href":"https:\/\/neocatechumenaleiter.org\/pl\/wp-json\/wp\/v2\/users\/2"}],"replies":[{"embeddable":true,"href":"https:\/\/neocatechumenaleiter.org\/pl\/wp-json\/wp\/v2\/comments?post=22449"}],"version-history":[{"count":3,"href":"https:\/\/neocatechumenaleiter.org\/pl\/wp-json\/wp\/v2\/pages\/22449\/revisions"}],"predecessor-version":[{"id":22452,"href":"https:\/\/neocatechumenaleiter.org\/pl\/wp-json\/wp\/v2\/pages\/22449\/revisions\/22452"}],"up":[{"embeddable":true,"href":"https:\/\/neocatechumenaleiter.org\/pl\/wp-json\/wp\/v2\/pages\/16508"}],"wp:attachment":[{"href":"https:\/\/neocatechumenaleiter.org\/pl\/wp-json\/wp\/v2\/media?parent=22449"}],"curies":[{"name":"wp","href":"https:\/\/api.w.org\/{rel}","templated":true}]}}