{"id":22453,"date":"2020-02-29T20:26:35","date_gmt":"2020-02-29T19:26:35","guid":{"rendered":"https:\/\/neocatechumenaleiter.org\/slowa-papiezy\/benedykt-xvi\/audiencja-prywatna-dla-inicjatorow-drogi-neokatechumenalnej-19-xi-2005\/"},"modified":"2021-05-08T08:39:35","modified_gmt":"2021-05-08T07:39:35","slug":"audiencja-prywatna-dla-inicjatorow-drogi-neokatechumenalnej-19-xi-2005","status":"publish","type":"page","link":"https:\/\/neocatechumenaleiter.org\/pl\/slowa-papiezy\/benedykt-xvi\/audiencja-prywatna-dla-inicjatorow-drogi-neokatechumenalnej-19-xi-2005\/","title":{"rendered":"AUDIENCJA PRYWATNA DLA INICJATOR\u00d3W DROGI NEOKATECHUMENALNEJ 19-XI-2005"},"content":{"rendered":"\n<h1 class=\"has-text-align-center wp-block-heading\">AUDIENCJA PRYWATNA DLA INICJATOR\u00d3W DROGI NEOKATECHUMENALNEJ 19-XI-2005<\/h1>\n\n<div style=\"height:20px\" aria-hidden=\"true\" class=\"wp-block-spacer\"><\/div>\n\n<h4 class=\"has-text-align-center wp-block-heading\">BENEDYKT XVI<\/h4>\n\n<div style=\"height:20px\" aria-hidden=\"true\" class=\"wp-block-spacer\"><\/div>\n\n<p><strong>Watykan, 19 listopada 2005 r.<\/strong><\/p>\n\n<p><em>19 listopada 2005 r. Ojciec \u015awi\u0119ty Benedykt XVI po raz pierwszy przyj\u0105\u0142 na prywatnej audiencji inicjator\u00f3w Drogi Neokatechumenalnej.<\/em>&#013;\n&#013;\n<em>Kiko tak opisa\u0142 to spotkanie:<\/em><\/p>\n\n<p>\u00abBy\u0142o to wspania\u0142e spotkanie. Poprosili\u015bmy Papie\u017ca o audiencj\u0119, wiedz\u0105c, \u017ce jest to bardzo trudne, a on nam jej udzieli\u0142. W maju ubieg\u0142ego roku mieli\u015bmy konwiwencj\u0119 z rodzinami i wys\u0142ali\u015bmy dwie\u015bcie rodzin na misje. Zapytali\u015bmy Papie\u017ca Benedykta XVI, czy m\u00f3g\u0142by \u2013 tak jak to uczyni\u0142 Jan Pawe\u0142 II, rozsy\u0142aj\u0105c ponad czterysta rodzin na ca\u0142y \u015bwiat \u2013 wr\u0119czy\u0107 krucyfiks nowym rodzinom i zrobi\u0107 z nimi wsp\u00f3lne zdj\u0119cie, aby mog\u0142y pokaza\u0107, gdziekolwiek pojad\u0105, \u017ce s\u0105 katolikami; bo udadz\u0105 si\u0119 do bardzo trudnych \u015brodowisk w Ameryce i Europie P\u00f3\u0142nocnej. Zostali\u015bmy poinformowani, \u017ce Papie\u017c cieszy si\u0119, \u017ce 12 stycznia wy\u015ble tych dwie\u015bcie rodzin na ca\u0142y \u015bwiat. To jest bardzo wa\u017cne spotkanie! B\u0119dzie to pierwszy raz, kiedy Papie\u017c Benedykt XVI powie s\u0142owo o Drodze Neokatechumenalnej przed ca\u0142ym Ko\u015bcio\u0142em. Oni wszyscy czekaj\u0105.<\/p>\n\n<p>Audiencja prywatna, kt\u00f3r\u0105 mieli\u015bmy 19 listopada by\u0142a bardzo pi\u0119kna. M\u00f3wi\u0142em troch\u0119 o planie ewangelizacji, kt\u00f3ry przedstawili\u015bmy Janowi Paw\u0142owi II, o \u201eimplantatio Ecclesiae\u201d poprzez rodziny w misji, podobnie jak to robi\u0142 \u015bw. Benedykt. Pokaza\u0142em Papie\u017cowi map\u0119, na kt\u00f3rej wida\u0107 27 seminari\u00f3w w Europie, pokaza\u0142em te\u017c, gdzie s\u0105 rodziny w misji\u2026 C\u00f3\u017c, kiedy zosta\u0142o pi\u0119\u0107 minut do ko\u0144ca audiencji, Papie\u017c powiedzia\u0142: \u201eBardzo dobrze, porozmawiajmy teraz o liturgii. Wczoraj rozmawia\u0142em z kardyna\u0142em Arinze i ustalili\u015bmy pewne rzeczy\u201d. Papie\u017c powiedzia\u0142 nam, \u017ce mo\u017cemy robi\u0107 kr\u00f3tkie wprowadzenia do czyta\u0144, echa s\u0142owa &#8211; trzy, cztery, kt\u00f3re oczywi\u015bcie nie zast\u0119puj\u0105 homilii. Znak pokoju pozostaje tam, gdzie go czynimy, a w przypadku komunii pod dwiema postaciami mo\u017cemy nadal praktykowa\u0107 to, co robili\u015bmy do tej pory\u00bb.<\/p>\n\n<div class=\"wp-block-image is-style-default\"><figure class=\"aligncenter size-large\"><img loading=\"lazy\" decoding=\"async\" width=\"614\" height=\"406\" src=\"https:\/\/neocatechumenaleiter.org\/wp-content\/uploads\/2020\/02\/Camino_Neocatecumenal_Benedicto_XVI_Kiko_Carmen_Mario_audiencia.jpg\" alt=\"\" class=\"wp-image-4570\" srcset=\"https:\/\/neocatechumenaleiter.org\/wp-content\/uploads\/2020\/02\/Camino_Neocatecumenal_Benedicto_XVI_Kiko_Carmen_Mario_audiencia.jpg 614w, https:\/\/neocatechumenaleiter.org\/wp-content\/uploads\/2020\/02\/Camino_Neocatecumenal_Benedicto_XVI_Kiko_Carmen_Mario_audiencia-300x198.jpg 300w\" sizes=\"auto, (max-width: 614px) 100vw, 614px\" \/><\/figure><\/div>\n","protected":false},"excerpt":{"rendered":"<p>AUDIENCJA PRYWATNA DLA INICJATOR\u00d3W DROGI NEOKATECHUMENALNEJ 19-XI-2005 BENEDYKT XVI Watykan, 19 listopada 2005 r. 19 listopada 2005 r. Ojciec \u015awi\u0119ty Benedykt XVI po raz pierwszy przyj\u0105\u0142 na prywatnej audiencji inicjator\u00f3w Drogi Neokatechumenalnej.&#013; &#013; Kiko tak opisa\u0142 to spotkanie: \u00abBy\u0142o to wspania\u0142e spotkanie. Poprosili\u015bmy Papie\u017ca o audiencj\u0119, wiedz\u0105c, \u017ce jest to bardzo trudne, a on nam jej udzieli\u0142. W maju ubieg\u0142ego roku mieli\u015bmy konwiwencj\u0119 z rodzinami i wys\u0142ali\u015bmy dwie\u015bcie rodzin na<\/p>\n<div class=\"read-more\"><a class=\"btn read-more-btn\" href=\"https:\/\/neocatechumenaleiter.org\/pl\/slowa-papiezy\/benedykt-xvi\/audiencja-prywatna-dla-inicjatorow-drogi-neokatechumenalnej-19-xi-2005\/\">Czytaj dalej<\/a><\/div>\n","protected":false},"author":2,"featured_media":0,"parent":16508,"menu_order":0,"comment_status":"closed","ping_status":"closed","template":"","meta":{"footnotes":""},"class_list":["post-22453","page","type-page","status-publish","hentry"],"_links":{"self":[{"href":"https:\/\/neocatechumenaleiter.org\/pl\/wp-json\/wp\/v2\/pages\/22453","targetHints":{"allow":["GET"]}}],"collection":[{"href":"https:\/\/neocatechumenaleiter.org\/pl\/wp-json\/wp\/v2\/pages"}],"about":[{"href":"https:\/\/neocatechumenaleiter.org\/pl\/wp-json\/wp\/v2\/types\/page"}],"author":[{"embeddable":true,"href":"https:\/\/neocatechumenaleiter.org\/pl\/wp-json\/wp\/v2\/users\/2"}],"replies":[{"embeddable":true,"href":"https:\/\/neocatechumenaleiter.org\/pl\/wp-json\/wp\/v2\/comments?post=22453"}],"version-history":[{"count":9,"href":"https:\/\/neocatechumenaleiter.org\/pl\/wp-json\/wp\/v2\/pages\/22453\/revisions"}],"predecessor-version":[{"id":22466,"href":"https:\/\/neocatechumenaleiter.org\/pl\/wp-json\/wp\/v2\/pages\/22453\/revisions\/22466"}],"up":[{"embeddable":true,"href":"https:\/\/neocatechumenaleiter.org\/pl\/wp-json\/wp\/v2\/pages\/16508"}],"wp:attachment":[{"href":"https:\/\/neocatechumenaleiter.org\/pl\/wp-json\/wp\/v2\/media?parent=22453"}],"curies":[{"name":"wp","href":"https:\/\/api.w.org\/{rel}","templated":true}]}}