{"id":22457,"date":"2020-02-29T20:41:22","date_gmt":"2020-02-29T19:41:22","guid":{"rendered":"https:\/\/neocatechumenaleiter.org\/slowa-papiezy\/benedykt-xvi\/konwiwencja-biskupow-z-azji-i-australii-w-domus-galilaeae-18-xi-2006\/"},"modified":"2021-05-07T09:50:42","modified_gmt":"2021-05-07T08:50:42","slug":"konwiwencja-biskupow-z-azji-i-australii-w-domus-galilaeae-18-xi-2006","status":"publish","type":"page","link":"https:\/\/neocatechumenaleiter.org\/pl\/slowa-papiezy\/benedykt-xvi\/konwiwencja-biskupow-z-azji-i-australii-w-domus-galilaeae-18-xi-2006\/","title":{"rendered":"KONWIWENCJA BISKUP\u00d3W Z AZJI I AUSTRALII W DOMUS GALILAEAE 18-XI-2006"},"content":{"rendered":"\n<h1 class=\"has-text-align-center wp-block-heading\">KONWIWENCJA BISKUP\u00d3W Z AZJI I AUSTRALII W DOMUS GALILAEAE 18-XI-2006<\/h1>\n\n<div style=\"height:20px\" aria-hidden=\"true\" class=\"wp-block-spacer\"><\/div>\n\n<h4 class=\"has-text-align-center wp-block-heading\">BENEDYKT XVI<\/h4>\n\n<div style=\"height:20px\" aria-hidden=\"true\" class=\"wp-block-spacer\"><\/div>\n\n<p><strong>Domus Galilaeae, 18-24 listopada 2006 r.<\/strong><\/p>\n\n<p><em>W dniach od 18 do 26 listopada 2006 roku 126 biskup\u00f3w z Azji (i kilku z Australii), w tym 65 z Indii, spotka\u0142o si\u0119 z kardyna\u0142em Telesphore Toppo, arcybiskupem Ranchi i przewodnicz\u0105cym Konferencji Episkopatu Indii. W swoim pozdrowieniu na zako\u0144czenie spotkania Kardyna\u0142 mia\u0142 kilka szczeg\u00f3lnie znacz\u0105cych s\u0142\u00f3w na temat pracy Drogi Neokatechumenalnej. Oto dwa kr\u00f3tkie akapity:<\/em><\/p>\n\n<p>\u00ab&#8230;W odniesieniu do Drogi Neokatechumenalnej podstawow\u0105 rzecz\u0105 jest to, czym \u017cyli\u015bmy w tych dniach i do\u015bwiadczenie nawiedzenia miejsc \u015bwi\u0119tych. Nie wiedzia\u0142em, \u017ce trzej biskupi Rzymu &#8211; Pawe\u0142 VI, Jan Pawe\u0142 II i obecny papie\u017c &#8211; byli tak bardzo zaanga\u017cowani w Drog\u0119 Neokatechumenaln\u0105\u2026&#013;\nMia\u0142bym wiele rzeczy do powiedzenia: to nie jest dzie\u0142o Kiko, to nie jest dzie\u0142o Carmen czy nas, kt\u00f3rzy zostali\u015bmy wybrani i przyprowadzeni tutaj &#8211; oni z pewno\u015bci\u0105 s\u0105 naczyniami wybranymi, wierzycie w to, prawda? &#8211; ale to jest dzie\u0142o samego Boga dla Ko\u015bcio\u0142a, poniewa\u017c On kocha Ko\u015bci\u00f3\u0142. Przez wieki wzbudza On ludzi, tak jak czyni\u0142 to w przesz\u0142o\u015bci, tak czyni i dzisiaj. To jest naprawd\u0119 dzie\u0142o Bo\u017ce&#8230;<\/p>\n\n<p>Chocia\u017c po raz pierwszy zetkn\u0105\u0142em si\u0119 z Drog\u0105 Neokatechumenaln\u0105, m\u00f3wi\u0119, \u017ce ta droga jest potrzeb\u0105 chwili i je\u015bli nie potraktujemy jej powa\u017cnie, nie b\u0119dziemy mogli ewangelizowa\u0107 ad gentes i stracimy tak\u017ce tych, kt\u00f3rych nazywamy ochrzczonymi chrze\u015bcijanami. Dlatego, je\u015bli jeste\u015bmy prawdziwymi chrze\u015bcijanami, musimy by\u0107 ewangelizowani, je\u015bli chcemy ewangelizowa\u0107 innych.&#013;\nMusz\u0119 powiedzie\u0107 co\u015b jeszcze: to nie mo\u017ce by\u0107 dzie\u0142o tych \u015bwieckich, tych w\u0119drownych czy innych: to jest dzie\u0142o Ko\u015bcio\u0142a. Ci w\u0119drowni, ci misjonarze potrzebuj\u0105 pos\u0142ugi Ko\u015bcio\u0142a: to jest praca Cia\u0142a Chrystusa. I musimy by\u0107 razem i pracowa\u0107 razem. Nie mo\u017cemy pomin\u0105\u0107 \u015bwieckich i pozostawi\u0107 ich samym sobie, aby ewangelizowali: je\u015bli Pan wzbudza gorliwych \u015bwieckich, biskupi i kap\u0142ani musz\u0105 by\u0107 ca\u0142kowicie z nimi, ca\u0142y Ko\u015bci\u00f3\u0142. Ko\u015bci\u00f3\u0142 jest z natury misyjny: Ko\u015bci\u00f3\u0142 musi ewangelizowa\u0107, Ko\u015bci\u00f3\u0142 musi g\u0142osi\u0107 Jezusa, inaczej nie jeste\u015bmy Ko\u015bcio\u0142em. Z tego powodu jestem naprawd\u0119 szcz\u0119\u015bliwy\u00bb.<\/p>\n\n<p>Publikujemy telegram, kt\u00f3ry Ojciec \u015awi\u0119ty skierowa\u0142 do kardyna\u0142\u00f3w, biskup\u00f3w i wszystkich uczestnik\u00f3w konwiwencji:<\/p>\n\n<p>\u00abZ okazji spotkania biskup\u00f3w, prezbiter\u00f3w i wiernych \u015bwieckich z Azji i Australii, po\u015bwi\u0119conego refleksji nad wyzwaniami i pilnymi potrzebami misyjnymi, Papie\u017c kieruje do uczestnik\u00f3w pozdrowienie z najlepszymi \u017cyczeniami i \u017cycz\u0105c, aby ta opatrzno\u015bciowa inicjatywa by\u0142a momentem komunii, refleksji i komunii wiary, budz\u0105c odnowione zaanga\u017cowanie w g\u0142oszenie Chrystusa \u015bwiadectwem w\u0142asnego \u017cycia, prosi o  wielkie wylanie \u0142ask i przesy\u0142a B\u0142ogos\u0142awie\u0144stwo Apostolskie.\u00bb.<\/p>\n\n<p><em>Kardyna\u0142 Tarcisio Bertone<\/em>&#013;\n&#013;\n<em>Sekretarz Stanu Jego \u015awi\u0105tobliwo\u015bci Benedykta XVI<\/em><\/p>\n","protected":false},"excerpt":{"rendered":"<p>KONWIWENCJA BISKUP\u00d3W Z AZJI I AUSTRALII W DOMUS GALILAEAE 18-XI-2006 BENEDYKT XVI Domus Galilaeae, 18-24 listopada 2006 r. W dniach od 18 do 26 listopada 2006 roku 126 biskup\u00f3w z Azji (i kilku z Australii), w tym 65 z Indii, spotka\u0142o si\u0119 z kardyna\u0142em Telesphore Toppo, arcybiskupem Ranchi i przewodnicz\u0105cym Konferencji Episkopatu Indii. W swoim pozdrowieniu na zako\u0144czenie spotkania Kardyna\u0142 mia\u0142 kilka szczeg\u00f3lnie znacz\u0105cych s\u0142\u00f3w na temat pracy Drogi Neokatechumenalnej.<\/p>\n<div class=\"read-more\"><a class=\"btn read-more-btn\" href=\"https:\/\/neocatechumenaleiter.org\/pl\/slowa-papiezy\/benedykt-xvi\/konwiwencja-biskupow-z-azji-i-australii-w-domus-galilaeae-18-xi-2006\/\">Czytaj dalej<\/a><\/div>\n","protected":false},"author":2,"featured_media":0,"parent":16508,"menu_order":3,"comment_status":"closed","ping_status":"closed","template":"","meta":{"footnotes":""},"class_list":["post-22457","page","type-page","status-publish","hentry"],"_links":{"self":[{"href":"https:\/\/neocatechumenaleiter.org\/pl\/wp-json\/wp\/v2\/pages\/22457","targetHints":{"allow":["GET"]}}],"collection":[{"href":"https:\/\/neocatechumenaleiter.org\/pl\/wp-json\/wp\/v2\/pages"}],"about":[{"href":"https:\/\/neocatechumenaleiter.org\/pl\/wp-json\/wp\/v2\/types\/page"}],"author":[{"embeddable":true,"href":"https:\/\/neocatechumenaleiter.org\/pl\/wp-json\/wp\/v2\/users\/2"}],"replies":[{"embeddable":true,"href":"https:\/\/neocatechumenaleiter.org\/pl\/wp-json\/wp\/v2\/comments?post=22457"}],"version-history":[{"count":3,"href":"https:\/\/neocatechumenaleiter.org\/pl\/wp-json\/wp\/v2\/pages\/22457\/revisions"}],"predecessor-version":[{"id":22460,"href":"https:\/\/neocatechumenaleiter.org\/pl\/wp-json\/wp\/v2\/pages\/22457\/revisions\/22460"}],"up":[{"embeddable":true,"href":"https:\/\/neocatechumenaleiter.org\/pl\/wp-json\/wp\/v2\/pages\/16508"}],"wp:attachment":[{"href":"https:\/\/neocatechumenaleiter.org\/pl\/wp-json\/wp\/v2\/media?parent=22457"}],"curies":[{"name":"wp","href":"https:\/\/api.w.org\/{rel}","templated":true}]}}