{"id":22467,"date":"2020-03-04T03:52:24","date_gmt":"2020-03-04T02:52:24","guid":{"rendered":"https:\/\/neocatechumenaleiter.org\/slowa-papiezy\/sw-jan-pawel-ii\/list-do-kardynala-jamesa-francisa-stafforda-przewodniczacego-papieskiej-rady-ds-swieckich-w-sprawie-opracowania-statutu-5-iv-2001\/"},"modified":"2021-05-08T10:06:46","modified_gmt":"2021-05-08T09:06:46","slug":"list-do-kardynala-jamesa-francisa-stafforda-przewodniczacego-papieskiej-rady-ds-swieckich-w-sprawie-opracowania-statutu-5-iv-2001","status":"publish","type":"page","link":"https:\/\/neocatechumenaleiter.org\/pl\/slowa-papiezy\/sw-jan-pawel-ii\/list-do-kardynala-jamesa-francisa-stafforda-przewodniczacego-papieskiej-rady-ds-swieckich-w-sprawie-opracowania-statutu-5-iv-2001\/","title":{"rendered":"LIST DO KARDYNA\u0141A JAMESA FRANCISA STAFFORDA, PRZEWODNICZ\u0104CEGO PAPIESKIEJ RADY DS. \u015aWIECKICH W SPRAWIE OPRACOWANIA STATUTU 5-IV-2001"},"content":{"rendered":"\n<h1 class=\"has-text-align-center wp-block-heading\">LIST DO KARDYNA\u0141A JAMESA FRANCISA STAFFORDA, PRZEWODNICZ\u0104CEGO PAPIESKIEJ RADY DS. \u015aWIECKICH W SPRAWIE OPRACOWANIA STATUTU 5-IV-2001<\/h1>\n\n<div style=\"height:20px\" aria-hidden=\"true\" class=\"wp-block-spacer\"><\/div>\n\n<h4 class=\"has-text-align-center wp-block-heading\">\u015aw. Jan Pawe\u0142 II<\/h4>\n\n<div style=\"height:20px\" aria-hidden=\"true\" class=\"wp-block-spacer\"><\/div>\n\n<p><strong>Watykan, 5 kwietnia 2001 r.<\/strong><\/p>\n\n<p><em>Jan Pawe\u0142 II przes\u0142a\u0142 wiadomo\u015b\u0107 Kardyna\u0142owi Jamesowi Francisowi Staffordowi, przewodnicz\u0105cemu Papieskiej Rady ds. \u015awieckich, przes\u0142anie, w kt\u00f3rym potwierdza kompetencje Dykasterii w zatwierdzaniu statut\u00f3w Drogi Neokatechumenalnej, &#8222;gdy zostan\u0105 one nale\u017cycie zredagowane&#8221; i poleca mu &#8222;by tak\u017ce w przysz\u0142o\u015bci towarzyszy\u0107 Drodze&#8221;.<\/em><\/p>\n\n<p><em>Tekst przes\u0142ania Jana Paw\u0142a II:<\/em> \u00ab&#013;\n&#013;\nDo Czcigodnego Brata Kard. Jamesa Francisa Stafforda, Przewodnicz\u0105cego Papieskiej Rady ds. \u015awieckich,<\/p>\n\n<p>1.&#013;\n&#013;\nMin\u0119\u0142y ju\u017c cztery lata od pami\u0119tnego dnia 24 stycznia 1997 r., kiedy to dane mi by\u0142o spotka\u0107 si\u0119 z inicjatorami Drogi Neokatechumenalnej oraz z licznymi odpowiedzialnymi wsp\u00f3lnot Drogi, kt\u00f3re s\u0105 rozsiane po ca\u0142ym \u015bwiecie. Przy tamtej okazji, jednocz\u0105c si\u0119 z ich modlitw\u0105 uwielbienia i dzi\u0119kczynienia Bogu za cenne owoce, jakie Droga wyda\u0142a w ci\u0105gu trzydziestu lat istnienia, podkre\u015bli\u0142em te\u017c, jak wa\u017cne jest spe\u0142nienie przez ni\u0105 pewnych niezb\u0119dnych warunk\u00f3w, od kt\u00f3rych zale\u017cy samo jej istnienie. Jednym z nich jest zredagowanie \u015bcis\u0142ych norm statutowych, co pozwoli jej uzyska\u0107 zatwierdzenie formalno-prawne (<em>por. \u00abL&#8217;Osservatore Romano\u00bb, wyd. polskie, n. 3\/1997, s. 29-30<\/em>). Rozpocz\u0105\u0142 si\u0119 w\u00f3wczas nowy etap, decyduj\u0105cy dla przysz\u0142o\u015bci tej ko\u015bcielnej rzeczywisto\u015bci.<\/p>\n\n<p>2.&#013;\n&#013;\nJu\u017c w adhortacji apostolskiej\u00a0<em>Christifideles laici\u00a0<\/em>(30 grudnia 1988) przypomina\u0142em, \u017ce \u00ab\u017caden charyzmat nie zwalnia z obowi\u0105zku zachowywania \u0142\u0105czno\u015bci i pos\u0142usze\u0144stwa wobec Pasterzy Ko\u015bcio\u0142a\u00bb (<em>n. 24<\/em>), i odsy\u0142a\u0142em do odno\u015bnego fragmentu konstytucji dogmatycznej\u00a0Lumen gentium, gdzie czytamy: \u00abs\u0105d o ich [<em>charyzmat\u00f3w<\/em>] autentyczno\u015bci i o w\u0142a\u015bciwym wprowadzaniu ich w czyn nale\u017cy do tych, kt\u00f3rzy s\u0105 w Ko\u015bciele prze\u0142o\u017conymi i kt\u00f3rzy s\u0105 szczeg\u00f3lnie powo\u0142ani, by nie gasi\u0107 Ducha, lecz by wszystko bada\u0107 i zachowywa\u0107 to, co dobre (<em>por. 1 Tes 5,12.19-21<\/em>)\u00bb (<em>n. 12<\/em>). Pod tym bowiem warunkiem charyzmaty, w ca\u0142ej swojej r\u00f3\u017cnorodno\u015bci i komplementarno\u015bci, mog\u0105 wsp\u00f3\u0142dzia\u0142a\u0107 dla wsp\u00f3lnego dobra (<em>por.\u00a0Christifideles laici, 24<\/em>).&#013;\n&#013;\nProces rozeznawania i przyjmowania charyzmat\u00f3w nie jest zatem \u0142atwy. Wymaga wnikliwego rozwa\u017cenia woli Bo\u017cej i winien by\u0107 wspomagany nieustann\u0105 modlitw\u0105, aby serca z uleg\u0142o\u015bci\u0105 otwiera\u0142y si\u0119 na g\u0142os Ducha we wsp\u00f3lnocie ko\u015bcielnej. Zwie\u0144czeniem tego procesu jest oficjalny akt uznania i zatwierdzenia statutu jako jasnej i pewnej regu\u0142y \u017cycia, przyjmowany zawsze przez wsp\u00f3lnoty ko\u015bcielne, kt\u00f3rych akt ten dotyczy, z wielk\u0105 rado\u015bci\u0105 i g\u0142\u0119bok\u0105 wdzi\u0119czno\u015bci\u0105 wobec Boga i Ko\u015bcio\u0142a. Stanowi on bowiem punkt wyj\u015bcia dla nowego etapu i widzialny znak dojrza\u0142ej to\u017csamo\u015bci ko\u015bcielnej (<em>por.\u00a0Christifideles laici, 30<\/em>).<\/p>\n\n<p>3. Wiem, z jak wielk\u0105 gorliwo\u015bci\u0105 i duszpastersk\u0105 trosk\u0105 Papieska Rada ds. \u015awieckich stara\u0142a si\u0119 i nadal stara towarzyszy\u0107 Drodze Neokatechumenalnej na tym decyduj\u0105cym etapie jej \u017cycia, gdy opracowuje ona sw\u00f3j statut. Ksi\u0119\u017ce Kardynale, powierzy\u0142em to delikatne zadanie Papieskiej Radzie ds. \u015awieckich ze wzgl\u0119du na kompetencje przys\u0142uguj\u0105ce jej w \u015bwietle obowi\u0105zuj\u0105cego prawa kanonicznego, a tak\u017ce ze wzgl\u0119du na jej szczeg\u00f3lne do\u015bwiadczenie w tej materii. To w\u0142a\u015bnie stanowi podstaw\u0119 nadziei na pomy\u015blny przebieg procesu, znajduj\u0105cego si\u0119 ju\u017c w fazie ko\u0144cowej.&#013;\nKieruj\u0119 do Papieskiej Rady ds. \u015awieckich s\u0142owa szczerego uznania i wdzi\u0119czno\u015bci za powag\u0119 i rzetelno\u015b\u0107, z jak\u0105 wype\u0142nia przydzielone jej zadanie, a jednocze\u015bnie potwierdzam, \u017ce do jej kompetencji nale\u017cy wyra\u017cenie aprobaty dla wspominanych wy\u017cej statut\u00f3w, gdy zostan\u0105 one odpowiednio zredagowane, i polecam, by tak\u017ce w przysz\u0142o\u015bci towarzyszy\u0107 Drodze. Jestem pewien, \u017ce wykonuj\u0105c to zalecenie, Papieska Rada ds. \u015awieckich b\u0119dzie mog\u0142a liczy\u0107 na wsp\u00f3\u0142prac\u0119 i postaw\u0119 synowskiej uleg\u0142o\u015bci ze strony cz\u0142onk\u00f3w Drogi.&#013;\nZawierzaj\u0105c Bogu \u2013 przez wstawiennictwo Maryi Matki Ko\u015bcio\u0142a \u2013 dzia\u0142alno\u015b\u0107 dykasterii, kt\u00f3rej Ksi\u0105dz Kardyna\u0142 przewodniczy, z ca\u0142ego serca udzielam Tobie, czcigodny Bracie, oraz Twoim wsp\u00f3\u0142pracownikom i wsp\u00f3\u0142pracowniczkom mego b\u0142ogos\u0142awie\u0144stwa\u00bb.<\/p>\n","protected":false},"excerpt":{"rendered":"<p>LIST DO KARDYNA\u0141A JAMESA FRANCISA STAFFORDA, PRZEWODNICZ\u0104CEGO PAPIESKIEJ RADY DS. \u015aWIECKICH W SPRAWIE OPRACOWANIA STATUTU 5-IV-2001 \u015aw. Jan Pawe\u0142 II Watykan, 5 kwietnia 2001 r. Jan Pawe\u0142 II przes\u0142a\u0142 wiadomo\u015b\u0107 Kardyna\u0142owi Jamesowi Francisowi Staffordowi, przewodnicz\u0105cemu Papieskiej Rady ds. \u015awieckich, przes\u0142anie, w kt\u00f3rym potwierdza kompetencje Dykasterii w zatwierdzaniu statut\u00f3w Drogi Neokatechumenalnej, &#8222;gdy zostan\u0105 one nale\u017cycie zredagowane&#8221; i poleca mu &#8222;by tak\u017ce w przysz\u0142o\u015bci towarzyszy\u0107 Drodze&#8221;. Tekst przes\u0142ania Jana Paw\u0142a II: \u00ab&#013;<\/p>\n<div class=\"read-more\"><a class=\"btn read-more-btn\" href=\"https:\/\/neocatechumenaleiter.org\/pl\/slowa-papiezy\/sw-jan-pawel-ii\/list-do-kardynala-jamesa-francisa-stafforda-przewodniczacego-papieskiej-rady-ds-swieckich-w-sprawie-opracowania-statutu-5-iv-2001\/\">Czytaj dalej<\/a><\/div>\n","protected":false},"author":2,"featured_media":0,"parent":16496,"menu_order":97,"comment_status":"closed","ping_status":"closed","template":"","meta":{"footnotes":""},"class_list":["post-22467","page","type-page","status-publish","hentry"],"_links":{"self":[{"href":"https:\/\/neocatechumenaleiter.org\/pl\/wp-json\/wp\/v2\/pages\/22467","targetHints":{"allow":["GET"]}}],"collection":[{"href":"https:\/\/neocatechumenaleiter.org\/pl\/wp-json\/wp\/v2\/pages"}],"about":[{"href":"https:\/\/neocatechumenaleiter.org\/pl\/wp-json\/wp\/v2\/types\/page"}],"author":[{"embeddable":true,"href":"https:\/\/neocatechumenaleiter.org\/pl\/wp-json\/wp\/v2\/users\/2"}],"replies":[{"embeddable":true,"href":"https:\/\/neocatechumenaleiter.org\/pl\/wp-json\/wp\/v2\/comments?post=22467"}],"version-history":[{"count":3,"href":"https:\/\/neocatechumenaleiter.org\/pl\/wp-json\/wp\/v2\/pages\/22467\/revisions"}],"predecessor-version":[{"id":22470,"href":"https:\/\/neocatechumenaleiter.org\/pl\/wp-json\/wp\/v2\/pages\/22467\/revisions\/22470"}],"up":[{"embeddable":true,"href":"https:\/\/neocatechumenaleiter.org\/pl\/wp-json\/wp\/v2\/pages\/16496"}],"wp:attachment":[{"href":"https:\/\/neocatechumenaleiter.org\/pl\/wp-json\/wp\/v2\/media?parent=22467"}],"curies":[{"name":"wp","href":"https:\/\/api.w.org\/{rel}","templated":true}]}}