{"id":22471,"date":"2020-02-29T21:29:44","date_gmt":"2020-02-29T20:29:44","guid":{"rendered":"https:\/\/neocatechumenaleiter.org\/slowa-papiezy\/benedykt-xvi\/audiencja-z-okazji-wyslania-rodzin-na-missio-ad-gentes-20-i-2012\/"},"modified":"2021-05-10T07:35:56","modified_gmt":"2021-05-10T06:35:56","slug":"audiencja-z-okazji-wyslania-rodzin-na-missio-ad-gentes-20-i-2012","status":"publish","type":"page","link":"https:\/\/neocatechumenaleiter.org\/pl\/slowa-papiezy\/benedykt-xvi\/audiencja-z-okazji-wyslania-rodzin-na-missio-ad-gentes-20-i-2012\/","title":{"rendered":"AUDIENCJA Z OKAZJI WYS\u0141ANIA RODZIN NA \u201eMISSIO AD GENTES\u201d 20-I-2012"},"content":{"rendered":"\n<h1 class=\"has-text-align-center wp-block-heading\">AUDIENCJA Z OKAZJI WYS\u0141ANIA RODZIN NA \u201eMISSIO AD GENTES\u201d 20-I-2012<\/h1>\n\n<div style=\"height:20px\" aria-hidden=\"true\" class=\"wp-block-spacer\"><\/div>\n\n<h4 class=\"has-text-align-center wp-block-heading\">BENEDYKT XVI<\/h4>\n\n<div style=\"height:20px\" aria-hidden=\"true\" class=\"wp-block-spacer\"><\/div>\n\n<p><strong>Watykan &#8211; Aula Paw\u0142a VI, 20 stycznia 2012 r.*<\/strong><\/p>\n\n<p><em>20 stycznia 2012 r., z okazji opublikowania &#8222;Dekretu&#8221;, kt\u00f3rym zatwierdza si\u0119 celebracje obecne w Dyrektorium katechetycznym o Drodze Neokatechumenalnej, Ojciec \u015awi\u0119ty Benedykt XVI skierowa\u0142 do obecnych nast\u0119puj\u0105ce przem\u00f3wienie. Na tym wa\u017cnym akcie, kt\u00f3ry ko\u0144czy proces zatwierdzenia Drogi Neokatechumenalnej (2008: Statut; 2010: Dekret zatwierdzaj\u0105cy Dyrektorium katechetyczne Drogi Neokatechumenalnej; 2012: Dekret zatwierdzaj\u0105cy celebracje, kt\u00f3re towarzysz\u0105 r\u00f3\u017cnym etapom drogi wtajemniczenia chrze\u015bcija\u0144skiego.), obecni byli inicjatorzy: Kiko, Carmen i o. Mario, wszyscy w\u0119drowcy z ca\u0142ego \u015bwiata, rodziny w misji, &#8222;Missio ad gentes&#8221; ju\u017c wys\u0142ane i 15 nowych &#8222;Missio ad gentes&#8221;, kt\u00f3re papie\u017c wys\u0142a\u0142 z tej okazji. Obecni byli tak\u017ce liderzy wsp\u00f3lnot, kt\u00f3re zako\u0144czy\u0142y itinerarium neokatechumenalne, prezbiterzy &#8222;Redemptoris Mater&#8221; z Europy, seminarzy\u015bci, katechi\u015bci i &#8222;Communitates in missionem&#8221; z Rzymu.<\/em><\/p>\n\n<p>\u00abDrodzy bracia i siostry, r\u00f3wnie\u017c w tym roku mam rado\u015b\u0107, \u017ce mog\u0119 si\u0119 z wami spotka\u0107 i dzieli\u0107 z wami ten moment wys\u0142ania na misje. Szczeg\u00f3lne pozdrowienie dla Kiko Arg\u00fcello, Carmen Hern\u00e1ndez i Don Mario Pezzi oraz serdeczne pozdrowienie dla was wszystkich: kap\u0142an\u00f3w, seminarzyst\u00f3w, rodzin, formator\u00f3w i cz\u0142onk\u00f3w Drogi Neokatechumenalnej. Wasza dzisiejsza obecno\u015b\u0107 jest widzialnym \u015bwiadectwem waszego radosnego zaanga\u017cowania, by \u017cy\u0107 wiar\u0105, w komunii z ca\u0142ym Ko\u015bcio\u0142em i z Nast\u0119pc\u0105 Piotra, i by by\u0107 odwa\u017cnymi g\u0142osicielami Ewangelii.<\/p>\n\n<div class=\"wp-block-image is-style-default\"><figure class=\"alignright size-large\"><img loading=\"lazy\" decoding=\"async\" width=\"400\" height=\"267\" src=\"https:\/\/neocatechumenaleiter.org\/wp-content\/uploads\/2020\/02\/Camino_Neocatecumenal_Benedicto_XVI_envio_misiones_ad_gentes_2012.jpg\" alt=\"\" class=\"wp-image-4711\" srcset=\"https:\/\/neocatechumenaleiter.org\/wp-content\/uploads\/2020\/02\/Camino_Neocatecumenal_Benedicto_XVI_envio_misiones_ad_gentes_2012.jpg 400w, https:\/\/neocatechumenaleiter.org\/wp-content\/uploads\/2020\/02\/Camino_Neocatecumenal_Benedicto_XVI_envio_misiones_ad_gentes_2012-300x200.jpg 300w\" sizes=\"auto, (max-width: 400px) 100vw, 400px\" \/><\/figure><\/div>\n\n<p>W wys\u0142uchanym przed chwil\u0105 fragmencie Ewangelii \u015bw. Mateusza aposto\u0142owie otrzymuj\u0105 od Jezusa precyzyjny nakaz: &#8222;Id\u017acie wi\u0119c i czy\u0144cie uczniami wszystkie narody&#8221; (<em>Mt 28, 19<\/em>). Pocz\u0105tkowo w\u0105tpili, w ich sercach by\u0142a jeszcze niepewno\u015b\u0107, zdumienie wobec wydarzenia Zmartwychwstania. I to w\u0142a\u015bnie sam Jezus Zmartwychwsta\u0142y &#8211; podkre\u015bla Ewangelista &#8211; zbli\u017ca si\u0119 do nich, daje odczu\u0107 swoj\u0105 obecno\u015b\u0107, wysy\u0142a ich, aby nauczali wszystkiego, co im przekaza\u0142, daj\u0105c im pewno\u015b\u0107, kt\u00f3ra towarzyszy ka\u017cdemu zwiastunowi Chrystusa: &#8222;A oto Ja jestem z wami przez wszystkie dni, a\u017c do sko\u0144czenia \u015bwiata&#8221; (Mt 28, 20). To s\u0105 s\u0142owa, kt\u00f3re mocno rezonuj\u0105 w waszych sercach. Wy\u015bpiewali\u015bcie Resurrexit, kt\u00f3re wyra\u017ca wiar\u0119 w \u017byj\u0105cego, w Tego, kt\u00f3ry w najwy\u017cszym akcie mi\u0142o\u015bci zwyci\u0119\u017cy\u0142 grzech i \u015bmier\u0107 i daje cz\u0142owiekowi, nam, ciep\u0142o Bo\u017cej mi\u0142o\u015bci, nadziej\u0119 zbawienia, przysz\u0142o\u015b\u0107 wieczn\u0105. W tych dziesi\u0119cioleciach \u017cycia Drogi jednym z waszych mocnych zobowi\u0105za\u0144 by\u0142o g\u0142oszenie Chrystusa Zmartwychwsta\u0142ego, odpowiadanie na Jego s\u0142owa z wielkoduszno\u015bci\u0105, cz\u0119sto porzucaj\u0105c zabezpieczenia osobiste i materialne, opuszczaj\u0105c nawet w\u0142asne kraje, stawiaj\u0105c czo\u0142a sytuacjom nowym i nie zawsze \u0142atwym. Niesienie Chrystusa m\u0119\u017cczyznom i kobietom oraz niesienie m\u0119\u017cczyzn i kobiet do Chrystusa: to jest to, co o\u017cywia ka\u017cde dzie\u0142o ewangelizacji. Prowadzicie j\u0105 w taki spos\u00f3b, aby pom\u00f3c tym, kt\u00f3rzy ju\u017c przyj\u0119li chrzest, odkry\u0107 na nowo pi\u0119kno \u017cycia wiary, rado\u015b\u0107 bycia chrze\u015bcijanami. P\u00f3j\u015bcie za Chrystusem&#8221; wymaga osobistej przygody szukania Go, p\u00f3j\u015bcia z Nim, ale tak\u017ce zawsze wymaga wyj\u015bcia z zamkni\u0119cia w sobie, zerwania z indywidualizmem, kt\u00f3ry cz\u0119sto charakteryzuje spo\u0142ecze\u0144stwo naszych czas\u00f3w, aby zast\u0105pi\u0107 egoizm wsp\u00f3lnot\u0105 nowego cz\u0142owieka w Jezusie Chrystusie. A dzieje si\u0119 to w g\u0142\u0119bokiej, osobistej relacji z Nim, w s\u0142uchaniu Jego s\u0142owa, w pod\u0105\u017caniu drog\u0105, kt\u00f3r\u0105 nam wskaza\u0142, ale dzieje si\u0119 to r\u00f3wnie\u017c nierozerwalnie w wierze w Jego Ko\u015bci\u00f3\u0142, w \u015bwi\u0119tych, w kt\u00f3rych wci\u0105\u017c na nowo objawia si\u0119 prawdziwe oblicze Oblubienicy Chrystusa.<\/p>\n\n<p>Wiemy, \u017ce jest to zobowi\u0105zanie, kt\u00f3re nie zawsze jest \u0142atwe. Czasami jeste\u015bcie obecni w miejscach, gdzie istnieje potrzeba pierwszego g\u0142oszenia Ewangelii, missio ad gentes; cz\u0119sto natomiast w miejscach, kt\u00f3re, cho\u0107 pozna\u0142y Chrystusa, sta\u0142y si\u0119 oboj\u0119tne wobec wiary: sekularyzm za\u0107mi\u0142 poczucie Boga i zaciemni\u0142 warto\u015bci chrze\u015bcija\u0144skie. Tutaj wasze zaanga\u017cowanie i wasze \u015bwiadectwo mo\u017ce by\u0107 jak dro\u017cd\u017ce, kt\u00f3re z cierpliwo\u015bci\u0105, respektuj\u0105c czas, z sensus Ecclesiae, sprawiaj\u0105, \u017ce ca\u0142a masa ro\u015bnie. Ko\u015bci\u00f3\u0142 rozpozna\u0142 w Drodze szczeg\u00f3lny dar, jaki Duch \u015awi\u0119ty ofiarowa\u0142 naszym czasom, a zatwierdzenie Statut\u00f3w i &#8222;Dyrektorium katechetycznego&#8221; jest tego znakiem. Zach\u0119cam Was do ofiarowania swojego oryginalnego wk\u0142adu w spraw\u0119 Ewangelii. W waszej cennej pracy starajcie si\u0119 zawsze o g\u0142\u0119bok\u0105 komuni\u0119 ze Stolic\u0105 Apostolsk\u0105 i z pasterzami Ko\u015bcio\u0142\u00f3w partykularnych, w kt\u00f3rych jeste\u015bcie umieszczeni: jedno\u015b\u0107 i harmonia Cia\u0142a ko\u015bcielnego s\u0105 wa\u017cnym \u015bwiadectwem o Chrystusie i Jego Ewangelii w \u015bwiecie, w kt\u00f3rym \u017cyjemy. Drogie rodziny, Ko\u015bci\u00f3\u0142 wam dzi\u0119kuje, potrzebuje was dla nowej ewangelizacji. Rodzina jest wa\u017cn\u0105 kom\u00f3rk\u0105 wsp\u00f3lnoty ko\u015bcielnej, w kt\u00f3rej formujemy si\u0119 do \u017cycia ludzkiego i chrze\u015bcija\u0144skiego. Z wielk\u0105 rado\u015bci\u0105 widz\u0119 wasze dzieci, tak wiele dzieci, kt\u00f3re patrz\u0105 na was, drodzy rodzice, na wasz przyk\u0142ad. Oko\u0142o stu rodzin wyje\u017cd\u017ca do 12 Misji ad gentes. Zach\u0119cam was, aby\u015bcie si\u0119 nie bali: ten, kto niesie Ewangeli\u0119, nigdy nie jest sam. Pozdrawiam serdecznie kap\u0142an\u00f3w i seminarzyst\u00f3w: kochaj\u0105 Chrystusa i Ko\u015bci\u00f3\u0142, przekazuj\u0105 rado\u015b\u0107 z tego, \u017ce Go spotkali i pi\u0119kno tego, \u017ce oddali Mu wszystko. Pozdrawiam r\u00f3wnie\u017c w\u0119drowc\u00f3w, prze\u0142o\u017conych i wszystkie wsp\u00f3lnoty Drogi. B\u0105d\u017acie nadal hojni wobec Pana: On nie pozwoli, aby zabrak\u0142o wam Jego pociechy!<\/p>\n\n<p>Przed chwil\u0105 zosta\u0142 wam odczytany Dekret, na mocy kt\u00f3rego zosta\u0142y zatwierdzone celebracje obecne w &#8222;Dyrektorium katechetycznym Drogi Neokatechumenalnej&#8221;, kt\u00f3re nie s\u0105 \u015bci\u015ble liturgiczne, ale nale\u017c\u0105 do itinerarium wzrostu w wierze. Jest to kolejny element, kt\u00f3ry pokazuje, jak Ko\u015bci\u00f3\u0142 towarzyszy wam z uwag\u0105 w cierpliwym rozeznawaniu, kt\u00f3re rozumie wasze bogactwo, ale tak\u017ce patrzy na komuni\u0119 i harmoni\u0119 ca\u0142ego Corpus Ecclesiae.<\/p>\n\n<p>Ten fakt daje mi okazj\u0119 do kr\u00f3tkiej refleksji nad warto\u015bci\u0105 Liturgii. Sob\u00f3r Watyka\u0144ski II definiuje j\u0105 jako dzie\u0142o Chrystusa kap\u0142ana i Jego Cia\u0142a, kt\u00f3rym jest Ko\u015bci\u00f3\u0142 (<em>por. Sacrosanctum Concilium\u00a07<\/em>). Na pierwszy rzut oka mo\u017ce si\u0119 to wydawa\u0107 dziwne, gdy\u017c wydaje si\u0119, \u017ce dzie\u0142o Chrystusa oznacza historyczne dzia\u0142ania odkupie\u0144cze Jezusa, Jego m\u0119k\u0119, \u015bmier\u0107 i zmartwychwstanie. W jakim wi\u0119c sensie Liturgia jest dzie\u0142em Chrystusa? M\u0119ka, \u015bmier\u0107 i zmartwychwstanie Jezusa nie s\u0105 tylko wydarzeniami historycznymi; si\u0119gaj\u0105 one i przenikaj\u0105 histori\u0119, ale j\u0105 przekraczaj\u0105 i pozostaj\u0105 zawsze obecne w sercu Chrystusa. W akcji liturgicznej Ko\u015bcio\u0142a jest czynna obecno\u015b\u0107 Chrystusa zmartwychwsta\u0142ego, kt\u00f3ry uobecnia i urzeczywistnia dla nas dzisiaj to samo misterium paschalne, dla naszego zbawienia; wci\u0105ga nas w ten akt daru z siebie, kt\u00f3ry jest zawsze obecny w Jego sercu i sprawia, \u017ce uczestniczymy w tej obecno\u015bci misterium paschalnego. To dzie\u0142o Pana Jezusa, kt\u00f3re jest prawdziw\u0105 tre\u015bci\u0105 Liturgii, wchodzenie w obecno\u015b\u0107 Misterium Paschalnego, jest tak\u017ce dzie\u0142em Ko\u015bcio\u0142a, kt\u00f3ry b\u0119d\u0105c Jego cia\u0142em, jest jednym podmiotem z Chrystusem &#8211; Christus totus caput et corpus &#8211; m\u00f3wi \u015bw. Augustyn. W celebracji sakrament\u00f3w Chrystus zanurza nas w Misterium Paschalnym, aby\u015bmy przeszli ze \u015bmierci do \u017cycia, z grzechu do nowego istnienia w Chrystusie. Dotyczy to w spos\u00f3b szczeg\u00f3lny sprawowania Eucharystii, kt\u00f3ra b\u0119d\u0105c szczytem \u017cycia chrze\u015bcija\u0144skiego, jest tak\u017ce punktem odniesienia dla jego ponownego odkrycia, do kt\u00f3rego zmierza Neokatechumenat. Jak m\u00f3wi\u0105 wasze Statuty, &#8222;Eucharystia jest niezb\u0119dna dla Neokatechumenatu, poniewa\u017c jest to katechumenat pochrzcielny, prze\u017cywany w ma\u0142ej wsp\u00f3lnocie&#8221; (<em>art. 13 \u00a71<\/em>). W\u0142a\u015bnie po to, aby sprzyja\u0107 zbli\u017ceniu do bogactwa \u017cycia sakramentalnego os\u00f3b, kt\u00f3re oddali\u0142y si\u0119 od Ko\u015bcio\u0142a lub nie otrzyma\u0142y odpowiedniej formacji, neokatechumeni mog\u0105 sprawowa\u0107 niedzieln\u0105 Eucharysti\u0119 w ma\u0142ej wsp\u00f3lnocie, po pierwszych nieszporach niedzieli, zgodnie z zarz\u0105dzeniem biskupa diecezjalnego (<em>por. Statuty, art. 13 \u00a72<\/em>). Ale ka\u017cda celebracja eucharystyczna jest dzia\u0142aniem jedynego Chrystusa wraz z Jego jedynym Ko\u015bcio\u0142em i dlatego jest zasadniczo otwarta dla wszystkich, kt\u00f3rzy nale\u017c\u0105 do Jego Ko\u015bcio\u0142a. Ten publiczny charakter \u015awi\u0119tej Eucharystii wyra\u017ca si\u0119 w tym, \u017ce ka\u017cda celebracja Mszy \u015awi\u0119tej jest ostatecznie kierowana przez biskupa, jako cz\u0142onka Kolegium Biskup\u00f3w, odpowiedzialnego za konkretny Ko\u015bci\u00f3\u0142 lokalny <em>(por. Ekumeniczny Sob\u00f3r Watyka\u0144ski II, Konstytucja dogmatyczna Lumen gentium, 26<\/em>). Celebracja w ma\u0142ych wsp\u00f3lnotach, regulowana przez Ksi\u0119gi liturgiczne, kt\u00f3rych nale\u017cy wiernie przestrzega\u0107, i ze szczeg\u00f3\u0142ami zatwierdzonymi w Statutach Drogi, ma za zadanie pom\u00f3c tym, kt\u00f3rzy pod\u0105\u017caj\u0105 szlakiem neokatechumenalnym, dostrzec \u0142ask\u0119 w\u0142\u0105czenia w zbawcze misterium Chrystusa, co umo\u017cliwia \u015bwiadectwo chrze\u015bcija\u0144skie zdolne do przyj\u0119cia tak\u017ce cech radykalno\u015bci. Jednocze\u015bnie stopniowe dojrzewanie w wierze jednostki i ma\u0142ej wsp\u00f3lnoty powinno sprzyja\u0107 ich w\u0142\u0105czeniu w \u017cycie wielkiej wsp\u00f3lnoty ko\u015bcielnej, kt\u00f3ra znajduje swoj\u0105 zwyczajn\u0105 form\u0119 w celebracji liturgicznej parafii, w kt\u00f3rej i dla kt\u00f3rej realizuje si\u0119 Neokatechumenat (<em>por. Statuty, art. 6<\/em>). Ale nawet podczas tej drogi wa\u017cne jest, aby nie oddziela\u0107 si\u0119 od wsp\u00f3lnoty parafialnej, w\u0142a\u015bnie podczas sprawowania Eucharystii, kt\u00f3ra jest prawdziwym miejscem jedno\u015bci wszystkich, gdzie Pan obejmuje nas w r\u00f3\u017cnych stanach naszej duchowej dojrza\u0142o\u015bci i jednoczy nas w jednym Chlebie, kt\u00f3ry czyni nas jednym cia\u0142em (<em>por. 1 Kor 10, 16f<\/em>). Nabierz odwagi! Pan nie przestaje wam towarzyszy\u0107 i ja r\u00f3wnie\u017c zapewniam was o moich modlitwach i dzi\u0119kuj\u0119 wam za liczne znaki blisko\u015bci. Prosz\u0119 Was, aby\u015bcie pami\u0119tali o mnie r\u00f3wnie\u017c w swoich modlitwach. Niech was wspiera swoim macierzy\u0144skim spojrzeniem Naj\u015bwi\u0119tsza Maryja Panna i niech was podtrzymuje moje Apostolskie B\u0142ogos\u0142awie\u0144stwo, kt\u00f3re udzielam wszystkim cz\u0142onkom Drogi. Dzi\u0119kuj\u0119!\u00bb.<\/p>\n\n<p><em>(*) Cfr. \u00abL\u2019Osservatore Romano\u00bb, z dnia 21 stycznia 2012 r.<\/em><\/p>\n","protected":false},"excerpt":{"rendered":"<p>AUDIENCJA Z OKAZJI WYS\u0141ANIA RODZIN NA \u201eMISSIO AD GENTES\u201d 20-I-2012 BENEDYKT XVI Watykan &#8211; Aula Paw\u0142a VI, 20 stycznia 2012 r.* 20 stycznia 2012 r., z okazji opublikowania &#8222;Dekretu&#8221;, kt\u00f3rym zatwierdza si\u0119 celebracje obecne w Dyrektorium katechetycznym o Drodze Neokatechumenalnej, Ojciec \u015awi\u0119ty Benedykt XVI skierowa\u0142 do obecnych nast\u0119puj\u0105ce przem\u00f3wienie. Na tym wa\u017cnym akcie, kt\u00f3ry ko\u0144czy proces zatwierdzenia Drogi Neokatechumenalnej (2008: Statut; 2010: Dekret zatwierdzaj\u0105cy Dyrektorium katechetyczne Drogi Neokatechumenalnej; 2012: Dekret<\/p>\n<div class=\"read-more\"><a class=\"btn read-more-btn\" href=\"https:\/\/neocatechumenaleiter.org\/pl\/slowa-papiezy\/benedykt-xvi\/audiencja-z-okazji-wyslania-rodzin-na-missio-ad-gentes-20-i-2012\/\">Czytaj dalej<\/a><\/div>\n","protected":false},"author":2,"featured_media":0,"parent":16508,"menu_order":11,"comment_status":"closed","ping_status":"closed","template":"","meta":{"footnotes":""},"class_list":["post-22471","page","type-page","status-publish","hentry"],"_links":{"self":[{"href":"https:\/\/neocatechumenaleiter.org\/pl\/wp-json\/wp\/v2\/pages\/22471","targetHints":{"allow":["GET"]}}],"collection":[{"href":"https:\/\/neocatechumenaleiter.org\/pl\/wp-json\/wp\/v2\/pages"}],"about":[{"href":"https:\/\/neocatechumenaleiter.org\/pl\/wp-json\/wp\/v2\/types\/page"}],"author":[{"embeddable":true,"href":"https:\/\/neocatechumenaleiter.org\/pl\/wp-json\/wp\/v2\/users\/2"}],"replies":[{"embeddable":true,"href":"https:\/\/neocatechumenaleiter.org\/pl\/wp-json\/wp\/v2\/comments?post=22471"}],"version-history":[{"count":3,"href":"https:\/\/neocatechumenaleiter.org\/pl\/wp-json\/wp\/v2\/pages\/22471\/revisions"}],"predecessor-version":[{"id":22474,"href":"https:\/\/neocatechumenaleiter.org\/pl\/wp-json\/wp\/v2\/pages\/22471\/revisions\/22474"}],"up":[{"embeddable":true,"href":"https:\/\/neocatechumenaleiter.org\/pl\/wp-json\/wp\/v2\/pages\/16508"}],"wp:attachment":[{"href":"https:\/\/neocatechumenaleiter.org\/pl\/wp-json\/wp\/v2\/media?parent=22471"}],"curies":[{"name":"wp","href":"https:\/\/api.w.org\/{rel}","templated":true}]}}