{"id":22475,"date":"2020-02-29T20:56:51","date_gmt":"2020-02-29T19:56:51","guid":{"rendered":"https:\/\/neocatechumenaleiter.org\/slowa-papiezy\/benedykt-xvi\/konwiwencja-biskupow-z-europy-w-domus-galilaeae-24-iii-2008\/"},"modified":"2021-05-10T07:47:39","modified_gmt":"2021-05-10T06:47:39","slug":"konwiwencja-biskupow-z-europy-w-domus-galilaeae-24-iii-2008","status":"publish","type":"page","link":"https:\/\/neocatechumenaleiter.org\/pl\/slowa-papiezy\/benedykt-xvi\/konwiwencja-biskupow-z-europy-w-domus-galilaeae-24-iii-2008\/","title":{"rendered":"KONWIWENCJA BISKUP\u00d3W Z EUROPY W DOMUS GALILAEAE 24-III-2008"},"content":{"rendered":"\n<h1 class=\"has-text-align-center wp-block-heading\">KONWIWENCJA BISKUP\u00d3W Z EUROPY W DOMUS GALILAEAE 24-III-2008<\/h1>\n\n<div style=\"height:20px\" aria-hidden=\"true\" class=\"wp-block-spacer\"><\/div>\n\n<h4 class=\"has-text-align-center wp-block-heading\">BENEDYKT XVI<\/h4>\n\n<div style=\"height:20px\" aria-hidden=\"true\" class=\"wp-block-spacer\"><\/div>\n\n<div class=\"wp-block-image is-style-default\"><figure class=\"alignleft size-large\"><img loading=\"lazy\" decoding=\"async\" width=\"400\" height=\"269\" src=\"https:\/\/neocatechumenaleiter.org\/wp-content\/uploads\/2020\/02\/Camino_Neocatecumenal_Eucaristia_Obispos_Europa_Domus_Galilaeae.jpg\" alt=\"\" class=\"wp-image-4659\" srcset=\"https:\/\/neocatechumenaleiter.org\/wp-content\/uploads\/2020\/02\/Camino_Neocatecumenal_Eucaristia_Obispos_Europa_Domus_Galilaeae.jpg 400w, https:\/\/neocatechumenaleiter.org\/wp-content\/uploads\/2020\/02\/Camino_Neocatecumenal_Eucaristia_Obispos_Europa_Domus_Galilaeae-300x202.jpg 300w\" sizes=\"auto, (max-width: 400px) 100vw, 400px\" \/><\/figure><\/div>\n\n<p><strong>Korazim, 24-29 marca 2008 r.<\/strong><\/p>\n\n<p><em>Od 24 do 29 marca w Domus Galilaeae odbywa\u0142a si\u0119 konwiwencja 200 biskup\u00f3w i 9 kardyna\u0142\u00f3w z Europy. Sekretarz Stanu w imieniu Papie\u017ca przes\u0142a\u0142 uczestnikom telegram, kt\u00f3rego tre\u015b\u0107 zamieszczamy poni\u017cej:<\/em><\/p>\n\n<p>\u00abZ okazji konferencji w Domus Galilaeae, zorganizowanej przez Drog\u0119 Neokatechumenaln\u0105 na temat nowej ewangelizacji na kontynencie europejskim, Papie\u017c wyra\u017ca serdeczne my\u015bli i nadziej\u0119, \u017ce to znacz\u0105ce spotkanie b\u0119dzie sprzyja\u0142o coraz \u017cywszej kontemplacji ikony Chrystusa, S\u0142owa Ojca, aby wzbudzi\u0107 rosn\u0105ce i wyraziste \u015bwiadectwo ewangeliczne. Zapewnia o pami\u0119ci w modlitwie i z serca udziela kardyna\u0142om, biskupom, kap\u0142anom i wszystkim uczestnikom b\u0142agalnego b\u0142ogos\u0142awie\u0144stwa apostolskiego\u00bb.<\/p>\n\n<p><em>Kardyna\u0142 Tarcisio Bertone&#013;\n<\/em><em>Sekretarz Stanu Jego \u015awi\u0105tobliwo\u015bci Benedykta XVI<\/em><\/p>\n\n<p><em>Na zako\u0144czenie konwiwencji uczestnicz\u0105cy w niej kardyna\u0142owie przes\u0142ali Ojcu \u015awi\u0119temu list z podzi\u0119kowaniami, kt\u00f3rego fragment zamieszczamy poni\u017cej:<\/em><\/p>\n\n<p>\u00ab\u2026Pe\u0142ni rado\u015bci w tych miejscach, z kt\u00f3rych Zmartwychwsta\u0142y Pan pos\u0142a\u0142 swoich uczni\u00f3w dla powszechnej misji Ko\u015bcio\u0142a, zastanawiali\u015bmy si\u0119 nad now\u0105 ewangelizacj\u0105 naszego kontynentu poprzez nowe rzeczywisto\u015bci ko\u015bcielne, w szczeg\u00f3lno\u015bci Drog\u0119 Neokatechumenaln\u0105. &#8230; Jeste\u015bmy r\u00f3wnie\u017c wdzi\u0119czni za uwag\u0119 po\u015bwi\u0119con\u0105 liturgicznej praktyce Drogi: w obliczu kryzysu rodziny, m\u0142odzie\u017cy i powo\u0142a\u0144 w Europie, mogli\u015bmy zobaczy\u0107 owoce tego wtajemniczenia chrze\u015bcija\u0144skiego, opartego na s\u0142uchaniu S\u0142owa Bo\u017cego, na sprawowaniu Eucharystii w ma\u0142ych wsp\u00f3lnotach i na komunii braterskiej: rodziny odbudowane, wielodzietne, z kt\u00f3rych wyrastaj\u0105 liczne powo\u0142ania&#8230;, naprawd\u0119 nowa nadzieja dla Europy! Jak zawsze, ka\u017cda odnowa Ko\u015bcio\u0142a jest owocem daru Ducha \u015awi\u0119tego, przyj\u0119tego i bronionego przez Piotra.<\/p>\n\n<div class=\"wp-block-image is-style-default\"><figure class=\"alignright size-large\"><img loading=\"lazy\" decoding=\"async\" width=\"400\" height=\"263\" src=\"https:\/\/neocatechumenaleiter.org\/wp-content\/uploads\/2020\/02\/Camino_Neocatecumenal_Eucaristia_Obispos_Europa_Domus_Galilaeae2.jpg\" alt=\"\" class=\"wp-image-4661\" srcset=\"https:\/\/neocatechumenaleiter.org\/wp-content\/uploads\/2020\/02\/Camino_Neocatecumenal_Eucaristia_Obispos_Europa_Domus_Galilaeae2.jpg 400w, https:\/\/neocatechumenaleiter.org\/wp-content\/uploads\/2020\/02\/Camino_Neocatecumenal_Eucaristia_Obispos_Europa_Domus_Galilaeae2-300x197.jpg 300w\" sizes=\"auto, (max-width: 400px) 100vw, 400px\" \/><\/figure><\/div>\n\n<p>Prorocze s\u0142owa wypowiedziane przez Jana Paw\u0142a II podczas V Sympozjum Konferencji Episkopat\u00f3w Europy (<em>1985<\/em>), \u017ce Ko\u015bci\u00f3\u0142, aby na nowo ewangelizowa\u0107 Europ\u0119, musi &#8222;powr\u00f3ci\u0107 do pierwszego wzoru apostolskiego&#8221;, zosta\u0142y zrealizowane przez Was poprzez wys\u0142anie pierwszych 7 prezbiter\u00f3w na &#8222;<em>missio ad gentes<\/em>&#8222;, ka\u017cdemu z nich towarzyszy\u0142y 3 rodziny z licznymi dzie\u0107mi. Do\u015bwiadczenie ksi\u0119\u017cy, rodzin i ich dzieci jest bardzo pozytywne: s\u0105 szcz\u0119\u015bliwi, pe\u0142ni zapa\u0142u i wykonuj\u0105 wspania\u0142\u0105 prac\u0119 w\u015br\u00f3d nieochrzczonych. Wielu z nas pragnie rozpocz\u0105\u0107 t\u0119 &#8222;<em>missio ad gentes<\/em>&#8221; w swoich diecezjach\u2026\u00bb<\/p>\n\n<p><em>Kard. J. Meisner<\/em>&#013;\n&#013;\n<em>Kard. S. Dziwisz<\/em>&#013;\n&#013;\n<em>Kard. V. Puljic<\/em>&#013;\n&#013;\n<em>Kard. A. M. Rouco<\/em>&#013;\n&#013;\n<em>Kard. F. Barbarin<\/em>&#013;\n&#013;\n<em>Kard. S. Ry\u0142ko<\/em>&#013;\n&#013;\n<em>Kard. C. Sch\u00f6nborn<\/em>&#013;\n&#013;\n<em>Kard. J. Glemp<\/em>&#013;\n&#013;\n<em>Kard. P. Cordes<\/em><\/p>\n","protected":false},"excerpt":{"rendered":"<p>KONWIWENCJA BISKUP\u00d3W Z EUROPY W DOMUS GALILAEAE 24-III-2008 BENEDYKT XVI Korazim, 24-29 marca 2008 r. Od 24 do 29 marca w Domus Galilaeae odbywa\u0142a si\u0119 konwiwencja 200 biskup\u00f3w i 9 kardyna\u0142\u00f3w z Europy. Sekretarz Stanu w imieniu Papie\u017ca przes\u0142a\u0142 uczestnikom telegram, kt\u00f3rego tre\u015b\u0107 zamieszczamy poni\u017cej: \u00abZ okazji konferencji w Domus Galilaeae, zorganizowanej przez Drog\u0119 Neokatechumenaln\u0105 na temat nowej ewangelizacji na kontynencie europejskim, Papie\u017c wyra\u017ca serdeczne my\u015bli i nadziej\u0119, \u017ce to<\/p>\n<div class=\"read-more\"><a class=\"btn read-more-btn\" href=\"https:\/\/neocatechumenaleiter.org\/pl\/slowa-papiezy\/benedykt-xvi\/konwiwencja-biskupow-z-europy-w-domus-galilaeae-24-iii-2008\/\">Czytaj dalej<\/a><\/div>\n","protected":false},"author":2,"featured_media":0,"parent":16508,"menu_order":6,"comment_status":"closed","ping_status":"closed","template":"","meta":{"footnotes":""},"class_list":["post-22475","page","type-page","status-publish","hentry"],"_links":{"self":[{"href":"https:\/\/neocatechumenaleiter.org\/pl\/wp-json\/wp\/v2\/pages\/22475","targetHints":{"allow":["GET"]}}],"collection":[{"href":"https:\/\/neocatechumenaleiter.org\/pl\/wp-json\/wp\/v2\/pages"}],"about":[{"href":"https:\/\/neocatechumenaleiter.org\/pl\/wp-json\/wp\/v2\/types\/page"}],"author":[{"embeddable":true,"href":"https:\/\/neocatechumenaleiter.org\/pl\/wp-json\/wp\/v2\/users\/2"}],"replies":[{"embeddable":true,"href":"https:\/\/neocatechumenaleiter.org\/pl\/wp-json\/wp\/v2\/comments?post=22475"}],"version-history":[{"count":3,"href":"https:\/\/neocatechumenaleiter.org\/pl\/wp-json\/wp\/v2\/pages\/22475\/revisions"}],"predecessor-version":[{"id":22478,"href":"https:\/\/neocatechumenaleiter.org\/pl\/wp-json\/wp\/v2\/pages\/22475\/revisions\/22478"}],"up":[{"embeddable":true,"href":"https:\/\/neocatechumenaleiter.org\/pl\/wp-json\/wp\/v2\/pages\/16508"}],"wp:attachment":[{"href":"https:\/\/neocatechumenaleiter.org\/pl\/wp-json\/wp\/v2\/media?parent=22475"}],"curies":[{"name":"wp","href":"https:\/\/api.w.org\/{rel}","templated":true}]}}