{"id":22479,"date":"2020-02-29T04:25:36","date_gmt":"2020-02-29T03:25:36","guid":{"rendered":"https:\/\/neocatechumenaleiter.org\/slowa-papiezy\/franciszek\/regina-coeli-papieza-franciszka-w-ramach-misji-na-placach-11-v-2014\/"},"modified":"2021-05-10T07:56:33","modified_gmt":"2021-05-10T06:56:33","slug":"regina-coeli-papieza-franciszka-w-ramach-misji-na-placach-11-v-2014","status":"publish","type":"page","link":"https:\/\/neocatechumenaleiter.org\/pl\/slowa-papiezy\/franciszek\/regina-coeli-papieza-franciszka-w-ramach-misji-na-placach-11-v-2014\/","title":{"rendered":"\u00abREGINA COELI\u00bb PAPIE\u017bA FRANCISZKA W RAMACH MISJI NA PLACACH 11-V-2014"},"content":{"rendered":"\n<h1 class=\"has-text-align-center wp-block-heading\">PAPIE\u017bA FRANCISZKA W RAMACH MISJI NA PLACACH 11-V-2014<\/h1>\n\n<div style=\"height:20px\" aria-hidden=\"true\" class=\"wp-block-spacer\"><\/div>\n\n<h4 class=\"has-text-align-center wp-block-heading\">FRANCISZEK<\/h4>\n\n<div style=\"height:20px\" aria-hidden=\"true\" class=\"wp-block-spacer\"><\/div>\n\n<p><em>Drodzy bracia i siostry,<\/em>&#013;\n&#013;\n<em>dzie\u0144 dobry!<\/em><\/p>\n\n<p>W czwart\u0105 niedziel\u0119 wielkanocn\u0105 Ewangelista Jan przedstawia nam obraz Jezusa, Dobrego Pasterza. Kontempluj\u0105c t\u0119 stron\u0119 Ewangelii, mo\u017cemy zrozumie\u0107 rodzaj relacji, jak\u0105 Jezus mia\u0142 ze swoimi uczniami: relacji opartej na czu\u0142o\u015bci, na mi\u0142o\u015bci, na wzajemnym poznaniu i obietnicy niezmierzonego daru: &#8222;Ja przyszed\u0142em &#8211; m\u00f3wi Jezus &#8211; aby mieli \u017cycie i mieli je w obfito\u015bci&#8221; (<em>J 10, 10<\/em>). Taka relacja jest modelem relacji mi\u0119dzy chrze\u015bcijanami i zarazem relacji mi\u0119dzyludzkich.<\/p>\n\n<p>Dzisiaj, podobnie jak w czasach Jezusa,  wielu proponuje siebie samych jako &#8222;pasterzy&#8221; naszego \u017cycia; ale tylko Zmartwychwsta\u0142y jest prawdziwym Pasterzem, kt\u00f3ry daje nam \u017cycie w obfito\u015bci. Zach\u0119cam wszystkich do zaufania Panu, kt\u00f3ry nas prowadzi. Ale nie tylko nas prowadzi: On nam towarzyszy, idzie z nami. S\u0142uchajmy Jego S\u0142owa z otwartym umys\u0142em i sercem, aby karmi\u0107 nasz\u0105 wiar\u0119, o\u015bwieca\u0107 nasze sumienie i post\u0119powa\u0107 zgodnie z nauk\u0105 Ewangelii.<\/p>\n\n<p>W t\u0119 niedziel\u0119 m\u00f3dlmy si\u0119 za Pasterzy Ko\u015bcio\u0142a, za wszystkich Biskup\u00f3w, w tym za Biskupa Rzymu, za wszystkich kap\u0142an\u00f3w, za wszystkich! W spos\u00f3b szczeg\u00f3lny modlimy si\u0119 za neoprezbiter\u00f3w diecezji rzymskiej, kt\u00f3rych niedawno wy\u015bwi\u0119ci\u0142em w Bazylice \u015bw. Piotra. Pozdrowienie dla tych 13 kap\u0142an\u00f3w! Niech Pan pomo\u017ce nam, pasterzom, by\u0107 zawsze wiernymi Mistrzowi a tak\u017ce by\u0107 m\u0105drymi i \u015bwiat\u0142ymi przewodnikami powierzonego nam ludu Bo\u017cego. Prosz\u0119 was, pom\u00f3\u017ccie nam: pom\u00f3\u017ccie nam by\u0107 dobrymi pasterzami. Przeczyta\u0142em kiedy\u015b bardzo pi\u0119kn\u0105 rzecz o tym, jak Lud Bo\u017cy pomaga biskupom i ksi\u0119\u017com by\u0107 dobrymi pasterzami. Jego autorem jest \u015bw. Cezary z Arles, ojciec Ko\u015bcio\u0142a pierwszych wiek\u00f3w. Wyja\u015bni\u0142 on, w jaki spos\u00f3b lud Bo\u017cy ma pomaga\u0107 pasterzowi, i poda\u0142 taki przyk\u0142ad: kiedy ciel\u0119 jest g\u0142odne, idzie po mleko do krowy, do swojej matki. Krowa jednak nie daje go od razu: wydaje si\u0119, \u017ce zatrzymuje je dla siebie. I co robi to ma\u0142e ciel\u0119? Puka nosem w wymiona krowy, aby pojawi\u0142o si\u0119 mleko. To bardzo pi\u0119kny obraz! &#8222;Tak i wy &#8211; m\u00f3wi ten \u015bwi\u0119ty &#8211; musicie by\u0107 z pasterzami: zawsze puka\u0107 do ich drzwi, do ich serca, aby mogli da\u0107 wam mleko nauki, mleko \u0142aski i mleko duchowego kierownictwa. Dlatego prosz\u0119 was, aby\u015bcie naprzykrzali si\u0119 pasterzom, aby\u015bcie trudzili pasterzy, nas wszystkich, aby\u015bmy mogli da\u0107 wam mleko \u0142aski, nauki i duchowego kierownictwa. Naprzykrza\u0107 si\u0119! Pomy\u015blcie o tym pi\u0119knym obrazie ma\u0142ego ciel\u0119cia, jak przeszkadza matce, aby da\u0142a mu je\u015b\u0107.<\/p>\n\n<p>Na\u015bladuj\u0105c Jezusa, ka\u017cdy duszpasterz \u00abb\u0119dzie niekiedy sta\u0142 z przodu, aby wskazywa\u0107 drog\u0119 i podtrzymywa\u0107 nadziej\u0119 ludu &#8211; duszpasterz musi by\u0107 czasem z przodu. Innym razem b\u0119dzie po prostu sta\u0142 po\u015br\u00f3d wszystkich, ze swoj\u0105 prost\u0105 i mi\u0142osiern\u0105 blisko\u015bci\u0105; a w pewnych okoliczno\u015bciach b\u0119dzie musia\u0142 i\u015b\u0107 za ludem, aby pom\u00f3c tym, kt\u00f3rzy pozostali w tyle\u00bb (adhortacja apostolska <em>Evangelii Gaudium, 31<\/em>). Oby wszyscy pasterze tacy byli! A wy naprzykrzajcie si\u0119 pasterzom, \u017ceby dawali s\u0142owo nauki i \u0142aski.<\/p>\n\n<p>W dzisiejsz\u0105 niedziel\u0119 przypada <em>\u015awiatowy Dzie\u0144 Modlitw o Powo\u0142ania<\/em>. W tegorocznym Or\u0119dziu przypomnia\u0142em, \u017ce &#8222;ka\u017cde powo\u0142anie wymaga za ka\u017cdym razem by wyj\u015b\u0107 z siebie, by skoncentrowa\u0107 w\u0142asn\u0105 egzystencj\u0119 na Chrystusie i Jego Ewangelii&#8221; (<em>n. 2<\/em>). Z tego powodu wezwanie, by p\u00f3j\u015b\u0107 za Jezusem, jest zar\u00f3wno ekscytuj\u0105ce jak i wymagaj\u0105ce. Aby si\u0119 spe\u0142ni\u0142o, jest konieczne by wej\u015b\u0107 w g\u0142\u0119bok\u0105 przyja\u017a\u0144 z Panem, by m\u00f3c \u017cy\u0107 przez Niego i dla Niego.<\/p>\n\n<p>M\u00f3dlmy si\u0119, aby r\u00f3wnie\u017c i w tym czasie wielu m\u0142odych ludzi us\u0142ysza\u0142o g\u0142os Pana, kt\u00f3ry zawsze mo\u017ce zosta\u0107 zag\u0142uszony przez wiele innych g\u0142os\u00f3w. M\u00f3dlmy si\u0119 za m\u0142odych: by\u0107 mo\u017ce tu, na placu, jest kto\u015b, kto s\u0142yszy ten g\u0142os Pana wzywaj\u0105cy go do kap\u0142a\u0144stwa; m\u00f3dlmy si\u0119 za niego, je\u015bli tu jest, i za wszystkich m\u0142odych, kt\u00f3rzy s\u0105 powo\u0142ani.<\/p>\n\n<hr class=\"wp-block-separator\" \/>\n\n<p><strong>Po Regina Coeli<\/strong><\/p>\n\n<p><em>Drodzy bracia i siostry,<\/em><\/p>\n\n<p>Pozdrawiam was wszystkich, rodziny, grupy parafialne, stowarzyszenia i poszczeg\u00f3lnych wiernych z W\u0142och i z wielu kraj\u00f3w (\u2026).<\/p>\n\n<p>Pozdrawiam Wsp\u00f3lnoty Neokatechumenalne, kt\u00f3re w te niedziele okresu wielkanocnego g\u0142osz\u0105 Jezusa Zmartwychwsta\u0142ego na 100 placach Rzymu i w wielu miastach \u015bwiata. Niech Pan obdarzy was rado\u015bci\u0105 Ewangelii! I id\u017acie naprz\u00f3d, wy, kt\u00f3rzy jeste\u015bcie dzielni!<\/p>\n\n<p>Specjalne b\u0142ogos\u0142awie\u0144stwo dla dzieci i m\u0142odzie\u017cy, kt\u00f3re przyj\u0119\u0142y lub wkr\u00f3tce przyjm\u0105 Pierwsz\u0105 Komuni\u0119 \u015awi\u0119t\u0105 i Bierzmowanie. A tak\u017ce dla rodzin i przyjaci\u00f3\u0142 nowych kap\u0142an\u00f3w diecezji rzymskiej, kt\u00f3rych wy\u015bwi\u0119ci\u0142em dzi\u015b rano.<\/p>\n\n<p>A dzi\u015b zapraszam was, by po\u015bwi\u0119ci\u0107 wszystkim matkom pi\u0119kne wspomnienie i modlitw\u0119. Pozdrawiamy matki! Powierzaj\u0105c je Matce Jezusa, m\u00f3dlmy si\u0119 do Matki Bo\u017cej za nasze matki i za wszystkie matki: \u00abZdrowa\u015b Mario\u2026\u00bb.<\/p>\n\n<p>Wielkie pozdrowienia dla matek!<\/p>\n\n<p>Dobrej niedzieli wszystkim! \u017bycz\u0119 smacznego obiadu i do zobaczenia!<\/p>\n","protected":false},"excerpt":{"rendered":"<p>PAPIE\u017bA FRANCISZKA W RAMACH MISJI NA PLACACH 11-V-2014 FRANCISZEK Drodzy bracia i siostry,&#013; &#013; dzie\u0144 dobry! W czwart\u0105 niedziel\u0119 wielkanocn\u0105 Ewangelista Jan przedstawia nam obraz Jezusa, Dobrego Pasterza. Kontempluj\u0105c t\u0119 stron\u0119 Ewangelii, mo\u017cemy zrozumie\u0107 rodzaj relacji, jak\u0105 Jezus mia\u0142 ze swoimi uczniami: relacji opartej na czu\u0142o\u015bci, na mi\u0142o\u015bci, na wzajemnym poznaniu i obietnicy niezmierzonego daru: &#8222;Ja przyszed\u0142em &#8211; m\u00f3wi Jezus &#8211; aby mieli \u017cycie i mieli je w obfito\u015bci&#8221; (J<\/p>\n<div class=\"read-more\"><a class=\"btn read-more-btn\" href=\"https:\/\/neocatechumenaleiter.org\/pl\/slowa-papiezy\/franciszek\/regina-coeli-papieza-franciszka-w-ramach-misji-na-placach-11-v-2014\/\">Czytaj dalej<\/a><\/div>\n","protected":false},"author":2,"featured_media":0,"parent":16512,"menu_order":2,"comment_status":"closed","ping_status":"closed","template":"","meta":{"footnotes":""},"class_list":["post-22479","page","type-page","status-publish","hentry"],"_links":{"self":[{"href":"https:\/\/neocatechumenaleiter.org\/pl\/wp-json\/wp\/v2\/pages\/22479","targetHints":{"allow":["GET"]}}],"collection":[{"href":"https:\/\/neocatechumenaleiter.org\/pl\/wp-json\/wp\/v2\/pages"}],"about":[{"href":"https:\/\/neocatechumenaleiter.org\/pl\/wp-json\/wp\/v2\/types\/page"}],"author":[{"embeddable":true,"href":"https:\/\/neocatechumenaleiter.org\/pl\/wp-json\/wp\/v2\/users\/2"}],"replies":[{"embeddable":true,"href":"https:\/\/neocatechumenaleiter.org\/pl\/wp-json\/wp\/v2\/comments?post=22479"}],"version-history":[{"count":3,"href":"https:\/\/neocatechumenaleiter.org\/pl\/wp-json\/wp\/v2\/pages\/22479\/revisions"}],"predecessor-version":[{"id":22482,"href":"https:\/\/neocatechumenaleiter.org\/pl\/wp-json\/wp\/v2\/pages\/22479\/revisions\/22482"}],"up":[{"embeddable":true,"href":"https:\/\/neocatechumenaleiter.org\/pl\/wp-json\/wp\/v2\/pages\/16512"}],"wp:attachment":[{"href":"https:\/\/neocatechumenaleiter.org\/pl\/wp-json\/wp\/v2\/media?parent=22479"}],"curies":[{"name":"wp","href":"https:\/\/api.w.org\/{rel}","templated":true}]}}