{"id":22487,"date":"2020-03-04T03:26:57","date_gmt":"2020-03-04T02:26:57","guid":{"rendered":"https:\/\/neocatechumenaleiter.org\/slowa-papiezy\/sw-jan-pawel-ii\/homilia-na-wigilii-zeslania-ducha-swietego-na-zakonczenie-misji-miejskiej-w-rzymie-22-v-1999\/"},"modified":"2021-05-10T09:07:17","modified_gmt":"2021-05-10T08:07:17","slug":"homilia-na-wigilii-zeslania-ducha-swietego-na-zakonczenie-misji-miejskiej-w-rzymie-22-v-1999","status":"publish","type":"page","link":"https:\/\/neocatechumenaleiter.org\/pl\/slowa-papiezy\/sw-jan-pawel-ii\/homilia-na-wigilii-zeslania-ducha-swietego-na-zakonczenie-misji-miejskiej-w-rzymie-22-v-1999\/","title":{"rendered":"HOMILIA NA WIGILII ZES\u0141ANIA DUCHA \u015aWIETEGO NA ZAKO\u0143CZENIE MISJI MIEJSKIEJ W RZYMIE 22-V-1999"},"content":{"rendered":"\n<h1 class=\"has-text-align-center wp-block-heading\">HOMILIA NA WIGILII ZES\u0141ANIA DUCHA \u015aWIETEGO NA ZAKO\u0143CZENIE MISJI MIEJSKIEJ W RZYMIE 22-V-1999<\/h1>\n\n<div style=\"height:20px\" aria-hidden=\"true\" class=\"wp-block-spacer\"><\/div>\n\n<h4 class=\"has-text-align-center wp-block-heading\">\u015aw. Jan Pawe\u0142 II<\/h4>\n\n<div style=\"height:20px\" aria-hidden=\"true\" class=\"wp-block-spacer\"><\/div>\n\n<p><strong>Plac \u015bw. Piotra, 22 maja 1999 r.*<\/strong><\/p>\n\n<p><em>\u00abDzi\u0119kujemy Bogu za to niezwyk\u0142e wydarzenie, kt\u00f3re by\u0142o wyrazem mi\u0142o\u015bci do Miasta i wszystkich jego mieszka\u0144c\u00f3w. W rzeczywisto\u015bci misja miejska jest owocem intensywnej duchowej drogi wsp\u00f3lnot chrze\u015bcija\u0144skich karmionych modlitw\u0105 i s\u0142uchaniem S\u0142owa Bo\u017cego\u00bb. Tymi s\u0142owami, w homilii wyg\u0142oszonej podczas celebracji eucharystycznej w wigili\u0119 Zes\u0142ania Ducha \u015awi\u0119tego, w sobotnie popo\u0142udnie 22 maja, Jan Pawe\u0142 II podsumowa\u0142 drog\u0119, jak\u0105 przeby\u0142 Ko\u015bci\u00f3\u0142 Rzymski od 8 grudnia 1995 r. do uroczysto\u015bci Zes\u0142ania Ducha \u015awi\u0119tego w 1999 r.\u00a0 Tekst homilii Jana Paw\u0142a II:<\/em><\/p>\n\n<p>\u00ab1. &#8222;Otw\u00f3rz drzwi Chrystusowi, twojemu Zbawicielowi&#8221;: to zaproszenie, kt\u00f3re rozbrzmiewa\u0142o g\u0142o\u015bno podczas trzech lat przygotowa\u0144 do wielkiego Jubileuszu, charakteryzowa\u0142o nasz\u0105 misj\u0119\u00a0 miejsk\u0105. Dzi\u0119kujemy Bogu za to niezwyk\u0142e wydarzenie, kt\u00f3re by\u0142o wyrazem mi\u0142o\u015bci do Miasta i do wszystkich jego mieszka\u0144c\u00f3w. W rzeczywisto\u015bci misja miejska jest owocem intensywnej duchowej drogi wsp\u00f3lnot chrze\u015bcija\u0144skich karmionych modlitw\u0105 i s\u0142uchaniem S\u0142owa Bo\u017cego. Umo\u017cliwi\u0142o to r\u00f3wnie\u017c pog\u0142\u0119bienie komunii ko\u015bcielnej, kt\u00f3r\u0105 Synod Rzymski wskaza\u0142 jako niezb\u0119dny warunek nowej ewangelizacji. Ca\u0142a wsp\u00f3lnota diecezjalna, w swoich r\u00f3\u017cnych pos\u0142ugach, powo\u0142aniach i charyzmatach, w\u0142\u0105czy\u0142a si\u0119 w jedno\u015bci, aby ofiarowa\u0107 sw\u00f3j wk\u0142ad modlitwy, g\u0142oszenia, \u015bwiadectwa i s\u0142u\u017cby. Razem mieli\u015bmy do\u015bwiadczenie bycia &#8222;ludem Bo\u017cym w misji&#8221;. Czuj\u0119 si\u0119 w obowi\u0105zku podzi\u0119kowa\u0107 tym, kt\u00f3rzy na r\u00f3\u017cne sposoby uczestniczyli w tej wa\u017cnej inicjatywie duszpasterskiej. Przede wszystkim Tobie, Kardynale Wikariuszu, kt\u00f3ry gorliwie kierowa\u0142e\u015b misj\u0105, w \u015bcis\u0142ej wsp\u00f3\u0142pracy z biskupami pomocniczymi, kt\u00f3rych serdecznie pozdrawiam. Chcia\u0142bym tu przypomnie\u0107 innych biskup\u00f3w, kt\u00f3rzy zaoferowali swoj\u0105 cenn\u0105 wsp\u00f3\u0142prac\u0119, a w\u015br\u00f3d nich zmar\u0142ego, nieod\u017ca\u0142owanego monsignora Clemente Riv\u0119. Z wdzi\u0119czno\u015bci\u0105 my\u015bl\u0119 o was, drodzy misjonarze, kap\u0142ani, zakonnicy i zakonnice, a przede wszystkim o \u015bwieckich, kt\u00f3rzy jako pierwsi skorzystali z \u0142aski Misji. Wielkoduszne zaanga\u017cowanie, z jakim przygotowali\u015bcie si\u0119 i zanie\u015bli\u015bcie Ewangeli\u0119 do dom\u00f3w i \u015brodowisk miasta, otworzy\u0142o nowe drogi ewangelizacji i obecno\u015bci chrze\u015bcija\u0144skiej w codziennym \u017cyciu naszych mieszka\u0144c\u00f3w. Duch \u015awi\u0119ty prowadzi\u0142 was krok po kroku, inspirowa\u0142 was odpowiednimi s\u0142owami, aby\u015bcie g\u0142osili Chrystusa i podtrzymywa\u0142 was w nieuniknionych trudno\u015bciach. Dzi\u0119kujmy Panu za wszystko, co uczyni\u0142, ukazuj\u0105c w ka\u017cdej okoliczno\u015bci znaki swego mi\u0142osierdzia i mi\u0142o\u015bci. Wielki Jubileusz, kt\u00f3ry zbli\u017ca si\u0119 wielkimi krokami, pobudza nas do kontynuowania tego misyjnego wysi\u0142ku z takim samym impetem, aby utrwali\u0107 i rozszerzy\u0107 rezultaty osi\u0105gni\u0119te przez Misj\u0119. W ten spos\u00f3b b\u0119dziemy mogli ukaza\u0107 licznym pielgrzymom, kt\u00f3rzy w przysz\u0142ym roku przyb\u0119d\u0105 do Rzymu, oblicze naszego Ko\u015bcio\u0142a go\u015bcinnego i otwartego, odnowionego w wierze i bogatego w dzie\u0142a mi\u0142osierdzia.<\/p>\n\n<p>2. Aby tak si\u0119 sta\u0142o, konieczne jest, aby dzie\u0142o misyjne, tak szcz\u0119\u015bliwie rozpocz\u0119te, rozwija\u0142o si\u0119 i umacnia\u0142o. Niezb\u0119dne jest dalsze wspieranie os\u00f3b i rodzin, napotkanych w ich domach i miejscach pracy, a tak\u017ce dotarcie do tych, z kt\u00f3rymi z r\u00f3\u017cnych powod\u00f3w nie uda\u0142o si\u0119 skontaktowa\u0107 w ostatnich latach. Coroczne odwiedziny rodzin oraz o\u015brodki s\u0142uchania Ewangelii, kt\u00f3re nale\u017cy szeroko rozpowszechnia\u0107, powinny by\u0107 dusz\u0105 duszpasterstwa w parafiach, w czym pomaga\u0107 ma wsp\u00f3\u0142praca stowarzysze\u0144, ruch\u00f3w i grup ko\u015bcielnych. Celebracja s\u0142owa Bo\u017cego powinna wyznacza\u0107 drog\u0119 wiary wsp\u00f3lnot parafialnych, zw\u0142aszcza w wa\u017cnych okresach roku liturgicznego. Znaki mi\u0142o\u015bci wobec ubogich i cierpi\u0105cych powinny towarzyszy\u0107 g\u0142oszeniu Chrystusa, ukazuj\u0105c Jego \u017cyw\u0105 obecno\u015b\u0107 w codziennym \u015bwiadectwie braterskiej mi\u0142o\u015bci. Nale\u017cy umacnia\u0107 komuni\u0119 mi\u0119dzy chrze\u015bcijanami pracuj\u0105cymi w \u015brodowiskach pracy i nauki, w miejscach opieki i rozrywki, poprzez wprowadzanie w \u017cycie konkretnych zach\u0119t ewangelicznych. Ziarno nowo\u015bci Ewangelii, zasiane wraz z misj\u0105, musi wzrasta\u0107 i przynosi\u0107 owoce wsz\u0119dzie, tak\u017ce tam, gdzie nie by\u0142o jeszcze mo\u017cliwe promowanie odpowiednich inicjatyw misyjnych. W zwi\u0105zku z tym nasze \u015bwiadectwo jest tym bardziej nagl\u0105ce. \u017badna rzeczywisto\u015b\u0107 nie jest bowiem niedost\u0119pna dla Ewangelii, wr\u0119cz przeciwnie, Chrystus Zmartwychwsta\u0142y jest w niej w tajemniczy spos\u00f3b obecny ju\u017c teraz, za spraw\u0105 swego Ducha \u015awi\u0119tego.<\/p>\n\n<p>3.&#013;\n&#013;\nTak rozleg\u0142e przedsi\u0119wzi\u0119cie apostolskie wymaga formacji i katechezy skierowanej do ca\u0142ego Ludu Bo\u017cego, aby by\u0142 on bardziej \u015bwiadomy swego powo\u0142ania misyjnego i przygotowany do dawania \u015bwiadectwa wiary w Chrystusa zawsze i wsz\u0119dzie. Zadaniem parafii, wsp\u00f3lnot zakonnych, stowarzysze\u0144, ruch\u00f3w i grup jest troska o t\u0119 formacj\u0119, przez przygotowanie dr\u00f3g \u00a0wiary, modlitwy i do\u015bwiadczenia chrze\u015bcija\u0144skiego, bogatych w tre\u015bci teologiczne, duchowe i kulturowe. Wam przede wszystkim, drodzy kap\u0142ani, powierzone jest to zadanie: b\u0105d\u017acie m\u0105drymi przewodnikami i uwa\u017cnymi nauczycielami wiary w waszych wsp\u00f3lnotach. Wy, drodzy zakonnicy i zakonnice, kt\u00f3rzy tak wiele wnie\u015bli\u015bcie do Misji, nadal wspierajcie j\u0105 waszymi modlitwami, \u015bwi\u0119to\u015bci\u0105 waszego \u017cycia i w\u0142a\u015bciwymi wam charyzmatami na wielu polach apostolskich, w kt\u00f3re jeste\u015bcie zaanga\u017cowani. Wy, drodzy \u015bwieccy, jeste\u015bcie powo\u0142ani, aby da\u0107 \u017cycie wielkiemu i trwa\u0142emu ruchowi misyjnemu w mie\u015bcie i w ca\u0142ym jego otoczeniu. W rodzinach, podobnie jak w rozleg\u0142ym i z\u0142o\u017conym \u015bwiecie pracy i kultury, w szko\u0142ach i na uniwersytetach, w plac\u00f3wkach s\u0142u\u017cby zdrowia, w \u015brodkach masowego przekazu i w aktywno\u015bciach czasu wolnego, nie zaniedbujcie swojego wk\u0142adu, aby g\u0142oszenie Ewangelii oddzia\u0142ywa\u0142o na ca\u0142e spo\u0142ecze\u0144stwo. Jak\u017ce mo\u017cna zapomnie\u0107 o wk\u0142adzie, jaki chorzy wnie\u015bli i wnosz\u0105 w misj\u0119 miasta przez ofiarowanie w\u0142asnego cierpienia, a zakonnice klauzurowe przez nieustann\u0105 modlitw\u0119? Ka\u017cdemu z nich sk\u0142adam wyrazy wdzi\u0119czno\u015bci za ich bardzo po\u017cyteczn\u0105 pomoc duchow\u0105.<\/p>\n\n<p>4. Aby to Bo\u017ce ziarno nie rozproszy\u0142o si\u0119, ale zakorzeni\u0142o si\u0119 na sta\u0142e i przynios\u0142o owoce w codziennym \u017cyciu i pos\u0142udze duszpasterskiej, konieczna jest szczeg\u00f3lna refleksja, kt\u00f3ra, anga\u017cuj\u0105c wszystkie rzeczywisto\u015bci ko\u015bcielne, zaowocuje specjalnym Zgromadzeniem. My\u015bl\u0119 o wielkim spotkaniu, kt\u00f3re pos\u0142u\u017cy do prze\u015bledzenia, na podstawie do\u015bwiadczenia misji miejskiej, g\u0142\u00f3wnych linii sta\u0142ego zaanga\u017cowania w ewangelizacj\u0119 i misj\u0119. By\u0107 Ko\u015bcio\u0142em w misji: oto wielkie wyzwanie nadchodz\u0105cych lat dla Rzymu i dla ca\u0142ego \u015bwiata. Powierzam to wyzwanie wam, drodzy kap\u0142ani, zakonnicy i zakonnice, \u015bwieccy, a w spos\u00f3b szczeg\u00f3lny wam, ruchy i nowe wsp\u00f3lnoty, pami\u0119taj\u0105c o naszym spotkaniu rok temu, w wigili\u0119 Zes\u0142ania Ducha \u015awi\u0119tego, na tym samym placu. Trzeba otworzy\u0107 si\u0119 z uleg\u0142o\u015bci\u0105 na dzia\u0142anie Ducha \u015awi\u0119tego, przyjmuj\u0105c z wdzi\u0119czno\u015bci\u0105 i pos\u0142usze\u0144stwem dary, kt\u00f3rymi nie przestaje On obdarza\u0107 dla dobra ca\u0142ego Ko\u015bcio\u0142a. Tego wieczoru Chrystus powtarza ka\u017cdemu z was: &#8222;Id\u017acie na ca\u0142y \u015bwiat i g\u0142o\u015bcie Ewangeli\u0119 wszelkiemu stworzeniu&#8221; (Mk 16, 15). Umi\u0142owani, Ewangelia, kt\u00f3r\u0105 powierzy\u0142 nam Chrystus, jest Ewangeli\u0105 pokoju! Jak mo\u017cemy zachowa\u0107 to tylko dla siebie, zw\u0142aszcza w czasie, gdy ucisk i wojna siej\u0105 zniszczenie i \u015bmier\u0107 w pobliskim regionie Ba\u0142kan\u00f3w? Duch \u015awi\u0119ty wzywa nas, aby\u015bmy byli zwiastunami i po\u015brednikami pokoju w sprawiedliwo\u015bci i pojednaniu. Maj\u0105c to na uwadze, pragn\u0119, aby Ko\u015bci\u00f3\u0142 rzymski w najbli\u017csz\u0105 uroczysto\u015b\u0107 Bo\u017cego Cia\u0142a wzni\u00f3s\u0142 ch\u00f3raln\u0105 inwokacj\u0119 o pok\u00f3j. Zapraszam zatem was wszystkich \u2013 kap\u0142an\u00f3w, osoby \u017cycia konsekrowanego oraz \u015bwieckich \u2013 do do\u0142\u0105czenia si\u0119 do mnie we czwartkowy wiecz\u00f3r 3 czerwca u \u015bw. Jana na Lateranie, aby wzi\u0105\u0107 udzia\u0142 we Mszy \u015bw. i procesji Bo\u017cego Cia\u0142a, podczas kt\u00f3rych wsp\u00f3lnie b\u0119dziemy b\u0142aga\u0107 o dar pokoju na Ba\u0142kanach. Niech dzie\u0144 Naj\u015bwi\u0119tszego Cia\u0142a i Krwi Chrystusa b\u0119dzie w tym roku naznaczony intensywn\u0105 modlitw\u0105 o pok\u00f3j.<\/p>\n\n<p>5. <em>&#8222;Przyjd\u017a, Duchu \u015awi\u0119ty, nape\u0142nij serca swoich wiernych i rozpal w nich ogie\u0144 Twojej mi\u0142o\u015bci!&#8221; Przyjd\u017a, Duchu \u015awi\u0119ty!<\/em> Wezwanie, kt\u00f3re rozbrzmiewa w Liturgii tej wigilii Zes\u0142ania Ducha \u015awi\u0119tego, nape\u0142nia nas rado\u015bci\u0105 i nadziej\u0105. Duchu \u015awi\u0119ty, tw\u00f3rco i duszo misji, wzbud\u017a w Ko\u015bciele rzymskim w\u015br\u00f3d m\u0142odzie\u017cy, doros\u0142ych i rodzin wielu misjonarzy i zaszczep w ka\u017cdym z nich niegasn\u0105cy ogie\u0144 Twojej mi\u0142o\u015bci. Duch \u015awi\u0119ty, &#8222;\u015bwiat\u0142o serc&#8221;, wskazuj nowe drogi dla miasta i misji powszechnej w trzecim tysi\u0105cleciu, kt\u00f3re w\u0142a\u015bnie si\u0119 rozpoczyna. &#8222;Pocieszycielu doskona\u0142y&#8221;, wspieraj tych, kt\u00f3rzy s\u0105 zniech\u0119ceni, utwierdzaj w entuzjazmie tych, kt\u00f3rzy do\u015bwiadczyli rado\u015bci ewangelizacji, umacniaj w ka\u017cdym wiernym pragnienie i odwadze bycia codziennym misjonarzem Ewangelii w swoim \u015brodowisku \u017cycia i pracy. &#8222;S\u0142odki gospodarzu duszy&#8221;, otw\u00f3rz serce ka\u017cdego cz\u0142owieka, rodziny, wsp\u00f3lnoty zakonnej i parafii, aby ubodzy pielgrzymi, kt\u00f3rzy wezm\u0105 udzia\u0142 w wydarzeniach Jubileuszu, zostali wielkodusznie przyj\u0119ci. B\u0119dzie to bowiem jeden z najpi\u0119kniejszych i najbardziej znacz\u0105cych owoc\u00f3w misji miejskiej: konkretna realizacja tego rzymskiego mi\u0142osierdzia, owocu wiary, kt\u00f3ry zawsze towarzyszy\u0142 obchodom Roku \u015awi\u0119tego. Naj\u015bwi\u0119tsza Maryjo Panno, kt\u00f3ra od Zes\u0142ania Ducha \u015awi\u0119tego czuwasz z Ko\u015bcio\u0142em wzywaj\u0105c Ducha \u015awi\u0119tego, pozosta\u0144 z nami w centrum tego naszego jedynego w swoim rodzaju przybytku. Tobie, kt\u00f3r\u0105 czcimy jako Matk\u0119 Bo\u017cej Mi\u0142o\u015bci, powierzamy owoce misji w tym mie\u015bcie, aby za Twoim wstawiennictwem diecezja rzymska dawa\u0142a \u015bwiatu przekonuj\u0105ce \u015bwiadectwo o Chrystusie, naszym Zbawicielu\u00bb.<\/p>\n\n<p><em>(*) Por. \u00abL\u2019Osservatore Romano\u00bb, 24-25 maja 1999 r.<\/em><\/p>\n","protected":false},"excerpt":{"rendered":"<p>HOMILIA NA WIGILII ZES\u0141ANIA DUCHA \u015aWIETEGO NA ZAKO\u0143CZENIE MISJI MIEJSKIEJ W RZYMIE 22-V-1999 \u015aw. Jan Pawe\u0142 II Plac \u015bw. Piotra, 22 maja 1999 r.* \u00abDzi\u0119kujemy Bogu za to niezwyk\u0142e wydarzenie, kt\u00f3re by\u0142o wyrazem mi\u0142o\u015bci do Miasta i wszystkich jego mieszka\u0144c\u00f3w. W rzeczywisto\u015bci misja miejska jest owocem intensywnej duchowej drogi wsp\u00f3lnot chrze\u015bcija\u0144skich karmionych modlitw\u0105 i s\u0142uchaniem S\u0142owa Bo\u017cego\u00bb. Tymi s\u0142owami, w homilii wyg\u0142oszonej podczas celebracji eucharystycznej w wigili\u0119 Zes\u0142ania Ducha \u015awi\u0119tego,<\/p>\n<div class=\"read-more\"><a class=\"btn read-more-btn\" href=\"https:\/\/neocatechumenaleiter.org\/pl\/slowa-papiezy\/sw-jan-pawel-ii\/homilia-na-wigilii-zeslania-ducha-swietego-na-zakonczenie-misji-miejskiej-w-rzymie-22-v-1999\/\">Czytaj dalej<\/a><\/div>\n","protected":false},"author":2,"featured_media":0,"parent":16496,"menu_order":91,"comment_status":"closed","ping_status":"closed","template":"","meta":{"footnotes":""},"class_list":["post-22487","page","type-page","status-publish","hentry"],"_links":{"self":[{"href":"https:\/\/neocatechumenaleiter.org\/pl\/wp-json\/wp\/v2\/pages\/22487","targetHints":{"allow":["GET"]}}],"collection":[{"href":"https:\/\/neocatechumenaleiter.org\/pl\/wp-json\/wp\/v2\/pages"}],"about":[{"href":"https:\/\/neocatechumenaleiter.org\/pl\/wp-json\/wp\/v2\/types\/page"}],"author":[{"embeddable":true,"href":"https:\/\/neocatechumenaleiter.org\/pl\/wp-json\/wp\/v2\/users\/2"}],"replies":[{"embeddable":true,"href":"https:\/\/neocatechumenaleiter.org\/pl\/wp-json\/wp\/v2\/comments?post=22487"}],"version-history":[{"count":3,"href":"https:\/\/neocatechumenaleiter.org\/pl\/wp-json\/wp\/v2\/pages\/22487\/revisions"}],"predecessor-version":[{"id":22490,"href":"https:\/\/neocatechumenaleiter.org\/pl\/wp-json\/wp\/v2\/pages\/22487\/revisions\/22490"}],"up":[{"embeddable":true,"href":"https:\/\/neocatechumenaleiter.org\/pl\/wp-json\/wp\/v2\/pages\/16496"}],"wp:attachment":[{"href":"https:\/\/neocatechumenaleiter.org\/pl\/wp-json\/wp\/v2\/media?parent=22487"}],"curies":[{"name":"wp","href":"https:\/\/api.w.org\/{rel}","templated":true}]}}