{"id":22491,"date":"2020-03-04T03:28:31","date_gmt":"2020-03-04T02:28:31","guid":{"rendered":"https:\/\/neocatechumenaleiter.org\/slowa-papiezy\/sw-jan-pawel-ii\/regina-coeli-w-niedziele-zeslania-ducha-swietego-na-zakonczenie-misji-miejskiej-w-rzymie-23-v-1999\/"},"modified":"2021-05-10T09:20:47","modified_gmt":"2021-05-10T08:20:47","slug":"regina-coeli-w-niedziele-zeslania-ducha-swietego-na-zakonczenie-misji-miejskiej-w-rzymie-23-v-1999","status":"publish","type":"page","link":"https:\/\/neocatechumenaleiter.org\/pl\/slowa-papiezy\/sw-jan-pawel-ii\/regina-coeli-w-niedziele-zeslania-ducha-swietego-na-zakonczenie-misji-miejskiej-w-rzymie-23-v-1999\/","title":{"rendered":"\u201eREGINA COELI\u201d W NIEDZIEL\u0118 ZES\u0141ANIA DUCHA \u015aWI\u0118TEGO NA ZAKO\u0143CZENIE MISJI MIEJSKIEJ W RZYMIE 23-V-1999"},"content":{"rendered":"\n<h1 class=\"has-text-align-center wp-block-heading\">\u201eREGINA COELI\u201d W NIEDZIEL\u0118 ZES\u0141ANIA DUCHA \u015aWI\u0118TEGO NA ZAKO\u0143CZENIE MISJI MIEJSKIEJ W RZYMIE 23-V-1999<\/h1>\n\n<div style=\"height:20px\" aria-hidden=\"true\" class=\"wp-block-spacer\"><\/div>\n\n<h4 class=\"has-text-align-center wp-block-heading\">\u015aw. Jan Pawe\u0142 II<\/h4>\n\n<div style=\"height:20px\" aria-hidden=\"true\" class=\"wp-block-spacer\"><\/div>\n\n<p><strong>Plac \u015bw. Piotra, 23 maja 1999 r.*<\/strong><\/p>\n\n<p><em>\u00abWzywajmy razem Ducha \u015awi\u0119tego, aby za Jego spraw\u0105 Misje Miejskie w Rzymie przynios\u0142y obfite owoce, kt\u00f3re w pe\u0142ni zaspokoj\u0105 oczekiwania ca\u0142ego Ko\u015bcio\u0142a<\/em><em>\u00bb. W \u00abRegina Coeli\u00bb w uroczysto\u015b\u0107 Zes\u0142ania Ducha \u015awi\u0119tego, w niedziel\u0119 23 maja, Jan Pawe\u0142 II wspomnia\u0142 uroczyst\u0105 Wigili\u0119, kt\u00f3r\u0105 w sobotni wiecz\u00f3r zako\u0144czy\u0142 misj\u0119 miejsk\u0105 oraz wielkie spotkanie z Ruchami ko\u015bcielnymi i nowymi wsp\u00f3lnotami.<\/em>&#013;\n<em>To s\u0105 s\u0142owa papie\u017ca:<\/em><\/p>\n\n<p>\u00ab1. Uroczysto\u015b\u0107 Zes\u0142ania Ducha \u015awi\u0119tego pozwala nam prze\u017cy\u0107 na nowo niezwyk\u0142e do\u015bwiadczenie, jakie sta\u0142o si\u0119 udzia\u0142em aposto\u0142\u00f3w w pi\u0119\u0107dziesi\u0105t dni po zmartwychwstaniu Chrystusa. Pi\u0119\u0107dziesi\u0105tnica to dope\u0142nienie okresu wielkanocnego, polegaj\u0105ce w\u0142a\u015bnie na zes\u0142aniu Ducha \u015awi\u0119tego zgodnie z obietnic\u0105 Jezusa.&#013;\nRozwa\u017camy dzi\u015b przemian\u0119, jaka dokona\u0142a si\u0119 w uczniach Chrystusa: dotychczas niezdecydowani i zal\u0119knieni, staj\u0105 si\u0119 teraz nieustraszonymi \u015bwiadkami, kt\u00f3rzy odwa\u017cnie g\u0142osz\u0105 wszystkim Dobr\u0105 Nowin\u0119. Zgromadzeni jednomy\u015blnie na modlitwie w wieczerniku razem z Maryj\u0105, zostaj\u0105 pos\u0142ani przez Ducha prawdy, aby ca\u0142y \u015bwiat uczyni\u0107 wieczernikiem mi\u0142o\u015bci i jedno\u015bci. Obydwa te wymiary \u2014 modlitwa i apostolat, komunia i misja \u2014 s\u0105 nieodzowne w \u017cyciu Ko\u015bcio\u0142a w ka\u017cdym czasie i w ka\u017cdym miejscu.<\/p>\n\n<p>2. Na to wielkie \u015bwi\u0119to przygotowali\u015bmy si\u0119 wczoraj wieczorem, sprawuj\u0105c tutaj, na placu \u015bw. Piotra, uroczyst\u0105 wigili\u0119 na zako\u0144czenie Misji Miejskich w Rzymie. C\u00f3\u017c to za niezwyk\u0142e do\u015bwiadczenie duchowe! Wigilia ta przypomina\u0142a wielkie ubieg\u0142oroczne spotkanie z ruchami ko\u015bcielnymi i nowymi wsp\u00f3lnotami, kt\u00f3re s\u0105 prawdziwym darem Ducha \u015awi\u0119tego dla Ko\u015bcio\u0142a na ko\u0144cu obecnego tysi\u0105clecia i jednym z nowych znak\u00f3w, wyros\u0142ych z Soboru Watyka\u0144skiego II. Tamto spotkanie sprzed roku przynios\u0142o cenne owoce. Dzi\u0119ki niemu podj\u0119to wiele inicjatyw maj\u0105cych umocni\u0107 w ruchach i wsp\u00f3lnotach zmys\u0142 komunii, aby rozwin\u0105\u0107 wsp\u00f3\u0142prac\u0119 mi\u0119dzy nimi, a tak\u017ce w \u0142onie Ko\u015bcio\u0142\u00f3w lokalnych i w parafiach.&#013;\nDzi\u0119kujmy Bogu za t\u0119 wiosn\u0119 Ko\u015bcio\u0142a, kt\u00f3ra pozwala \u017cywi\u0107 wielkie nadzieje na przysz\u0142o\u015b\u0107. Jestem przekonany, \u017ce sprzyja\u0107 jej b\u0119dzie tak\u017ce sympozjum na temat: \u00abRuchy ko\u015bcielne i nowe wsp\u00f3lnoty jako przedmiot troski pasterskiej biskup\u00f3w\u00bb, kt\u00f3re odb\u0119dzie si\u0119 wkr\u00f3tce z inicjatywy Papieskiej Rady ds. \u015awieckich.&#013;\n\u015awiat ulegaj\u0105cy sekularyzacji jest wyzwaniem dla ka\u017cdego chrze\u015bcijanina, aby z now\u0105 energi\u0105 podj\u0105\u0142 swoj\u0105 misj\u0119, opieraj\u0105c j\u0105 na g\u0142\u0119bokim do\u015bwiadczeniu wiary w Chrystusa, ukszta\u0142towanym przez modlitw\u0119, jedno\u015b\u0107 i przepowiadanie.<\/p>\n\n<p>3. Wzywajmy razem Ducha \u015awi\u0119tego, aby za Jego spraw\u0105 Misje Miejskie w Rzymie przynios\u0142y obfite owoce, kt\u00f3re w pe\u0142ni zaspokoj\u0105 oczekiwania ca\u0142ego Ko\u015bcio\u0142a.&#013;\n&#013;\nNakaz udzia\u0142u w misji pozostaje w mocy zawsze i dotyczy wszystkich cz\u0142onk\u00f3w chrze\u015bcija\u0144skiej wsp\u00f3lnoty. Tak jak na pocz\u0105tku, Ko\u015bci\u00f3\u0142 wie dzisiaj, \u017ce aby sprosta\u0107 wyzwaniom nowej ewangelizacji, musi trwa\u0107 na modlitwie razem z Maryj\u0105, Matk\u0105 Jezusa i nasz\u0105 Matk\u0105. Pro\u015bmy Naj\u015bwi\u0119tsz\u0105 Pann\u0119, by modli\u0142a si\u0119 z nami i za nas do Ojca niebieskiego, a\u017ceby zes\u0142a\u0142 na wszystkich wierz\u0105cych Ducha \u015awi\u0119tego i odnowi\u0142 cuda Pi\u0119\u0107dziesi\u0105tnicy\u00bb.<\/p>\n\n<p><em>(*) Cfr. \u00abL\u2019Osservatore Romano\u00bb, 24-25 maja 1999 r.<\/em><\/p>\n","protected":false},"excerpt":{"rendered":"<p>\u201eREGINA COELI\u201d W NIEDZIEL\u0118 ZES\u0141ANIA DUCHA \u015aWI\u0118TEGO NA ZAKO\u0143CZENIE MISJI MIEJSKIEJ W RZYMIE 23-V-1999 \u015aw. Jan Pawe\u0142 II Plac \u015bw. Piotra, 23 maja 1999 r.* \u00abWzywajmy razem Ducha \u015awi\u0119tego, aby za Jego spraw\u0105 Misje Miejskie w Rzymie przynios\u0142y obfite owoce, kt\u00f3re w pe\u0142ni zaspokoj\u0105 oczekiwania ca\u0142ego Ko\u015bcio\u0142a\u00bb. W \u00abRegina Coeli\u00bb w uroczysto\u015b\u0107 Zes\u0142ania Ducha \u015awi\u0119tego, w niedziel\u0119 23 maja, Jan Pawe\u0142 II wspomnia\u0142 uroczyst\u0105 Wigili\u0119, kt\u00f3r\u0105 w sobotni wiecz\u00f3r zako\u0144czy\u0142<\/p>\n<div class=\"read-more\"><a class=\"btn read-more-btn\" href=\"https:\/\/neocatechumenaleiter.org\/pl\/slowa-papiezy\/sw-jan-pawel-ii\/regina-coeli-w-niedziele-zeslania-ducha-swietego-na-zakonczenie-misji-miejskiej-w-rzymie-23-v-1999\/\">Czytaj dalej<\/a><\/div>\n","protected":false},"author":2,"featured_media":0,"parent":16496,"menu_order":92,"comment_status":"closed","ping_status":"closed","template":"","meta":{"footnotes":""},"class_list":["post-22491","page","type-page","status-publish","hentry"],"_links":{"self":[{"href":"https:\/\/neocatechumenaleiter.org\/pl\/wp-json\/wp\/v2\/pages\/22491","targetHints":{"allow":["GET"]}}],"collection":[{"href":"https:\/\/neocatechumenaleiter.org\/pl\/wp-json\/wp\/v2\/pages"}],"about":[{"href":"https:\/\/neocatechumenaleiter.org\/pl\/wp-json\/wp\/v2\/types\/page"}],"author":[{"embeddable":true,"href":"https:\/\/neocatechumenaleiter.org\/pl\/wp-json\/wp\/v2\/users\/2"}],"replies":[{"embeddable":true,"href":"https:\/\/neocatechumenaleiter.org\/pl\/wp-json\/wp\/v2\/comments?post=22491"}],"version-history":[{"count":5,"href":"https:\/\/neocatechumenaleiter.org\/pl\/wp-json\/wp\/v2\/pages\/22491\/revisions"}],"predecessor-version":[{"id":22496,"href":"https:\/\/neocatechumenaleiter.org\/pl\/wp-json\/wp\/v2\/pages\/22491\/revisions\/22496"}],"up":[{"embeddable":true,"href":"https:\/\/neocatechumenaleiter.org\/pl\/wp-json\/wp\/v2\/pages\/16496"}],"wp:attachment":[{"href":"https:\/\/neocatechumenaleiter.org\/pl\/wp-json\/wp\/v2\/media?parent=22491"}],"curies":[{"name":"wp","href":"https:\/\/api.w.org\/{rel}","templated":true}]}}