{"id":22505,"date":"2020-02-29T21:26:34","date_gmt":"2020-02-29T20:26:34","guid":{"rendered":"https:\/\/neocatechumenaleiter.org\/slowa-papiezy\/benedykt-xvi\/regina-coeli-z-okazji-wizyty-duszpasterskiej-w-akwilei-i-wenecji-8-v-2011\/"},"modified":"2021-05-11T08:42:32","modified_gmt":"2021-05-11T07:42:32","slug":"regina-coeli-z-okazji-wizyty-duszpasterskiej-w-akwilei-i-wenecji-8-v-2011","status":"publish","type":"page","link":"https:\/\/neocatechumenaleiter.org\/pl\/slowa-papiezy\/benedykt-xvi\/regina-coeli-z-okazji-wizyty-duszpasterskiej-w-akwilei-i-wenecji-8-v-2011\/","title":{"rendered":"\u00abRegina Coeli\u00bb Z OKAZJI WIZYTY DUSZPASTERSKIEJ W AKWILEI I WENECJI  8-V-2011"},"content":{"rendered":"\n<h1 class=\"has-text-align-center wp-block-heading\">\u00abRegina Coeli\u00bb Z OKAZJI WIZYTY DUSZPASTERSKIEJ W AKWILEI I WENECJI  8-V-2011<\/h1>\n\n<div style=\"height:20px\" aria-hidden=\"true\" class=\"wp-block-spacer\"><\/div>\n\n<h4 class=\"has-text-align-center wp-block-heading\">BENEDYKT XVI<\/h4>\n\n<div style=\"height:20px\" aria-hidden=\"true\" class=\"wp-block-spacer\"><\/div>\n\n<p><strong>Park San Giuliano &#8211; Mestre, 8 maja 2011 r.<\/strong><\/p>\n\n<p><em>Podczas wizyty duszpasterskiej w Akwilei i Wenecji, przed odm\u00f3wieniem &#8222;Regina Coeli&#8221;, Benedykt XVI prosi\u0142 o przyzywanie Dziewicy, aby wspiera\u0142a i &#8222;umacnia\u0142a prac\u0119 wielu \u015bwieckich, kt\u00f3rzy aktywnie wsp\u00f3\u0142pracuj\u0105 w nowej ewangelizacji&#8221;, a w\u015br\u00f3d nich wymieni\u0142 Drog\u0119 Neokatechumenaln\u0105.<\/em><\/p>\n\n<p>\u00abDrodzy bracia i siostry!&#013;\nNa zako\u0144czenie tej uroczystej celebracji eucharystycznej skierujmy nasz wzrok na Maryj\u0119, Kr\u00f3low\u0105 Nieba. Na progu Wielkanocy sta\u0142a si\u0119 Matk\u0105 Zmartwychwsta\u0142ego Pana, a Jej zjednoczenie z Nim jest tak g\u0142\u0119bokie, \u017ce gdziekolwiek jest obecny Syn, tam nie mo\u017ce zabrakn\u0105\u0107 Matki. W tych waszych wspania\u0142ych miejscach, b\u0119d\u0105cych darem i znakiem Bo\u017cego pi\u0119kna, ile\u017c kapliczek, ko\u015bcio\u0142\u00f3w i kaplic po\u015bwi\u0119conych jest Maryi! W Niej to odbija si\u0119 \u015bwietliste oblicze Chrystusa. Je\u015bli idziemy za Ni\u0105 potulnie, Dziewica prowadzi nas do Niego. W tych dniach czasu wielkanocnego pozw\u00f3lmy si\u0119 zdoby\u0107 Zmartwychwsta\u0142emu Chrystusowi. W Nim rozpoczyna si\u0119 nowy \u015bwiat mi\u0142o\u015bci i pokoju, kt\u00f3ry jest g\u0142\u0119bokim pragnieniem ka\u017cdego ludzkiego serca. Niech Pan sprawi, aby\u015bcie wy, mieszka\u0144cy tych ziem bogatych w d\u0142ug\u0105 histori\u0119 chrze\u015bcija\u0144stwa, \u017cyli Ewangeli\u0105 na wz\u00f3r rodz\u0105cego si\u0119 Ko\u015bcio\u0142a, w kt\u00f3rym &#8222;mn\u00f3stwo tych, kt\u00f3rzy przyj\u0119li wiar\u0119, by\u0142o jednego serca i jednej ducha&#8221; (<em>por. Dz 4, 32<\/em>). Wzywamy Maryj\u0119 Naj\u015bwi\u0119tsz\u0105, kt\u00f3ra podtrzymywa\u0142a pierwszych \u015bwiadk\u00f3w swego Syna w g\u0142oszeniu Dobrej Nowiny, aby i dzisiaj podtrzymywa\u0142a apostolsk\u0105 prac\u0119 kap\u0142an\u00f3w; sprawia\u0142a, by \u015bwiadectwo m\u0119\u017cczyzn i kobiet zakonnych by\u0142o owocne; o\u017cywia\u0142a codzienn\u0105 prac\u0119 rodzic\u00f3w w pierwszym przekazywaniu wiary ich dzieciom; o\u015bwieca\u0142a drog\u0119 m\u0142odych, aby z ufno\u015bci\u0105 kroczyli drog\u0105 wytyczon\u0105 przez wiar\u0119 ich ojc\u00f3w; nape\u0142nia\u0142a serca starszych mocn\u0105 nadziej\u0105; Niech pociesza swoj\u0105 blisko\u015bci\u0105 chorych i wszystkich cierpi\u0105cych; Niech umacnia prac\u0119 wielu ludzi \u015bwieckich, kt\u00f3rzy aktywnie wsp\u00f3\u0142pracuj\u0105 w nowej ewangelizacji, w parafiach, w stowarzyszeniach, takich jak Harcerstwo i Akcja Katolicka, tak g\u0142\u0119boko zakorzenionych i obecnych na tych ziemiach, w ruchach, kt\u00f3re r\u00f3\u017cnorodno\u015bci\u0105 swoich charyzmat\u00f3w i dzia\u0142a\u0144 s\u0105 znakiem bogactwa tkanki ko\u015bcielnej &#8211; my\u015bl\u0119 tu o takich rzeczywisto\u015bciach, jak Ruch Focolare, Komunia i Wyzwolenie czy Droga Neokatechumenalna, by wymieni\u0107 tylko niekt\u00f3re. Zach\u0119cam wszystkich do pracy w prawdziwym duchu komunii w tej wielkiej winnicy, w kt\u00f3rej Pan powo\u0142a\u0142 nas do pracy. Maryjo, Matko Zmartwychwsta\u0142ego Pana i Ko\u015bcio\u0142a, m\u00f3dl si\u0119 za nami! \u00bb.<\/p>\n","protected":false},"excerpt":{"rendered":"<p>\u00abRegina Coeli\u00bb Z OKAZJI WIZYTY DUSZPASTERSKIEJ W AKWILEI I WENECJI 8-V-2011 BENEDYKT XVI Park San Giuliano &#8211; Mestre, 8 maja 2011 r. Podczas wizyty duszpasterskiej w Akwilei i Wenecji, przed odm\u00f3wieniem &#8222;Regina Coeli&#8221;, Benedykt XVI prosi\u0142 o przyzywanie Dziewicy, aby wspiera\u0142a i &#8222;umacnia\u0142a prac\u0119 wielu \u015bwieckich, kt\u00f3rzy aktywnie wsp\u00f3\u0142pracuj\u0105 w nowej ewangelizacji&#8221;, a w\u015br\u00f3d nich wymieni\u0142 Drog\u0119 Neokatechumenaln\u0105. \u00abDrodzy bracia i siostry!&#013; Na zako\u0144czenie tej uroczystej celebracji eucharystycznej skierujmy nasz<\/p>\n<div class=\"read-more\"><a class=\"btn read-more-btn\" href=\"https:\/\/neocatechumenaleiter.org\/pl\/slowa-papiezy\/benedykt-xvi\/regina-coeli-z-okazji-wizyty-duszpasterskiej-w-akwilei-i-wenecji-8-v-2011\/\">Czytaj dalej<\/a><\/div>\n","protected":false},"author":2,"featured_media":0,"parent":16508,"menu_order":10,"comment_status":"closed","ping_status":"closed","template":"","meta":{"footnotes":""},"class_list":["post-22505","page","type-page","status-publish","hentry"],"_links":{"self":[{"href":"https:\/\/neocatechumenaleiter.org\/pl\/wp-json\/wp\/v2\/pages\/22505","targetHints":{"allow":["GET"]}}],"collection":[{"href":"https:\/\/neocatechumenaleiter.org\/pl\/wp-json\/wp\/v2\/pages"}],"about":[{"href":"https:\/\/neocatechumenaleiter.org\/pl\/wp-json\/wp\/v2\/types\/page"}],"author":[{"embeddable":true,"href":"https:\/\/neocatechumenaleiter.org\/pl\/wp-json\/wp\/v2\/users\/2"}],"replies":[{"embeddable":true,"href":"https:\/\/neocatechumenaleiter.org\/pl\/wp-json\/wp\/v2\/comments?post=22505"}],"version-history":[{"count":3,"href":"https:\/\/neocatechumenaleiter.org\/pl\/wp-json\/wp\/v2\/pages\/22505\/revisions"}],"predecessor-version":[{"id":22508,"href":"https:\/\/neocatechumenaleiter.org\/pl\/wp-json\/wp\/v2\/pages\/22505\/revisions\/22508"}],"up":[{"embeddable":true,"href":"https:\/\/neocatechumenaleiter.org\/pl\/wp-json\/wp\/v2\/pages\/16508"}],"wp:attachment":[{"href":"https:\/\/neocatechumenaleiter.org\/pl\/wp-json\/wp\/v2\/media?parent=22505"}],"curies":[{"name":"wp","href":"https:\/\/api.w.org\/{rel}","templated":true}]}}