{"id":22509,"date":"2020-02-29T04:48:02","date_gmt":"2020-02-29T03:48:02","guid":{"rendered":"https:\/\/neocatechumenaleiter.org\/slowa-papiezy\/franciszek\/regina-coeli-na-placu-sw-piotra-dzieki-za-wasza-prace-ewangelizacji-6-v-2018\/"},"modified":"2021-05-11T08:50:15","modified_gmt":"2021-05-11T07:50:15","slug":"regina-coeli-na-placu-sw-piotra-dzieki-za-wasza-prace-ewangelizacji-6-v-2018","status":"publish","type":"page","link":"https:\/\/neocatechumenaleiter.org\/pl\/slowa-papiezy\/franciszek\/regina-coeli-na-placu-sw-piotra-dzieki-za-wasza-prace-ewangelizacji-6-v-2018\/","title":{"rendered":"\u00abRegina Coeli\u00bb NA PLACU \u015aW. PIOTRA: &#8222;DZI\u0118KI ZA WASZ\u0104 PRAC\u0118 EWANGELIZACJI&#8221; 6-V-2018"},"content":{"rendered":"\n<h1 class=\"has-text-align-center wp-block-heading\">\u00abRegina Coeli\u00bb NA PLACU \u015aW. PIOTRA: &#8222;DZI\u0118KI ZA WASZ\u0104 PRAC\u0118 EWANGELIZACJI&#8221; 6-V-2018<\/h1>\n\n<div style=\"height:20px\" aria-hidden=\"true\" class=\"wp-block-spacer\"><\/div>\n\n<h4 class=\"has-text-align-center wp-block-heading\">FRANCISZEK<\/h4>\n\n<div style=\"height:20px\" aria-hidden=\"true\" class=\"wp-block-spacer\"><\/div>\n\n<p><strong>Plac \u015bw. Piotra &#8211; Rzym, 6 maja 2018 r.<\/strong><\/p>\n\n<p><em>Drodzy bracia i siostry, dzie\u0144 dobry!<\/em><\/p>\n\n<p>W tym okresie wielkanocnym S\u0142owo Bo\u017ce wci\u0105\u017c ukazuje nam konsekwente style \u017cycia, aby by\u0107 wsp\u00f3lnot\u0105 Zmartwychwsta\u0142ego Pana. W\u015br\u00f3d nich, dzisiejsza Ewangelia przedstawia polecenie Jezusa: &#8222;Trwajcie w mi\u0142o\u015bci mojej&#8221; (<em>J 15, 9<\/em>): trwajcie w mi\u0142o\u015bci Jezusa. Zanurzenie si\u0119 w nurcie Bo\u017cej mi\u0142o\u015bci, zamieszkanie w niej, jest warunkiem tego, by nasza mi\u0142o\u015b\u0107 nie straci\u0142a po drodze swego \u017caru i odwagi. My tak\u017ce, jak Jezus i w Nim, musimy z wdzi\u0119czno\u015bci\u0105 przyj\u0105\u0107 mi\u0142o\u015b\u0107, kt\u00f3ra pochodzi od Ojca, i trwa\u0107 w tej mi\u0142o\u015bci, staraj\u0105c si\u0119 nie oddziela\u0107 od niej egoizmem i grzechem. Jest to program wymagaj\u0105cy, ale nie niemo\u017cliwy do zrealizowania.<\/p>\n\n<p>Po pierwsze, wa\u017cne jest, aby u\u015bwiadomi\u0107 sobie, \u017ce mi\u0142o\u015b\u0107 Chrystusa nie jest powierzchownym uczuciem, nie, jest to fundamentalna postawa serca, kt\u00f3ra przejawia si\u0119 w \u017cyciu tak, jak On tego chce. W rzeczywisto\u015bci, Jezus m\u00f3wi: &#8222;Je\u015bli b\u0119dziecie zachowywa\u0107 moje przykazania, b\u0119dziecie trwa\u0107 w mi\u0142o\u015bci mojej, tak jak Ja zachowa\u0142em przykazania Ojca mego i trwam w Jego mi\u0142o\u015bci&#8221; (w. 10). Mi\u0142o\u015b\u0107 realizuje si\u0119 w codziennym \u017cyciu, w postawach, w czynach; inaczej jest tylko czym\u015b z\u0142udnym. To s\u0105 s\u0142owa, s\u0142owa, s\u0142owa: to nie jest mi\u0142o\u015b\u0107. Mi\u0142o\u015b\u0107 jest konkretna, ka\u017cdego dnia. Jezus prosi nas, aby\u015bmy przestrzegali Jego przykaza\u0144, kt\u00f3re streszczaj\u0105 si\u0119 w tym: &#8222;aby\u015bcie si\u0119 wzajemnie mi\u0142owali, tak jak Ja was umi\u0142owa\u0142em&#8221; (w. 12).<\/p>\n\n<p>Jak to uczyni\u0107, aby ta mi\u0142o\u015b\u0107, kt\u00f3r\u0105 daje nam Zmartwychwsta\u0142y Pan, mog\u0142a by\u0107 dzielona przez innych? Kilka razy Jezus wskaza\u0142, kogo ma kocha\u0107 druga osoba, nie s\u0142owami, ale czynami. To ten, kt\u00f3rego spotykam na mojej drodze i kt\u00f3ry swoj\u0105 twarz\u0105 i swoj\u0105 histori\u0105 rzuca mi wyzwanie; to ten, kt\u00f3ry sam\u0105 swoj\u0105 obecno\u015bci\u0105 wzywa mnie do porzucenia moich interes\u00f3w i moich zabezpiecze\u0144; to ten, kt\u00f3ry czeka na moj\u0105 gotowo\u015b\u0107 do s\u0142uchania i do przej\u015bcia razem kawa\u0142ka drogi. Dost\u0119pno\u015b\u0107 wobec ka\u017cdego brata i siostry, kimkolwiek s\u0105 i w jakiejkolwiek sytuacji si\u0119 znajduj\u0105, poczynaj\u0105c od tych, kt\u00f3rzy s\u0105 mi bliscy w rodzinie, we wsp\u00f3lnocie, w pracy, w szkole&#8230; W ten spos\u00f3b, je\u015bli pozostan\u0119 zjednoczony z Jezusem, Jego mi\u0142o\u015b\u0107 mo\u017ce dotrze\u0107 do drugiego cz\u0142owieka i przyci\u0105gn\u0105\u0107 go do siebie, do swojej przyja\u017ani. I ta mi\u0142o\u015b\u0107 do innych nie mo\u017ce by\u0107 zarezerwowana dla wyj\u0105tkowych chwil, ale musi sta\u0107 si\u0119 sta\u0142\u0105 naszego istnienia. Dlatego jeste\u015bmy wezwani, na przyk\u0142ad, do opiekowania si\u0119 osobami starszymi jako cennym skarbem i z mi\u0142o\u015bci\u0105, nawet je\u015bli stwarzaj\u0105 one problemy ekonomiczne i trudno\u015bci, ale musimy si\u0119 nimi opiekowa\u0107. Dlatego chorym, nawet je\u015bli s\u0105 w ostatnim stadium, musimy udzieli\u0107 wszelkiej mo\u017cliwej pomocy. Dlatego w\u0142a\u015bnie nienarodzone dzieci musz\u0105 by\u0107 zawsze mile widziane; dlatego te\u017c, w ostatecznym rozrachunku, \u017cycie musi by\u0107 zawsze chronione i kochane od pocz\u0119cia do jego naturalnego ko\u0144ca. I to jest mi\u0142o\u015b\u0107. Jeste\u015bmy kochani przez Boga w Jezusie Chrystusie, kt\u00f3ry prosi nas, aby\u015bmy si\u0119 wzajemnie mi\u0142owali, tak jak On nas mi\u0142uje. Ale nie mo\u017cemy tego uczyni\u0107, je\u015bli nie mamy w sobie Jego Serca.<\/p>\n\n<p>Eucharystia, do udzia\u0142u w kt\u00f3rej jeste\u015bmy wezwani w ka\u017cd\u0105 niedziel\u0119, ma na celu ukszta\u0142towanie w nas Serca Chrystusa, tak aby ca\u0142e nasze \u017cycie by\u0142o kierowane Jego wielkoduszn\u0105 postaw\u0105. Niech Maryja Panna pomaga nam trwa\u0107 w mi\u0142o\u015bci Jezusa i wzrasta\u0107 w mi\u0142o\u015bci do wszystkich, a zw\u0142aszcza do najs\u0142abszych, aby w pe\u0142ni odpowiedzie\u0107 na nasze chrze\u015bcija\u0144skie powo\u0142anie.<\/p>\n\n<hr class=\"wp-block-separator\" \/>\n\n<p><strong>Po Regina Coeli:<\/strong><\/p>\n\n<p><em>Drodzy bracia i siostry,<\/em><\/p>\n\n<p>Wczoraj w Akwizgranie (Niemcy) zosta\u0142a og\u0142oszona b\u0142ogos\u0142awion\u0105 Chiara Fey, za\u0142o\u017cycielka Si\u00f3str Ubogich Dzieci\u0105tka Jezus, kt\u00f3ra \u017cy\u0142a w drugiej po\u0142owie XIX wieku. Bogu niech b\u0119d\u0105 dzi\u0119ki za tego gorliwego \u015bwiadka Ewangelii, troskliwego wychowawc\u0119 m\u0142odzie\u017cy pokrzywdzonej przez los.<\/p>\n\n<p>Zach\u0119cam was do modlitwy za mieszka\u0144c\u00f3w Republiki \u015arodkowoafryka\u0144skiej, kraju, kt\u00f3ry mia\u0142em przyjemno\u015b\u0107 odwiedzi\u0107 i kt\u00f3ry jest mi bliski, a w kt\u00f3rym w ostatnich dniach dosz\u0142o do powa\u017cnych akt\u00f3w przemocy, w kt\u00f3rych zgin\u0119\u0142o i zosta\u0142o rannych wiele os\u00f3b, w tym ksi\u0105dz. Niech Pan, za wstawiennictwem Maryi Dziewicy, pomo\u017ce wszystkim powiedzie\u0107 &#8222;nie&#8221; przemocy i zem\u015bcie, aby wsp\u00f3lnie budowa\u0107 pok\u00f3j.<\/p>\n\n<p>Pozdrawiam was wszystkich, rzymian i pielgrzym\u00f3w, a szczeg\u00f3lnie tych z Oviedo (Hiszpania), uczni\u00f3w z Vrbov\u00e9 (S\u0142owacja) i ministrant\u00f3w z Berna. Szczeg\u00f3lne pozdrowienia kierujemy do nowych Gwardzist\u00f3w Szwajcarskich, ich rodzin i przyjaci\u00f3\u0142, w dniu \u015bwi\u0119ta tego historycznego i zas\u0142u\u017conego Korpusu. Brawa dla nich!<\/p>\n\n<p>Pozdrawiam przedstawicieli Stowarzyszenia <em>Meter<\/em>, kt\u00f3rych zach\u0119cam do dalszego zaanga\u017cowania na rzecz dzieci b\u0119d\u0105cych ofiarami przemocy, a tak\u017ce wiernych z Piacenzy i Borgoricco oraz sportowe gimnastyczki z Castelfranco Emilia. Us\u0142ysza\u0142em te\u017c kilka pie\u015bni Neokatechumenalnych&#8230; Oto oni! Dzi\u0119kuj\u0119! Dzi\u0119kuj\u0119 wam za wasz\u0105 prac\u0119 ewangelizacyjn\u0105. Jeste\u015bcie wsz\u0119dzie, dzi\u0119kuj\u0119!<\/p>\n\n<p>Pozdrawiam r\u00f3wnie\u017c wszystkich wi\u0119\u017ani\u00f3w wi\u0119zienia Latina, kt\u00f3rzy w tym momencie s\u0105 z nami duchowo zjednoczeni.<\/p>\n\n<p>\u017bycz\u0119 wszystkim dobrej niedzieli. I prosz\u0119, nie zapomnijcie si\u0119 za mnie modli\u0107. \u017bycz\u0119 smacznego obiadu i do zobaczenia!<\/p>\n","protected":false},"excerpt":{"rendered":"<p>\u00abRegina Coeli\u00bb NA PLACU \u015aW. PIOTRA: &#8222;DZI\u0118KI ZA WASZ\u0104 PRAC\u0118 EWANGELIZACJI&#8221; 6-V-2018 FRANCISZEK Plac \u015bw. Piotra &#8211; Rzym, 6 maja 2018 r. Drodzy bracia i siostry, dzie\u0144 dobry! W tym okresie wielkanocnym S\u0142owo Bo\u017ce wci\u0105\u017c ukazuje nam konsekwente style \u017cycia, aby by\u0107 wsp\u00f3lnot\u0105 Zmartwychwsta\u0142ego Pana. W\u015br\u00f3d nich, dzisiejsza Ewangelia przedstawia polecenie Jezusa: &#8222;Trwajcie w mi\u0142o\u015bci mojej&#8221; (J 15, 9): trwajcie w mi\u0142o\u015bci Jezusa. Zanurzenie si\u0119 w nurcie Bo\u017cej mi\u0142o\u015bci, zamieszkanie<\/p>\n<div class=\"read-more\"><a class=\"btn read-more-btn\" href=\"https:\/\/neocatechumenaleiter.org\/pl\/slowa-papiezy\/franciszek\/regina-coeli-na-placu-sw-piotra-dzieki-za-wasza-prace-ewangelizacji-6-v-2018\/\">Czytaj dalej<\/a><\/div>\n","protected":false},"author":2,"featured_media":0,"parent":16512,"menu_order":7,"comment_status":"closed","ping_status":"closed","template":"","meta":{"footnotes":""},"class_list":["post-22509","page","type-page","status-publish","hentry"],"_links":{"self":[{"href":"https:\/\/neocatechumenaleiter.org\/pl\/wp-json\/wp\/v2\/pages\/22509","targetHints":{"allow":["GET"]}}],"collection":[{"href":"https:\/\/neocatechumenaleiter.org\/pl\/wp-json\/wp\/v2\/pages"}],"about":[{"href":"https:\/\/neocatechumenaleiter.org\/pl\/wp-json\/wp\/v2\/types\/page"}],"author":[{"embeddable":true,"href":"https:\/\/neocatechumenaleiter.org\/pl\/wp-json\/wp\/v2\/users\/2"}],"replies":[{"embeddable":true,"href":"https:\/\/neocatechumenaleiter.org\/pl\/wp-json\/wp\/v2\/comments?post=22509"}],"version-history":[{"count":3,"href":"https:\/\/neocatechumenaleiter.org\/pl\/wp-json\/wp\/v2\/pages\/22509\/revisions"}],"predecessor-version":[{"id":22512,"href":"https:\/\/neocatechumenaleiter.org\/pl\/wp-json\/wp\/v2\/pages\/22509\/revisions\/22512"}],"up":[{"embeddable":true,"href":"https:\/\/neocatechumenaleiter.org\/pl\/wp-json\/wp\/v2\/pages\/16512"}],"wp:attachment":[{"href":"https:\/\/neocatechumenaleiter.org\/pl\/wp-json\/wp\/v2\/media?parent=22509"}],"curies":[{"name":"wp","href":"https:\/\/api.w.org\/{rel}","templated":true}]}}