{"id":22521,"date":"2020-02-29T20:38:13","date_gmt":"2020-02-29T19:38:13","guid":{"rendered":"https:\/\/neocatechumenaleiter.org\/slowa-papiezy\/benedykt-xvi\/aniol-panski-na-placu-sw-piotra-29-x-2006\/"},"modified":"2021-05-11T09:48:39","modified_gmt":"2021-05-11T08:48:39","slug":"aniol-panski-na-placu-sw-piotra-29-x-2006","status":"publish","type":"page","link":"https:\/\/neocatechumenaleiter.org\/pl\/slowa-papiezy\/benedykt-xvi\/aniol-panski-na-placu-sw-piotra-29-x-2006\/","title":{"rendered":"ANIO\u0141 PA\u0143SKI NA PLACU \u015aW. PIOTRA 29-X-2006"},"content":{"rendered":"\n<h1 class=\"has-text-align-center wp-block-heading\">ANIO\u0141 PA\u0143SKI NA PLACU \u015aW. PIOTRA 29-X-2006<\/h1>\n\n<div style=\"height:20px\" aria-hidden=\"true\" class=\"wp-block-spacer\"><\/div>\n\n<h4 class=\"has-text-align-center wp-block-heading\">BENEDYKT XVI<\/h4>\n\n<div style=\"height:20px\" aria-hidden=\"true\" class=\"wp-block-spacer\"><\/div>\n\n<p><strong>Plac \u015bw. Piotra, 29 pa\u017adziernika 2006 r.<\/strong><\/p>\n\n<p><em>Podczas dzisiejszego &#8222;Anio\u0142 Pa\u0144ski&#8221; Benedykt XVI, cho\u0107 nie wspomina bezpo\u015brednio o Drodze Neokatechumenalnej, m\u00f3wi o &#8222;do\u015bwiadczeniach katechezy&#8221; proponowanych m\u0142odzie\u017cy i doros\u0142ym, kt\u00f3re &#8222;pozwalaj\u0105 im w spos\u00f3b dojrza\u0142y i \u015bwiadomy pod\u0105\u017ca\u0107 drog\u0105 ponownego odkrycia wiary, aby podj\u0105\u0107 sp\u00f3jne zaanga\u017cowanie w dawanie \u015bwiadectwa&#8221; i stwierdza, \u017ce to dzie\u0142o jest dzi\u015b bardzo wa\u017cne. To s\u0105 s\u0142owa Benedykta XVI:<\/em><\/p>\n\n<p>\u00abDrodzy bracia i siostry,&#013;\n&#013;\nW Ewangelii dzisiejszej niedzieli (<em>Mk 10, 46-52<\/em>) czytamy, \u017ce gdy Pan przechodzi ulicami Jerycha, zwraca si\u0119 do Niego niewidomy Bartymeusz i g\u0142o\u015bno wo\u0142a: &#8222;Synu Dawida, Jezu, ulituj si\u0119 nade mn\u0105!&#8221;. Ta modlitwa dotyka serca Chrystusa, kt\u00f3ry zatrzymuje si\u0119, wo\u0142a go i uzdrawia. Decyduj\u0105cym momentem by\u0142o osobiste, bezpo\u015brednie spotkanie Pana z tym cierpi\u0105cym cz\u0142owiekiem. Stoj\u0105 naprzeciw siebie: B\u00f3g ze swoj\u0105 wol\u0105 uzdrowienia i cz\u0142owiek ze swoim pragnieniem bycia uzdrowionym. Dwie wolno\u015bci, dwie zbiegaj\u0105ce si\u0119 wole: &#8222;Co chcesz, abym ci uczyni\u0142?&#8221;, pyta go Pan. &#8222;Obym odzyska\u0142 wzrok!&#8221; odpowiada niewidomy. &#8222;Id\u017a, twoja wiara ci\u0119 ocali\u0142a&#8221;. Tymi s\u0142owami dokona\u0142 si\u0119 cud. Rado\u015b\u0107 Boga, rado\u015b\u0107 cz\u0142owieka. Bartymeusz za\u015b, skoro tylko ujrza\u0142 \u015bwiat\u0142o dzienne &#8211; opowiada Ewangelia &#8211; &#8222;zacz\u0105\u0142 i\u015b\u0107 za Nim drog\u0105&#8221;: to znaczy, \u017ce sta\u0142 si\u0119 Jego uczniem i poszed\u0142 z Mistrzem do Jerozolimy, aby razem z Nim uczestniczy\u0107 w wielkiej tajemnicy zbawienia. Opowiadanie to, w istotno\u015bci swoich fragment\u00f3w, przywo\u0142uje drog\u0119 katechumena do sakramentu chrztu, kt\u00f3ry w pierwotnym Ko\u015bciele nazywany by\u0142 tak\u017ce &#8222;o\u015bwieceniem&#8221;.&#013;\n&#013;\n\u00a0&#013;\n&#013;\nWiara jest drog\u0105 o\u015bwiecenia: zaczyna si\u0119 od pokory uznania siebie za potrzebuj\u0105cego zbawienia i dochodzi do osobistego spotkania z Chrystusem, kt\u00f3ry wzywa nas do na\u015bladowania Go na drodze mi\u0142o\u015bci. Jest to model, na kt\u00f3rym Ko\u015bci\u00f3\u0142 opar\u0142 swoje itineraria wtajemniczenia chrze\u015bcija\u0144skiego, przygotowuj\u0105ce do przyj\u0119cia sakrament\u00f3w chrztu, bierzmowania i Eucharystii. W miejscach dawnej ewangelizacji, gdzie powszechny jest chrzest niemowl\u0105t, proponuje si\u0119 m\u0142odzie\u017cy i doros\u0142ym do\u015bwiadczenia katechezy i duchowo\u015bci, kt\u00f3re pozwalaj\u0105 im podj\u0105\u0107 drog\u0119 ponownego odkrycia wiary w spos\u00f3b dojrza\u0142y i \u015bwiadomy, aby przyj\u0105\u0107 sp\u00f3jne zaanga\u017cowanie w dawanie \u015bwiadectwa.<\/p>\n\n<p>Jak\u017ce wa\u017cna jest praca duszpasterzy i katechet\u00f3w na tym polu! Odkrycie na nowo warto\u015bci w\u0142asnego chrztu jest podstaw\u0105 misyjnego zaanga\u017cowania ka\u017cdego chrze\u015bcijanina, poniewa\u017c w Ewangelii widzimy, \u017ce ci, kt\u00f3rzy pozwalaj\u0105 si\u0119 zafascynowa\u0107 Chrystusowi, nie mog\u0105 nie dawa\u0107 \u015bwiadectwa rado\u015bci z pod\u0105\u017cania Jego \u015bladami. W tym miesi\u0105cu pa\u017adzierniku, szczeg\u00f3lnie po\u015bwi\u0119conym misjom, jeszcze bardziej rozumiemy, \u017ce w\u0142a\u015bnie z racji naszego chrztu posiadamy wrodzone powo\u0142anie misyjne.&#013;\n&#013;\n\u00a0&#013;\n&#013;\nWzywajmy wstawiennictwa Maryi Dziewicy, aby mno\u017cyli si\u0119 misjonarze Ewangelii. Z\u0142\u0105czony wewn\u0119trznie z Panem, niech ka\u017cdy ochrzczony czuje, \u017ce jest powo\u0142any do g\u0142oszenia wszystkim Bo\u017cej mi\u0142o\u015bci poprzez \u015bwiadectwo swojego \u017cycia\u00bb.&#013;\n&#013;\n<em>(*) Por. &#8222;L&#8217;Osservatore Romano&#8221;, 30-31 pa\u017adziernika 2006 r.<\/em><\/p>\n","protected":false},"excerpt":{"rendered":"<p>ANIO\u0141 PA\u0143SKI NA PLACU \u015aW. PIOTRA 29-X-2006 BENEDYKT XVI Plac \u015bw. Piotra, 29 pa\u017adziernika 2006 r. Podczas dzisiejszego &#8222;Anio\u0142 Pa\u0144ski&#8221; Benedykt XVI, cho\u0107 nie wspomina bezpo\u015brednio o Drodze Neokatechumenalnej, m\u00f3wi o &#8222;do\u015bwiadczeniach katechezy&#8221; proponowanych m\u0142odzie\u017cy i doros\u0142ym, kt\u00f3re &#8222;pozwalaj\u0105 im w spos\u00f3b dojrza\u0142y i \u015bwiadomy pod\u0105\u017ca\u0107 drog\u0105 ponownego odkrycia wiary, aby podj\u0105\u0107 sp\u00f3jne zaanga\u017cowanie w dawanie \u015bwiadectwa&#8221; i stwierdza, \u017ce to dzie\u0142o jest dzi\u015b bardzo wa\u017cne. To s\u0105 s\u0142owa Benedykta<\/p>\n<div class=\"read-more\"><a class=\"btn read-more-btn\" href=\"https:\/\/neocatechumenaleiter.org\/pl\/slowa-papiezy\/benedykt-xvi\/aniol-panski-na-placu-sw-piotra-29-x-2006\/\">Czytaj dalej<\/a><\/div>\n","protected":false},"author":2,"featured_media":0,"parent":16508,"menu_order":2,"comment_status":"closed","ping_status":"closed","template":"","meta":{"footnotes":""},"class_list":["post-22521","page","type-page","status-publish","hentry"],"_links":{"self":[{"href":"https:\/\/neocatechumenaleiter.org\/pl\/wp-json\/wp\/v2\/pages\/22521","targetHints":{"allow":["GET"]}}],"collection":[{"href":"https:\/\/neocatechumenaleiter.org\/pl\/wp-json\/wp\/v2\/pages"}],"about":[{"href":"https:\/\/neocatechumenaleiter.org\/pl\/wp-json\/wp\/v2\/types\/page"}],"author":[{"embeddable":true,"href":"https:\/\/neocatechumenaleiter.org\/pl\/wp-json\/wp\/v2\/users\/2"}],"replies":[{"embeddable":true,"href":"https:\/\/neocatechumenaleiter.org\/pl\/wp-json\/wp\/v2\/comments?post=22521"}],"version-history":[{"count":3,"href":"https:\/\/neocatechumenaleiter.org\/pl\/wp-json\/wp\/v2\/pages\/22521\/revisions"}],"predecessor-version":[{"id":22524,"href":"https:\/\/neocatechumenaleiter.org\/pl\/wp-json\/wp\/v2\/pages\/22521\/revisions\/22524"}],"up":[{"embeddable":true,"href":"https:\/\/neocatechumenaleiter.org\/pl\/wp-json\/wp\/v2\/pages\/16508"}],"wp:attachment":[{"href":"https:\/\/neocatechumenaleiter.org\/pl\/wp-json\/wp\/v2\/media?parent=22521"}],"curies":[{"name":"wp","href":"https:\/\/api.w.org\/{rel}","templated":true}]}}