{"id":22525,"date":"2020-03-04T03:08:25","date_gmt":"2020-03-04T02:08:25","guid":{"rendered":"https:\/\/neocatechumenaleiter.org\/slowa-papiezy\/sw-jan-pawel-ii\/konwiwencja-biskupow-obu-ameryk-w-nowym-yorku-1-iv-1997\/"},"modified":"2021-05-11T10:16:32","modified_gmt":"2021-05-11T09:16:32","slug":"konwiwencja-biskupow-obu-ameryk-w-nowym-yorku-1-iv-1997","status":"publish","type":"page","link":"https:\/\/neocatechumenaleiter.org\/pl\/slowa-papiezy\/sw-jan-pawel-ii\/konwiwencja-biskupow-obu-ameryk-w-nowym-yorku-1-iv-1997\/","title":{"rendered":"KONWIWENCJA BISKUP\u00d3W OBU AMERYK W NOWYM YORKU 1-IV-1997"},"content":{"rendered":"\n<h1 class=\"has-text-align-center wp-block-heading\">KONWIWENCJA BISKUP\u00d3W OBU AMERYK W NOWYM YORK 1-IV-1997<\/h1>\n\n<div style=\"height:20px\" aria-hidden=\"true\" class=\"wp-block-spacer\"><\/div>\n\n<h4 class=\"has-text-align-center wp-block-heading\">\u015aw. Jan Pawe\u0142 II<\/h4>\n\n<div style=\"height:20px\" aria-hidden=\"true\" class=\"wp-block-spacer\"><\/div>\n\n<div class=\"wp-block-image\"><figure class=\"alignleft size-large\"><img loading=\"lazy\" decoding=\"async\" width=\"400\" height=\"272\" src=\"https:\/\/neocatechumenaleiter.org\/wp-content\/uploads\/2020\/03\/Camino_Neocatecumenal_Juan_Pablo_II_convivencia_obispos_new_york_1997.jpg\" alt=\"\" class=\"wp-image-5890\" srcset=\"https:\/\/neocatechumenaleiter.org\/wp-content\/uploads\/2020\/03\/Camino_Neocatecumenal_Juan_Pablo_II_convivencia_obispos_new_york_1997.jpg 400w, https:\/\/neocatechumenaleiter.org\/wp-content\/uploads\/2020\/03\/Camino_Neocatecumenal_Juan_Pablo_II_convivencia_obispos_new_york_1997-300x204.jpg 300w\" sizes=\"auto, (max-width: 400px) 100vw, 400px\" \/><\/figure><\/div>\n\n<p><strong>Nowy Jork, 1-5 kwietnia 1997 r.<\/strong><\/p>\n\n<p>&#8222;Nowa Ewangelizacja i Trzecie Tysi\u0105clecie. Tylko nowa estetyka uratuje Ko\u015bci\u00f3\u0142&#8221; &#8211; taki by\u0142 temat. Konwiwencja by\u0142a dla biskup\u00f3w okazj\u0105 do zapoznania si\u0119 z tym, czym jest Droga Neokatechumenalna, pij\u0105c bezpo\u015brednio z jej \u017ar\u00f3d\u0142a. Refleksja nad potrzeb\u0105 nowej estetyki po to , aby ewangelizowa\u0107 w Nowym Tysi\u0105cleciu, nie mog\u0142o znale\u017a\u0107 bardziej odpowiedniego miejsca ni\u017c &#8222;Wielkie Jab\u0142ko&#8221;, kulturalna stolica wsp\u00f3\u0142czesnego \u015bwiata.&#013;\n&#8222;Nowa estetyka&#8221; wprowadzona przez Drog\u0119 Neokatechumenaln\u0105 poprzez swoje wtajemniczenie biblijne i liturgiczne pokazuje w rzeczywisto\u015bci, \u017ce jest w stanie stawi\u0107 czo\u0142a kulturowemu oddzia\u0142ywaniu megalopolis, kt\u00f3re zagra\u017ca \u017cyciu Ko\u015bcio\u0142a.<\/p>\n\n<p><em>Telegram Ojca \u015awi\u0119tego:<\/em><\/p>\n\n<p>\u00abOjciec \u015awi\u0119ty zosta\u0142 poinformowany o spotkaniu zorganizowanym przez Drog\u0119 Neokatechumenaln\u0105 w Nowym Jorku w dniach 1-5 kwietnia. Serdecznie pozdrawia wszystkich, kt\u00f3rzy w nim uczestnicz\u0105, a w szczeg\u00f3lno\u015bci swoich wsp\u00f3\u0142braci biskup\u00f3w, kt\u00f3rzy wsparli t\u0119 inicjatyw\u0119, proponuj\u0105c refleksj\u0119 wraz z modlitw\u0105, kt\u00f3ra b\u0119dzie wk\u0142adem w zbli\u017caj\u0105ce si\u0119 zgromadzenie specjalne Synodu Biskup\u00f3w obu Ameryk. Synod ma za temat: &#8222;Spotkanie z \u017cywym Jezusem Chrystusem, droga do nawr\u00f3cenia, komunii i solidarno\u015bci w Ameryce&#8221;.<\/p>\n\n<div class=\"wp-block-image\"><figure class=\"alignright size-large\"><img loading=\"lazy\" decoding=\"async\" width=\"338\" height=\"400\" src=\"https:\/\/neocatechumenaleiter.org\/wp-content\/uploads\/2020\/03\/Camino_Neocatecumenal_Juan_Pablo_II_convivencia_obispos_new_york_1997_2.jpg\" alt=\"\" class=\"wp-image-5892\" srcset=\"https:\/\/neocatechumenaleiter.org\/wp-content\/uploads\/2020\/03\/Camino_Neocatecumenal_Juan_Pablo_II_convivencia_obispos_new_york_1997_2.jpg 338w, https:\/\/neocatechumenaleiter.org\/wp-content\/uploads\/2020\/03\/Camino_Neocatecumenal_Juan_Pablo_II_convivencia_obispos_new_york_1997_2-254x300.jpg 254w\" sizes=\"auto, (max-width: 338px) 100vw, 338px\" \/><\/figure><\/div>\n\n<p>Synod ten pragnie pobudzi\u0107 nowy impuls ewangelizacyjny w Ko\u015bcio\u0142ach Ameryki, kt\u00f3re przygotowuj\u0105 si\u0119 do wielkiego Jubileuszu roku 2000. Wymaga to odnowiony impuls, nie tylko ze strony duszpasterzy, ale tak\u017ce ze strony \u015bwieckich, stowarzysze\u0144 i ruch\u00f3w ko\u015bcielnych.<\/p>\n\n<p>W tych dniach postaracie si\u0119 okre\u015bli\u0107 wyzwania stoj\u0105ce przed Ko\u015bcio\u0142em w Ameryce, kt\u00f3ry stara si\u0119 wype\u0142nia\u0107 t\u0119 wa\u017cn\u0105 misj\u0119 oraz znale\u017a\u0107 odpowiednie rozwi\u0105zania w \u015bwietle Ducha \u015awi\u0119tego. Ojciec \u015awi\u0119ty b\u0119dzie pami\u0119ta\u0142 w swoich modlitwach o wszystkich, kt\u00f3rzy bior\u0105 udzia\u0142 w spotkaniu. Przyzywaj\u0105c obfitego Bo\u017cego b\u0142ogos\u0142awie\u0144stwa dla waszych decyzji, serdecznie udziela wam swego Apostolskiego B\u0142ogos\u0142awie\u0144stwa\u00bb.<\/p>\n\n<p>Kardyna\u0142 Angelo Sodano, Sekretarz Stanu<\/p>\n","protected":false},"excerpt":{"rendered":"<p>KONWIWENCJA BISKUP\u00d3W OBU AMERYK W NOWYM YORK 1-IV-1997 \u015aw. Jan Pawe\u0142 II Nowy Jork, 1-5 kwietnia 1997 r. &#8222;Nowa Ewangelizacja i Trzecie Tysi\u0105clecie. Tylko nowa estetyka uratuje Ko\u015bci\u00f3\u0142&#8221; &#8211; taki by\u0142 temat. Konwiwencja by\u0142a dla biskup\u00f3w okazj\u0105 do zapoznania si\u0119 z tym, czym jest Droga Neokatechumenalna, pij\u0105c bezpo\u015brednio z jej \u017ar\u00f3d\u0142a. Refleksja nad potrzeb\u0105 nowej estetyki po to , aby ewangelizowa\u0107 w Nowym Tysi\u0105cleciu, nie mog\u0142o znale\u017a\u0107 bardziej odpowiedniego miejsca<\/p>\n<div class=\"read-more\"><a class=\"btn read-more-btn\" href=\"https:\/\/neocatechumenaleiter.org\/pl\/slowa-papiezy\/sw-jan-pawel-ii\/konwiwencja-biskupow-obu-ameryk-w-nowym-yorku-1-iv-1997\/\">Czytaj dalej<\/a><\/div>\n","protected":false},"author":2,"featured_media":0,"parent":16496,"menu_order":89,"comment_status":"closed","ping_status":"closed","template":"","meta":{"footnotes":""},"class_list":["post-22525","page","type-page","status-publish","hentry"],"_links":{"self":[{"href":"https:\/\/neocatechumenaleiter.org\/pl\/wp-json\/wp\/v2\/pages\/22525","targetHints":{"allow":["GET"]}}],"collection":[{"href":"https:\/\/neocatechumenaleiter.org\/pl\/wp-json\/wp\/v2\/pages"}],"about":[{"href":"https:\/\/neocatechumenaleiter.org\/pl\/wp-json\/wp\/v2\/types\/page"}],"author":[{"embeddable":true,"href":"https:\/\/neocatechumenaleiter.org\/pl\/wp-json\/wp\/v2\/users\/2"}],"replies":[{"embeddable":true,"href":"https:\/\/neocatechumenaleiter.org\/pl\/wp-json\/wp\/v2\/comments?post=22525"}],"version-history":[{"count":3,"href":"https:\/\/neocatechumenaleiter.org\/pl\/wp-json\/wp\/v2\/pages\/22525\/revisions"}],"predecessor-version":[{"id":22528,"href":"https:\/\/neocatechumenaleiter.org\/pl\/wp-json\/wp\/v2\/pages\/22525\/revisions\/22528"}],"up":[{"embeddable":true,"href":"https:\/\/neocatechumenaleiter.org\/pl\/wp-json\/wp\/v2\/pages\/16496"}],"wp:attachment":[{"href":"https:\/\/neocatechumenaleiter.org\/pl\/wp-json\/wp\/v2\/media?parent=22525"}],"curies":[{"name":"wp","href":"https:\/\/api.w.org\/{rel}","templated":true}]}}