{"id":22535,"date":"2020-03-04T02:19:33","date_gmt":"2020-03-04T01:19:33","guid":{"rendered":"https:\/\/neocatechumenaleiter.org\/slowa-papiezy\/sw-jan-pawel-ii\/wigilia-zeslania-ducha-swietego-na-placu-sw-piotra-na-otwarcie-misji-miejskiej-z-okazji-wielkiego-jubileuszu-roku-2000-25-v-1996\/"},"modified":"2021-05-11T15:48:10","modified_gmt":"2021-05-11T14:48:10","slug":"wigilia-zeslania-ducha-swietego-na-placu-sw-piotra-na-otwarcie-misji-miejskiej-z-okazji-wielkiego-jubileuszu-roku-2000-25-v-1996","status":"publish","type":"page","link":"https:\/\/neocatechumenaleiter.org\/pl\/slowa-papiezy\/sw-jan-pawel-ii\/wigilia-zeslania-ducha-swietego-na-placu-sw-piotra-na-otwarcie-misji-miejskiej-z-okazji-wielkiego-jubileuszu-roku-2000-25-v-1996\/","title":{"rendered":"WIGILIA ZES\u0141ANIA DUCHA \u015aWI\u0118TEGO NA PLACU \u015aW. PIOTRA NA OTWARCIE MISJI MIEJSKIEJ Z OKAZJI WIELKIEGO JUBILEUSZU ROKU 2000 \u2013 25-V-1996"},"content":{"rendered":"\n<h1 class=\"has-text-align-center wp-block-heading\">WIGILIA ZES\u0141ANIA DUCHA \u015aWI\u0118TEGO NA PLACU \u015aW. PIOTRA NA OTWARCIE MISJI MIEJSKIEJ Z OKAZJI WIELKIEGO JUBILEUSZU ROKU 2000 \u2013 25-V-1996<\/h1>\n\n<div style=\"height:20px\" aria-hidden=\"true\" class=\"wp-block-spacer\"><\/div>\n\n<h4 class=\"has-text-align-center wp-block-heading\">\u015aw. Jan Pawe\u0142 II<\/h4>\n\n<div style=\"height:20px\" aria-hidden=\"true\" class=\"wp-block-spacer\"><\/div>\n\n<p><strong>Plac \u015bw. Piotra, 25 maja 1996 r.<\/strong><\/p>\n\n<p><em>W czuwaniu, podczas kt\u00f3rego Jan Pawe\u0142 II sprawowa\u0142 Eucharysti\u0119 na dziedzi\u0144cu Bazyliki Watyka\u0144skiej, wzi\u0119\u0142y udzia\u0142 wszystkie cz\u0119\u015bci diecezjalnej wsp\u00f3lnoty ko\u015bcielnej: kap\u0142ani, zakonnicy i zakonnice, parafie, stowarzyszenia, ruchy, nowe wsp\u00f3lnoty. Przyby\u0142o ponad sze\u015b\u0107dziesi\u0105t tysi\u0119cy wiernych, a koncelebrowa\u0142o oko\u0142o 1400 kap\u0142an\u00f3w (w tym kardyna\u0142owie i biskupi obecni w diecezji). Poni\u017cej zamieszczamy tekst homilii Jana Paw\u0142a II:<\/em><\/p>\n\n<p>\u00ab1. \u201ePok\u00f3j wam! Jak Ojciec Mnie pos\u0142a\u0142, tak i Ja was posy\u0142am&#8230; Przyjmijcie Ducha \u015awi\u0119tego!\u201d (<em>J 20, 21-22<\/em>). W wigili\u0119 Zes\u0142ania Ducha \u015awi\u0119tego Ko\u015bci\u00f3\u0142 w Rzymie gromadzi si\u0119 jak Aposto\u0142owie w Wieczerniku po wydarzeniach Triduum Paschalnego. Wiedzieli, \u017ce Pan zmartwychwsta\u0142 i ukaza\u0142 si\u0119 Szymonowi. Ale sam Jezus wszed\u0142 mi\u0119dzy nich i skierowa\u0142 do nich pozdrowienie pokoju. Nast\u0119pnie pokaza\u0142 swoje przebite r\u0119ce i bok, z widocznymi znakami Jego m\u0119ki. Tak! To jest rzeczywi\u015bcie On. To jest ten sam Jezus, najpierw ukrzy\u017cowany, a teraz zmartwychwsta\u0142y. &#8222;Uczniowie uradowali si\u0119, gdy ujrzeli Pana&#8221; (<em>J 20, 20<\/em>). Jednak ju\u017c wieczorem w dniu Wielkanocy Jezus zapowiedzia\u0142 wydarzenie Pi\u0119\u0107dziesi\u0105tnicy: &#8222;Jak Ojciec Mnie pos\u0142a\u0142, tak i Ja was posy\u0142am&#8230; Przyjmijcie Ducha \u015awi\u0119tego&#8221; (<em>J 20, 21-22<\/em>).<\/p>\n\n<p>2. Drodzy bracia i siostry diecezji rzymskiej! Poprzez czuwanie modlitewne przypominaj\u0105ce czuwanie wielkanocne zgromadzili\u015bmy si\u0119 tutaj, aby przygotowa\u0107 si\u0119 na uroczysto\u015b\u0107 zst\u0105pienia Ducha \u015awi\u0119tego. Czytanie z Dziej\u00f3w Apostolskich, kt\u00f3re przed chwil\u0105 us\u0142yszeli\u015bmy, przypomina to, co wydarzy\u0142o si\u0119 w Jerozolimie w dniu Pi\u0119\u0107dziesi\u0105tnicy: nag\u0142y poryw wiatru, pojawienie si\u0119 j\u0119zyk\u00f3w ognia, Aposto\u0142owie nape\u0142nieni Duchem \u015awi\u0119tym zaczynaj\u0105 g\u0142osi\u0107 Ewangeli\u0119 w nieznanych im j\u0119zykach. Narodzi\u0142 si\u0119 Ko\u015bci\u00f3\u0142. Ludzie nale\u017c\u0105cy do r\u00f3\u017cnych narod\u00f3w i pos\u0142uguj\u0105cy si\u0119 r\u00f3\u017cnymi j\u0119zykami s\u0142ysz\u0105, jak Aposto\u0142owie, kt\u00f3rzy byli Galilejczykami, przemawiaj\u0105 w ich w\u0142asnych j\u0119zykach (<em>por. Dz 1, 11<\/em>): &#8222;S\u0142yszymy ich, jak w naszych j\u0119zykach g\u0142osz\u0105 wielkie dzie\u0142a Bo\u017ce&#8221; (<em>Dz 2, 11<\/em>). Jest to uroczysty pocz\u0105tek pos\u0142ania Aposto\u0142\u00f3w, pos\u0142ania otrzymanego pi\u0119\u0107dziesi\u0105t dni wcze\u015bniej od Zmartwychwsta\u0142ego Pana, kt\u00f3ry poleci\u0142 im: &#8222;Oto Ja was posy\u0142am&#8230; Przyjmijcie Ducha \u015awi\u0119tego&#8221; (<em>J 20, 21-22<\/em>).<\/p>\n\n<p>3. \u201c<em>Emitte Spiritum tuum et creabuntur<\/em>: ze\u015blij swego Ducha, a zostan\u0105 stworzeni&#8221; (<em>por. Ps 103, 30<\/em>). M\u00f3wi\u0105c: &#8222;Otrzymacie Ducha \u015awi\u0119tego&#8221;, Chrystus objawia stw\u00f3rcz\u0105 moc Ducha Bo\u017cego, kt\u00f3ry, wylany na ka\u017cdego cz\u0142owieka (<em>por. Jl 3, 1<\/em>), przywraca jedno\u015b\u0107 rodzaju ludzkiego, zerwan\u0105 z powodu grzechu przy wie\u017cy Babel. Babel sta\u0142 si\u0119 symbolem rozpadu i rozpaczy (<em>por. Rdz 11, 1-9<\/em>). Pi\u0119\u0107dziesi\u0105tnica natomiast jest pe\u0142nym urzeczywistnieniem jedno\u015bci, kt\u00f3ra moc\u0105 Ducha Prawdy zostaje odtworzona w\u0142a\u015bnie z wielo\u015bci ludzkich istnie\u0144 i do\u015bwiadcze\u0144. Chrystus staje na czele ludu Nowego Przymierza: jest wielkim Prorokiem d\u0142ugo oczekiwanym. Wok\u00f3\u0142 Niego powinni zgromadzi\u0107 si\u0119 &#8222;synowie i c\u00f3rki&#8221; nowego Izraela <em>(por. Lumen gentium, 9<\/em>), kt\u00f3rzy pod natchnieniem \u017cyciodajnego Ducha (<em>por. Ez 37, 14<\/em>) wezm\u0105 osobisty udzia\u0142 w zbawczej misji Chrystusa, Kap\u0142ana, Proroka i Kr\u00f3la, id\u0105c Jego \u015bladami przez wieki i tysi\u0105clecia.<\/p>\n\n<p>4. Drugie tysi\u0105clecie chrze\u015bcija\u0144stwa dobiega ko\u0144ca. \u015awiadomi, \u017ce zbli\u017ca si\u0119 trzecie tysi\u0105clecie, zgromadzili\u015bmy si\u0119 w szczeg\u00f3lnym Wieczerniku Ko\u015bcio\u0142a, utworzonym dzi\u015b wieczorem przy grobie \u015bw. Piotra. Spogl\u0105daj\u0105 na nas prawie dwa tysi\u0105clecia, kt\u00f3rych \u015bwiadkiem w wyj\u0105tkowy spos\u00f3b jest to miejsce, naznaczone grobami M\u0119czennik\u00f3w i Wyznawc\u00f3w wiary. Tutaj jeste\u015bmy w pobli\u017cu relikwii Aposto\u0142\u00f3w, filar\u00f3w Ko\u015bcio\u0142a w Rzymie. A to, co wydarzy\u0142o si\u0119 w wiecz\u00f3r wielkanocny, powtarza si\u0119 teraz w\u015br\u00f3d nas. Chrystus przez Eucharysti\u0119 przekracza przestrze\u0144 i czas i uobecnia si\u0119 po\u015br\u00f3d nas, tak jak w\u00f3wczas uczyni\u0142 to z Aposto\u0142ami zgromadzonymi w Wieczerniku. Te same s\u0142owa kieruje do nas: &#8222;Pok\u00f3j wam! Jak Ojciec Mnie pos\u0142a\u0142, tak i Ja was posy\u0142am. Przyjmijcie Ducha \u015awi\u0119tego&#8221;.<\/p>\n\n<p>5. Przyjmijcie Ducha \u015awi\u0119tego! Zebrali\u015bmy si\u0119, aby wsp\u00f3lnie przyzywa\u0107 daru Ducha \u015awi\u0119tego dla ca\u0142ej wsp\u00f3lnoty ko\u015bcielnej Rzymu, wezwanej do pe\u0142nienia wymagaj\u0105cej misji w tym mie\u015bcie. Poprzez t\u0119 inicjatyw\u0119 apostolsk\u0105 Ko\u015bci\u00f3\u0142 w Rzymie pragnie szeroko otworzy\u0107 ramiona dla ka\u017cdej osoby i rodziny w mie\u015bcie i przenikn\u0105\u0107 jak zaczyn do ka\u017cdej sfery spo\u0142ecznej: pracy, cierpienia, sztuki i kultury, g\u0142osz\u0105c i daj\u0105c \u015bwiadectwo bliskim i dalekim o Zmartwychwsta\u0142ym Panu. Najdro\u017csi bracia i siostry, \u017cyj\u0105c w tej metropolii, kt\u00f3ra niestety nie jest wolna od pokus sekularyzmu, jeste\u015bmy jakby subtelnie zagro\u017ceni zm\u0119czeniem, oboj\u0119tno\u015bci\u0105, duchowym letargiem i tym relatywizmem, w kt\u00f3rym wszystko jest rozwodnione i pomieszane. Dlatego wielkie pos\u0142anie tego miasta, kt\u00f3re uroczy\u015bcie inaugurujemy w Wigilii, jest skierowane przede wszystkim do wierz\u0105cych. Jest to zw\u0142aszcza b\u0142aganie zwr\u00f3cone do Ducha \u015awi\u0119tego, aby umocni\u0142 nasz\u0105 wiar\u0119, odnowi\u0142 nasz\u0105 gorliwo\u015b\u0107 i rozpali\u0142 nasz\u0105 mi\u0142o\u015b\u0107. Niech nasze serca nie b\u0119d\u0105 niepokojone przez strach i w\u0105tpliwo\u015bci. Wr\u0119cz przeciwnie, licz\u0105c nie na ludzkie si\u0142y, ale na \u0142ask\u0119, kt\u00f3ra pochodzi od Boga, zanie\u015bmy, jako \u015bwiadkowie prawdy i mi\u0142o\u015bci Chrystusa, Ewangeli\u0119 nadziei ka\u017cdemu mieszka\u0144cowi Rzymu. W ten spos\u00f3b b\u0119dziemy mogli r\u00f3wnie\u017c wp\u0142ywa\u0107 na kultur\u0119, spos\u00f3b \u017cycia, oczekiwania i projekty ca\u0142ej spo\u0142eczno\u015bci miasta.<\/p>\n\n<p>6. Ko\u015bciele, kt\u00f3ry jeste\u015b w Rzymie, Pan umi\u0142owa\u0142 ci\u0119 mi\u0142o\u015bci\u0105 bezwarunkow\u0105. Z tego powodu jeste\u015bcie bogaci w si\u0142y duchowe i misyjne, a Duch \u015awi\u0119ty, w\u0142a\u015bnie poprzez pos\u0142anie, wzbudzi w was jeszcze wiele innych. Zwracam si\u0119 przede wszystkim do was, drodzy bracia w kap\u0142a\u0144stwie, konsekrowani, aby\u015bcie byli pierwszymi \u015bwiadkami Ewangelii, aposto\u0142ami prawdy i jedno\u015bci: b\u0105d\u017acie jako pierwsi niestrudzonymi pracownikami w misji, b\u0105d\u017acie \u015bwi\u0119ci, aby stanowi\u0107 pos\u0142uszne narz\u0119dzia, przez kt\u00f3re B\u00f3g u\u015bwi\u0119ca sw\u00f3j ludu. To w\u0142a\u015bnie od parafii musi si\u0119 rozpocz\u0105\u0107 to pos\u0142anie, a wy jeste\u015bcie odpowiedzialnymi i wykwalifikowanymi animatorami wsp\u00f3lnot parafialnych. A wy, drodzy zakonnicy i zakonnice, powo\u0142ani do tego, by by\u0107 proroczym znakiem obecno\u015bci Boga, oddajcie si\u0119 z entuzjazmem poprzez modlitw\u0119 i dzia\u0142alno\u015b\u0107 apostolsk\u0105 Ko\u015bcio\u0142owi w misji. W\u0142a\u015bnie w darze z siebie znajdziecie smak waszego powo\u0142ania. My\u015bl\u0119 o was, drodzy bracia i siostry, kt\u00f3rzy cierpliwie pracujecie w parafiach i tworzycie trwa\u0142\u0105 tkanin\u0119 codziennej dzia\u0142alno\u015bci duszpasterskiej, katechezy i pos\u0142ugi charytatywnej. Poprzez pos\u0142anie znajdziecie odnowiony duchowy zapa\u0142 do przekazywania Ewangelii Chrystusa w waszych rodzinach i \u015brodowiskach, w kt\u00f3rych pracujecie. Wy, drodzy cz\u0142onkowie licznych ruch\u00f3w, organizacji i stowarzysze\u0144 ko\u015bcielnych, zapewniacie, aby misja w mie\u015bcie otrzyma\u0142a pe\u0142n\u0105 i wiern\u0105 wsp\u00f3\u0142prac\u0119 z duszpasterzami, parafiami i ca\u0142\u0105 diecezj\u0105.<\/p>\n\n<p>Wy, drodzy m\u0142odzi, oddajcie swoje \u015bwie\u017ce si\u0142y na s\u0142u\u017cb\u0119 tego wielkiego duchowego przedsi\u0119wzi\u0119cia, wznosz\u0105c si\u0119 ponad wszelkie obawy i ludzki szacunek. G\u0142o\u015bcie z odwag\u0105 i \u015bmia\u0142o\u015bci\u0105 swoj\u0105 wiar\u0119 w Chrystusa w\u015br\u00f3d r\u00f3wie\u015bnik\u00f3w i przyjaci\u00f3\u0142. R\u00f3wnie\u017c od was, drodzy chorzy i cierpi\u0105cy, i od was, kt\u00f3rzy czujecie si\u0119 zepchni\u0119ci na margines, misja w mie\u015bcie oczekuje wk\u0142adu, kt\u00f3ry w pewnym sensie decyduje o jej powodzeniu. Akceptuj\u0105c sw\u00f3j stan i ofiarowuj\u0105 go Ojcu niebieskiemu i Chrystusowi, mo\u017cecie sta\u0107 si\u0119 opatrzno\u015bciow\u0105 i tajemnicz\u0105 drog\u0105 zbawienia dla Rzymu.&#013;\n&#013;\nTa misja jest waszym udzia\u0142em, drodzy cz\u0142onkowie Kurii Rzymskiej i moi wsp\u00f3\u0142pracownicy w s\u0142u\u017cbie Ko\u015bcio\u0142a Powszechnego, wezwani do wniesienia waszego kompetentnego wk\u0142adu w \u017cycie wsp\u00f3lnoty chrze\u015bcija\u0144skiej w Rzymie i w przygotowanie Wielkiego Jubileuszu Roku Dwutysi\u0119cznego. Wasz wk\u0142ad b\u0119dzie wa\u017cniejszy ni\u017c kiedykolwiek dla powodzenia tej szerokiej dzia\u0142alno\u015bci ewangelizacyjnej. <\/p>\n\n<p>Misja ta jest r\u00f3wnie\u017c skierowana do was, drodzy bracia i siostry, kt\u00f3rzy przybyli\u015bcie do Rzymu z najr\u00f3\u017cniejszych stron \u015bwiata. Jeste\u015bcie teraz nierozdzieln\u0105 cz\u0119\u015bci\u0105 naszej wsp\u00f3lnoty diecezjalnej. Dzi\u0119kuj\u0119, \u017ce jeste\u015bcie tu z nami tego wieczoru, aby si\u0119 modli\u0107. Niech misja w mie\u015bcie, po Synodzie Diecezjalnym, b\u0119dzie kolejnym krokiem naprz\u00f3d na drodze duchowego wzrostu i komunii mi\u0119dzy wszystkimi chrze\u015bcijanami, kt\u00f3rzy \u017cyj\u0105 w naszym mie\u015bcie.<\/p>\n\n<p>7. Nasze spojrzenie tego wieczoru obejmuje oczekiwania Ko\u015bcio\u0142a Powszechnego, kt\u00f3ry zmierza ku wielkiemu Jubileuszowi Roku 2000. Ko\u015bci\u00f3\u0142 stara si\u0119 bardziej u\u015bwiadomi\u0107 sobie obecno\u015b\u0107 Ducha \u015awi\u0119tego, kt\u00f3ry dzia\u0142a w nim dla dobra jego komunii i misji, poprzez dary sakramentalne, hierarchiczne i charyzmatyczne. Jednym z dar\u00f3w Ducha dla naszych czas\u00f3w jest z pewno\u015bci\u0105 rozkwit ruch\u00f3w ko\u015bcielnych, kt\u00f3re od pocz\u0105tku mojego pontyfikatu wskazywa\u0142em jako pow\u00f3d do nadziei dla Ko\u015bcio\u0142a i dla ludzko\u015bci. S\u0105 one &#8222;znakiem wolno\u015bci formy, w kt\u00f3rej urzeczywistnia si\u0119 jeden Ko\u015bci\u00f3\u0142, i stanowi\u0105 pewn\u0105 nowo\u015b\u0107, kt\u00f3ra czeka jeszcze na w\u0142a\u015bciwe zrozumienie w ca\u0142ej swej pozytywnej skuteczno\u015bci dla Kr\u00f3lestwa Bo\u017cego dzia\u0142aj\u0105cego w obecnym czasie historii&#8221; (<em>Insegnamenti, VII\/2 [1984], s. 696<\/em>). W ramach obchod\u00f3w Wielkiego Jubileuszu, zw\u0142aszcza roku 1998, po\u015bwi\u0119conego w spos\u00f3b szczeg\u00f3lny Duchowi \u015awi\u0119temu i Jego u\u015bwi\u0119caj\u0105cej obecno\u015bci we Wsp\u00f3lnocie uczni\u00f3w Chrystusa (<em>por. Tertio millennio adveniente, n. 44<\/em>), licz\u0119 na wsp\u00f3lne \u015bwiadectwo i wsp\u00f3\u0142prac\u0119 ruch\u00f3w. Ufam, \u017ce one w jedno\u015bci z duszpasterzami i w po\u0142\u0105czeniu z inicjatywami diecezjalnymi, wnios\u0105 do serca Ko\u015bcio\u0142a swoje bogactwo charyzmatyczne, a wi\u0119c wychowawcze i misyjne, jako cenne do\u015bwiadczenie i propozycj\u0119 \u017cycia chrze\u015bcija\u0144skiego.<\/p>\n\n<p>8. &#8222;Pok\u00f3j niech b\u0119dzie z wami! Jak Ojciec Mnie pos\u0142a\u0142, tak i Ja was posy\u0142am&#8230; Przyjmijcie Ducha \u015awi\u0119tego&#8221;. Chrystus, tak\u017ce w znaku ksi\u0119gi Ewangelii, kt\u00f3r\u0105 dzi\u015b wieczorem powierzam Kardyna\u0142owi Wikariuszowi do uroczystego wystawienia w bazylice \u015bw. Jana na Lateranie, jest obecny i podtrzymuje drog\u0119 wielkiej misji do miasta, kt\u00f3ra doprowadzi wsp\u00f3lnot\u0119 ko\u015bcieln\u0105 Rzymu do progu trzeciego tysi\u0105clecia. &#8222;Tak\u017ce Ja was posy\u0142am&#8230;&#8221;. Panie, tak jak na pocz\u0105tku misji Ko\u015bcio\u0142a, tak i dzisiaj posy\u0142asz nas na now\u0105 misj\u0119 ewangelizacyjn\u0105. Powierzasz nam zadanie niesienia Dobrej Nowiny na ulice i place tego miasta; chcesz, aby Tw\u00f3j Ko\u015bci\u00f3\u0142 by\u0142 pielgrzymem nadziei i pokoju na drogach \u015bwiata. Podtrzymuj nasz\u0105 drog\u0119 si\u0142\u0105 Twojego Ducha, uczy\u0144 nas odwa\u017cnymi aposto\u0142ami Ewangelii i budowniczymi nowej ludzko\u015bci. Maryjo, Salus Popoli Romani, kt\u00f3ra przez czcigodn\u0105 ikon\u0119 towarzyszysz nam w tej nocnej pielgrzymce, kieruj naszymi krokami, wyjednaj nam pe\u0142ni\u0119 dar\u00f3w Ducha \u015awi\u0119tego.<\/p>\n\n<p>\u201cEmitte Spiritum tuum et creabuntur\u201d \u00a1Am\u00e9n!\u00bb. (*) Por. &#8222;L&#8217;Osservatore Romano&#8221;, 27-28 maja 1996 r.<\/p>\n","protected":false},"excerpt":{"rendered":"<p>WIGILIA ZES\u0141ANIA DUCHA \u015aWI\u0118TEGO NA PLACU \u015aW. PIOTRA NA OTWARCIE MISJI MIEJSKIEJ Z OKAZJI WIELKIEGO JUBILEUSZU ROKU 2000 \u2013 25-V-1996 \u015aw. Jan Pawe\u0142 II Plac \u015bw. Piotra, 25 maja 1996 r. W czuwaniu, podczas kt\u00f3rego Jan Pawe\u0142 II sprawowa\u0142 Eucharysti\u0119 na dziedzi\u0144cu Bazyliki Watyka\u0144skiej, wzi\u0119\u0142y udzia\u0142 wszystkie cz\u0119\u015bci diecezjalnej wsp\u00f3lnoty ko\u015bcielnej: kap\u0142ani, zakonnicy i zakonnice, parafie, stowarzyszenia, ruchy, nowe wsp\u00f3lnoty. Przyby\u0142o ponad sze\u015b\u0107dziesi\u0105t tysi\u0119cy wiernych, a koncelebrowa\u0142o oko\u0142o 1400 kap\u0142an\u00f3w<\/p>\n<div class=\"read-more\"><a class=\"btn read-more-btn\" href=\"https:\/\/neocatechumenaleiter.org\/pl\/slowa-papiezy\/sw-jan-pawel-ii\/wigilia-zeslania-ducha-swietego-na-placu-sw-piotra-na-otwarcie-misji-miejskiej-z-okazji-wielkiego-jubileuszu-roku-2000-25-v-1996\/\">Czytaj dalej<\/a><\/div>\n","protected":false},"author":2,"featured_media":0,"parent":16496,"menu_order":86,"comment_status":"closed","ping_status":"closed","template":"","meta":{"footnotes":""},"class_list":["post-22535","page","type-page","status-publish","hentry"],"_links":{"self":[{"href":"https:\/\/neocatechumenaleiter.org\/pl\/wp-json\/wp\/v2\/pages\/22535","targetHints":{"allow":["GET"]}}],"collection":[{"href":"https:\/\/neocatechumenaleiter.org\/pl\/wp-json\/wp\/v2\/pages"}],"about":[{"href":"https:\/\/neocatechumenaleiter.org\/pl\/wp-json\/wp\/v2\/types\/page"}],"author":[{"embeddable":true,"href":"https:\/\/neocatechumenaleiter.org\/pl\/wp-json\/wp\/v2\/users\/2"}],"replies":[{"embeddable":true,"href":"https:\/\/neocatechumenaleiter.org\/pl\/wp-json\/wp\/v2\/comments?post=22535"}],"version-history":[{"count":3,"href":"https:\/\/neocatechumenaleiter.org\/pl\/wp-json\/wp\/v2\/pages\/22535\/revisions"}],"predecessor-version":[{"id":22538,"href":"https:\/\/neocatechumenaleiter.org\/pl\/wp-json\/wp\/v2\/pages\/22535\/revisions\/22538"}],"up":[{"embeddable":true,"href":"https:\/\/neocatechumenaleiter.org\/pl\/wp-json\/wp\/v2\/pages\/16496"}],"wp:attachment":[{"href":"https:\/\/neocatechumenaleiter.org\/pl\/wp-json\/wp\/v2\/media?parent=22535"}],"curies":[{"name":"wp","href":"https:\/\/api.w.org\/{rel}","templated":true}]}}