{"id":48258,"date":"2025-12-10T03:10:12","date_gmt":"2025-12-10T02:10:12","guid":{"rendered":"https:\/\/neocatechumenaleiter.org\/slowa-papiezy\/leon-xiv\/"},"modified":"2026-03-20T12:44:01","modified_gmt":"2026-03-20T11:44:01","slug":"leon-xiv","status":"publish","type":"page","link":"https:\/\/neocatechumenaleiter.org\/pl\/slowa-papiezy\/leon-xiv\/","title":{"rendered":"Leon XIV"},"content":{"rendered":"\n<h1 class=\"wp-block-heading has-text-align-center\">Leon XIV<\/h1>\n\n<div style=\"height:20px\" aria-hidden=\"true\" class=\"wp-block-spacer\"><\/div>\n\n<h4 class=\"wp-block-heading has-text-align-center\">Biografia<\/h4>\n\n<div style=\"height:20px\" aria-hidden=\"true\" class=\"wp-block-spacer\"><\/div>\n<div class=\"wp-block-image is-style-default\">\n<figure data-wp-context=\"{&quot;imageId&quot;:&quot;69dcf8269e30e&quot;}\" data-wp-interactive=\"core\/image\" data-wp-key=\"69dcf8269e30e\" class=\"alignleft size-medium wp-lightbox-container\"><img loading=\"lazy\" decoding=\"async\" width=\"250\" height=\"300\" data-wp-class--hide=\"state.isContentHidden\" data-wp-class--show=\"state.isContentVisible\" data-wp-init=\"callbacks.setButtonStyles\" data-wp-on--click=\"actions.showLightbox\" data-wp-on--load=\"callbacks.setButtonStyles\" data-wp-on-window--resize=\"callbacks.setButtonStyles\" src=\"https:\/\/neocatechumenaleiter.org\/wp-content\/uploads\/2025\/12\/Papa-Leone-XIV-foto-ufficiale_Copyright-VATICAN-MEDIA-500x600-2-250x300.jpg\" alt=\"Papie&#x17C; Leon XIV\" class=\"wp-image-46111\" srcset=\"https:\/\/neocatechumenaleiter.org\/wp-content\/uploads\/2025\/12\/Papa-Leone-XIV-foto-ufficiale_Copyright-VATICAN-MEDIA-500x600-2-250x300.jpg 250w, https:\/\/neocatechumenaleiter.org\/wp-content\/uploads\/2025\/12\/Papa-Leone-XIV-foto-ufficiale_Copyright-VATICAN-MEDIA-500x600-2.jpg 500w\" sizes=\"auto, (max-width: 250px) 100vw, 250px\" \/><button\n\t\t\tclass=\"lightbox-trigger\"\n\t\t\ttype=\"button\"\n\t\t\taria-haspopup=\"dialog\"\n\t\t\taria-label=\"Powi\u0119ksz\"\n\t\t\tdata-wp-init=\"callbacks.initTriggerButton\"\n\t\t\tdata-wp-on--click=\"actions.showLightbox\"\n\t\t\tdata-wp-style--right=\"state.imageButtonRight\"\n\t\t\tdata-wp-style--top=\"state.imageButtonTop\"\n\t\t>\n\t\t\t<svg xmlns=\"http:\/\/www.w3.org\/2000\/svg\" width=\"12\" height=\"12\" fill=\"none\" viewBox=\"0 0 12 12\">\n\t\t\t\t<path fill=\"#fff\" d=\"M2 0a2 2 0 0 0-2 2v2h1.5V2a.5.5 0 0 1 .5-.5h2V0H2Zm2 10.5H2a.5.5 0 0 1-.5-.5V8H0v2a2 2 0 0 0 2 2h2v-1.5ZM8 12v-1.5h2a.5.5 0 0 0 .5-.5V8H12v2a2 2 0 0 1-2 2H8Zm2-12a2 2 0 0 1 2 2v2h-1.5V2a.5.5 0 0 0-.5-.5H8V0h2Z\" \/>\n\t\t\t<\/svg>\n\t\t<\/button><figcaption class=\"wp-element-caption\"><strong>\u00a9<\/strong>Vatican media<\/figcaption><\/figure><\/div>\n<p>Robert Francis Prevost urodzi\u0142 si\u0119 <strong>14 wrze\u015bnia 1955 roku<\/strong> w <strong>Chicago, Illinois, Stany Zjednoczone.<\/strong><\/p>\n\n<p>Ju\u017c w m\u0142odo\u015bci wst\u0105pi\u0142<strong> do zakonu \u015bw. Augustyna (OSA),<\/strong> gdzie 29 sierpnia 1981 r. z\u0142o\u017cy\u0142 \u015bluby wieczyste, a 19 czerwca 1982 r. przyj\u0105\u0142 \u015bwi\u0119cenia kap\u0142a\u0144skie.<\/p>\n\n<p>Uko\u0144czy\u0142 studia wy\u017csze w r\u00f3\u017cnych uczelniach: <strong>uzyska\u0142 tytu\u0142 magistra teologii<\/strong> w Catholic Theological Union w Chicago oraz tytu\u0142 <strong>doktora prawa kanonicznego<\/strong> na Papieskim Uniwersytecie \u015bw. Tomasza z Akwinu w Rzymie (Angelicum).<\/p>\n\n<p>W 1985 roku zosta\u0142 pos\u0142any jako misjonarz augustia\u0144ski do Peru, do Chulucanas, a potem do Trujillo w 1988, gdzie pe\u0142ni\u0142 funkcj\u0119 przeora wsp\u00f3lnoty (1988\u20131992). W 1999 roku zosta\u0142 wybrany przeorem prowincjalnym prowincji \u201eMother of Good Counsel\u201d w Chicago.<\/p>\n\n<p>W latach 2001\u20132013 pe\u0142ni\u0142 funkcj\u0119 przeora generalnego Zakonu \u015bw. Augustyna.<\/p>\n\n<p>W 2014 roku zosta\u0142 mianowany administratorem apostolskim diecezji Chiclayo, a 12 grudnia, w \u015bwi\u0119to Matki Bo\u017cej z Guadalupe, <strong>otrzyma\u0142 \u015bwi\u0119cenia biskupie<\/strong>. Od 26 listopada 2025 roku by\u0142 biskupem ordynariuszem Chiclayo. W latach 2018\u20132023 by\u0142 wiceprzewodnicz\u0105cym Peruwia\u0144skiej Konferencji Episkopatu.<\/p>\n\n<p>W 2019 r. zosta\u0142 cz\u0142onkiem Kongregacji ds. Duchowie\u0144stwa, a w 2020 r. \u2013 cz\u0142onkiem Kongregacji ds. Biskup\u00f3w. 15 kwietnia tego samego roku papie\u017c mianowa\u0142 go administratorem apostolskim diecezji Callao.<\/p>\n\n<p>20 stycznia 2023 r. papie\u017c mianowa\u0142 go <strong>prefektem Dykasterium ds. Biskup\u00f3w<\/strong>. W tym samym roku <strong>zosta\u0142 mianowany kardyna\u0142em<\/strong> i przewodnicz\u0105cym <strong>Papieskiej Komisji ds. Ameryki \u0141aci\u0144skiej.<\/strong><\/p>\n\n<p>Po \u015bmierci papie\u017ca Franciszka konklawe zebrane w Rzymie wybiera Roberta Prevosta na nowego <strong>papie\u017ca 8 maja 2025 roku<\/strong>, w \u015bwi\u0119to Matki Bo\u017cej z Pompei.<\/p>\n\n<p>Motto papie\u017ca Leona XIV brzmi <strong>\u201ein Illo uno unum\u201d<\/strong>, co mo\u017cna przet\u0142umaczy\u0107 jako <strong>\u201ew Jednym jeste\u015bmy jednym\u201d<\/strong> lub \u201ew Nim, jednym\u201d. To zdanie, zaczerpni\u0119te z wyk\u0142adu \u015bw. Augustyna na temat Psalmu 127, odzwierciedla jego pogl\u0105dy na temat jedno\u015bci i wsp\u00f3lnoty chrze\u015bcijan w Chrystusie.<\/p>\n\n<div style=\"height:20px\" aria-hidden=\"true\" class=\"wp-block-spacer\"><\/div>\n\n<hr class=\"wp-block-separator aligncenter has-alpha-channel-opacity is-style-wide\"\/>\n\n<div style=\"height:20px\" aria-hidden=\"true\" class=\"wp-block-spacer\"><\/div>\n\n<h3 class=\"wp-block-heading has-text-align-center\">Dokumentacja<\/h3>\n\n<div style=\"height:40px\" aria-hidden=\"true\" class=\"wp-block-spacer\"><\/div>\n\n<section id=\"search-2\" class=\"widget widget_search\"><form role=\"search\" method=\"get\" class=\"search-form\" action=\"https:\/\/neocatechumenaleiter.org\/pl\">\r\n\t<label for=\"search-form-5e59be1dc1b02\">\r\n\t\t<span class=\"screen-reader-text\">Szukaj:<\/span>\r\n        <input type=\"search\" id=\"search-form-5e59be1dc1b02\" class=\"search-field\" placeholder=\"Szukaj \u2026\" value=\"\" name=\"s\"\/><\/label>\r\n\t<button type=\"submit\" class=\"search-submit\">\r\n    \t<span class=\"screen-reader-text\">Szukaj<\/span>\r\n        <i class=\"icon-magnifier\"><\/i>\r\n    <\/button>\r\n<\/form>\r\n<\/section>\n<div style=\"height:40px\" aria-hidden=\"true\" class=\"wp-block-spacer\"><\/div>\n\n<div class=\"wp-block-columns are-vertically-aligned-center is-layout-flex wp-container-core-columns-is-layout-9d6595d7 wp-block-columns-is-layout-flex\">\n<div class=\"wp-block-column is-vertically-aligned-center is-layout-flow wp-block-column-is-layout-flow\">\n<h4 class=\"wp-block-heading has-text-align-center\">Rok 2025<\/h4>\n\n\n\n<div style=\"height:20px\" aria-hidden=\"true\" class=\"wp-block-spacer\"><\/div>\n\n\n\n<figure class=\"wp-block-embed aligncenter is-type-wp-embed is-provider-camino-neocatecumenal wp-block-embed-camino-neocatecumenal\"><div class=\"wp-block-embed__wrapper\">\r\n<blockquote class=\"wp-embedded-content\" data-secret=\"HKbItAanhb\"><a href=\"https:\/\/neocatechumenaleiter.org\/pl\/papiez-leon-xiv-przyjmuje-kiko-arguello-inicjatora-drogi-neokatechumenalnej\/\">El Papa Le\u00f3n XIV recibe a Kiko Arguello, iniciador del Camino\u00a0Neocatecumenal<\/a><\/blockquote><iframe loading=\"lazy\" class=\"wp-embedded-content\" sandbox=\"allow-scripts\" security=\"restricted\" style=\"position: absolute; visibility: hidden;\" title=\"&#8222;El Papa Le\u00f3n XIV recibe a Kiko Arguello, iniciador del Camino\u00a0Neocatecumenal&#8221; &#8212; Droga Neokatechumenalna\" src=\"https:\/\/neocatechumenaleiter.org\/pl\/papiez-leon-xiv-przyjmuje-kiko-arguello-inicjatora-drogi-neokatechumenalnej\/embed\/#?secret=bOQMTGtvjt#?secret=HKbItAanhb\" data-secret=\"HKbItAanhb\" width=\"600\" height=\"338\" frameborder=\"0\" marginwidth=\"0\" marginheight=\"0\" scrolling=\"no\"><\/iframe>\r\n<\/div><\/figure><br>\n<\/div>\n\n\n\n<div class=\"wp-block-column is-vertically-aligned-center is-layout-flow wp-block-column-is-layout-flow\">\n<h4 class=\"wp-block-heading has-text-align-center\">Rok 2026<\/h4>\n\n\n\n<div style=\"height:20px\" aria-hidden=\"true\" class=\"wp-block-spacer\"><\/div>\n\n\n\n<figure class=\"wp-block-embed aligncenter is-type-wp-embed is-provider-camino-neocatecumenal wp-block-embed-camino-neocatecumenal\"><div class=\"wp-block-embed__wrapper\">\r\n<blockquote class=\"wp-embedded-content\" data-secret=\"3H75pFy4FZ\"><a href=\"https:\/\/neocatechumenaleiter.org\/pl\/droga-neokatechumenalna-cenny-wklad-w-zycie-kosciola\/\">El Camino Neocatecumenal: &#8222;Una preciosa contribuci\u00f3n para la vida de la Iglesia&#8221;<\/a><\/blockquote><iframe loading=\"lazy\" class=\"wp-embedded-content\" sandbox=\"allow-scripts\" security=\"restricted\" style=\"position: absolute; visibility: hidden;\" title=\"&#8222;El Camino Neocatecumenal: &#8222;Una preciosa contribuci\u00f3n para la vida de la Iglesia&#8221;&#8221; &#8212; Droga Neokatechumenalna\" src=\"https:\/\/neocatechumenaleiter.org\/pl\/droga-neokatechumenalna-cenny-wklad-w-zycie-kosciola\/embed\/#?secret=JLKbqqUtFo#?secret=3H75pFy4FZ\" data-secret=\"3H75pFy4FZ\" width=\"600\" height=\"338\" frameborder=\"0\" marginwidth=\"0\" marginheight=\"0\" scrolling=\"no\"><\/iframe>\r\n<\/div><\/figure><br>\n<\/div>\n<\/div>\n\n<div style=\"height:40px\" aria-hidden=\"true\" class=\"wp-block-spacer\"><\/div>\n","protected":false},"excerpt":{"rendered":"<p>Leon XIV Biografia Robert Francis Prevost urodzi\u0142 si\u0119 14 wrze\u015bnia 1955 roku w Chicago, Illinois, Stany Zjednoczone. Ju\u017c w m\u0142odo\u015bci wst\u0105pi\u0142 do zakonu \u015bw. Augustyna (OSA), gdzie 29 sierpnia 1981 r. z\u0142o\u017cy\u0142 \u015bluby wieczyste, a 19 czerwca 1982 r. przyj\u0105\u0142 \u015bwi\u0119cenia kap\u0142a\u0144skie. Uko\u0144czy\u0142 studia wy\u017csze w r\u00f3\u017cnych uczelniach: uzyska\u0142 tytu\u0142 magistra teologii w Catholic Theological Union w Chicago oraz tytu\u0142 doktora prawa kanonicznego na Papieskim Uniwersytecie \u015bw. Tomasza z Akwinu<\/p>\n<div class=\"read-more\"><a class=\"btn read-more-btn\" href=\"https:\/\/neocatechumenaleiter.org\/pl\/slowa-papiezy\/leon-xiv\/\">Czytaj dalej<\/a><\/div>\n","protected":false},"author":2,"featured_media":0,"parent":16516,"menu_order":0,"comment_status":"closed","ping_status":"closed","template":"","meta":{"footnotes":""},"class_list":["post-48258","page","type-page","status-publish","hentry"],"_links":{"self":[{"href":"https:\/\/neocatechumenaleiter.org\/pl\/wp-json\/wp\/v2\/pages\/48258","targetHints":{"allow":["GET"]}}],"collection":[{"href":"https:\/\/neocatechumenaleiter.org\/pl\/wp-json\/wp\/v2\/pages"}],"about":[{"href":"https:\/\/neocatechumenaleiter.org\/pl\/wp-json\/wp\/v2\/types\/page"}],"author":[{"embeddable":true,"href":"https:\/\/neocatechumenaleiter.org\/pl\/wp-json\/wp\/v2\/users\/2"}],"replies":[{"embeddable":true,"href":"https:\/\/neocatechumenaleiter.org\/pl\/wp-json\/wp\/v2\/comments?post=48258"}],"version-history":[{"count":7,"href":"https:\/\/neocatechumenaleiter.org\/pl\/wp-json\/wp\/v2\/pages\/48258\/revisions"}],"predecessor-version":[{"id":48314,"href":"https:\/\/neocatechumenaleiter.org\/pl\/wp-json\/wp\/v2\/pages\/48258\/revisions\/48314"}],"up":[{"embeddable":true,"href":"https:\/\/neocatechumenaleiter.org\/pl\/wp-json\/wp\/v2\/pages\/16516"}],"wp:attachment":[{"href":"https:\/\/neocatechumenaleiter.org\/pl\/wp-json\/wp\/v2\/media?parent=48258"}],"curies":[{"name":"wp","href":"https:\/\/api.w.org\/{rel}","templated":true}]}}