{"id":1427,"date":"2020-02-25T03:20:35","date_gmt":"2020-02-25T02:20:35","guid":{"rendered":"http:\/\/15.188.244.8.xip.io\/historia\/maria-ascension\/"},"modified":"2026-03-12T17:06:45","modified_gmt":"2026-03-12T16:06:45","slug":"maria-ascension","status":"publish","type":"page","link":"https:\/\/neocatechumenaleiter.org\/pt-br\/historia\/maria-ascension\/","title":{"rendered":"Mar\u00eda Ascensi\u00f3n"},"content":{"rendered":"\n<h1 class=\"wp-block-heading\"><strong>Mar\u00eda Ascensi\u00f3n Romero<\/strong><\/h1>\n<div class=\"wp-block-image is-style-circle-mask\">\n<figure class=\"alignleft size-medium\"><img loading=\"lazy\" decoding=\"async\" width=\"245\" height=\"300\" src=\"https:\/\/neocatechumenaleiter.org\/wp-content\/uploads\/2020\/02\/Camino_Neocatecumenal_Maria_Ascension_Romero-245x300.jpg\" alt=\"Mar&#xED;a Ascensi&#xF3;n Romero\" class=\"wp-image-235\" srcset=\"https:\/\/neocatechumenaleiter.org\/wp-content\/uploads\/2020\/02\/Camino_Neocatecumenal_Maria_Ascension_Romero-245x300.jpg 245w, https:\/\/neocatechumenaleiter.org\/wp-content\/uploads\/2020\/02\/Camino_Neocatecumenal_Maria_Ascension_Romero-837x1024.jpg 837w, https:\/\/neocatechumenaleiter.org\/wp-content\/uploads\/2020\/02\/Camino_Neocatecumenal_Maria_Ascension_Romero-768x940.jpg 768w, https:\/\/neocatechumenaleiter.org\/wp-content\/uploads\/2020\/02\/Camino_Neocatecumenal_Maria_Ascension_Romero.jpg 994w\" sizes=\"auto, (max-width: 245px) 100vw, 245px\" \/><\/figure><\/div>\n<p>Mar\u00eda Ascensi\u00f3n Romero Ant\u00f3n foi incorporada \u00e0 equipe internacional do Caminho Neocatecumenal em janeiro de 2018, ap\u00f3s o Dicast\u00e9rio para os Leigos, a Fam\u00edlia e a Vida da Santa S\u00e9 ter solicitado, como estabelecem os Estatutos do Caminho.<\/p>\n\n<p>Mar\u00eda Ascensi\u00f3n nasceu em 27 de maio de 1960 em &#13;\nTudela, Navarra (Espanha). \u00c9 a terceira de quatro irm\u00e3os e estudou no &#13;\ncol\u00e9gio da Companhia de Maria (o mesmo em que se formou Carmen &#13;\nHern\u00e1ndez). Mais tarde, mudou-se para Soria para estudar Magist\u00e9rio e ali, &#13;\naos 19 anos, conheceu o Caminho Neocatecumenal.<\/p>\n\n<p>Caminhou v\u00e1rios anos numa comunidade neocatecumenal de&#13;\n Tudela, at\u00e9 o momento em que se mudou para Madri para trabalhar como professora, onde&#13;\n continuou o Caminho na par\u00f3quia de Santa Catarina de Sena.<\/p>\n\n<p>Na JMJ de Santiago de Compostela, com S\u00e3o Jo\u00e3o &#13;\nPaulo II, sentiu o chamado \u00e0 evangeliza\u00e7\u00e3o, que confirmou no &#13;\nEncontro Vocacional de Zaragoza, com os iniciadores do Caminho.<\/p>\n\n<p>Em 1991 realizou a sua primeira miss\u00e3o itinerante na &#13;\ndiocese de Ciudad Real (Espanha). Em 1992 partiu para a miss\u00e3o na &#13;\nantiga URSS, onde permaneceu 25 anos evangelizando em diversos &#13;\npa\u00edses: Bielorr\u00fassia, Cazaquist\u00e3o e R\u00fassia.<\/p>\n\n<p>Em 2 de fevereiro de 2018 foi nomeada oficialmente membro da Equipe Internacional do Caminho Neocatecumenal.<\/p>\n","protected":false},"excerpt":{"rendered":"<p>Mar\u00eda Ascensi\u00f3n Romero Mar\u00eda Ascensi\u00f3n Romero Ant\u00f3n foi incorporada \u00e0 equipe internacional do Caminho Neocatecumenal em janeiro de 2018, ap\u00f3s o Dicast\u00e9rio para os Leigos, a Fam\u00edlia e a Vida da Santa S\u00e9 ter solicitado, como estabelecem os Estatutos do Caminho. Mar\u00eda Ascensi\u00f3n nasceu em 27 de maio de 1960 em &#13; Tudela, Navarra (Espanha). \u00c9 a terceira de quatro irm\u00e3os e estudou no &#13; col\u00e9gio da Companhia de Maria<\/p>\n<div class=\"read-more\"><a class=\"btn read-more-btn\" href=\"https:\/\/neocatechumenaleiter.org\/pt-br\/historia\/maria-ascension\/\">Ler mais<\/a><\/div>\n","protected":false},"author":2,"featured_media":0,"parent":1333,"menu_order":0,"comment_status":"closed","ping_status":"closed","template":"","meta":{"footnotes":""},"class_list":["post-1427","page","type-page","status-publish","hentry"],"_links":{"self":[{"href":"https:\/\/neocatechumenaleiter.org\/pt-br\/wp-json\/wp\/v2\/pages\/1427","targetHints":{"allow":["GET"]}}],"collection":[{"href":"https:\/\/neocatechumenaleiter.org\/pt-br\/wp-json\/wp\/v2\/pages"}],"about":[{"href":"https:\/\/neocatechumenaleiter.org\/pt-br\/wp-json\/wp\/v2\/types\/page"}],"author":[{"embeddable":true,"href":"https:\/\/neocatechumenaleiter.org\/pt-br\/wp-json\/wp\/v2\/users\/2"}],"replies":[{"embeddable":true,"href":"https:\/\/neocatechumenaleiter.org\/pt-br\/wp-json\/wp\/v2\/comments?post=1427"}],"version-history":[{"count":20,"href":"https:\/\/neocatechumenaleiter.org\/pt-br\/wp-json\/wp\/v2\/pages\/1427\/revisions"}],"predecessor-version":[{"id":48115,"href":"https:\/\/neocatechumenaleiter.org\/pt-br\/wp-json\/wp\/v2\/pages\/1427\/revisions\/48115"}],"up":[{"embeddable":true,"href":"https:\/\/neocatechumenaleiter.org\/pt-br\/wp-json\/wp\/v2\/pages\/1333"}],"wp:attachment":[{"href":"https:\/\/neocatechumenaleiter.org\/pt-br\/wp-json\/wp\/v2\/media?parent=1427"}],"curies":[{"name":"wp","href":"https:\/\/api.w.org\/{rel}","templated":true}]}}