{"id":1454,"date":"2020-03-02T01:09:10","date_gmt":"2020-03-02T00:09:10","guid":{"rendered":"http:\/\/15.188.244.8.xip.io\/audiencia-de-envio-das-missio-ad-gentes-20-1-2012-2\/"},"modified":"2020-06-09T21:02:54","modified_gmt":"2020-06-09T20:02:54","slug":"audiencia-de-envio-das-missio-ad-gentes-20-1-2012-2","status":"publish","type":"page","link":"https:\/\/neocatechumenaleiter.org\/pt-br\/palavras-dos-papas\/bento-xvi\/audiencia-de-envio-das-missio-ad-gentes-20-1-2012-2\/","title":{"rendered":"Audi\u00eancia de envio das \u201cMissio ad gentes\u201d, 20-1-2012"},"content":{"rendered":"\n<h1 class=\"has-text-align-center wp-block-heading\"> Audi\u00eancia de envio das \u201cMissio ad gentes\u201d, 20-1-2012 <\/h1>\n\n<div style=\"height:20px\" aria-hidden=\"true\" class=\"wp-block-spacer\"><\/div>\n\n<h4 class=\"has-text-align-center wp-block-heading\">Bento XVI<\/h4>\n\n<div style=\"height:20px\" aria-hidden=\"true\" class=\"wp-block-spacer\"><\/div>\n\n<p><strong>Cidade do Vaticano \u2013 Sala Paulo VI, 20 de janeiro de 2012 *<\/strong><\/p>\n\n<p><em>Em 20 de janeiro de 2012, por ocasi\u00e3o &#13;\nda publica\u00e7\u00e3o do \u201cDecreto\u201d no qual vem aprovadas as &#13;\ncelebra\u00e7\u00f5es presentes no Diret\u00f3rio Catequ\u00e9tico do Caminho &#13;\nNeocatecumenal, o Santo Padre Bento XVI dirigiu aos presentes&#13;\n o discurso que a seguir publicamos.<\/em><br\/><em>Ao importante ato, com o qual se conclui o itiner\u00e1rio de &#13;\naprova\u00e7\u00e3o do Caminho Neocatecumenal (2008: Estatuto; 2010: Decreto de &#13;\naprova\u00e7\u00e3o do Diret\u00f3rio Catequ\u00e9tico do Caminho Neocatecumenal; 2011: &#13;\nDecreto de aprova\u00e7\u00e3o das celebra\u00e7\u00f5es que acompanham as v\u00e1rias &#13;\nfases do caminho de Inicia\u00e7\u00e3o Crist\u00e3. Ver p\u00e1gina\u2026) estavam &#13;\npresentes os iniciadores, Kiko, Carmen e P. Mario, todos os &#13;\nitinerantes do mundo, as fam\u00edlias em miss\u00e3o, as \u201cMissio ad gentes\u201d j\u00e1&#13;\n enviadas e as 15 novas &#8220;Missio ad gentes&#8221; que o Papa enviou nesta &#13;\nocasi\u00e3o. Tamb\u00e9m estavam presentes os respons\u00e1veis das &#13;\ncomunidades que conclu\u00edram o itiner\u00e1rio Neocatecumenal, os &#13;\npresb\u00edteros dos &#8220;Redemptoris Mater&#8221; da Europa, os seminaristas, os &#13;\ncatequistas e as &#8220;Communitates in missionem&#8221; de Roma.<\/em><\/p>\n\n<p>\u00abPrezados irm\u00e3os e irm\u00e3s,<br\/>&#13;\nTenho tamb\u00e9m neste ano a alegria de poder encontrar-me e &#13;\ncompartilhar convosco este momento de envio para a miss\u00e3o. Dirijo uma sauda\u00e7\u00e3o particular a &#13;\nKiko Arg\u00fcello, a Carmen Hern\u00e1ndez e a P. Mario Pezzi, bem como uma sauda\u00e7\u00e3o carinhosa &#13;\na todos v\u00f3s: sacerdotes, seminaristas, fam\u00edlias, formadores&#13;\n e membros do Caminho Neocatecumenal. A vossa presen\u00e7a hoje \u00e9 um &#13;\ntestemunho vis\u00edvel do vosso compromisso jubiloso de viver a f\u00e9, em &#13;\ncomunh\u00e3o com toda a Igreja e com o Sucessor de Pedro, e de ser &#13;\nanunciadores intr\u00e9pidos do Evangelho.<\/p>\n\n<div class=\"wp-block-image is-style-default\"><figure class=\"alignright size-large\"><img loading=\"lazy\" decoding=\"async\" width=\"400\" height=\"267\" src=\"https:\/\/neocatechumenaleiter.org\/wp-content\/uploads\/2020\/02\/Camino_Neocatecumenal_Benedicto_XVI_envio_misiones_ad_gentes_2012.jpg\" alt=\"\" class=\"wp-image-1266\" srcset=\"https:\/\/neocatechumenaleiter.org\/wp-content\/uploads\/2020\/02\/Camino_Neocatecumenal_Benedicto_XVI_envio_misiones_ad_gentes_2012.jpg 400w, https:\/\/neocatechumenaleiter.org\/wp-content\/uploads\/2020\/02\/Camino_Neocatecumenal_Benedicto_XVI_envio_misiones_ad_gentes_2012-300x200.jpg 300w\" sizes=\"auto, (max-width: 400px) 100vw, 400px\" \/><\/figure><\/div>\n\n<p>No trecho de s\u00e3o Mateus que ouvimos, os Ap\u00f3stolos recebem uma ordem espec\u00edfica de Jesus: \u00abIde, pois, e fazei disc\u00edpulos de todas as na\u00e7\u00f5es!\u00bb <em>(Mt 28,19).<\/em> Inicialmente tinham duvidado, no seu cora\u00e7\u00e3o ainda havia incerteza, o espanto diante do acontecimento da Ressurrei\u00e7\u00e3o. E \u00e9 o pr\u00f3prio Jesus, o Ressuscitado \u2014 ressalta o Evangelista \u2014 que se aproxima deles, que faz sentir a sua presen\u00e7a, que os envia a ensinar tudo aquilo que lhes tinha comunicado, infundindo uma certeza que acompanha todos os anunciadores de Cristo: \u00abEis que Eu estou convosco todos os dias, at\u00e9 a consuma\u00e7\u00e3o dos s\u00e9culos!\u00bb. <em>(Mt 28, 20).<\/em> S\u00e3o palavras que ressoam fortes no vosso cora\u00e7\u00e3o. Entoastes o &#8220;Resurrexit&#8221;, que exprime a f\u00e9 no Vivente, naquele que, num gesto supremo de amor, venceu o pecado e a morte, oferecendo ao homem, a n\u00f3s, o entusiasmo do amor de Deus, a esperan\u00e7a de sermos salvos, um futuro de eternidade. Nestas d\u00e9cadas de vida do Caminho, um de vossos compromissos firmes tem sido proclamar Cristo Ressuscitado, responder \u00e0s suas palavras com generosidade, abandonando com frequ\u00eancia seguran\u00e7as pessoais e materiais, deixando tamb\u00e9m o pr\u00f3prio pa\u00eds, enfrentando situa\u00e7\u00f5es novas e nem sempre f\u00e1ceis. Levar Cristo aos homens e conduzir os homens a Cristo: \u00e9 isso que anima hoje a obra evangelizadora. V\u00f3s o realizais num percurso que ajuda a fazer redescobrir a quantos j\u00e1 receberam o Batismo, a beleza da vida de f\u00e9, a alegria de serem crist\u00e3os. O \u00abseguir Cristo\u00bb exige a aventura pessoal de sua busca, de caminhar com Ele, mas requer tamb\u00e9m que abandonemos o fechamento do nosso eu, eliminando o individualismo que muitas vezes caracteriza a sociedade do nosso tempo, para substituir o ego\u00edsmo com a comunidade do homem novo em Jesus Cristo. E isso se realiza numa profunda rela\u00e7\u00e3o pessoal com Ele, na escuta da sua palavra, percorrendo o caminho que Ele nos indicou, mas se leva a cabo tamb\u00e9m, inseparavelmente, ao crer com a sua Igreja, com os santos, nos quais se d\u00e1 a conhecer sempre novamente o verdadeiro rosto da Esposa de Cristo.<\/p>\n\n<p>Como sabemos, esse compromisso nem sempre f\u00e1cil. \u00c0s vezes estais presentes em lugares onde \u00e9 necess\u00e1rio um primeiro an\u00fancio do Evangelho, a &#8220;missio ad gentes&#8221;; muitas vezes, em vez disso, em regi\u00f5es que, embora tenham conhecido Cristo, se tornaram indiferentes \u00e0 f\u00e9: o secularismo fez desaparecer nelas o sentido de Deus e ofuscou os valores crist\u00e3os. Aqui o vosso compromisso e o vosso testemunho h\u00e1 de ser como o fermento que, com paci\u00eancia, respeitando os tempos, com &#8220;sensus Ecclesiae&#8221;, faz crescer toda a massa. A Igreja tem reconhecido no Caminho um dom especial que o Esp\u00edrito Santo tem concedido \u00e0 nossa \u00e9poca, e a aprova\u00e7\u00e3o dos Estatutos e do \u00abDirect\u00f3rio catequ\u00e9tico\u00bb s\u00e3o disso um sinal. Encorajo-vos a oferecer a vossa contribui\u00e7\u00e3o original para a causa do Evangelho. Na vossa obra preciosa, procurai sempre uma comunh\u00e3o profunda com a S\u00e9 Apost\u00f3lica e com os pastores das Igrejas particulares, nas quais estais inseridos: a unidade e a harmonia do corpo eclesial constituem um testemunho importante de Cristo e do seu Evangelho no mundo em que vivemos. Amadas fam\u00edlias, a Igreja vos agradece; ela necessita de v\u00f3s para a Nova Evangeliza\u00e7\u00e3o. A fam\u00edlia \u00e9 uma c\u00e9lula importante para a comunidade eclesial, onde se forma a vida humana e crist\u00e3. Queridos pais, \u00e9 com grande alegria que vejo os vossos filhos, tantas crian\u00e7as que olham para v\u00f3s, para o vosso exemplo. Uma centena de fam\u00edlias est\u00e3o prestes a partir para doze Miss\u00f5es &#8220;ad gentes&#8221;. Convido-vos a n\u00e3o ter medo: quem leva o Evangelho nunca est\u00e1 sozinho. Sa\u00fado com afeto os sacerdotes e os seminaristas: amai a Cristo e a Igreja, comunicai a alegria de o ter encontrado e a beleza de ter doado tudo a Ele. Sa\u00fado inclusive os itinerantes, os respons\u00e1veis e todas as comunidades do Caminho. Continuai a ser generosos com o Senhor: Ele dar\u00e1 sempre o seu consolo.<\/p>\n\n<p>H\u00e1 pouco foi lido o &#13;\nDecreto com os quais s\u00e3o aprovadas as celebra\u00e7\u00f5es presentes no &#13;\n\u00abDiret\u00f3rio Catequ\u00e9tico do Caminho Neocatecumenal\u00bb, que n\u00e3o s\u00e3o &#13;\nestritamente lit\u00fargicas, mas fazem parte do itiner\u00e1rio de &#13;\ncrescimento na f\u00e9. \u00c9 mais um elemento que vos mostra como a Igreja vos&#13;\n acompanha com aten\u00e7\u00e3o, num discernimento paciente, que compreende &#13;\na vossa riqueza, mas que olha tamb\u00e9m para a comunh\u00e3o e &#13;\npara a harmonia de todo o &#8220;Corpus Ecclesiae&#8221;.<\/p>\n\n<p>Este fato oferece-me a ocasi\u00e3o para um breve pensamento sobre o valor da Liturgia. O Conc\u00edlio Vaticano II define-a como a obra de Cristo sacerdote e do seu Corpo, que \u00e9 a Igreja<em>(cf. Sacrosanctum Concilium, 7)<\/em>. \u00c0 primeira vista, isso poderia parecer estranho, pois tem-se a impress\u00e3o de que a obra de Cristo designa as obras redentoras hist\u00f3ricas de Jesus, a sua Paix\u00e3o, Morte e Ressurrei\u00e7\u00e3o. Ent\u00e3o, nesse sentido, a Liturgia \u00e9 obra de Cristo? A paix\u00e3o, morte e ressurrei\u00e7\u00e3o de Jesus n\u00e3o s\u00e3o apenas acontecimentos hist\u00f3ricos; alcan\u00e7am e penetram a hist\u00f3ria, mas transcendem-na e permanecem sempre presentes no Cora\u00e7\u00e3o de Cristo. No gesto lit\u00fargico da Igreja encontra-se a presen\u00e7a concreta de Cristo ressuscitado, que torna presente e eficaz para n\u00f3s, hoje, o pr\u00f3prio mist\u00e9rio pascal, para a nossa salva\u00e7\u00e3o; atrai-nos neste gesto de dom de si mesmo, que no seu cora\u00e7\u00e3o est\u00e1 sempre presente e nos faz participar nesta presen\u00e7a do mist\u00e9rio pascal. Esta obra do Senhor Jesus, que \u00e9 o verdadeiro conte\u00fado da Liturgia; este entrar na presen\u00e7a do Mist\u00e9rio Pascal \u00e9 tamb\u00e9m obra da Igreja, que, sendo seu corpo, \u00e9 um \u00fanico sujeito com Cristo \u2014 &#8220;Christus totus caput et corpus&#8221; \u2014, disse santo Agostinho. Na celebra\u00e7\u00e3o dos Sacramentos, Cristo imerge-nos no Mist\u00e9rio Pascal a fim de nos fazer passar da morte para a vida, do pecado para a exist\u00eancia nova em Cristo. Isso vale de modo extremamente especial para a celebra\u00e7\u00e3o da Eucaristia, que, como \u00e1pice da vida crist\u00e3, \u00e9 tamb\u00e9m o fulcro da sua redescoberta, para a qual tende o Neocatecumenato. Como recitam os vossos Estatutos, \u00aba Eucaristia \u00e9 essencial para o Neocatecumenato, posto que \u00e9 catecumenato p\u00f3s-baptismal, vivido em pequenas comunidades\u00bb <em>(art. 13, \u00a7 1\u00ba)<\/em>. Precisamente com a finalidade de favorecer uma nova aproxima\u00e7\u00e3o \u00e0 riqueza da vida sacramental por parte de pessoas que se afastaram da Igreja, ou que n\u00e3o receberam uma forma\u00e7\u00e3o adequada, os neocatec\u00famenos podem celebrar a Eucaristia dominical na pequena comunidade, ap\u00f3s as primeiras V\u00e9speras do domingo, segundo as disposi\u00e7\u00f5es do Bispos diocesano <em>(cf. Estatutos, art. 13, \u00a7 2\u00ba)<\/em>. Mas cada celebra\u00e7\u00e3o eucar\u00edstica \u00e9 uma a\u00e7\u00e3o do \u00fanico Cristo, juntamente com a sua \u00fanica Igreja e, por isso, essencialmente aberta a todos aqueles que pertencem a sua Igreja. Este car\u00e1ter p\u00fablico da Sagrada Eucaristia manifesta-se no fato de que cada celebra\u00e7\u00e3o da Santa Missa \u00e9 presidida, em \u00faltima an\u00e1lise, pelo Bispo como membro do Col\u00e9gio episcopal para uma determinada Igreja local<em>(cf. Lumen Gentium, 26)<\/em>. A celebra\u00e7\u00e3o nas pequenas comunidades, regulada pelos livros lit\u00fargicos, que devem ser seguidos fielmente, e com as particularidades aprovadas nos Estatutos do Caminho, tem a tarefa de ajudar quantos percorrem o itiner\u00e1rio neocatecumenal a sentir a gra\u00e7a de estar inseridos no mist\u00e9rio salv\u00edfico de Cristo, que torna poss\u00edvel um testemunho crist\u00e3o capaz de assumir tamb\u00e9m os tra\u00e7os da radicalidade. Ao mesmo tempo, o amadurecimento progressivo na f\u00e9 do indiv\u00edduo e da pequena comunidade deve favorecer a sua inser\u00e7\u00e3o na vida da grande comunidade eclesial, que encontra na celebra\u00e7\u00e3o lit\u00fargica da par\u00f3quia, na qual e para a qual se realiza o Neocatecumenato <em>(cf. Estatutos, art. 6).<\/em> Mas tamb\u00e9m durante o Caminho \u00e9 importante n\u00e3o se separar da comunidade paroquial, precisamente na celebra\u00e7\u00e3o da Eucaristia, que \u00e9 o lugar aut\u00eantico da unidade de todos, onde o Senhor nos abra\u00e7a nos diversos estados da nossa maturidade espiritual e nos une no \u00fanico p\u00e3o, que faz de n\u00f3s um \u00fanico Corpo <em>(cf. 1Cor 10,16s).<\/em> \u00c2nimo! O Senhor os acompanha sempre, e tamb\u00e9m eu vos garanto a minha ora\u00e7\u00e3o e vos agrade\u00e7o os numerosos sinais de proximidade. Pe\u00e7o-vos que vos recordeis tamb\u00e9m de mim nas vossas preces. A Santa Virgem Maria vos assista com o seu olhar materno, e vos sustenha a minha B\u00ean\u00e7\u00e3o apost\u00f3lica, que fa\u00e7o extensiva a todos os membros do Caminho. Obrigado!\u00bb.<\/p>\n\n<p><em>(*) Cfr. \u00abL\u2019Osservatore Romano\u00bb, 21 janeiro 2012.<\/em><\/p>\n","protected":false},"excerpt":{"rendered":"<p>Audi\u00eancia de envio das \u201cMissio ad gentes\u201d, 20-1-2012 Bento XVI Cidade do Vaticano \u2013 Sala Paulo VI, 20 de janeiro de 2012 * Em 20 de janeiro de 2012, por ocasi\u00e3o &#13; da publica\u00e7\u00e3o do \u201cDecreto\u201d no qual vem aprovadas as &#13; celebra\u00e7\u00f5es presentes no Diret\u00f3rio Catequ\u00e9tico do Caminho &#13; Neocatecumenal, o Santo Padre Bento XVI dirigiu aos presentes&#13; o discurso que a seguir publicamos.Ao importante ato, com o qual<\/p>\n<div class=\"read-more\"><a class=\"btn read-more-btn\" href=\"https:\/\/neocatechumenaleiter.org\/pt-br\/palavras-dos-papas\/bento-xvi\/audiencia-de-envio-das-missio-ad-gentes-20-1-2012-2\/\">Ler mais<\/a><\/div>\n","protected":false},"author":2,"featured_media":0,"parent":4357,"menu_order":11,"comment_status":"closed","ping_status":"closed","template":"","meta":{"footnotes":""},"class_list":["post-1454","page","type-page","status-publish","hentry"],"_links":{"self":[{"href":"https:\/\/neocatechumenaleiter.org\/pt-br\/wp-json\/wp\/v2\/pages\/1454","targetHints":{"allow":["GET"]}}],"collection":[{"href":"https:\/\/neocatechumenaleiter.org\/pt-br\/wp-json\/wp\/v2\/pages"}],"about":[{"href":"https:\/\/neocatechumenaleiter.org\/pt-br\/wp-json\/wp\/v2\/types\/page"}],"author":[{"embeddable":true,"href":"https:\/\/neocatechumenaleiter.org\/pt-br\/wp-json\/wp\/v2\/users\/2"}],"replies":[{"embeddable":true,"href":"https:\/\/neocatechumenaleiter.org\/pt-br\/wp-json\/wp\/v2\/comments?post=1454"}],"version-history":[{"count":12,"href":"https:\/\/neocatechumenaleiter.org\/pt-br\/wp-json\/wp\/v2\/pages\/1454\/revisions"}],"predecessor-version":[{"id":14606,"href":"https:\/\/neocatechumenaleiter.org\/pt-br\/wp-json\/wp\/v2\/pages\/1454\/revisions\/14606"}],"up":[{"embeddable":true,"href":"https:\/\/neocatechumenaleiter.org\/pt-br\/wp-json\/wp\/v2\/pages\/4357"}],"wp:attachment":[{"href":"https:\/\/neocatechumenaleiter.org\/pt-br\/wp-json\/wp\/v2\/media?parent=1454"}],"curies":[{"name":"wp","href":"https:\/\/api.w.org\/{rel}","templated":true}]}}