{"id":3097,"date":"2020-02-25T03:14:42","date_gmt":"2020-02-25T02:14:42","guid":{"rendered":"http:\/\/15.188.244.8.xip.io\/historia\/kiko-arguello\/"},"modified":"2021-08-10T10:56:19","modified_gmt":"2021-08-10T09:56:19","slug":"kiko-arguello","status":"publish","type":"page","link":"https:\/\/neocatechumenaleiter.org\/pt-br\/historia\/kiko-arguello\/","title":{"rendered":"Kiko Arg\u00fcello"},"content":{"rendered":"\n<h1 class=\"wp-block-heading\"><strong>Kiko Arg\u00fcello<\/strong><\/h1>\n\n<div class=\"wp-block-image is-style-circle-mask\"><figure class=\"alignleft size-medium\"><img loading=\"lazy\" decoding=\"async\" width=\"245\" height=\"300\" src=\"https:\/\/neocatechumenaleiter.org\/wp-content\/uploads\/2020\/02\/Camino_Neocatecumenal_Kiko_Arguello-245x300.jpg\" alt=\"Kiko Arg&#xFC;ello\" class=\"wp-image-220\"\/><\/figure><\/div>\n\n<p>Francisco Jos\u00e9 G\u00f3mez de Arg\u00fcello Wirtz nasce em Le\u00f3n, em 9 de janeiro de 1939. Estuda Belas Artes na Academia de San Fernando de Madri e, em 1959, recebe o Pr\u00eamio Nacional Extraordin\u00e1rio de Pintura. Depois de uma profunda crise existencial, produz-se nele uma s\u00e9ria convers\u00e3o que o leva a dedicar sua vida a Cristo Jesus e a Igreja.<\/p>\n\n<p>En 1960, acompanhado do escultor Coomontes e do vidracista Mu\u00f1oz de Pablos, funda o grupo de investiga\u00e7\u00e3o e desenvolvimento de Arte Sacra \u201cGremio 62\u201d. Realiza exposi\u00e7\u00f5es em Madri (Biblioteca Nacional), e em 1964 representa a Espanha, designado pelo Minist\u00e9rio de Cultura, na Exposi\u00e7\u00e3o Universal de Arte Sacra em Royan (Fran\u00e7a). Na Holanda (1965) exp\u00f5e algumas de suas obras (Galeria \u201cNouvelles images\u201d).<\/p>\n\n<p>Convencido de que Cristo est\u00e1 presente no &#13;\nsofrimento dos inocentes e \u00faltimos da terra, em 1964 vai &#13;\nviver entre os pobres, morando em um barraco em Palomeras Altas, &#13;\nnos arredores de Madri. Ali conhece Carmen Hern\u00e1ndez; e ambos, &#13;\nimpulsionados pelo ambiente dos pobres, encontraram uma forma de &#13;\nprega\u00e7\u00e3o, uma s\u00edntese querigm\u00e1tico-catequ\u00e9tica, que deu lugar \u00e0 &#13;\nforma\u00e7\u00e3o de uma pequena comunidade crist\u00e3. Esta comunidade, na qual &#13;\nse fez vis\u00edvel o amor de Cristo crucificado, converteu-se em uma &#13;\n&#8220;semente&#8221; que, gra\u00e7as ao ent\u00e3o arcebispo de Madri, Mons. Casimiro &#13;\nMorcillo, foi plantada nas par\u00f3quias de Madri e, mais tarde, de Roma e&#13;\n de outras na\u00e7\u00f5es.<\/p>\n\n<p>Ap\u00f3s sua convers\u00e3o, colocou sua arte a servi\u00e7o da &#13;\nIgreja. Precisamente, atrav\u00e9s da pintura, da m\u00fasica, da arquitetura&#13;\n e da escultura; estes dois \u00faltimos para promover uma &#8220;nova est\u00e9tica&#8221; &#13;\nque leve os homens \u00e0 f\u00e9.<\/p>\n\n<p>Como pintor realizou importantes obras em todo o&#13;\n mundo. Na Espanha, sobretudo em Madri \u2013 destaque para a coroa mist\u00e9rica da &#13;\nCatedral \u2013 ou M\u00farcia. Na It\u00e1lia, pintou recentemente um grande mural no &#13;\nRedemptoris Mater de Roma. H\u00e1 obras dele em par\u00f3quias romanas, &#13;\ncomo na dos M\u00e1rtires Canadenses, e em cidades como Piacenza e Perugia. Outro &#13;\nexemplo \u00e9 o grande mural sobre o Ju\u00edzo Final na Domus Galilea &#13;\n(Israel), um centro situado no Monte das Bem-Aventuran\u00e7as e que, &#13;\npelo expresso desejo de Jo\u00e3o Paulo II, serve tamb\u00e9m para construir pontes com&#13;\n o povo judeu.<\/p>\n\n<p>Como arquiteto, desenvolveu um novo modelo de &#13;\npar\u00f3quia e de semin\u00e1rio, baseado na nova est\u00e9tica, e nos quais &#13;\ntamb\u00e9m h\u00e1 vitrais criados por ele. H\u00e1 exemplos na Espanha, na It\u00e1lia, &#13;\nna Nicar\u00e1gua, nos Estados Unidos, na Finl\u00e2ndia, na Rep\u00fablica Dominicana, e em alguns &#13;\npa\u00edses da \u00c1sia e da \u00c1frica. Nesse sentido, destaca-se especialmente a Domus&#13;\n Galilea.<\/p>\n\n<p>Durante estes anos, Kiko Arg\u00fcello desenvolveu &#13;\npara o Caminho Neocatecumenal uma faceta musical. Desde que foi aos &#13;\nbarracos de Palomeras Altas com uma B\u00edblia e um viol\u00e3o, comp\u00f4s &#13;\nmais de 300 cantos que se compilam no chamado &#8220;RESSUSCITOU, cantos para &#13;\nas comunidades neocatecumenais&#8221;. Alguns s\u00e3o cantados na &#13;\natualidade em numerosas par\u00f3quias de todo o mundo, e outros foram &#13;\ncantados em muitas ocasi\u00f5es na presen\u00e7a de diferentes Papas. Para &#13;\neles, Kiko idealizou acompanhamentos musicais utilizando um grande &#13;\nn\u00famero de instrumentos.<\/p>\n\n<p>Em 2010, Arg\u00fcello forma a Orquesta Sinf\u00f4nica do &#13;\nCaminho Neocatecumenal e comp\u00f5e a obra &#8220;O Sofrimento dos &#13;\nInocentes&#8221;, que descreve, atrav\u00e9s da m\u00fasica, a dor da Virgem ao &#13;\np\u00e9 da cruz. Depois de ser interpretada em Israel diante de diversas &#13;\nautoridades e 200 bispos, os hebreus, profundamente impressionados, &#13;\nreconheceram sentir-se compreendidos e amados pela Igreja ante a dor&#13;\n da &#8220;Shoah&#8221; (o Holocausto). A partir de ent\u00e3o, serve como uma ponte&#13;\n de di\u00e1logo entre o povo judeu e a Igreja Cat\u00f3lica. Desde sua &#13;\ncomposi\u00e7\u00e3o, foi interpretada em lugares, como Vaticano \u2013 em uma &#13;\nocasi\u00e3o com Bento XVI \u2013, Jerusal\u00e9m, Bel\u00e9m, Madri, Paris, T\u00f3quio, &#13;\nNova York, Chicago, Boston, D\u00fcsseldorf ou Auschwitz, entre outros.<\/p>\n\n<p>Kiko Arg\u00fcello tamb\u00e9m \u00e9 autor de livros: em 2012 &#13;\npublicou \u201cO Kerigma, nas favelas com os pobres\u201d; e em 2016, &#13;\n\u201cAnota\u00e7\u00f5es. 1988-2014\u201d.<\/p>\n","protected":false},"excerpt":{"rendered":"<p>Kiko Arg\u00fcello Francisco Jos\u00e9 G\u00f3mez de Arg\u00fcello Wirtz nasce em Le\u00f3n, em 9 de janeiro de 1939. Estuda Belas Artes na Academia de San Fernando de Madri e, em 1959, recebe o Pr\u00eamio Nacional Extraordin\u00e1rio de Pintura. Depois de uma profunda crise existencial, produz-se nele uma s\u00e9ria convers\u00e3o que o leva a dedicar sua vida a Cristo Jesus e a Igreja. En 1960, acompanhado do escultor Coomontes e do vidracista<\/p>\n<div class=\"read-more\"><a class=\"btn read-more-btn\" href=\"https:\/\/neocatechumenaleiter.org\/pt-br\/historia\/kiko-arguello\/\">Ler mais<\/a><\/div>\n","protected":false},"author":2,"featured_media":0,"parent":1333,"menu_order":0,"comment_status":"closed","ping_status":"closed","template":"","meta":{"footnotes":""},"class_list":["post-3097","page","type-page","status-publish","hentry"],"_links":{"self":[{"href":"https:\/\/neocatechumenaleiter.org\/pt-br\/wp-json\/wp\/v2\/pages\/3097","targetHints":{"allow":["GET"]}}],"collection":[{"href":"https:\/\/neocatechumenaleiter.org\/pt-br\/wp-json\/wp\/v2\/pages"}],"about":[{"href":"https:\/\/neocatechumenaleiter.org\/pt-br\/wp-json\/wp\/v2\/types\/page"}],"author":[{"embeddable":true,"href":"https:\/\/neocatechumenaleiter.org\/pt-br\/wp-json\/wp\/v2\/users\/2"}],"replies":[{"embeddable":true,"href":"https:\/\/neocatechumenaleiter.org\/pt-br\/wp-json\/wp\/v2\/comments?post=3097"}],"version-history":[{"count":26,"href":"https:\/\/neocatechumenaleiter.org\/pt-br\/wp-json\/wp\/v2\/pages\/3097\/revisions"}],"predecessor-version":[{"id":20103,"href":"https:\/\/neocatechumenaleiter.org\/pt-br\/wp-json\/wp\/v2\/pages\/3097\/revisions\/20103"}],"up":[{"embeddable":true,"href":"https:\/\/neocatechumenaleiter.org\/pt-br\/wp-json\/wp\/v2\/pages\/1333"}],"wp:attachment":[{"href":"https:\/\/neocatechumenaleiter.org\/pt-br\/wp-json\/wp\/v2\/media?parent=3097"}],"curies":[{"name":"wp","href":"https:\/\/api.w.org\/{rel}","templated":true}]}}