{"id":3104,"date":"2020-02-25T03:16:52","date_gmt":"2020-02-25T02:16:52","guid":{"rendered":"http:\/\/15.188.244.8.xip.io\/historia\/carmen-hernandez\/"},"modified":"2021-08-10T10:56:25","modified_gmt":"2021-08-10T09:56:25","slug":"carmen-hernandez","status":"publish","type":"page","link":"https:\/\/neocatechumenaleiter.org\/pt-br\/historia\/carmen-hernandez\/","title":{"rendered":"Carmen Hern\u00e1ndez"},"content":{"rendered":"\n<h1 class=\"wp-block-heading\"><strong>Carmen Hern\u00e1ndez<\/strong><\/h1>\n\n<div class=\"wp-block-image is-style-default\"><figure class=\"alignleft size-medium\"><img loading=\"lazy\" decoding=\"async\" width=\"245\" height=\"300\" src=\"https:\/\/neocatechumenaleiter.org\/wp-content\/uploads\/2020\/02\/Camino_Neocatecumenal_Carmen_Hernandez_psg-245x300.jpg\" alt=\"Carmen Hern&#xE1;ndez\" class=\"wp-image-225\" srcset=\"https:\/\/neocatechumenaleiter.org\/wp-content\/uploads\/2020\/02\/Camino_Neocatecumenal_Carmen_Hernandez_psg-245x300.jpg 245w, https:\/\/neocatechumenaleiter.org\/wp-content\/uploads\/2020\/02\/Camino_Neocatecumenal_Carmen_Hernandez_psg.jpg 327w\" sizes=\"auto, (max-width: 245px) 100vw, 245px\" \/><\/figure><\/div>\n\n<h4 class=\"wp-block-heading\">24 de novembro de 1930, \u2020 Madrid, 19 de julho de 2016<\/h4>\n\n<p>Carmen foi, com o Kiko, iniciadora do&#13;\n Caminho. Nasceu em \u00d3lvega (S\u00f3ria, Espanha) em 24 de novembro de 1930. Era a quinta de nove irm\u00e3os &#8211; quatro homens e cinco mulheres &#8211; e viveu sua inf\u00e2ncia em Tudela (Navarra, Espanha). <\/p>\n\n<p>Em Tudela estudou na Companhia de Maria e teve &#13;\ncontato com a Companhia de Jesus (Jesu\u00edtas). Por influ\u00eancia do &#13;\nesp\u00edrito mission\u00e1rio de S\u00e3o Francisco Xavier, desde muito jovem sentiu a &#13;\nvoca\u00e7\u00e3o de partir em miss\u00e3o para a \u00cdndia. Por vontade de seu pai, em &#13;\n1948 come\u00e7a a estudar Qu\u00edmica em Madri, onde se licencia com as &#13;\nqualifica\u00e7\u00f5es m\u00e1ximas no ano de 1954.<\/p>\n\n<p>Durante um tempo, trabalha com seu pai na ind\u00fastria aliment\u00edcia, em uma f\u00e1brica que a fam\u00edlia tinha em And\u00fajar (Ja\u00e9n), mas decide deix\u00e1-lo para se mudar a Javier, onde entra para participar de um novo instituto mission\u00e1rio: as Mission\u00e1rias de Cristo Jesus. Depois do noviciado, estudou Teologia na casa de forma\u00e7\u00e3o teol\u00f3gica para religiosos em Val\u00eancia. Em 1960 foi destinada \u00e0 \u00cdndia.&#13;\nPara esta miss\u00e3o teve que se preparar em Londres (o &#13;\npa\u00eds asi\u00e1tico pertencia, naquele tempo, \u00e0 Commonwealth), onde permaneceu durante um ano. Nesse&#13;\n tempo, houve uma mudan\u00e7a de dire\u00e7\u00e3o nas Mission\u00e1rias de Cristo &#13;\nJesus, que limitava sua abertura a miss\u00e3o, levando Carmen a regressar de Londres para Barcelona. Ali conhece o Padre Pedro Farn\u00e9s Sherer, que acabara de finalizar seus estudos no Instituto de Liturgia de Paris pouco antes do Conc\u00edlio Vaticano II e que depois participou ativamente no seu desenvolvimento.<\/p>\n\n<p>Em suas aulas, P. Farn\u00e9s apresentava as fontes &#13;\npascais da Eucaristia e uma eclesiologia renovada que mostrava a&#13;\n Igreja como luz das na\u00e7\u00f5es. O vivo contato de Carmen com os &#13;\nautores desta renova\u00e7\u00e3o conciliar teve uma grande influ\u00eancia, mais &#13;\ntarde, na forma\u00e7\u00e3o das catequeses do Caminho Neocatecumenal.<\/p>\n\n<p>Desde meados de 1963 at\u00e9 meados de 1964, Carmen percorre a Terra Santa com a B\u00edblia, conhecendo os Santos Lugares. &#13;\nAo seu regresso a Madri, come\u00e7a a trabalhar nos barracos da &#13;\nperiferia, pensando em ir como mission\u00e1ria para a Bol\u00edvia com outros leigos celibat\u00e1rios. No entanto, ali conhece Kiko Arg\u00fcello, que vivia nos &#13;\nbarracos de Palomeras Altas, e decide ficar na mesma regi\u00e3o. Entre &#13;\nos pobres, ambos descobriram a for\u00e7a do Mist\u00e9rio Pascal e&#13;\n da prega\u00e7\u00e3o do Kerigma (a Boa Not\u00edcia de Cristo morto e &#13;\nressuscitado), e veio a nascer a primeira comunidade. Gra\u00e7as \u00e0 &#13;\nconfirma\u00e7\u00e3o desta nova realidade pelo ent\u00e3o arcebispo de Madri,&#13;\n Mons. Casimiro Morcillo, Carmen colabora com Kiko levando \u00e0s &#13;\npar\u00f3quias \u2013 primeiro a Madri, depois a Roma, e a partir de ent\u00e3o a &#13;\noutras cidades e na\u00e7\u00f5es \u2013 esta obra de renova\u00e7\u00e3o da Igreja.<\/p>\n\n<p>Carmen Hern\u00e1ndez faleceu em 19 de julho de 2016 em &#13;\nMadri. Em seu funeral, presidido pelo Cardeal Arcebispo de Madri &#13;\nCarlos Osoro Sierra, e ao qual assistiram milhares de pessoas, o P. Mario &#13;\nPezzi destacou que, com o Caminho, \u00e9 &#8220;a primeira vez na hist\u00f3ria que &#13;\numa realidade eclesial \u00e9 fundada por um homem e uma mulher que estiveram &#13;\ncolaborando constantemente juntos durante mais de 50 anos&#8221;. &#13;\nAl\u00e9m disso, o Papa enviou uma mensagem na qual assegurou receber &#8220;com emo\u00e7\u00e3o&#8221;&#13;\n a not\u00edcia da morte de Carmen e destacou sobre ela &#8220;uma longa &#13;\nexist\u00eancia marcada por seu amor a Jesus e por um grande entusiamo &#13;\nmission\u00e1rio&#8221;. &#8220;Dou gra\u00e7as ao Senhor pelo testemunho desta mulher, &#13;\nanimada por um sincero amor \u00e0 Igreja, que gastou sua vida no &#13;\nan\u00fancio da Boa Not\u00edcia em cada lugar, tamb\u00e9m \u00e0queles mais &#13;\nafastados, n\u00e3o se esquecendo das pessoas mais marginalizadas&#8221;, escreveu o Papa &#13;\nFrancisco.<\/p>\n","protected":false},"excerpt":{"rendered":"<p>Carmen Hern\u00e1ndez 24 de novembro de 1930, \u2020 Madrid, 19 de julho de 2016 Carmen foi, com o Kiko, iniciadora do&#13; Caminho. Nasceu em \u00d3lvega (S\u00f3ria, Espanha) em 24 de novembro de 1930. Era a quinta de nove irm\u00e3os &#8211; quatro homens e cinco mulheres &#8211; e viveu sua inf\u00e2ncia em Tudela (Navarra, Espanha). Em Tudela estudou na Companhia de Maria e teve &#13; contato com a Companhia de Jesus<\/p>\n<div class=\"read-more\"><a class=\"btn read-more-btn\" href=\"https:\/\/neocatechumenaleiter.org\/pt-br\/historia\/carmen-hernandez\/\">Ler mais<\/a><\/div>\n","protected":false},"author":2,"featured_media":0,"parent":1333,"menu_order":0,"comment_status":"closed","ping_status":"closed","template":"","meta":{"footnotes":""},"class_list":["post-3104","page","type-page","status-publish","hentry"],"_links":{"self":[{"href":"https:\/\/neocatechumenaleiter.org\/pt-br\/wp-json\/wp\/v2\/pages\/3104","targetHints":{"allow":["GET"]}}],"collection":[{"href":"https:\/\/neocatechumenaleiter.org\/pt-br\/wp-json\/wp\/v2\/pages"}],"about":[{"href":"https:\/\/neocatechumenaleiter.org\/pt-br\/wp-json\/wp\/v2\/types\/page"}],"author":[{"embeddable":true,"href":"https:\/\/neocatechumenaleiter.org\/pt-br\/wp-json\/wp\/v2\/users\/2"}],"replies":[{"embeddable":true,"href":"https:\/\/neocatechumenaleiter.org\/pt-br\/wp-json\/wp\/v2\/comments?post=3104"}],"version-history":[{"count":26,"href":"https:\/\/neocatechumenaleiter.org\/pt-br\/wp-json\/wp\/v2\/pages\/3104\/revisions"}],"predecessor-version":[{"id":23771,"href":"https:\/\/neocatechumenaleiter.org\/pt-br\/wp-json\/wp\/v2\/pages\/3104\/revisions\/23771"}],"up":[{"embeddable":true,"href":"https:\/\/neocatechumenaleiter.org\/pt-br\/wp-json\/wp\/v2\/pages\/1333"}],"wp:attachment":[{"href":"https:\/\/neocatechumenaleiter.org\/pt-br\/wp-json\/wp\/v2\/media?parent=3104"}],"curies":[{"name":"wp","href":"https:\/\/api.w.org\/{rel}","templated":true}]}}