{"id":3110,"date":"2020-02-25T03:18:03","date_gmt":"2020-02-25T02:18:03","guid":{"rendered":"http:\/\/15.188.244.8.xip.io\/historia\/mario-pezzi\/"},"modified":"2021-08-10T10:56:31","modified_gmt":"2021-08-10T09:56:31","slug":"mario-pezzi","status":"publish","type":"page","link":"https:\/\/neocatechumenaleiter.org\/pt-br\/historia\/mario-pezzi\/","title":{"rendered":"Mario Pezzi"},"content":{"rendered":"\n<h1 class=\"wp-block-heading\"><strong>Mario Pezzi<\/strong><\/h1>\n\n<div class=\"wp-block-image is-style-circle-mask\"><figure class=\"alignleft size-medium\"><img loading=\"lazy\" decoding=\"async\" width=\"245\" height=\"300\" src=\"https:\/\/neocatechumenaleiter.org\/wp-content\/uploads\/2020\/02\/Camino_Neocatecumenal_Mario_Pezzi-245x300.jpg\" alt=\"Mario Pezzi\" class=\"wp-image-230\" srcset=\"https:\/\/neocatechumenaleiter.org\/wp-content\/uploads\/2020\/02\/Camino_Neocatecumenal_Mario_Pezzi-245x300.jpg 245w, https:\/\/neocatechumenaleiter.org\/wp-content\/uploads\/2020\/02\/Camino_Neocatecumenal_Mario_Pezzi-837x1024.jpg 837w, https:\/\/neocatechumenaleiter.org\/wp-content\/uploads\/2020\/02\/Camino_Neocatecumenal_Mario_Pezzi-768x940.jpg 768w, https:\/\/neocatechumenaleiter.org\/wp-content\/uploads\/2020\/02\/Camino_Neocatecumenal_Mario_Pezzi.jpg 994w\" sizes=\"auto, (max-width: 245px) 100vw, 245px\" \/><\/figure><\/div>\n\n<p>Mario Pezzi nasceu em Gottolengo (Brescia, It\u00e1lia), em 19 de setembro de 1942, e \u00e9 o terceiro de cinco irm\u00e3os. Entrou no semin\u00e1rio dos Mission\u00e1rios Combonianos com 10 anos. Depois do Noviciado foi enviado pelos Superiores ao Escolasticado Internacional, em Roma, e estudou Teologia na Pontif\u00edcia Universidade Urbaniana. Recebeu a ordena\u00e7\u00e3o sacerdotal em 10 de mar\u00e7o de 1969 e iniciou o doutorado em Teologia Dogm\u00e1tica na Pontif\u00edcia Universidade Gregoriana com o Professor Padre Zoltan Alszeghy.<\/p>\n\n<p>Nesse mesmo ano, conheceu Kiko e Carmen, &#13;\niniciadores do Caminho Neocatecumenal, e assistiu \u00e0s \u00faltimas &#13;\ncatequeses na par\u00f3quia da Natividade de Roma. Em janeiro de 1970, &#13;\nrecebeu as catequeses do Caminho na par\u00f3quia de S\u00e3o Jo\u00e3o de &#13;\nDeus, na qual desenvolvia um servi\u00e7o pastoral, passando a participar &#13;\nda primeira comunidade neocatecumenal desta par\u00f3quia. Vendo &#13;\nno Caminho uma esperan\u00e7a para o catecumenato nas miss\u00f5es na &#13;\n\u00c1frica, sobretudo depois da tr\u00e1gica experi\u00eancia dos massacres &#13;\nentre os crist\u00e3os em Burundi, obteve a permiss\u00e3o dos Superiores &#13;\npara fazer uma experi\u00eancia como itinerante do Caminho, com vistas \u00e0 &#13;\nmiss\u00e3o na \u00c1frica. Em setembro de 1970, interrompeu os estudos do &#13;\nDoutorado e foi enviado por Kiko e Carmen a iniciar o Caminho em duas &#13;\npar\u00f3quias da diocese de Brescia e de Mil\u00e3o, e em janeiro de 1971 \u00e0&#13;\n par\u00f3quia de San Leone em Catania.<\/p>\n\n<p>Em junho de 1971, foi enviado por Kiko e Carmen para &#13;\nsubstituir D. Francesco Cuppini, o presb\u00edtero que os havia acompanhado&#13;\n desde 1968, participando assim de sua equipe nos per\u00edodos nos quais &#13;\nevangelizavam na It\u00e1lia, sobretudo em Roma, e em Floren\u00e7a e Ivrea. Nos &#13;\nper\u00edodos em que Kiko e Carmen se encontravam na Espanha, &#13;\nacompanhados pelo P. Jes\u00fas Bl\u00e1zquez como preb\u00edtero, P. Mario foi &#13;\nenviado para evangelizar a Lombardia e depois Portugal. Em dezembro de &#13;\n1981, com uma carta do Superior Geral dos Combonianos, foi enviado&#13;\n como comboniano itinerante a iniciar o Caminho em Khartoum (Sud\u00e3o), &#13;\ncora\u00e7\u00e3o das miss\u00f5es combonianas, e em seguida, em mar\u00e7o de 1982,&#13;\n a Kampala (Uganda). Desde esse ano, realizou numerosas viagens \u00e0 \u00c1frica: &#13;\nvisitando v\u00e1rios Bispos no Qu\u00eania, e as fam\u00edlias em miss\u00e3o do &#13;\nCaminho na Costa do Marfim, Camar\u00f5es, Zambia, e os Semin\u00e1rios Redemptoris&#13;\n Mater de Kitwe (Zambia), Douala (Camar\u00f5es), Dar es Salaam (Tanzania), &#13;\nGoma (Congo), e Morondava (Madagascar). Visitou tamb\u00e9m v\u00e1rios bispos, &#13;\nprimeiro em Angola, e depois em Mo\u00e7ambique para abrir o Caminho. Esteve em &#13;\nBangui (Rep\u00fablica Centro-Africana) e em Buyumbura (Burundi).<\/p>\n\n<p>Desde 1982, foi chamado a participar da equipe &#13;\nrespons\u00e1vel do Caminho Neocatecumenal com Kiko e Carmen, em tempo &#13;\nintegral, acompanhando-os nas rela\u00e7\u00f5es com os Papas, a Santa S\u00e9, &#13;\nos Bispos, nas etapas, nas conviv\u00eancias mundiais dos &#13;\nitinerantes e nas viagens e encontros internacionais at\u00e9 o dia &#13;\nde hoje. Em 1992, a Nova Dire\u00e7\u00e3o dos Combonianos convidou-o a &#13;\nse incorporar de novo ao Instituto ou a se incardinar nas Dioceses &#13;\nde Roma. Deixado o Instituto, o Cardeal Vig\u00e1rio, Monsenhor Camilo &#13;\nRuini, acolheu-o como Presb\u00edtero Catequista Itinerante.<\/p>\n\n<p>Com a aprova\u00e7\u00e3o dos Estatutos em 2002 &#8220;ad &#13;\nexperimentum&#8221;, e em 2008 de forma definitvia, foi nomeado pela &#13;\nSanta S\u00e9, presb\u00edtero da Equipe Internacional com Kiko e Carmen &#13;\n(antes dela falecer).<\/p>\n","protected":false},"excerpt":{"rendered":"<p>Mario Pezzi Mario Pezzi nasceu em Gottolengo (Brescia, It\u00e1lia), em 19 de setembro de 1942, e \u00e9 o terceiro de cinco irm\u00e3os. Entrou no semin\u00e1rio dos Mission\u00e1rios Combonianos com 10 anos. Depois do Noviciado foi enviado pelos Superiores ao Escolasticado Internacional, em Roma, e estudou Teologia na Pontif\u00edcia Universidade Urbaniana. Recebeu a ordena\u00e7\u00e3o sacerdotal em 10 de mar\u00e7o de 1969 e iniciou o doutorado em Teologia Dogm\u00e1tica na Pontif\u00edcia Universidade<\/p>\n<div class=\"read-more\"><a class=\"btn read-more-btn\" href=\"https:\/\/neocatechumenaleiter.org\/pt-br\/historia\/mario-pezzi\/\">Ler mais<\/a><\/div>\n","protected":false},"author":2,"featured_media":0,"parent":1333,"menu_order":0,"comment_status":"closed","ping_status":"closed","template":"","meta":{"footnotes":""},"class_list":["post-3110","page","type-page","status-publish","hentry"],"_links":{"self":[{"href":"https:\/\/neocatechumenaleiter.org\/pt-br\/wp-json\/wp\/v2\/pages\/3110","targetHints":{"allow":["GET"]}}],"collection":[{"href":"https:\/\/neocatechumenaleiter.org\/pt-br\/wp-json\/wp\/v2\/pages"}],"about":[{"href":"https:\/\/neocatechumenaleiter.org\/pt-br\/wp-json\/wp\/v2\/types\/page"}],"author":[{"embeddable":true,"href":"https:\/\/neocatechumenaleiter.org\/pt-br\/wp-json\/wp\/v2\/users\/2"}],"replies":[{"embeddable":true,"href":"https:\/\/neocatechumenaleiter.org\/pt-br\/wp-json\/wp\/v2\/comments?post=3110"}],"version-history":[{"count":13,"href":"https:\/\/neocatechumenaleiter.org\/pt-br\/wp-json\/wp\/v2\/pages\/3110\/revisions"}],"predecessor-version":[{"id":23785,"href":"https:\/\/neocatechumenaleiter.org\/pt-br\/wp-json\/wp\/v2\/pages\/3110\/revisions\/23785"}],"up":[{"embeddable":true,"href":"https:\/\/neocatechumenaleiter.org\/pt-br\/wp-json\/wp\/v2\/pages\/1333"}],"wp:attachment":[{"href":"https:\/\/neocatechumenaleiter.org\/pt-br\/wp-json\/wp\/v2\/media?parent=3110"}],"curies":[{"name":"wp","href":"https:\/\/api.w.org\/{rel}","templated":true}]}}