{"id":4242,"date":"2020-02-28T05:58:40","date_gmt":"2020-02-28T04:58:40","guid":{"rendered":"http:\/\/15.188.244.8.xip.io\/sao-paulo-vi\/"},"modified":"2021-08-10T10:58:55","modified_gmt":"2021-08-10T09:58:55","slug":"sao-paulo-vi","status":"publish","type":"page","link":"https:\/\/neocatechumenaleiter.org\/pt-br\/palavras-dos-papas\/sao-paulo-vi\/","title":{"rendered":"S\u00e3o Paulo VI"},"content":{"rendered":"\n<h1 class=\"has-text-align-center wp-block-heading\">S\u00e3o Paulo VI<\/h1>\n\n<div style=\"height:20px\" aria-hidden=\"true\" class=\"wp-block-spacer\"><\/div>\n\n<h4 class=\"has-text-align-center wp-block-heading\">Biografia<\/h4>\n\n<div style=\"height:20px\" aria-hidden=\"true\" class=\"wp-block-spacer\"><\/div>\n\n<div class=\"wp-block-image is-style-default\"><figure class=\"alignleft size-medium is-resized\"><img loading=\"lazy\" decoding=\"async\" src=\"https:\/\/neocatechumenaleiter.org\/wp-content\/uploads\/2020\/02\/Camino_Neocatecumenal_S_Pablo_VI-250x300.jpg\" alt=\"\" class=\"wp-image-891\" width=\"250\" height=\"300\" srcset=\"https:\/\/neocatechumenaleiter.org\/wp-content\/uploads\/2020\/02\/Camino_Neocatecumenal_S_Pablo_VI-250x300.jpg 250w, https:\/\/neocatechumenaleiter.org\/wp-content\/uploads\/2020\/02\/Camino_Neocatecumenal_S_Pablo_VI.jpg 500w\" sizes=\"auto, (max-width: 250px) 100vw, 250px\" \/><\/figure><\/div>\n\n<p>Giovanni Battista Enrico Antonio Maria Montini nasceu em Lombardia (It\u00e1lia) em 26 de setembro de 1897. <\/p>\n\n<p>Em 29 de maio de 1920, foi ordenado sacerdote.<\/p>\n\n<p>Em 1954 foi nomeado Bispo e em 1958 foi nomeado Cardeal por S\u00e3o Jo\u00e3o XXIII.<\/p>\n\n<p>Em 21 de junho de 1963, foi eleito Pont\u00edfice da Igreja Cat\u00f3lica, assumindo o nome de Paulo VI.<\/p>\n\n<p>Em 1965 inaugurou o S\u00ednodo dos Bispos e dos Padres Conciliares.<\/p>\n\n<p>Defensor da vida e da fam\u00edlia, com sua enc\u00edclica <em>Humanae Vitae<\/em>, que escreveu em 1968. Concluiu o Conc\u00edlio Vaticano II.<\/p>\n\n<p>Paulo VI faleceu em Castel Gandolfo em 6 de agosto de 1978, depois de um pontificado de 15 anos. <\/p>\n\n<p>Foi beatificado em 19 de outubro de 2014 e canonizado em 14 de outubro de 2018 pelo Papa Francisco. <\/p>\n\n<div style=\"height:20px\" aria-hidden=\"true\" class=\"wp-block-spacer\"><\/div>\n\n<hr class=\"wp-block-separator\"\/>\n\n<div style=\"height:20px\" aria-hidden=\"true\" class=\"wp-block-spacer\"><\/div>\n\n<h3 class=\"has-text-align-center wp-block-heading\">Documentos<\/h3>\n\n<div style=\"height:20px\" aria-hidden=\"true\" class=\"wp-block-spacer\"><\/div>\n<div class=\"columna-papas\">\r\n    <h4 class=\"has-text-align-center\">Ano 1974<\/h4>\r\n    <div style=\"height:20px\" aria-hidden=\"true\" class=\"wp-block-spacer\"><\/div>\r\n    <a href=\"https:\/\/neocatechumenaleiter.org\/pt-br\/palavras-dos-papas\/sao-paulo-vi\/audiencia-geral-8-5-1974\/\"><h6 class=\"has-text-align-center\">Audi\u00eancia geral 8-V-1974<\/h6><\/a>\r\n<\/div>\r\n<div class=\"columna-papas\" style=\"background: #f7f7f7;\">\r\n    <h4 class=\"has-text-align-center\">Ano 1977<\/h4>\r\n    <div style=\"height:20px\" aria-hidden=\"true\" class=\"wp-block-spacer\"><\/div>\r\n    <a href=\"https:\/\/neocatechumenaleiter.org\/pt-br\/palavras-dos-papas\/sao-paulo-vi\/audiencia-geral-12-1-1977\/\"><h6 class=\"has-text-align-center\">Audi\u00eancia geral 12-I-1977<\/h6><\/a>\r\n<\/div>","protected":false},"excerpt":{"rendered":"<p>S\u00e3o Paulo VI Biografia Giovanni Battista Enrico Antonio Maria Montini nasceu em Lombardia (It\u00e1lia) em 26 de setembro de 1897. Em 29 de maio de 1920, foi ordenado sacerdote. Em 1954 foi nomeado Bispo e em 1958 foi nomeado Cardeal por S\u00e3o Jo\u00e3o XXIII. Em 21 de junho de 1963, foi eleito Pont\u00edfice da Igreja Cat\u00f3lica, assumindo o nome de Paulo VI. Em 1965 inaugurou o S\u00ednodo dos Bispos e<\/p>\n<div class=\"read-more\"><a class=\"btn read-more-btn\" href=\"https:\/\/neocatechumenaleiter.org\/pt-br\/palavras-dos-papas\/sao-paulo-vi\/\">Ler mais<\/a><\/div>\n","protected":false},"author":2,"featured_media":0,"parent":5576,"menu_order":0,"comment_status":"closed","ping_status":"closed","template":"","meta":{"footnotes":""},"class_list":["post-4242","page","type-page","status-publish","hentry"],"_links":{"self":[{"href":"https:\/\/neocatechumenaleiter.org\/pt-br\/wp-json\/wp\/v2\/pages\/4242","targetHints":{"allow":["GET"]}}],"collection":[{"href":"https:\/\/neocatechumenaleiter.org\/pt-br\/wp-json\/wp\/v2\/pages"}],"about":[{"href":"https:\/\/neocatechumenaleiter.org\/pt-br\/wp-json\/wp\/v2\/types\/page"}],"author":[{"embeddable":true,"href":"https:\/\/neocatechumenaleiter.org\/pt-br\/wp-json\/wp\/v2\/users\/2"}],"replies":[{"embeddable":true,"href":"https:\/\/neocatechumenaleiter.org\/pt-br\/wp-json\/wp\/v2\/comments?post=4242"}],"version-history":[{"count":9,"href":"https:\/\/neocatechumenaleiter.org\/pt-br\/wp-json\/wp\/v2\/pages\/4242\/revisions"}],"predecessor-version":[{"id":12917,"href":"https:\/\/neocatechumenaleiter.org\/pt-br\/wp-json\/wp\/v2\/pages\/4242\/revisions\/12917"}],"up":[{"embeddable":true,"href":"https:\/\/neocatechumenaleiter.org\/pt-br\/wp-json\/wp\/v2\/pages\/5576"}],"wp:attachment":[{"href":"https:\/\/neocatechumenaleiter.org\/pt-br\/wp-json\/wp\/v2\/media?parent=4242"}],"curies":[{"name":"wp","href":"https:\/\/api.w.org\/{rel}","templated":true}]}}