{"id":4245,"date":"2020-03-19T14:57:27","date_gmt":"2020-03-19T13:57:27","guid":{"rendered":"http:\/\/15.188.244.8.xip.io\/correio_ok\/"},"modified":"2020-03-21T16:13:43","modified_gmt":"2020-03-21T15:13:43","slug":"correio_ok","status":"publish","type":"page","link":"https:\/\/neocatechumenaleiter.org\/pt-br\/correio_ok\/","title":{"rendered":"Correio_OK"},"content":{"rendered":"\n<h2 class=\"has-text-align-center wp-block-heading\">Sua mensagem foi enviada corretamente <\/h2>\n\n<div style=\"height:20px\" aria-hidden=\"true\" class=\"wp-block-spacer\"><\/div>\n\n<h5 class=\"has-text-align-center wp-block-heading\">Responderemos ao endere\u00e7o eletr\u00f4nico registrado no formul\u00e1rio se for necess\u00e1rio.<\/h5>\n","protected":false},"excerpt":{"rendered":"<p>Sua mensagem foi enviada corretamente Responderemos ao endere\u00e7o eletr\u00f4nico registrado no formul\u00e1rio se for necess\u00e1rio.<\/p>\n","protected":false},"author":2,"featured_media":0,"parent":0,"menu_order":0,"comment_status":"closed","ping_status":"closed","template":"","meta":{"footnotes":""},"class_list":["post-4245","page","type-page","status-publish","hentry"],"_links":{"self":[{"href":"https:\/\/neocatechumenaleiter.org\/pt-br\/wp-json\/wp\/v2\/pages\/4245","targetHints":{"allow":["GET"]}}],"collection":[{"href":"https:\/\/neocatechumenaleiter.org\/pt-br\/wp-json\/wp\/v2\/pages"}],"about":[{"href":"https:\/\/neocatechumenaleiter.org\/pt-br\/wp-json\/wp\/v2\/types\/page"}],"author":[{"embeddable":true,"href":"https:\/\/neocatechumenaleiter.org\/pt-br\/wp-json\/wp\/v2\/users\/2"}],"replies":[{"embeddable":true,"href":"https:\/\/neocatechumenaleiter.org\/pt-br\/wp-json\/wp\/v2\/comments?post=4245"}],"version-history":[{"count":5,"href":"https:\/\/neocatechumenaleiter.org\/pt-br\/wp-json\/wp\/v2\/pages\/4245\/revisions"}],"predecessor-version":[{"id":4450,"href":"https:\/\/neocatechumenaleiter.org\/pt-br\/wp-json\/wp\/v2\/pages\/4245\/revisions\/4450"}],"wp:attachment":[{"href":"https:\/\/neocatechumenaleiter.org\/pt-br\/wp-json\/wp\/v2\/media?parent=4245"}],"curies":[{"name":"wp","href":"https:\/\/api.w.org\/{rel}","templated":true}]}}