{"id":4250,"date":"2020-02-28T15:35:08","date_gmt":"2020-02-28T14:35:08","guid":{"rendered":"http:\/\/15.188.244.8.xip.io\/sao-paulo-vi\/audiencia-geral-8-5-1974\/"},"modified":"2021-08-10T10:59:00","modified_gmt":"2021-08-10T09:59:00","slug":"audiencia-geral-8-5-1974","status":"publish","type":"page","link":"https:\/\/neocatechumenaleiter.org\/pt-br\/palavras-dos-papas\/sao-paulo-vi\/audiencia-geral-8-5-1974\/","title":{"rendered":"Audi\u00eancia geral 8-5-1974"},"content":{"rendered":"\n<h1 class=\"has-text-align-center wp-block-heading\">Audi\u00eancia geral 8\/5\/1974<\/h1>\n\n<div style=\"height:20px\" aria-hidden=\"true\" class=\"wp-block-spacer\"><\/div>\n\n<h4 class=\"has-text-align-center wp-block-heading\">S\u00e3o Paulo VI<\/h4>\n\n<div style=\"height:20px\" aria-hidden=\"true\" class=\"wp-block-spacer\"><\/div>\n\n<p>No dia 8 de maio de 1974, como conclus\u00e3o do encontro internacional em Roma, na <em>Domus Mariae, <\/em>cerca de 500 participantes, presb\u00edteros e leigos, procedentes dos pa\u00edses da Europa, participaram da Audi\u00eancia pontif\u00edcia. Paulo VI se dirigiu a eles com estas palavras:<\/p>\n\n<p><span class=\"Textodocorpo2Sylfaen10pt\"><span lang=\"ES\" style=\"font-size: 10.0pt;\">\u00abSaudamos o grupo de sacerdotes e leigos que representam o movimento \u2500 eis as coisas p\u00f3s-conciliares! \u2500 das Comunidades Neocatecumenais, vindos a Roma de muitas dioceses da It\u00e1lia e de outros pa\u00edses para um encontro sobre o tema da Evangeliza\u00e7\u00e3o no mundo contempor\u00e2neo, tema que ser\u00e1 examinado na pr\u00f3xima assembleia do S\u00ednodo dos Bispos.&#13;\n<\/span><\/span>&#13;\n&#13;\nQuanta alegria e quanta esperan\u00e7a nos dais com vossa presen\u00e7a e com vossa atividade!&#13;\n&#13;\n<span class=\"Textodocorpo2Sylfaen10pt\"><span lang=\"ES\" style=\"font-size: 10.0pt;\">\u00a0<\/span><\/span><\/p>\n\n<p>Sabemos que em vossas comunidades vos esfor\u00e7ais todos juntos em compreender e desenvolver as riquezas do vosso Batismo e suas consequ\u00eancias pela vossa perten\u00e7a a Cristo. Tal empenho vos leva a perceber que a vida crist\u00e3 n\u00e3o \u00e9 outra coisa sen\u00e3o uma coer\u00eancia, um dinamismo permanente que deriva do fato de ter aceitado estar com Cristo e prolongar a sua presen\u00e7a e a sua miss\u00e3o no mundo.<\/p>\n\n<p>Este prop\u00f3sito, que para v\u00f3s \u00e9 um modo consciente e aut\u00eantico de viver a voca\u00e7\u00e3o crist\u00e3, traduz-se tamb\u00e9m num testemunho eficaz para os demais, num est\u00edmulo para o redescobrimento e a recupera\u00e7\u00e3o dos valores crist\u00e3os verdadeiros, aut\u00eanticos, efetivos, que de outro modo poderiam ficar esquecidos.<\/p>\n\n<p>N\u00e3o! V\u00f3s os colocais em evid\u00eancia, em emerg\u00eancia e lhes dais um esplendor moral verdadeiramente exemplar, justamente porque assim, com esse esp\u00edrito crist\u00e3o, v\u00f3s viveis esta Comunidade Neocatecumenal.<\/p>\n\n<p>Viver e promover esse despertar \u00e9 considerado por voc\u00eas como uma forma de catecumenato p\u00f3s-batismal, que poder\u00e1 renovar nas comunidades crist\u00e3s de hoje aqueles efeitos de amadurecimento e de aprofundamento que na Igreja primitiva eram realizados no per\u00edodo de prepara\u00e7\u00e3o ao Batismo.<\/p>\n\n<p>V\u00f3s o fazeis depois: o antes ou o depois, diria, \u00e9 secund\u00e1rio. O fato \u00e9 que v\u00f3s olhais para a autenticidade, para a plenitude, para a coer\u00eancia, para a sinceridade da vida crist\u00e3. E isso tem um m\u00e9rito grand\u00edssimo, repito, que nos consola enormemente e que nos sugere e inspira os aug\u00farios, os votos e as b\u00ean\u00e7\u00e3os mais copiosas para v\u00f3s, para todos aqueles que vos assistem e para todos quantos v\u00f3s podeis, com vossos cumprimentos e com vossa mensagem, saudar de nossa parte.<\/p>\n\n<p>Alegra-nos saber que ajudais a tomar consci\u00eancia disso em muitas par\u00f3quias. Particularmente, alegra-nos saber que em toda a vossa iniciativa estais sumamente atentos \u00e0 depend\u00eancia de vossos pastores e \u00e0 comunh\u00e3o com todos os irm\u00e3os. N\u00f3s vos encorajamos por esta sensibilidade eclesial, que \u00e9 sempre garantia da presen\u00e7a edificadora do Esp\u00edrito\u00bb.<\/p>\n","protected":false},"excerpt":{"rendered":"<p>Audi\u00eancia geral 8\/5\/1974 S\u00e3o Paulo VI No dia 8 de maio de 1974, como conclus\u00e3o do encontro internacional em Roma, na Domus Mariae, cerca de 500 participantes, presb\u00edteros e leigos, procedentes dos pa\u00edses da Europa, participaram da Audi\u00eancia pontif\u00edcia. Paulo VI se dirigiu a eles com estas palavras: \u00abSaudamos o grupo de sacerdotes e leigos que representam o movimento \u2500 eis as coisas p\u00f3s-conciliares! \u2500 das Comunidades Neocatecumenais, vindos a<\/p>\n<div class=\"read-more\"><a class=\"btn read-more-btn\" href=\"https:\/\/neocatechumenaleiter.org\/pt-br\/palavras-dos-papas\/sao-paulo-vi\/audiencia-geral-8-5-1974\/\">Ler mais<\/a><\/div>\n","protected":false},"author":2,"featured_media":0,"parent":4242,"menu_order":0,"comment_status":"closed","ping_status":"closed","template":"","meta":{"footnotes":""},"class_list":["post-4250","page","type-page","status-publish","hentry"],"_links":{"self":[{"href":"https:\/\/neocatechumenaleiter.org\/pt-br\/wp-json\/wp\/v2\/pages\/4250","targetHints":{"allow":["GET"]}}],"collection":[{"href":"https:\/\/neocatechumenaleiter.org\/pt-br\/wp-json\/wp\/v2\/pages"}],"about":[{"href":"https:\/\/neocatechumenaleiter.org\/pt-br\/wp-json\/wp\/v2\/types\/page"}],"author":[{"embeddable":true,"href":"https:\/\/neocatechumenaleiter.org\/pt-br\/wp-json\/wp\/v2\/users\/2"}],"replies":[{"embeddable":true,"href":"https:\/\/neocatechumenaleiter.org\/pt-br\/wp-json\/wp\/v2\/comments?post=4250"}],"version-history":[{"count":10,"href":"https:\/\/neocatechumenaleiter.org\/pt-br\/wp-json\/wp\/v2\/pages\/4250\/revisions"}],"predecessor-version":[{"id":23919,"href":"https:\/\/neocatechumenaleiter.org\/pt-br\/wp-json\/wp\/v2\/pages\/4250\/revisions\/23919"}],"up":[{"embeddable":true,"href":"https:\/\/neocatechumenaleiter.org\/pt-br\/wp-json\/wp\/v2\/pages\/4242"}],"wp:attachment":[{"href":"https:\/\/neocatechumenaleiter.org\/pt-br\/wp-json\/wp\/v2\/media?parent=4250"}],"curies":[{"name":"wp","href":"https:\/\/api.w.org\/{rel}","templated":true}]}}