{"id":4357,"date":"2020-02-29T19:59:09","date_gmt":"2020-02-29T18:59:09","guid":{"rendered":"https:\/\/neocatechumenaleiter.org\/bento-xvi\/"},"modified":"2021-08-10T11:05:24","modified_gmt":"2021-08-10T10:05:24","slug":"bento-xvi","status":"publish","type":"page","link":"https:\/\/neocatechumenaleiter.org\/pt-br\/palavras-dos-papas\/bento-xvi\/","title":{"rendered":"Bento XVI"},"content":{"rendered":"\n<h1 class=\"has-text-align-center wp-block-heading\">Bento XVI<\/h1>\n\n<div style=\"height:21px\" aria-hidden=\"true\" class=\"wp-block-spacer\"><\/div>\n\n<h4 class=\"has-text-align-center wp-block-heading\">BIOGRAFIA<\/h4>\n\n<div style=\"height:20px\" aria-hidden=\"true\" class=\"wp-block-spacer\"><\/div>\n\n<div class=\"wp-block-image is-style-default\"><figure class=\"alignleft size-medium\"><img loading=\"lazy\" decoding=\"async\" width=\"250\" height=\"300\" src=\"https:\/\/neocatechumenaleiter.org\/wp-content\/uploads\/2020\/02\/Camino_Neocatecumenal_Papa_Benedicto_XVI-250x300.jpg\" alt=\"Papa em&#xE9;rito Bento XVI\" class=\"wp-image-873\" srcset=\"https:\/\/neocatechumenaleiter.org\/wp-content\/uploads\/2020\/02\/Camino_Neocatecumenal_Papa_Benedicto_XVI-250x300.jpg 250w, https:\/\/neocatechumenaleiter.org\/wp-content\/uploads\/2020\/02\/Camino_Neocatecumenal_Papa_Benedicto_XVI.jpg 500w\" sizes=\"auto, (max-width: 250px) 100vw, 250px\" \/><\/figure><\/div>\n\n<p>Joseph Ratzinger nasceu em Marktl am Inn (Alemanha) em 16 de abril de 1927.<\/p>\n\n<p>Em 29 de junho de 1961 foi nomeado sacerdote em Munich. Em 1953, concluiu o doutorado em Teologia.<\/p>\n\n<p>Em 1977 foi nomeado Arcebispo de M\u00fcnchen und Freising e Cardeal em 1977 por Paulo VI.<\/p>\n\n<p>Em 1981 foi nomeado por Jo\u00e3o Paulo II prefeito da Congrega\u00e7\u00e3o para a Doutrina da F\u00e9; presidente da Pontif\u00edcia Comiss\u00e3o B\u00edblica e da Pontif\u00edcia Comiss\u00e3o Teol\u00f3gica Internacional. Foi presidente da Comiss\u00e3o para a prepara\u00e7\u00e3o do Catecismo da Igreja Cat\u00f3lica, que apresentou ao Santo Padre. Em 1999, recebeu o doutorado \u201chonoris causa\u201d em Direito. <\/p>\n\n<p>Em 19 de abril de 2005, foi eleito Pont\u00edfice da Igreja Cat\u00f3lica, assumindo o nome de Bento XVI. <\/p>\n\n<p>Em 11 de fevereiro de 2013, renunciou ao Pontificado da Igreja Cat\u00f3lica, passando a ser Papa Em\u00e9rito. <\/p>\n\n<div style=\"height:20px\" aria-hidden=\"true\" class=\"wp-block-spacer\"><\/div>\n\n<hr class=\"wp-block-separator\"\/>\n\n<div style=\"height:20px\" aria-hidden=\"true\" class=\"wp-block-spacer\"><\/div>\n\n<h3 class=\"has-text-align-center wp-block-heading\">Documentos<\/h3>\n\n<div style=\"height:20px\" aria-hidden=\"true\" class=\"wp-block-spacer\"><\/div>\n<section id=\"search-2\" class=\"widget widget_search\"><form role=\"search\" method=\"get\" class=\"search-form\" action=\"https:\/\/neocatechumenaleiter.org\/pt-br\/\">\r\n\t<label for=\"search-form-5e59be1dc1b02\">\r\n\t\t<span class=\"screen-reader-text\">Buscar:<\/span>\r\n        <input type=\"search\" id=\"search-form-5e59be1dc1b02\" class=\"search-field\" placeholder=\"Buscar \u2026\" value=\"\" name=\"s\"\/><\/label>\r\n\t<button type=\"submit\" class=\"search-submit\">\r\n    \t<span class=\"screen-reader-text\">Buscar<\/span>\r\n        <i class=\"icon-magnifier\"><\/i>\r\n    <\/button>\r\n<\/form>\r\n<\/section>\n<div style=\"height:20px\" aria-hidden=\"true\" class=\"wp-block-spacer\"><\/div>\n<div class=\"columna-papas\">\r\n    <h4 class=\"has-text-align-center\">Ano 2005<\/h4>\r\n    <div style=\"height:20px\" aria-hidden=\"true\" class=\"wp-block-spacer\"><\/div>\r\n    <a href=\"https:\/\/neocatechumenaleiter.org\/pt-br\/palavras-dos-papas\/bento-xvi\/audiencia-privada-aos-iniciadores-do-caminho-neocatecumenal-19-11-2005\/\"><h6 class=\"has-text-align-left\">Audi\u00eancia privada aos iniciadores do Caminho Neocatecumenal 19\/11\/2005<\/h6><\/a>\r\n<\/div>\r\n<div class=\"columna-papas\" style=\"background: #f7f7f7;\">\r\n    <h4 class=\"has-text-align-center\">Ano 2006<\/h4>\r\n    <div style=\"height:20px\" aria-hidden=\"true\" class=\"wp-block-spacer\"><\/div>\r\n    <a href=\"https:\/\/neocatechumenaleiter.org\/pt-br\/palavras-dos-papas\/bento-xvi\/discurso-aos-membros-do-caminho-neocatecumenal-12-1-2006\/\"><h6 class=\"has-text-align-left\">Discurso ao Caminho Neocatecumenal 12\/1\/2006<\/h6><\/a>\r\n    <hr class=\"wp-block-separator\"\/><a href=\"https:\/\/neocatechumenaleiter.org\/pt-br\/palavras-dos-papas\/bento-xvi\/angelus-na-praca-de-sao-pedro-29-10-2006\/\"><h6 class=\"has-text-align-left\">\u00c2ngelus na pra\u00e7a de S\u00e3o Pedro 29\/10\/2006<\/h6><\/a>\r\n    <hr class=\"wp-block-separator\"\/><a href=\"https:\/\/neocatechumenaleiter.org\/pt-br\/palavras-dos-papas\/bento-xvi\/convivencia-de-bispos-da-asia-e-da-australia-na-domus-galilaeae-18-11-2006\/\"><h6 class=\"has-text-align-left\">Conviv\u00eancia de bispos de Assis e Austr\u00e1lia na Domus Galilaeae 18\/11\/2006<\/h6><\/a>\r\n<\/div>\n<div style=\"height:20px\" aria-hidden=\"true\" class=\"wp-block-spacer\"><\/div>\n<div class=\"columna-papas\">\r\n    <h4 class=\"has-text-align-center\">Ano 2007<\/h4>\r\n    <div style=\"height:20px\" aria-hidden=\"true\" class=\"wp-block-spacer\"><\/div>\r\n    <a href=\"https:\/\/neocatechumenaleiter.org\/pt-br\/palavras-dos-papas\/bento-xvi\/encontro-de-parocos-e-clero-de-roma-22-02-2007\/\"><h6 class=\"has-text-align-left\">Encontro de p\u00e1rocos e clero de Roma 22\/2\/2007<\/h6><\/a>\r\n    <hr class=\"wp-block-separator\"\/><a href=\"https:\/\/neocatechumenaleiter.org\/pt-br\/palavras-dos-papas\/bento-xvi\/audiencia-privada-aos-iniciadores-do-caminho-26-5-2007\/\"><h6 class=\"has-text-align-left\">Audi\u00eancia privada aos iniciadores do Caminho 26\/5\/2007<\/h6><\/a>\r\n<\/div>\r\n<div class=\"columna-papas\" style=\"background: #f7f7f7;\">\r\n    <h4 class=\"has-text-align-center\">Ano 2008<\/h4>\r\n    <div style=\"height:20px\" aria-hidden=\"true\" class=\"wp-block-spacer\"><\/div>\r\n    <a href=\"https:\/\/neocatechumenaleiter.org\/pt-br\/palavras-dos-papas\/bento-xvi\/convivencia-de-bispos-da-europa-na-domus-galilaeae-24-3-2008\/\"><h6 class=\"has-text-align-left\">Conviv\u00eancia de bispos da Europa na<em> Domus Galilaeae<\/em> 24\/3\/2008<\/h6><\/a>\r\n<\/div>\n<div style=\"height:20px\" aria-hidden=\"true\" class=\"wp-block-spacer\"><\/div>\n<div class=\"columna-papas\">\r\n    <h4 class=\"has-text-align-center\">Ano 2009<\/h4>\r\n    <div style=\"height:20px\" aria-hidden=\"true\" class=\"wp-block-spacer\"><\/div>\r\n    <a href=\"https:\/\/neocatechumenaleiter.org\/pt-br\/palavras-dos-papas\/bento-xvi\/discurso-pelos-quarenta-anos-do-inicio-do-caminho-10-01-2009\/\"><h6 class=\"has-text-align-left\">Discsurso pelos Quarenta Anos do in\u00edcio do Caminho 10\/1\/2009<\/h6><\/a>\r\n<\/div>\r\n<div class=\"columna-papas\" style=\"background: #f7f7f7;\">\r\n    <h4 class=\"has-text-align-center\">Ano 2010<\/h4>\r\n    <div style=\"height:20px\" aria-hidden=\"true\" class=\"wp-block-spacer\"><\/div>\r\n    <a href=\"https:\/\/neocatechumenaleiter.org\/pt-br\/palavras-dos-papas\/bento-xvi\/audiencia-aos-iniciadores-do-caminho-neocatecumenal-13-11-2010\/\"><h6 class=\"has-text-align-left\">Audi\u00eancia aos iniciadores do Caminho Neocatecumenal 13\/11\/2010<\/h6><\/a>\r\n<\/div>\n<div style=\"height:20px\" aria-hidden=\"true\" class=\"wp-block-spacer\"><\/div>\n<div class=\"columna-papas\">\r\n    <h4 class=\"has-text-align-center\">Ano 2011<\/h4>\r\n    <div style=\"height:20px\" aria-hidden=\"true\" class=\"wp-block-spacer\"><\/div>\r\n    <a href=\"https:\/\/neocatechumenaleiter.org\/pt-br\/palavras-dos-papas\/bento-xvi\/audiencia-envio-de-familias-em-missio-ad-gentes-17-1-2011\/\"><h6 class=\"has-text-align-left\">Audi\u00eancia de envio de fam\u00edlias em<em> Missio ad gentes<\/em> 17\/1\/2011<\/h6><\/a>\r\n    <hr class=\"wp-block-separator\"\/><a href=\"https:\/\/neocatechumenaleiter.org\/pt-br\/palavras-dos-papas\/bento-xvi\/regina-coeli-visita-a-aquileia-e-veneza-8-5-2011\/\"><h6 class=\"has-text-align-left\">\u00abRegina Coeli\u00bb visita a Aquileia e Veneza 8\/5\/2011<\/h6><\/a>\r\n<\/div>\r\n<div class=\"columna-papas\" style=\"background: #f7f7f7;\">\r\n    <h4 class=\"has-text-align-center\">Ano 2012<\/h4>\r\n    <div style=\"height:20px\" aria-hidden=\"true\" class=\"wp-block-spacer\"><\/div>\r\n    <a href=\"https:\/\/neocatechumenaleiter.org\/pt-br\/palavras-dos-papas\/bento-xvi\/audiencia-de-envio-das-missio-ad-gentes-20-1-2012-2\/\"><h6 class=\"has-text-align-left\">Audi\u00eancia de envio <em>Missio ad gentes<\/em> 20\/1\/2012<\/h6><\/a>\r\n<\/div>","protected":false},"excerpt":{"rendered":"<p>Bento XVI BIOGRAFIA Joseph Ratzinger nasceu em Marktl am Inn (Alemanha) em 16 de abril de 1927. Em 29 de junho de 1961 foi nomeado sacerdote em Munich. Em 1953, concluiu o doutorado em Teologia. Em 1977 foi nomeado Arcebispo de M\u00fcnchen und Freising e Cardeal em 1977 por Paulo VI. Em 1981 foi nomeado por Jo\u00e3o Paulo II prefeito da Congrega\u00e7\u00e3o para a Doutrina da F\u00e9; presidente da Pontif\u00edcia<\/p>\n<div class=\"read-more\"><a class=\"btn read-more-btn\" href=\"https:\/\/neocatechumenaleiter.org\/pt-br\/palavras-dos-papas\/bento-xvi\/\">Ler mais<\/a><\/div>\n","protected":false},"author":2,"featured_media":0,"parent":5576,"menu_order":2,"comment_status":"closed","ping_status":"closed","template":"","meta":{"footnotes":""},"class_list":["post-4357","page","type-page","status-publish","hentry"],"_links":{"self":[{"href":"https:\/\/neocatechumenaleiter.org\/pt-br\/wp-json\/wp\/v2\/pages\/4357","targetHints":{"allow":["GET"]}}],"collection":[{"href":"https:\/\/neocatechumenaleiter.org\/pt-br\/wp-json\/wp\/v2\/pages"}],"about":[{"href":"https:\/\/neocatechumenaleiter.org\/pt-br\/wp-json\/wp\/v2\/types\/page"}],"author":[{"embeddable":true,"href":"https:\/\/neocatechumenaleiter.org\/pt-br\/wp-json\/wp\/v2\/users\/2"}],"replies":[{"embeddable":true,"href":"https:\/\/neocatechumenaleiter.org\/pt-br\/wp-json\/wp\/v2\/comments?post=4357"}],"version-history":[{"count":24,"href":"https:\/\/neocatechumenaleiter.org\/pt-br\/wp-json\/wp\/v2\/pages\/4357\/revisions"}],"predecessor-version":[{"id":18161,"href":"https:\/\/neocatechumenaleiter.org\/pt-br\/wp-json\/wp\/v2\/pages\/4357\/revisions\/18161"}],"up":[{"embeddable":true,"href":"https:\/\/neocatechumenaleiter.org\/pt-br\/wp-json\/wp\/v2\/pages\/5576"}],"wp:attachment":[{"href":"https:\/\/neocatechumenaleiter.org\/pt-br\/wp-json\/wp\/v2\/media?parent=4357"}],"curies":[{"name":"wp","href":"https:\/\/api.w.org\/{rel}","templated":true}]}}